{"id":14473,"date":"2021-08-11T14:28:29","date_gmt":"2021-08-11T13:28:29","guid":{"rendered":"https:\/\/newyorkceiling.eo3.echtonline.dev\/?page_id=14473"},"modified":"2021-12-07T15:52:23","modified_gmt":"2021-12-07T14:52:23","slug":"haftungsausschluss","status":"publish","type":"page","link":"https:\/\/newyorkceiling.com\/de\/haftungsausschluss\/","title":{"rendered":"Haftungsausschluss"},"content":{"rendered":"\n<p>New York Ceiling Co., der Ersteller und\/oder die mit dieser Website verbundenen Personen k\u00f6nnen nicht f\u00fcr die Folgen der Verwendung der Informationen auf dieser Website und der Anwendung der NYC-Produkte haftbar gemacht werden. Obwohl die Site mit gr\u00f6\u00dfter Sorgfalt zusammengestellt wurde, kann keine Gew\u00e4hr f\u00fcr die Vollst\u00e4ndigkeit, Aktualit\u00e4t und Richtigkeit der angezeigten Informationen \u00fcbernommen werden. (Produkt-)Bilder und Farben k\u00f6nnen auf dem Bildschirm anders aussehen als in der Realit\u00e4t. Bitte ber\u00fccksichtigen Sie dies bei Ihrer Wahl. Es besteht die M\u00f6glichkeit, ein Farbmuster zu bestellen.<\/p>\n","protected":false},"excerpt":{"rendered":"<p>New York Ceiling Co., der Ersteller und\/oder die mit dieser Website verbundenen Personen k\u00f6nnen nicht f\u00fcr die Folgen der Verwendung der Informationen auf dieser Website und der Anwendung der NYC-Produkte haftbar gemacht werden. Obwohl die Site mit gr\u00f6\u00dfter Sorgfalt zusammengestellt wurde, kann keine Gew\u00e4hr f\u00fcr die Vollst\u00e4ndigkeit, Aktualit\u00e4t und Richtigkeit der angezeigten Informationen \u00fcbernommen werden. [&#8230;]\n","protected":false},"author":1,"featured_media":0,"parent":0,"menu_order":0,"comment_status":"closed","ping_status":"closed","template":"","meta":{"footnotes":""},"class_list":["post-14473","page","type-page","status-publish","hentry"],"yoast_head":"<!-- This site is optimized with the Yoast SEO plugin v27.5 - https:\/\/yoast.com\/product\/yoast-seo-wordpress\/ -->\n<title>Haftungsausschluss - New York Ceiling Co. - CW<\/title>\n<meta name=\"robots\" content=\"index, follow, max-snippet:-1, max-image-preview:large, max-video-preview:-1\" \/>\n<link rel=\"canonical\" href=\"https:\/\/newyorkceiling.com\/de\/haftungsausschluss\/\" \/>\n<meta property=\"og:locale\" content=\"de_DE\" \/>\n<meta property=\"og:type\" content=\"article\" \/>\n<meta property=\"og:title\" content=\"Haftungsausschluss - New York Ceiling Co. - CW\" \/>\n<meta property=\"og:description\" content=\"New York Ceiling Co., der Ersteller und\/oder die mit dieser Website verbundenen Personen k\u00f6nnen nicht f\u00fcr die Folgen der Verwendung der Informationen auf dieser Website und der Anwendung der NYC-Produkte haftbar gemacht werden. Obwohl die Site mit gr\u00f6\u00dfter Sorgfalt zusammengestellt wurde, kann keine Gew\u00e4hr f\u00fcr die Vollst\u00e4ndigkeit, Aktualit\u00e4t und Richtigkeit der angezeigten Informationen \u00fcbernommen werden. [...]\" \/>\n<meta property=\"og:url\" content=\"https:\/\/newyorkceiling.com\/de\/haftungsausschluss\/\" \/>\n<meta property=\"og:site_name\" content=\"New York Ceiling Co. - CW\" \/>\n<meta property=\"article:modified_time\" content=\"2021-12-07T14:52:23+00:00\" \/>\n<meta name=\"twitter:card\" content=\"summary_large_image\" \/>\n<meta name=\"twitter:label1\" content=\"Gesch\u00e4tzte Lesezeit\" \/>\n\t<meta name=\"twitter:data1\" content=\"1\u00a0Minute\" \/>\n<script type=\"application\/ld+json\" class=\"yoast-schema-graph\">{\"@context\":\"https:\\\/\\\/schema.org\",\"@graph\":[{\"@type\":\"WebPage\",\"@id\":\"https:\\\/\\\/newyorkceiling.com\\\/de\\\/haftungsausschluss\\\/\",\"url\":\"https:\\\/\\\/newyorkceiling.com\\\/de\\\/haftungsausschluss\\\/\",\"name\":\"Haftungsausschluss - New York Ceiling Co. - CW\",\"isPartOf\":{\"@id\":\"https:\\\/\\\/newyorkceiling.com\\\/de\\\/#website\"},\"datePublished\":\"2021-08-11T13:28:29+00:00\",\"dateModified\":\"2021-12-07T14:52:23+00:00\",\"breadcrumb\":{\"@id\":\"https:\\\/\\\/newyorkceiling.com\\\/de\\\/haftungsausschluss\\\/#breadcrumb\"},\"inLanguage\":\"de\",\"potentialAction\":[{\"@type\":\"ReadAction\",\"target\":[\"https:\\\/\\\/newyorkceiling.com\\\/de\\\/haftungsausschluss\\\/\"]}]},{\"@type\":\"BreadcrumbList\",\"@id\":\"https:\\\/\\\/newyorkceiling.com\\\/de\\\/haftungsausschluss\\\/#breadcrumb\",\"itemListElement\":[{\"@type\":\"ListItem\",\"position\":1,\"name\":\"Home\",\"item\":\"https:\\\/\\\/newyorkceiling.com\\\/de\\\/\"},{\"@type\":\"ListItem\",\"position\":2,\"name\":\"Haftungsausschluss\"}]},{\"@type\":\"WebSite\",\"@id\":\"https:\\\/\\\/newyorkceiling.com\\\/de\\\/#website\",\"url\":\"https:\\\/\\\/newyorkceiling.com\\\/de\\\/\",\"name\":\"New York Ceiling Co.\",\"description\":\"\",\"publisher\":{\"@id\":\"https:\\\/\\\/newyorkceiling.com\\\/de\\\/#organization\"},\"potentialAction\":[{\"@type\":\"SearchAction\",\"target\":{\"@type\":\"EntryPoint\",\"urlTemplate\":\"https:\\\/\\\/newyorkceiling.com\\\/de\\\/?s={search_term_string}\"},\"query-input\":{\"@type\":\"PropertyValueSpecification\",\"valueRequired\":true,\"valueName\":\"search_term_string\"}}],\"inLanguage\":\"de\"},{\"@type\":\"Organization\",\"@id\":\"https:\\\/\\\/newyorkceiling.com\\\/de\\\/#organization\",\"name\":\"New York Ceiling Co.\",\"url\":\"https:\\\/\\\/newyorkceiling.com\\\/de\\\/\",\"logo\":{\"@type\":\"ImageObject\",\"inLanguage\":\"de\",\"@id\":\"https:\\\/\\\/newyorkceiling.com\\\/de\\\/#\\\/schema\\\/logo\\\/image\\\/\",\"url\":\"https:\\\/\\\/woocommerce-977722-3423925.cloudwaysapps.com\\\/wp-content\\\/uploads\\\/2021\\\/04\\\/New-York-Ceiling-Logo.png\",\"contentUrl\":\"https:\\\/\\\/woocommerce-977722-3423925.cloudwaysapps.com\\\/wp-content\\\/uploads\\\/2021\\\/04\\\/New-York-Ceiling-Logo.png\",\"width\":220,\"height\":88,\"caption\":\"New York Ceiling Co.\"},\"image\":{\"@id\":\"https:\\\/\\\/newyorkceiling.com\\\/de\\\/#\\\/schema\\\/logo\\\/image\\\/\"}}]}<\/script>\n<!-- \/ Yoast SEO plugin. -->","yoast_head_json":{"title":"Haftungsausschluss - New York Ceiling Co. - CW","robots":{"index":"index","follow":"follow","max-snippet":"max-snippet:-1","max-image-preview":"max-image-preview:large","max-video-preview":"max-video-preview:-1"},"canonical":"https:\/\/newyorkceiling.com\/de\/haftungsausschluss\/","og_locale":"de_DE","og_type":"article","og_title":"Haftungsausschluss - New York Ceiling Co. - CW","og_description":"New York Ceiling Co., der Ersteller und\/oder die mit dieser Website verbundenen Personen k\u00f6nnen nicht f\u00fcr die Folgen der Verwendung der Informationen auf dieser Website und der Anwendung der NYC-Produkte haftbar gemacht werden. Obwohl die Site mit gr\u00f6\u00dfter Sorgfalt zusammengestellt wurde, kann keine Gew\u00e4hr f\u00fcr die Vollst\u00e4ndigkeit, Aktualit\u00e4t und Richtigkeit der angezeigten Informationen \u00fcbernommen werden. [...]","og_url":"https:\/\/newyorkceiling.com\/de\/haftungsausschluss\/","og_site_name":"New York Ceiling Co. - CW","article_modified_time":"2021-12-07T14:52:23+00:00","twitter_card":"summary_large_image","twitter_misc":{"Gesch\u00e4tzte Lesezeit":"1\u00a0Minute"},"schema":{"@context":"https:\/\/schema.org","@graph":[{"@type":"WebPage","@id":"https:\/\/newyorkceiling.com\/de\/haftungsausschluss\/","url":"https:\/\/newyorkceiling.com\/de\/haftungsausschluss\/","name":"Haftungsausschluss - New York Ceiling Co. - CW","isPartOf":{"@id":"https:\/\/newyorkceiling.com\/de\/#website"},"datePublished":"2021-08-11T13:28:29+00:00","dateModified":"2021-12-07T14:52:23+00:00","breadcrumb":{"@id":"https:\/\/newyorkceiling.com\/de\/haftungsausschluss\/#breadcrumb"},"inLanguage":"de","potentialAction":[{"@type":"ReadAction","target":["https:\/\/newyorkceiling.com\/de\/haftungsausschluss\/"]}]},{"@type":"BreadcrumbList","@id":"https:\/\/newyorkceiling.com\/de\/haftungsausschluss\/#breadcrumb","itemListElement":[{"@type":"ListItem","position":1,"name":"Home","item":"https:\/\/newyorkceiling.com\/de\/"},{"@type":"ListItem","position":2,"name":"Haftungsausschluss"}]},{"@type":"WebSite","@id":"https:\/\/newyorkceiling.com\/de\/#website","url":"https:\/\/newyorkceiling.com\/de\/","name":"New York Ceiling Co.","description":"","publisher":{"@id":"https:\/\/newyorkceiling.com\/de\/#organization"},"potentialAction":[{"@type":"SearchAction","target":{"@type":"EntryPoint","urlTemplate":"https:\/\/newyorkceiling.com\/de\/?s={search_term_string}"},"query-input":{"@type":"PropertyValueSpecification","valueRequired":true,"valueName":"search_term_string"}}],"inLanguage":"de"},{"@type":"Organization","@id":"https:\/\/newyorkceiling.com\/de\/#organization","name":"New York Ceiling Co.","url":"https:\/\/newyorkceiling.com\/de\/","logo":{"@type":"ImageObject","inLanguage":"de","@id":"https:\/\/newyorkceiling.com\/de\/#\/schema\/logo\/image\/","url":"https:\/\/woocommerce-977722-3423925.cloudwaysapps.com\/wp-content\/uploads\/2021\/04\/New-York-Ceiling-Logo.png","contentUrl":"https:\/\/woocommerce-977722-3423925.cloudwaysapps.com\/wp-content\/uploads\/2021\/04\/New-York-Ceiling-Logo.png","width":220,"height":88,"caption":"New York Ceiling Co."},"image":{"@id":"https:\/\/newyorkceiling.com\/de\/#\/schema\/logo\/image\/"}}]}},"_links":{"self":[{"href":"https:\/\/newyorkceiling.com\/de\/wp-json\/wp\/v2\/pages\/14473","targetHints":{"allow":["GET"]}}],"collection":[{"href":"https:\/\/newyorkceiling.com\/de\/wp-json\/wp\/v2\/pages"}],"about":[{"href":"https:\/\/newyorkceiling.com\/de\/wp-json\/wp\/v2\/types\/page"}],"author":[{"embeddable":true,"href":"https:\/\/newyorkceiling.com\/de\/wp-json\/wp\/v2\/users\/1"}],"replies":[{"embeddable":true,"href":"https:\/\/newyorkceiling.com\/de\/wp-json\/wp\/v2\/comments?post=14473"}],"version-history":[{"count":0,"href":"https:\/\/newyorkceiling.com\/de\/wp-json\/wp\/v2\/pages\/14473\/revisions"}],"wp:attachment":[{"href":"https:\/\/newyorkceiling.com\/de\/wp-json\/wp\/v2\/media?parent=14473"}],"curies":[{"name":"wp","href":"https:\/\/api.w.org\/{rel}","templated":true}]}}