{"id":15235,"date":"2021-08-11T14:42:12","date_gmt":"2021-08-11T13:42:12","guid":{"rendered":"https:\/\/newyorkceiling.eo3.echtonline.dev\/?page_id=15235"},"modified":"2021-09-08T10:49:23","modified_gmt":"2021-09-08T09:49:23","slug":"angebotsanfrage-ansehen","status":"publish","type":"page","link":"https:\/\/newyorkceiling.com\/de\/angebotsanfrage-ansehen\/","title":{"rendered":"Angebotsanfrage ansehen"},"content":{"rendered":"\n<p>F\u00fcr ein gr\u00f6\u00dferes Volumen k\u00f6nnen wir ein ma\u00dfgeschneidertes Angebot erstellen. F\u00fcgen Sie die gew\u00fcnschten Produkte hinzu und fordern Sie das Angebot an.<\/p>\n\n\n\n[yith_ywraq_request_quote]\n","protected":false},"excerpt":{"rendered":"<p>F\u00fcr ein gr\u00f6\u00dferes Volumen k\u00f6nnen wir ein ma\u00dfgeschneidertes Angebot erstellen. F\u00fcgen Sie die gew\u00fcnschten Produkte hinzu und fordern Sie das Angebot an. [yith_ywraq_request_quote]\n","protected":false},"author":1,"featured_media":0,"parent":0,"menu_order":0,"comment_status":"closed","ping_status":"closed","template":"","meta":{"footnotes":""},"class_list":["post-15235","page","type-page","status-publish","hentry"],"yoast_head":"<!-- This site is optimized with the Yoast SEO plugin v27.2 - https:\/\/yoast.com\/product\/yoast-seo-wordpress\/ -->\n<title>Angebotsanfrage ansehen - New York Ceiling Co. - CW<\/title>\n<meta name=\"robots\" content=\"index, follow, max-snippet:-1, max-image-preview:large, max-video-preview:-1\" \/>\n<link rel=\"canonical\" href=\"https:\/\/newyorkceiling.com\/de\/angebotsanfrage-ansehen\/\" \/>\n<meta property=\"og:locale\" content=\"de_DE\" \/>\n<meta property=\"og:type\" content=\"article\" \/>\n<meta property=\"og:title\" content=\"Angebotsanfrage ansehen - New York Ceiling Co. - CW\" \/>\n<meta property=\"og:description\" content=\"F\u00fcr ein gr\u00f6\u00dferes Volumen k\u00f6nnen wir ein ma\u00dfgeschneidertes Angebot erstellen. F\u00fcgen Sie die gew\u00fcnschten Produkte hinzu und fordern Sie das Angebot an. [yith_ywraq_request_quote]\" \/>\n<meta property=\"og:url\" content=\"https:\/\/newyorkceiling.com\/de\/angebotsanfrage-ansehen\/\" \/>\n<meta property=\"og:site_name\" content=\"New York Ceiling Co. - CW\" \/>\n<meta property=\"article:modified_time\" content=\"2021-09-08T09:49:23+00:00\" \/>\n<meta name=\"twitter:card\" content=\"summary_large_image\" \/>\n<meta name=\"twitter:label1\" content=\"Gesch\u00e4tzte Lesezeit\" \/>\n\t<meta name=\"twitter:data1\" content=\"1\u00a0Minute\" \/>\n<script type=\"application\/ld+json\" class=\"yoast-schema-graph\">{\"@context\":\"https:\/\/schema.org\",\"@graph\":[{\"@type\":\"WebPage\",\"@id\":\"https:\/\/newyorkceiling.com\/de\/angebotsanfrage-ansehen\/\",\"url\":\"https:\/\/newyorkceiling.com\/de\/angebotsanfrage-ansehen\/\",\"name\":\"Angebotsanfrage ansehen - New York Ceiling Co. - CW\",\"isPartOf\":{\"@id\":\"https:\/\/newyorkceiling.com\/de\/#website\"},\"datePublished\":\"2021-08-11T13:42:12+00:00\",\"dateModified\":\"2021-09-08T09:49:23+00:00\",\"breadcrumb\":{\"@id\":\"https:\/\/newyorkceiling.com\/de\/angebotsanfrage-ansehen\/#breadcrumb\"},\"inLanguage\":\"de\",\"potentialAction\":[{\"@type\":\"ReadAction\",\"target\":[\"https:\/\/newyorkceiling.com\/de\/angebotsanfrage-ansehen\/\"]}]},{\"@type\":\"BreadcrumbList\",\"@id\":\"https:\/\/newyorkceiling.com\/de\/angebotsanfrage-ansehen\/#breadcrumb\",\"itemListElement\":[{\"@type\":\"ListItem\",\"position\":1,\"name\":\"Home\",\"item\":\"https:\/\/newyorkceiling.com\/de\/\"},{\"@type\":\"ListItem\",\"position\":2,\"name\":\"Angebotsanfrage ansehen\"}]},{\"@type\":\"WebSite\",\"@id\":\"https:\/\/newyorkceiling.com\/de\/#website\",\"url\":\"https:\/\/newyorkceiling.com\/de\/\",\"name\":\"New York Ceiling Co.\",\"description\":\"\",\"publisher\":{\"@id\":\"https:\/\/newyorkceiling.com\/de\/#organization\"},\"potentialAction\":[{\"@type\":\"SearchAction\",\"target\":{\"@type\":\"EntryPoint\",\"urlTemplate\":\"https:\/\/newyorkceiling.com\/de\/?s={search_term_string}\"},\"query-input\":{\"@type\":\"PropertyValueSpecification\",\"valueRequired\":true,\"valueName\":\"search_term_string\"}}],\"inLanguage\":\"de\"},{\"@type\":\"Organization\",\"@id\":\"https:\/\/newyorkceiling.com\/de\/#organization\",\"name\":\"New York Ceiling Co.\",\"url\":\"https:\/\/newyorkceiling.com\/de\/\",\"logo\":{\"@type\":\"ImageObject\",\"inLanguage\":\"de\",\"@id\":\"https:\/\/newyorkceiling.com\/de\/#\/schema\/logo\/image\/\",\"url\":\"https:\/\/woocommerce-977722-3423925.cloudwaysapps.com\/wp-content\/uploads\/2021\/04\/New-York-Ceiling-Logo.png\",\"contentUrl\":\"https:\/\/woocommerce-977722-3423925.cloudwaysapps.com\/wp-content\/uploads\/2021\/04\/New-York-Ceiling-Logo.png\",\"width\":220,\"height\":88,\"caption\":\"New York Ceiling Co.\"},\"image\":{\"@id\":\"https:\/\/newyorkceiling.com\/de\/#\/schema\/logo\/image\/\"}}]}<\/script>\n<!-- \/ Yoast SEO plugin. -->","yoast_head_json":{"title":"Angebotsanfrage ansehen - New York Ceiling Co. - CW","robots":{"index":"index","follow":"follow","max-snippet":"max-snippet:-1","max-image-preview":"max-image-preview:large","max-video-preview":"max-video-preview:-1"},"canonical":"https:\/\/newyorkceiling.com\/de\/angebotsanfrage-ansehen\/","og_locale":"de_DE","og_type":"article","og_title":"Angebotsanfrage ansehen - New York Ceiling Co. - CW","og_description":"F\u00fcr ein gr\u00f6\u00dferes Volumen k\u00f6nnen wir ein ma\u00dfgeschneidertes Angebot erstellen. F\u00fcgen Sie die gew\u00fcnschten Produkte hinzu und fordern Sie das Angebot an. [yith_ywraq_request_quote]","og_url":"https:\/\/newyorkceiling.com\/de\/angebotsanfrage-ansehen\/","og_site_name":"New York Ceiling Co. - CW","article_modified_time":"2021-09-08T09:49:23+00:00","twitter_card":"summary_large_image","twitter_misc":{"Gesch\u00e4tzte Lesezeit":"1\u00a0Minute"},"schema":{"@context":"https:\/\/schema.org","@graph":[{"@type":"WebPage","@id":"https:\/\/newyorkceiling.com\/de\/angebotsanfrage-ansehen\/","url":"https:\/\/newyorkceiling.com\/de\/angebotsanfrage-ansehen\/","name":"Angebotsanfrage ansehen - New York Ceiling Co. - CW","isPartOf":{"@id":"https:\/\/newyorkceiling.com\/de\/#website"},"datePublished":"2021-08-11T13:42:12+00:00","dateModified":"2021-09-08T09:49:23+00:00","breadcrumb":{"@id":"https:\/\/newyorkceiling.com\/de\/angebotsanfrage-ansehen\/#breadcrumb"},"inLanguage":"de","potentialAction":[{"@type":"ReadAction","target":["https:\/\/newyorkceiling.com\/de\/angebotsanfrage-ansehen\/"]}]},{"@type":"BreadcrumbList","@id":"https:\/\/newyorkceiling.com\/de\/angebotsanfrage-ansehen\/#breadcrumb","itemListElement":[{"@type":"ListItem","position":1,"name":"Home","item":"https:\/\/newyorkceiling.com\/de\/"},{"@type":"ListItem","position":2,"name":"Angebotsanfrage ansehen"}]},{"@type":"WebSite","@id":"https:\/\/newyorkceiling.com\/de\/#website","url":"https:\/\/newyorkceiling.com\/de\/","name":"New York Ceiling Co.","description":"","publisher":{"@id":"https:\/\/newyorkceiling.com\/de\/#organization"},"potentialAction":[{"@type":"SearchAction","target":{"@type":"EntryPoint","urlTemplate":"https:\/\/newyorkceiling.com\/de\/?s={search_term_string}"},"query-input":{"@type":"PropertyValueSpecification","valueRequired":true,"valueName":"search_term_string"}}],"inLanguage":"de"},{"@type":"Organization","@id":"https:\/\/newyorkceiling.com\/de\/#organization","name":"New York Ceiling Co.","url":"https:\/\/newyorkceiling.com\/de\/","logo":{"@type":"ImageObject","inLanguage":"de","@id":"https:\/\/newyorkceiling.com\/de\/#\/schema\/logo\/image\/","url":"https:\/\/woocommerce-977722-3423925.cloudwaysapps.com\/wp-content\/uploads\/2021\/04\/New-York-Ceiling-Logo.png","contentUrl":"https:\/\/woocommerce-977722-3423925.cloudwaysapps.com\/wp-content\/uploads\/2021\/04\/New-York-Ceiling-Logo.png","width":220,"height":88,"caption":"New York Ceiling Co."},"image":{"@id":"https:\/\/newyorkceiling.com\/de\/#\/schema\/logo\/image\/"}}]}},"_links":{"self":[{"href":"https:\/\/newyorkceiling.com\/de\/wp-json\/wp\/v2\/pages\/15235","targetHints":{"allow":["GET"]}}],"collection":[{"href":"https:\/\/newyorkceiling.com\/de\/wp-json\/wp\/v2\/pages"}],"about":[{"href":"https:\/\/newyorkceiling.com\/de\/wp-json\/wp\/v2\/types\/page"}],"author":[{"embeddable":true,"href":"https:\/\/newyorkceiling.com\/de\/wp-json\/wp\/v2\/users\/1"}],"replies":[{"embeddable":true,"href":"https:\/\/newyorkceiling.com\/de\/wp-json\/wp\/v2\/comments?post=15235"}],"version-history":[{"count":0,"href":"https:\/\/newyorkceiling.com\/de\/wp-json\/wp\/v2\/pages\/15235\/revisions"}],"wp:attachment":[{"href":"https:\/\/newyorkceiling.com\/de\/wp-json\/wp\/v2\/media?parent=15235"}],"curies":[{"name":"wp","href":"https:\/\/api.w.org\/{rel}","templated":true}]}}