{"id":17554,"date":"2021-08-11T16:07:39","date_gmt":"2021-08-11T15:07:39","guid":{"rendered":"https:\/\/newyorkceiling.eo3.echtonline.dev\/?page_id=17554"},"modified":"2022-03-21T11:59:36","modified_gmt":"2022-03-21T10:59:36","slug":"gewerblich","status":"publish","type":"page","link":"https:\/\/newyorkceiling.com\/de\/vorgehensweise\/gewerblich\/","title":{"rendered":"Gewerblich"},"content":{"rendered":"\n\n\t<section class=\"section\" id=\"section_618921245\">\n\t\t<div class=\"section-bg fill\" >\n\t\t\t\t\t\t\t\t\t<div class=\"section-bg-overlay absolute fill\"><\/div>\n\t\t\t\n\n\t\t<\/div>\n\n\t\t\n\n\t\t<div class=\"section-content relative\">\n\t\t\t\n\n\n  <div class=\"banner has-hover has-parallax\" id=\"banner-781614245\">\n          <div class=\"banner-inner fill\">\n        <div class=\"banner-bg fill\" data-parallax=\"-5\" data-parallax-container=\".banner\" data-parallax-background>\n            <img loading=\"lazy\" decoding=\"async\" width=\"1920\" height=\"1280\" src=\"https:\/\/newyorkceiling.com\/wp-content\/uploads\/2021\/06\/WICC_metallicgold23_blacklacqgloss3-2-scaled.jpg\" class=\"bg attachment-original size-original wvs-archive-product-image\" alt=\"\" \/>                        <div class=\"overlay\"><\/div>            \n                    <\/div>\n\t\t\n        <div class=\"banner-layers container\">\n            <div class=\"fill banner-link\"><\/div>            \n\n   <div id=\"text-box-2035099983\" class=\"text-box banner-layer x50 md-x50 lg-x50 y50 md-y50 lg-y50 res-text\">\n                                <div class=\"text-box-content text \">\n              \n              <div class=\"text-inner text-center\">\n                  \n\n\t<div id=\"text-2854698675\" class=\"text\">\n\t\t\n\n<h1><strong>Vorgehensweise<\/strong><\/h1>\n<p><span style=\"font-size: 140%;\"><strong>Wie bestellen Sie als Professional?\n<\/strong><\/span><\/p>\n<p>Sind Sie Raumausstatter, Innenarchitekt oder Unternehmer im Gastst\u00e4ttengewerbe? Und m\u00f6chten Sie gerne mit der New York Ceiling Co. zusammenarbeiten? Als Professional k\u00f6nnen Sie unsere PRO-Bedingungen nutzen.<\/p>\n\t\t\n<style>\n#text-2854698675 {\n  color: rgb(255, 255, 255);\n}\n#text-2854698675 > * {\n  color: rgb(255, 255, 255);\n}\n<\/style>\n\t<\/div>\n\t\n\n              <\/div>\n           <\/div>\n                            \n<style>\n#text-box-2035099983 {\n  width: 64%;\n}\n#text-box-2035099983 .text-box-content {\n  font-size: 100%;\n}\n<\/style>\n    <\/div>\n \n\n        <\/div>\n      <\/div>\n\n            \n<style>\n#banner-781614245 {\n  padding-top: 360px;\n  background-color: rgb(255,255,255);\n}\n#banner-781614245 .overlay {\n  background-color: rgba(0, 0, 0, 0.65);\n}\n#banner-781614245 .banner-bg img {\n  object-position: 54% 18%;\n}\n<\/style>\n  <\/div>\n\n\n<div class=\"row align-equal align-center\"  id=\"row-1533322076\">\n\n\n\t<div id=\"col-1482213512\" class=\"col medium-7 small-12 large-7\"  >\n\t\t\t\t<div class=\"col-inner\"  >\n\t\t\t\n\t\t\t\n\n<h3><strong>Online bestellen<br \/>\n<\/strong><\/h3>\n<p>Als PRO-Kunde k\u00f6nnen Sie einen Login f\u00fcr unseren gewerblichen Webshop anfordern. Dort sehen Sie automatisch den Preis, den Sie zahlen. Die Farbe bestimmt den Preis, unabh\u00e4ngig von Motiv oder Ausf\u00fchrung.<\/p>\n<a href=\"https:\/\/newyorkceiling.com\/de\/geschaeftskonto-registrieren\/\" class=\"button primary\" >\n\t\t<span>GESCH\u00c4FTSKONTO BEANTRAGEN<\/span>\n\t<\/a>\n\n\n\n\t\t<\/div>\n\t\t\t\t\t<\/div>\n\n\t\n\n\n<style>\n#row-1533322076 > .col > .col-inner {\n  padding: 16px 0px 0px 0px;\n}\n<\/style>\n<\/div>\n\n\t\t<\/div>\n\n\t\t\n<style>\n#section_618921245 {\n  padding-top: 0px;\n  padding-bottom: 0px;\n  margin-bottom: 0px;\n  background-color: rgb(208, 208, 208);\n}\n#section_618921245 .section-bg-overlay {\n  background-color: rgba(255, 255, 255, 0.85);\n}\n<\/style>\n\t<\/section>\n\t\n\n\t<section class=\"section\" id=\"section_1959062411\">\n\t\t<div class=\"section-bg fill\" >\n\t\t\t\t\t\t\t\t\t\n\t\t\t\n\n\t\t<\/div>\n\n\t\t\n\n\t\t<div class=\"section-content relative\">\n\t\t\t\n\n<div class=\"row align-center\"  id=\"row-727168141\">\n\n\n\t<div id=\"col-1939867029\" class=\"col medium-4 small-12 large-4\"  >\n\t\t\t\t<div class=\"col-inner\"  >\n\t\t\t\n\t\t\t\n\n\t<div class=\"img has-hover x md-x lg-x y md-y lg-y\" id=\"image_738386364\">\n\t\t\t\t\t\t\t\t<div class=\"img-inner dark\" >\n\t\t\t<img loading=\"lazy\" decoding=\"async\" width=\"400\" height=\"400\" src=\"https:\/\/newyorkceiling.com\/wp-content\/uploads\/2021\/06\/30-orb-400x400.jpeg\" class=\"attachment-medium size-medium wvs-archive-product-image\" alt=\"\" srcset=\"https:\/\/newyorkceiling.com\/wp-content\/uploads\/2021\/06\/30-orb-400x400.jpeg 400w, https:\/\/newyorkceiling.com\/wp-content\/uploads\/2021\/06\/30-orb-247x247.jpeg 247w, https:\/\/newyorkceiling.com\/wp-content\/uploads\/2021\/06\/30-orb-100x100.jpeg 100w, https:\/\/newyorkceiling.com\/wp-content\/uploads\/2021\/06\/30-orb-510x510.jpeg 510w, https:\/\/newyorkceiling.com\/wp-content\/uploads\/2021\/06\/30-orb-280x280.jpeg 280w, https:\/\/newyorkceiling.com\/wp-content\/uploads\/2021\/06\/30-orb.jpeg 750w\" sizes=\"auto, (max-width: 400px) 100vw, 400px\" \/>\t\t\t\t\t\t\n\t\t\t\t\t<\/div>\n\t\t\t\t\t\t\t\t\n<style>\n#image_738386364 {\n  width: 90%;\n}\n<\/style>\n\t<\/div>\n\t\n\n\n\t\t<\/div>\n\t\t\t\t\t<\/div>\n\n\t\n\n\t<div id=\"col-52458285\" class=\"col medium-6 small-12 large-6\"  >\n\t\t\t\t<div class=\"col-inner\"  >\n\t\t\t\n\t\t\t\n\n<h3><strong>Preisliste<br \/>\n<\/strong><\/h3>\n<p>Um eine \u00dcbersicht der Preise zu erhalten, k\u00f6nnen Sie eine Preisliste anfordern. Senden Sie uns eine E-Mail mit Ihrem Firmennamen und Ihren Kontaktdaten, dann senden wir Ihnen die Preisliste. Die Farbe bestimmt den Preis, unabh\u00e4ngig von Motiv oder Ausf\u00fchrung.<\/p>\n<a href=\"https:\/\/newyorkceiling.com\/de\/preisliste-anfordern\/\" class=\"button primary\" >\n\t\t<span>PREISLISTE ANFORDERN<\/span>\n\t<\/a>\n\n\n\n\t\t<\/div>\n\t\t\t\t\t<\/div>\n\n\t\n\n\n<style>\n#row-727168141 > .col > .col-inner {\n  padding: 24px 0px 0px 0px;\n}\n<\/style>\n<\/div>\n\n\t\t<\/div>\n\n\t\t\n<style>\n#section_1959062411 {\n  padding-top: 30px;\n  padding-bottom: 30px;\n}\n<\/style>\n\t<\/section>\n\t\n\n\t<section class=\"section\" id=\"section_1931236730\">\n\t\t<div class=\"section-bg fill\" >\n\t\t\t\t\t\t\t\t\t\n\t\t\t\n\n\t\t<\/div>\n\n\t\t\n\n\t\t<div class=\"section-content relative\">\n\t\t\t\n\n<div class=\"row align-center\"  id=\"row-1724055993\">\n\n\n\t<div id=\"col-1254139647\" class=\"col medium-6 small-12 large-6\"  >\n\t\t\t\t<div class=\"col-inner\"  >\n\t\t\t\n\t\t\t\n\n<h3><strong>Farbe ausw\u00e4hlen<br \/>\n<\/strong><\/h3>\n<p>Wir haben Farbmuster von allen Farben verf\u00fcgbar. M\u00f6chten Sie Ihrem Kunden eine bestimmte Farbe zeigen? Fordern Sie ein Muster bei uns an. Selbstverst\u00e4ndlich k\u00f6nnen Sie auch gerne unseren Showroom in Bodegraven besuchen. Bitte vereinbaren Sie einen Termin mit dem Terminformular.<\/p>\n<a href=\"https:\/\/newyorkceiling.com\/de\/termin-vereinbaren\/\" class=\"button primary\" >\n\t\t<span>SHOWROOM BESUCHEN<\/span>\n\t<\/a>\n\n\n\n\t\t<\/div>\n\t\t\t\t\t<\/div>\n\n\t\n\n\t<div id=\"col-1319222864\" class=\"col medium-4 small-12 large-4\"  >\n\t\t\t\t<div class=\"col-inner\"  >\n\t\t\t\n\t\t\t\n\n\t<div class=\"img has-hover x md-x lg-x y md-y lg-y\" id=\"image_829305087\">\n\t\t\t\t\t\t\t\t<div class=\"img-inner dark\" >\n\t\t\t<img loading=\"lazy\" decoding=\"async\" width=\"400\" height=\"400\" src=\"https:\/\/newyorkceiling.com\/wp-content\/uploads\/2021\/06\/31-crt-400x400.jpeg\" class=\"attachment-medium size-medium wvs-archive-product-image\" alt=\"\" srcset=\"https:\/\/newyorkceiling.com\/wp-content\/uploads\/2021\/06\/31-crt-400x400.jpeg 400w, https:\/\/newyorkceiling.com\/wp-content\/uploads\/2021\/06\/31-crt-247x247.jpeg 247w, https:\/\/newyorkceiling.com\/wp-content\/uploads\/2021\/06\/31-crt-100x100.jpeg 100w, https:\/\/newyorkceiling.com\/wp-content\/uploads\/2021\/06\/31-crt-510x510.jpeg 510w, https:\/\/newyorkceiling.com\/wp-content\/uploads\/2021\/06\/31-crt-280x280.jpeg 280w, https:\/\/newyorkceiling.com\/wp-content\/uploads\/2021\/06\/31-crt.jpeg 750w\" sizes=\"auto, (max-width: 400px) 100vw, 400px\" \/>\t\t\t\t\t\t\n\t\t\t\t\t<\/div>\n\t\t\t\t\t\t\t\t\n<style>\n#image_829305087 {\n  width: 90%;\n}\n<\/style>\n\t<\/div>\n\t\n\n\n\t\t<\/div>\n\t\t\t\t\t<\/div>\n\n\t\n\n\n<style>\n#row-1724055993 > .col > .col-inner {\n  padding: 24px 0px 0px 0px;\n}\n<\/style>\n<\/div>\n\n\t\t<\/div>\n\n\t\t\n<style>\n#section_1931236730 {\n  padding-top: 30px;\n  padding-bottom: 30px;\n}\n<\/style>\n\t<\/section>\n\t\n\n\t<section class=\"section\" id=\"section_1983764214\">\n\t\t<div class=\"section-bg fill\" >\n\t\t\t\t\t\t\t\t\t<div class=\"section-bg-overlay absolute fill\"><\/div>\n\t\t\t\n\n\t\t<\/div>\n\n\t\t\n\n\t\t<div class=\"section-content relative\">\n\t\t\t\n\n<div class=\"row align-center\"  id=\"row-1417171452\">\n\n\n\t<div id=\"col-652529403\" class=\"col medium-4 small-12 large-4\"  >\n\t\t\t\t<div class=\"col-inner\"  >\n\t\t\t\n\t\t\t\n\n\t<div class=\"img has-hover x md-x lg-x y md-y lg-y\" id=\"image_1954068020\">\n\t\t\t\t\t\t\t\t<div class=\"img-inner dark\" >\n\t\t\t<img loading=\"lazy\" decoding=\"async\" width=\"300\" height=\"400\" src=\"https:\/\/newyorkceiling.com\/wp-content\/uploads\/2021\/06\/DP-Leiden-Stationsweg-NY-Ceiling-foto-1-300x400.jpeg\" class=\"attachment-medium size-medium wvs-archive-product-image\" alt=\"\" srcset=\"https:\/\/newyorkceiling.com\/wp-content\/uploads\/2021\/06\/DP-Leiden-Stationsweg-NY-Ceiling-foto-1-300x400.jpeg 300w, https:\/\/newyorkceiling.com\/wp-content\/uploads\/2021\/06\/DP-Leiden-Stationsweg-NY-Ceiling-foto-1-510x680.jpeg 510w, https:\/\/newyorkceiling.com\/wp-content\/uploads\/2021\/06\/DP-Leiden-Stationsweg-NY-Ceiling-foto-1-600x800.jpeg 600w, https:\/\/newyorkceiling.com\/wp-content\/uploads\/2021\/06\/DP-Leiden-Stationsweg-NY-Ceiling-foto-1-768x1024.jpeg 768w, https:\/\/newyorkceiling.com\/wp-content\/uploads\/2021\/06\/DP-Leiden-Stationsweg-NY-Ceiling-foto-1-1152x1536.jpeg 1152w, https:\/\/newyorkceiling.com\/wp-content\/uploads\/2021\/06\/DP-Leiden-Stationsweg-NY-Ceiling-foto-1.jpeg 1200w\" sizes=\"auto, (max-width: 300px) 100vw, 300px\" \/>\t\t\t\t\t\t\n\t\t\t\t\t<\/div>\n\t\t\t\t\t\t\t\t\n<style>\n#image_1954068020 {\n  width: 90%;\n}\n<\/style>\n\t<\/div>\n\t\n\n\n\t\t<\/div>\n\t\t\t\t\t<\/div>\n\n\t\n\n\t<div id=\"col-1412285362\" class=\"col medium-6 small-12 large-6\"  >\n\t\t\t\t<div class=\"col-inner\"  >\n\t\t\t\n\t\t\t\n\n<h3>Lieferzeit<\/h3>\n<p>Jedes Produkt wird nach Ma\u00df gefertigt. Die Lieferzeiten hier unten sind Richtwerte. Die Lieferzeit beginnt mit dem Erhalt der Anzahlung.<\/p>\n<table>\n<tbody>\n<tr>\n<td><strong>nail-up | Raw Steel<\/strong><\/td>\n<td>circa. 4 Wochen<\/td>\n<\/tr>\n<tr>\n<td><strong>nail-up | Basic Series<\/strong><\/td>\n<td>circa. 5 Wochen<\/td>\n<\/tr>\n<tr>\n<td><strong>nail-up | Art Series<\/strong><\/td>\n<td>circa. 6 Wochen<\/td>\n<\/tr>\n<tr>\n<td><strong>drop-in | RAW<\/strong><\/td>\n<td>circa. 7 Wochen<\/td>\n<\/tr>\n<tr>\n<td><strong>drop-in | Basic Series<\/strong><\/td>\n<td>circa. 8 Wochen<\/td>\n<\/tr>\n<\/tbody>\n<\/table>\n<h3><strong>Lagerware<\/strong><\/h3>\n<p>Ist die Lieferzeit zu lang? Dann w\u00e4hlen Sie einen unserer Lagerartikel.<\/p>\n<a href=\"https:\/\/newyorkceiling.com\/de\/auf-lager\/\" class=\"button primary is-underline\" >\n\t\t<span>Lagerware anzeigen<\/span>\n\t<i class=\"icon-angle-right\" aria-hidden=\"true\"><\/i><\/a>\n\n\n\n\t\t<\/div>\n\t\t\t\t\t<\/div>\n\n\t\n\n<\/div>\n\n\t\t<\/div>\n\n\t\t\n<style>\n#section_1983764214 {\n  padding-top: 60px;\n  padding-bottom: 60px;\n  margin-bottom: 0px;\n  background-color: rgb(208, 208, 208);\n}\n#section_1983764214 .section-bg-overlay {\n  background-color: rgba(255, 255, 255, 0.85);\n}\n<\/style>\n\t<\/section>\n\t\n\n\t<section class=\"section dark has-parallax\" id=\"section_187333655\">\n\t\t<div class=\"section-bg fill\" data-parallax-container=\".section\" data-parallax-background data-parallax=\"-3\">\n\t\t\t<img loading=\"lazy\" decoding=\"async\" width=\"1100\" height=\"733\" src=\"https:\/\/newyorkceiling.com\/wp-content\/uploads\/2021\/04\/ao22.jpg\" class=\"bg attachment- size- wvs-archive-product-image\" alt=\"\" \/>\t\t\t\t\t\t<div class=\"section-bg-overlay absolute fill\"><\/div>\n\t\t\t\n\n\t\t<\/div>\n\n\t\t\n\n\t\t<div class=\"section-content relative\">\n\t\t\t\n\n<div class=\"row row-collapse row-full-width align-center\"  id=\"row-563466661\">\n\n\n\t<div id=\"col-845237903\" class=\"col medium-8 small-12 large-8\"  >\n\t\t\t\t<div class=\"col-inner text-center\"  >\n\t\t\t\n\t\t\t\n\n<h2>Angebot anfordern<br \/>\n<\/h2>\n<p><span style=\"font-size: 150%;\">Bei gr\u00f6\u00dferen Abnahmemengen k\u00f6nnen Sie jederzeit ein Angebot anfordern.<br \/>\n<\/span><\/p>\n<a href=\"https:\/\/newyorkceiling.com\/de\/angebot-anfordern\/\" class=\"button primary\" >\n\t\t<span>ANGEBOT ANFORDERN<\/span>\n\t<\/a>\n\n\n\n\t\t<\/div>\n\t\t\t\t\n<style>\n#col-845237903 > .col-inner {\n  padding: 50px 0px 50px 0px;\n}\n<\/style>\n\t<\/div>\n\n\t\n\n<\/div>\n\n\t\t<\/div>\n\n\t\t\n<style>\n#section_187333655 {\n  padding-top: 30px;\n  padding-bottom: 30px;\n  background-color: rgb(40, 40, 40);\n}\n#section_187333655 .section-bg-overlay {\n  background-color: rgba(0, 0, 0, 0.65);\n}\n#section_187333655 .section-bg img {\n  object-position: 39% 21%;\n}\n<\/style>\n\t<\/section>\n\t\n\n","protected":false},"excerpt":{"rendered":"","protected":false},"author":1,"featured_media":0,"parent":13156,"menu_order":0,"comment_status":"closed","ping_status":"closed","template":"page-blank.php","meta":{"footnotes":""},"class_list":["post-17554","page","type-page","status-publish","hentry"],"yoast_head":"<!-- This site is optimized with the Yoast SEO plugin v27.2 - https:\/\/yoast.com\/product\/yoast-seo-wordpress\/ -->\n<title>Gewerblich - New York Ceiling Co. - CW<\/title>\n<meta name=\"robots\" content=\"index, follow, max-snippet:-1, max-image-preview:large, max-video-preview:-1\" \/>\n<link rel=\"canonical\" href=\"https:\/\/newyorkceiling.com\/de\/vorgehensweise\/gewerblich\/\" \/>\n<meta property=\"og:locale\" content=\"de_DE\" \/>\n<meta property=\"og:type\" content=\"article\" \/>\n<meta property=\"og:title\" content=\"Gewerblich - New York Ceiling Co. - CW\" \/>\n<meta property=\"og:url\" content=\"https:\/\/newyorkceiling.com\/de\/vorgehensweise\/gewerblich\/\" \/>\n<meta property=\"og:site_name\" content=\"New York Ceiling Co. - CW\" \/>\n<meta property=\"article:modified_time\" content=\"2022-03-21T10:59:36+00:00\" \/>\n<meta name=\"twitter:card\" content=\"summary_large_image\" \/>\n<meta name=\"twitter:label1\" content=\"Gesch\u00e4tzte Lesezeit\" \/>\n\t<meta name=\"twitter:data1\" content=\"2\u00a0Minuten\" \/>\n<script type=\"application\/ld+json\" class=\"yoast-schema-graph\">{\"@context\":\"https:\/\/schema.org\",\"@graph\":[{\"@type\":\"WebPage\",\"@id\":\"https:\/\/newyorkceiling.com\/de\/vorgehensweise\/gewerblich\/\",\"url\":\"https:\/\/newyorkceiling.com\/de\/vorgehensweise\/gewerblich\/\",\"name\":\"Gewerblich - New York Ceiling Co. - CW\",\"isPartOf\":{\"@id\":\"https:\/\/newyorkceiling.com\/de\/#website\"},\"datePublished\":\"2021-08-11T15:07:39+00:00\",\"dateModified\":\"2022-03-21T10:59:36+00:00\",\"breadcrumb\":{\"@id\":\"https:\/\/newyorkceiling.com\/de\/vorgehensweise\/gewerblich\/#breadcrumb\"},\"inLanguage\":\"de\",\"potentialAction\":[{\"@type\":\"ReadAction\",\"target\":[\"https:\/\/newyorkceiling.com\/de\/vorgehensweise\/gewerblich\/\"]}]},{\"@type\":\"BreadcrumbList\",\"@id\":\"https:\/\/newyorkceiling.com\/de\/vorgehensweise\/gewerblich\/#breadcrumb\",\"itemListElement\":[{\"@type\":\"ListItem\",\"position\":1,\"name\":\"Home\",\"item\":\"https:\/\/newyorkceiling.com\/de\/\"},{\"@type\":\"ListItem\",\"position\":2,\"name\":\"Vorgehensweise\",\"item\":\"https:\/\/newyorkceiling.com\/de\/werkwijze\/\"},{\"@type\":\"ListItem\",\"position\":3,\"name\":\"Gewerblich\"}]},{\"@type\":\"WebSite\",\"@id\":\"https:\/\/newyorkceiling.com\/de\/#website\",\"url\":\"https:\/\/newyorkceiling.com\/de\/\",\"name\":\"New York Ceiling Co.\",\"description\":\"\",\"publisher\":{\"@id\":\"https:\/\/newyorkceiling.com\/de\/#organization\"},\"potentialAction\":[{\"@type\":\"SearchAction\",\"target\":{\"@type\":\"EntryPoint\",\"urlTemplate\":\"https:\/\/newyorkceiling.com\/de\/?s={search_term_string}\"},\"query-input\":{\"@type\":\"PropertyValueSpecification\",\"valueRequired\":true,\"valueName\":\"search_term_string\"}}],\"inLanguage\":\"de\"},{\"@type\":\"Organization\",\"@id\":\"https:\/\/newyorkceiling.com\/de\/#organization\",\"name\":\"New York Ceiling Co.\",\"url\":\"https:\/\/newyorkceiling.com\/de\/\",\"logo\":{\"@type\":\"ImageObject\",\"inLanguage\":\"de\",\"@id\":\"https:\/\/newyorkceiling.com\/de\/#\/schema\/logo\/image\/\",\"url\":\"https:\/\/woocommerce-977722-3423925.cloudwaysapps.com\/wp-content\/uploads\/2021\/04\/New-York-Ceiling-Logo.png\",\"contentUrl\":\"https:\/\/woocommerce-977722-3423925.cloudwaysapps.com\/wp-content\/uploads\/2021\/04\/New-York-Ceiling-Logo.png\",\"width\":220,\"height\":88,\"caption\":\"New York Ceiling Co.\"},\"image\":{\"@id\":\"https:\/\/newyorkceiling.com\/de\/#\/schema\/logo\/image\/\"}}]}<\/script>\n<!-- \/ Yoast SEO plugin. -->","yoast_head_json":{"title":"Gewerblich - New York Ceiling Co. - CW","robots":{"index":"index","follow":"follow","max-snippet":"max-snippet:-1","max-image-preview":"max-image-preview:large","max-video-preview":"max-video-preview:-1"},"canonical":"https:\/\/newyorkceiling.com\/de\/vorgehensweise\/gewerblich\/","og_locale":"de_DE","og_type":"article","og_title":"Gewerblich - New York Ceiling Co. - CW","og_url":"https:\/\/newyorkceiling.com\/de\/vorgehensweise\/gewerblich\/","og_site_name":"New York Ceiling Co. - CW","article_modified_time":"2022-03-21T10:59:36+00:00","twitter_card":"summary_large_image","twitter_misc":{"Gesch\u00e4tzte Lesezeit":"2\u00a0Minuten"},"schema":{"@context":"https:\/\/schema.org","@graph":[{"@type":"WebPage","@id":"https:\/\/newyorkceiling.com\/de\/vorgehensweise\/gewerblich\/","url":"https:\/\/newyorkceiling.com\/de\/vorgehensweise\/gewerblich\/","name":"Gewerblich - New York Ceiling Co. - CW","isPartOf":{"@id":"https:\/\/newyorkceiling.com\/de\/#website"},"datePublished":"2021-08-11T15:07:39+00:00","dateModified":"2022-03-21T10:59:36+00:00","breadcrumb":{"@id":"https:\/\/newyorkceiling.com\/de\/vorgehensweise\/gewerblich\/#breadcrumb"},"inLanguage":"de","potentialAction":[{"@type":"ReadAction","target":["https:\/\/newyorkceiling.com\/de\/vorgehensweise\/gewerblich\/"]}]},{"@type":"BreadcrumbList","@id":"https:\/\/newyorkceiling.com\/de\/vorgehensweise\/gewerblich\/#breadcrumb","itemListElement":[{"@type":"ListItem","position":1,"name":"Home","item":"https:\/\/newyorkceiling.com\/de\/"},{"@type":"ListItem","position":2,"name":"Vorgehensweise","item":"https:\/\/newyorkceiling.com\/de\/werkwijze\/"},{"@type":"ListItem","position":3,"name":"Gewerblich"}]},{"@type":"WebSite","@id":"https:\/\/newyorkceiling.com\/de\/#website","url":"https:\/\/newyorkceiling.com\/de\/","name":"New York Ceiling Co.","description":"","publisher":{"@id":"https:\/\/newyorkceiling.com\/de\/#organization"},"potentialAction":[{"@type":"SearchAction","target":{"@type":"EntryPoint","urlTemplate":"https:\/\/newyorkceiling.com\/de\/?s={search_term_string}"},"query-input":{"@type":"PropertyValueSpecification","valueRequired":true,"valueName":"search_term_string"}}],"inLanguage":"de"},{"@type":"Organization","@id":"https:\/\/newyorkceiling.com\/de\/#organization","name":"New York Ceiling Co.","url":"https:\/\/newyorkceiling.com\/de\/","logo":{"@type":"ImageObject","inLanguage":"de","@id":"https:\/\/newyorkceiling.com\/de\/#\/schema\/logo\/image\/","url":"https:\/\/woocommerce-977722-3423925.cloudwaysapps.com\/wp-content\/uploads\/2021\/04\/New-York-Ceiling-Logo.png","contentUrl":"https:\/\/woocommerce-977722-3423925.cloudwaysapps.com\/wp-content\/uploads\/2021\/04\/New-York-Ceiling-Logo.png","width":220,"height":88,"caption":"New York Ceiling Co."},"image":{"@id":"https:\/\/newyorkceiling.com\/de\/#\/schema\/logo\/image\/"}}]}},"_links":{"self":[{"href":"https:\/\/newyorkceiling.com\/de\/wp-json\/wp\/v2\/pages\/17554","targetHints":{"allow":["GET"]}}],"collection":[{"href":"https:\/\/newyorkceiling.com\/de\/wp-json\/wp\/v2\/pages"}],"about":[{"href":"https:\/\/newyorkceiling.com\/de\/wp-json\/wp\/v2\/types\/page"}],"author":[{"embeddable":true,"href":"https:\/\/newyorkceiling.com\/de\/wp-json\/wp\/v2\/users\/1"}],"replies":[{"embeddable":true,"href":"https:\/\/newyorkceiling.com\/de\/wp-json\/wp\/v2\/comments?post=17554"}],"version-history":[{"count":0,"href":"https:\/\/newyorkceiling.com\/de\/wp-json\/wp\/v2\/pages\/17554\/revisions"}],"up":[{"embeddable":true,"href":"https:\/\/newyorkceiling.com\/de\/wp-json\/wp\/v2\/pages\/13156"}],"wp:attachment":[{"href":"https:\/\/newyorkceiling.com\/de\/wp-json\/wp\/v2\/media?parent=17554"}],"curies":[{"name":"wp","href":"https:\/\/api.w.org\/{rel}","templated":true}]}}