{"id":19925,"date":"2021-08-12T10:56:41","date_gmt":"2021-08-12T09:56:41","guid":{"rendered":"https:\/\/newyorkceiling.eo3.echtonline.dev\/?page_id=19925"},"modified":"2022-02-16T11:14:02","modified_gmt":"2022-02-16T10:14:02","slug":"zierleisten","status":"publish","type":"page","link":"https:\/\/newyorkceiling.com\/de\/ueber-das-produkt\/zierleisten\/","title":{"rendered":"Zierleisten"},"content":{"rendered":"\n\n\t<section class=\"section\" id=\"section_527261881\">\n\t\t<div class=\"section-bg fill\" >\n\t\t\t\t\t\t\t\t\t<div class=\"section-bg-overlay absolute fill\"><\/div>\n\t\t\t\n\n\t\t<\/div>\n\n\t\t\n\n\t\t<div class=\"section-content relative\">\n\t\t\t\n\n\n  <div class=\"banner has-hover has-parallax\" id=\"banner-1643544670\">\n          <div class=\"banner-inner fill\">\n        <div class=\"banner-bg fill\" data-parallax=\"-5\" data-parallax-container=\".banner\" data-parallax-background>\n            <img loading=\"lazy\" decoding=\"async\" width=\"1020\" height=\"679\" src=\"https:\/\/newyorkceiling.com\/wp-content\/uploads\/2021\/04\/20151118Cafe-van-Bommel-2-_PBK4779-1202x800.jpg\" class=\"bg attachment-large size-large wvs-archive-product-image\" alt=\"\" \/>                        <div class=\"overlay\"><\/div>            \n                    <\/div>\n\t\t\n        <div class=\"banner-layers container\">\n            <div class=\"fill banner-link\"><\/div>            \n\n   <div id=\"text-box-1391968423\" class=\"text-box banner-layer x50 md-x50 lg-x50 y50 md-y50 lg-y50 res-text\">\n                                <div class=\"text-box-content text \">\n              \n              <div class=\"text-inner text-center\">\n                  \n\n\t<div id=\"text-4220498606\" class=\"text\">\n\t\t\n\n<h1><strong>Zierleisten<\/strong><\/h1>\n<p><span style=\"font-size: 130%;\"><strong>F\u00fcr den stilvollen Abschluss von Kanten und Ecken<\/strong><\/span><\/p>\n<p>Soll es ein stilvoller Kantenabschluss sein? Eine Zierleiste bietet Ihnen die optimale L\u00f6sung, geschmackvoll und au\u00dfergew\u00f6hnlich. Es gibt Leisten f\u00fcr die Innenecke, die Au\u00dfenecke oder flache Leisten, z. B. f\u00fcr eine Verkleidung.<\/p>\n<p>Die Leisten sind 122 cm lang. Die Farbe bestimmt den Preis, unabh\u00e4ngig von Motiv oder Ausf\u00fchrung.<\/p>\n\t\t\n<style>\n#text-4220498606 {\n  color: rgb(255, 255, 255);\n}\n#text-4220498606 > * {\n  color: rgb(255, 255, 255);\n}\n<\/style>\n\t<\/div>\n\t\n\n              <\/div>\n           <\/div>\n                            \n<style>\n#text-box-1391968423 {\n  width: 69%;\n}\n#text-box-1391968423 .text-box-content {\n  font-size: 100%;\n}\n<\/style>\n    <\/div>\n \n\n        <\/div>\n      <\/div>\n\n            \n<style>\n#banner-1643544670 {\n  padding-top: 400px;\n  background-color: rgb(255,255,255);\n}\n#banner-1643544670 .overlay {\n  background-color: rgba(0, 0, 0, 0.65);\n}\n#banner-1643544670 .banner-bg img {\n  object-position: 32% 69%;\n}\n<\/style>\n  <\/div>\n\n\n\n\t\t<\/div>\n\n\t\t\n<style>\n#section_527261881 {\n  padding-top: 0px;\n  padding-bottom: 0px;\n  margin-bottom: 0px;\n  background-color: rgb(208, 208, 208);\n}\n#section_527261881 .section-bg-overlay {\n  background-color: rgba(255, 255, 255, 0.85);\n}\n<\/style>\n\t<\/section>\n\t\n\n\t<section class=\"section\" id=\"section_519918996\">\n\t\t<div class=\"section-bg fill\" >\n\t\t\t\t\t\t\t\t\t\n\t\t\t\n\n\t\t<\/div>\n\n\t\t\n\n\t\t<div class=\"section-content relative\">\n\t\t\t\n\n<div class=\"row row-small align-middle align-center\"  id=\"row-231417512\">\n\n\n\t<div id=\"col-346099857\" class=\"col small-12 large-12\"  >\n\t\t\t\t<div class=\"col-inner text-left\"  >\n\t\t\t\n\t\t\t\n\n\n\t<section class=\"section flatsome-features\" id=\"section_451682600\">\n\t\t<div class=\"section-bg fill\" >\n\t\t\t\t\t\t\t\t\t\n\t\t\t\n\n\t\t<\/div>\n\n\t\t\n\n\t\t<div class=\"section-content relative\">\n\t\t\t\n\n<div class=\"row\"  id=\"row-428072617\">\n\n\n\t<div id=\"col-1919217921\" class=\"col small-12 large-12\"  >\n\t\t\t\t<div class=\"col-inner\"  >\n\t\t\t\n\t\t\t\n\n<h3>Abschluss f\u00fcr die Innenecke<\/h3>\n\n\t\t<\/div>\n\t\t\t\t\t<\/div>\n\n\t\n\n<\/div>\n<div class=\"row row-dashed\"  id=\"row-1855895595\">\n\n\n\t<div id=\"col-724102746\" class=\"col medium-4 small-12 large-4\"  >\n\t\t\t\t<div class=\"col-inner\"  >\n\t\t\t\n\t\t\t\n\n<p>Lijst C1<\/p>\n\t<div class=\"img has-hover x md-x lg-x y md-y lg-y\" id=\"image_1944758550\">\n\t\t\t\t\t\t\t\t<div class=\"img-inner dark\" >\n\t\t\t<img loading=\"lazy\" decoding=\"async\" width=\"634\" height=\"179\" src=\"https:\/\/newyorkceiling.com\/wp-content\/uploads\/2021\/05\/c1.jpeg\" class=\"attachment-large size-large wvs-archive-product-image\" alt=\"\" srcset=\"https:\/\/newyorkceiling.com\/wp-content\/uploads\/2021\/05\/c1.jpeg 634w, https:\/\/newyorkceiling.com\/wp-content\/uploads\/2021\/05\/c1-510x144.jpeg 510w\" sizes=\"auto, (max-width: 634px) 100vw, 634px\" \/>\t\t\t\t\t\t\n\t\t\t\t\t<\/div>\n\t\t\t\t\t\t\t\t\n<style>\n#image_1944758550 {\n  width: 100%;\n}\n<\/style>\n\t<\/div>\n\t\n\n\n\t\t<\/div>\n\t\t\t\t\t<\/div>\n\n\t\n\n\t<div id=\"col-2144261440\" class=\"col medium-4 small-12 large-4\"  >\n\t\t\t\t<div class=\"col-inner\"  >\n\t\t\t\n\t\t\t\n\n<p>Lijst C2<\/p>\n\t<div class=\"img has-hover x md-x lg-x y md-y lg-y\" id=\"image_193006154\">\n\t\t\t\t\t\t\t\t<div class=\"img-inner dark\" >\n\t\t\t<img loading=\"lazy\" decoding=\"async\" width=\"634\" height=\"127\" src=\"https:\/\/newyorkceiling.com\/wp-content\/uploads\/2021\/05\/c2.jpeg\" class=\"attachment-large size-large wvs-archive-product-image\" alt=\"\" srcset=\"https:\/\/newyorkceiling.com\/wp-content\/uploads\/2021\/05\/c2.jpeg 634w, https:\/\/newyorkceiling.com\/wp-content\/uploads\/2021\/05\/c2-510x102.jpeg 510w\" sizes=\"auto, (max-width: 634px) 100vw, 634px\" \/>\t\t\t\t\t\t\n\t\t\t\t\t<\/div>\n\t\t\t\t\t\t\t\t\n<style>\n#image_193006154 {\n  width: 100%;\n}\n<\/style>\n\t<\/div>\n\t\n\n\n\t\t<\/div>\n\t\t\t\t\t<\/div>\n\n\t\n\n\t<div id=\"col-1789926309\" class=\"col medium-4 small-12 large-4\"  >\n\t\t\t\t<div class=\"col-inner\"  >\n\t\t\t\n\t\t\t\n\n<p>Lijst C3<\/p>\n\t<div class=\"img has-hover x md-x lg-x y md-y lg-y\" id=\"image_1501886432\">\n\t\t\t\t\t\t\t\t<div class=\"img-inner dark\" >\n\t\t\t<img loading=\"lazy\" decoding=\"async\" width=\"634\" height=\"102\" src=\"https:\/\/newyorkceiling.com\/wp-content\/uploads\/2021\/05\/c3.jpeg\" class=\"attachment-large size-large wvs-archive-product-image\" alt=\"\" srcset=\"https:\/\/newyorkceiling.com\/wp-content\/uploads\/2021\/05\/c3.jpeg 634w, https:\/\/newyorkceiling.com\/wp-content\/uploads\/2021\/05\/c3-510x82.jpeg 510w\" sizes=\"auto, (max-width: 634px) 100vw, 634px\" \/>\t\t\t\t\t\t\n\t\t\t\t\t<\/div>\n\t\t\t\t\t\t\t\t\n<style>\n#image_1501886432 {\n  width: 100%;\n}\n<\/style>\n\t<\/div>\n\t\n\n\n\t\t<\/div>\n\t\t\t\t\t<\/div>\n\n\t\n\n\t<div id=\"col-1397992924\" class=\"col medium-4 small-12 large-4\"  >\n\t\t\t\t<div class=\"col-inner\"  >\n\t\t\t\n\t\t\t\n\n<p>Lijst C4<\/p>\n\t<div class=\"img has-hover x md-x lg-x y md-y lg-y\" id=\"image_647523741\">\n\t\t\t\t\t\t\t\t<div class=\"img-inner dark\" >\n\t\t\t<img loading=\"lazy\" decoding=\"async\" width=\"634\" height=\"80\" src=\"https:\/\/newyorkceiling.com\/wp-content\/uploads\/2021\/05\/c4.jpeg\" class=\"attachment-large size-large wvs-archive-product-image\" alt=\"\" srcset=\"https:\/\/newyorkceiling.com\/wp-content\/uploads\/2021\/05\/c4.jpeg 634w, https:\/\/newyorkceiling.com\/wp-content\/uploads\/2021\/05\/c4-510x64.jpeg 510w\" sizes=\"auto, (max-width: 634px) 100vw, 634px\" \/>\t\t\t\t\t\t\n\t\t\t\t\t<\/div>\n\t\t\t\t\t\t\t\t\n<style>\n#image_647523741 {\n  width: 100%;\n}\n<\/style>\n\t<\/div>\n\t\n\n\n\t\t<\/div>\n\t\t\t\t\t<\/div>\n\n\t\n\n\t<div id=\"col-32386948\" class=\"col medium-4 small-12 large-4\"  >\n\t\t\t\t<div class=\"col-inner\"  >\n\t\t\t\n\t\t\t\n\n<p>Lijst C7<\/p>\n\t<div class=\"img has-hover x md-x lg-x y md-y lg-y\" id=\"image_2002374405\">\n\t\t\t\t\t\t\t\t<div class=\"img-inner dark\" >\n\t\t\t<img loading=\"lazy\" decoding=\"async\" width=\"634\" height=\"105\" src=\"https:\/\/newyorkceiling.com\/wp-content\/uploads\/2021\/05\/c7.jpeg\" class=\"attachment-large size-large wvs-archive-product-image\" alt=\"\" srcset=\"https:\/\/newyorkceiling.com\/wp-content\/uploads\/2021\/05\/c7.jpeg 634w, https:\/\/newyorkceiling.com\/wp-content\/uploads\/2021\/05\/c7-510x84.jpeg 510w\" sizes=\"auto, (max-width: 634px) 100vw, 634px\" \/>\t\t\t\t\t\t\n\t\t\t\t\t<\/div>\n\t\t\t\t\t\t\t\t\n<style>\n#image_2002374405 {\n  width: 100%;\n}\n<\/style>\n\t<\/div>\n\t\n\n\n\t\t<\/div>\n\t\t\t\t\t<\/div>\n\n\t\n\n\t<div id=\"col-1503967727\" class=\"col medium-4 small-12 large-4\"  >\n\t\t\t\t<div class=\"col-inner\"  >\n\t\t\t\n\t\t\t\n\n<p>Lijst C8<\/p>\n\t<div class=\"img has-hover x md-x lg-x y md-y lg-y\" id=\"image_283469113\">\n\t\t\t\t\t\t\t\t<div class=\"img-inner dark\" >\n\t\t\t<img loading=\"lazy\" decoding=\"async\" width=\"634\" height=\"117\" src=\"https:\/\/newyorkceiling.com\/wp-content\/uploads\/2021\/05\/c8.jpeg\" class=\"attachment-large size-large wvs-archive-product-image\" alt=\"\" srcset=\"https:\/\/newyorkceiling.com\/wp-content\/uploads\/2021\/05\/c8.jpeg 634w, https:\/\/newyorkceiling.com\/wp-content\/uploads\/2021\/05\/c8-510x94.jpeg 510w\" sizes=\"auto, (max-width: 634px) 100vw, 634px\" \/>\t\t\t\t\t\t\n\t\t\t\t\t<\/div>\n\t\t\t\t\t\t\t\t\n<style>\n#image_283469113 {\n  width: 100%;\n}\n<\/style>\n\t<\/div>\n\t\n\n\n\t\t<\/div>\n\t\t\t\t\t<\/div>\n\n\t\n\n\t<div id=\"col-308515952\" class=\"col medium-4 small-12 large-4\"  >\n\t\t\t\t<div class=\"col-inner\"  >\n\t\t\t\n\t\t\t\n\n<p>Lijst C9<\/p>\n\t<div class=\"img has-hover x md-x lg-x y md-y lg-y\" id=\"image_1017618777\">\n\t\t\t\t\t\t\t\t<div class=\"img-inner dark\" >\n\t\t\t<img loading=\"lazy\" decoding=\"async\" width=\"634\" height=\"103\" src=\"https:\/\/newyorkceiling.com\/wp-content\/uploads\/2021\/05\/c9.jpeg\" class=\"attachment-large size-large wvs-archive-product-image\" alt=\"\" srcset=\"https:\/\/newyorkceiling.com\/wp-content\/uploads\/2021\/05\/c9.jpeg 634w, https:\/\/newyorkceiling.com\/wp-content\/uploads\/2021\/05\/c9-510x83.jpeg 510w\" sizes=\"auto, (max-width: 634px) 100vw, 634px\" \/>\t\t\t\t\t\t\n\t\t\t\t\t<\/div>\n\t\t\t\t\t\t\t\t\n<style>\n#image_1017618777 {\n  width: 100%;\n}\n<\/style>\n\t<\/div>\n\t\n\n\n\t\t<\/div>\n\t\t\t\t\t<\/div>\n\n\t\n\n\t<div id=\"col-2004728757\" class=\"col medium-4 small-12 large-4\"  >\n\t\t\t\t<div class=\"col-inner\"  >\n\t\t\t\n\t\t\t\n\n<p>Lijst C10<\/p>\n\t<div class=\"img has-hover x md-x lg-x y md-y lg-y\" id=\"image_1509076656\">\n\t\t\t\t\t\t\t\t<div class=\"img-inner dark\" >\n\t\t\t<img loading=\"lazy\" decoding=\"async\" width=\"634\" height=\"76\" src=\"https:\/\/newyorkceiling.com\/wp-content\/uploads\/2021\/05\/c10.jpeg\" class=\"attachment-large size-large wvs-archive-product-image\" alt=\"\" srcset=\"https:\/\/newyorkceiling.com\/wp-content\/uploads\/2021\/05\/c10.jpeg 634w, https:\/\/newyorkceiling.com\/wp-content\/uploads\/2021\/05\/c10-510x61.jpeg 510w\" sizes=\"auto, (max-width: 634px) 100vw, 634px\" \/>\t\t\t\t\t\t\n\t\t\t\t\t<\/div>\n\t\t\t\t\t\t\t\t\n<style>\n#image_1509076656 {\n  width: 100%;\n}\n<\/style>\n\t<\/div>\n\t\n\n\n\t\t<\/div>\n\t\t\t\t\t<\/div>\n\n\t\n\n<\/div>\n\n\t\t<\/div>\n\n\t\t\n<style>\n#section_451682600 {\n  padding-top: 30px;\n  padding-bottom: 30px;\n  background-color: #fff;\n}\n<\/style>\n\t<\/section>\n\t\n\n\t<section class=\"section flatsome-features\" id=\"section_1203278068\">\n\t\t<div class=\"section-bg fill\" >\n\t\t\t\t\t\t\t\t\t\n\t\t\t\n\n\t\t<\/div>\n\n\t\t\n\n\t\t<div class=\"section-content relative\">\n\t\t\t\n\n<div class=\"row\"  id=\"row-873698838\">\n\n\n\t<div id=\"col-1512971138\" class=\"col small-12 large-12\"  >\n\t\t\t\t<div class=\"col-inner\"  >\n\t\t\t\n\t\t\t\n\n<h3>Abschluss f\u00fcr die Au\u00dfenecke<\/h3>\n\n\t\t<\/div>\n\t\t\t\t\t<\/div>\n\n\t\n\n<\/div>\n<div class=\"row row-dashed\"  id=\"row-286229901\">\n\n\n\t<div id=\"col-1806345993\" class=\"col medium-4 small-12 large-4\"  >\n\t\t\t\t<div class=\"col-inner\"  >\n\t\t\t\n\t\t\t\n\n<p>Lijst G1<\/p>\n\t<div class=\"img has-hover x md-x lg-x y md-y lg-y\" id=\"image_1829076465\">\n\t\t\t\t\t\t\t\t<div class=\"img-inner dark\" >\n\t\t\t<img loading=\"lazy\" decoding=\"async\" width=\"634\" height=\"105\" src=\"https:\/\/newyorkceiling.com\/wp-content\/uploads\/2021\/05\/g1.jpeg\" class=\"attachment-large size-large wvs-archive-product-image\" alt=\"\" srcset=\"https:\/\/newyorkceiling.com\/wp-content\/uploads\/2021\/05\/g1.jpeg 634w, https:\/\/newyorkceiling.com\/wp-content\/uploads\/2021\/05\/g1-510x84.jpeg 510w\" sizes=\"auto, (max-width: 634px) 100vw, 634px\" \/>\t\t\t\t\t\t\n\t\t\t\t\t<\/div>\n\t\t\t\t\t\t\t\t\n<style>\n#image_1829076465 {\n  width: 100%;\n}\n<\/style>\n\t<\/div>\n\t\n\n\n\t\t<\/div>\n\t\t\t\t\t<\/div>\n\n\t\n\n<\/div>\n\n\t\t<\/div>\n\n\t\t\n<style>\n#section_1203278068 {\n  padding-top: 30px;\n  padding-bottom: 30px;\n  background-color: #fff;\n}\n<\/style>\n\t<\/section>\n\t\n\n\t<section class=\"section flatsome-features\" id=\"section_1642173964\">\n\t\t<div class=\"section-bg fill\" >\n\t\t\t\t\t\t\t\t\t\n\t\t\t\n\n\t\t<\/div>\n\n\t\t\n\n\t\t<div class=\"section-content relative\">\n\t\t\t\n\n<div class=\"row\"  id=\"row-1019933478\">\n\n\n\t<div id=\"col-349090622\" class=\"col small-12 large-12\"  >\n\t\t\t\t<div class=\"col-inner\"  >\n\t\t\t\n\t\t\t\n\n<h3>Flache Leisten<\/h3>\n\n\t\t<\/div>\n\t\t\t\t\t<\/div>\n\n\t\n\n<\/div>\n<div class=\"row row-dashed\"  id=\"row-1238298231\">\n\n\n\t<div id=\"col-257274268\" class=\"col medium-4 small-12 large-4\"  >\n\t\t\t\t<div class=\"col-inner\"  >\n\t\t\t\n\t\t\t\n\n<p>Lijst M1<\/p>\n\t<div class=\"img has-hover x md-x lg-x y md-y lg-y\" id=\"image_1044638047\">\n\t\t\t\t\t\t\t\t<div class=\"img-inner dark\" >\n\t\t\t<img loading=\"lazy\" decoding=\"async\" width=\"634\" height=\"117\" src=\"https:\/\/newyorkceiling.com\/wp-content\/uploads\/2021\/05\/m1.jpeg\" class=\"attachment-large size-large wvs-archive-product-image\" alt=\"\" srcset=\"https:\/\/newyorkceiling.com\/wp-content\/uploads\/2021\/05\/m1.jpeg 634w, https:\/\/newyorkceiling.com\/wp-content\/uploads\/2021\/05\/m1-510x94.jpeg 510w\" sizes=\"auto, (max-width: 634px) 100vw, 634px\" \/>\t\t\t\t\t\t\n\t\t\t\t\t<\/div>\n\t\t\t\t\t\t\t\t\n<style>\n#image_1044638047 {\n  width: 100%;\n}\n<\/style>\n\t<\/div>\n\t\n\n\n\t\t<\/div>\n\t\t\t\t\t<\/div>\n\n\t\n\n\t<div id=\"col-1360780230\" class=\"col medium-4 small-12 large-4\"  >\n\t\t\t\t<div class=\"col-inner\"  >\n\t\t\t\n\t\t\t\n\n<p>Lijst M2<\/p>\n\t<div class=\"img has-hover x md-x lg-x y md-y lg-y\" id=\"image_395788194\">\n\t\t\t\t\t\t\t\t<div class=\"img-inner dark\" >\n\t\t\t<img loading=\"lazy\" decoding=\"async\" width=\"634\" height=\"103\" src=\"https:\/\/newyorkceiling.com\/wp-content\/uploads\/2021\/05\/m2.jpeg\" class=\"attachment-large size-large wvs-archive-product-image\" alt=\"\" srcset=\"https:\/\/newyorkceiling.com\/wp-content\/uploads\/2021\/05\/m2.jpeg 634w, https:\/\/newyorkceiling.com\/wp-content\/uploads\/2021\/05\/m2-510x83.jpeg 510w\" sizes=\"auto, (max-width: 634px) 100vw, 634px\" \/>\t\t\t\t\t\t\n\t\t\t\t\t<\/div>\n\t\t\t\t\t\t\t\t\n<style>\n#image_395788194 {\n  width: 100%;\n}\n<\/style>\n\t<\/div>\n\t\n\n\n\t\t<\/div>\n\t\t\t\t\t<\/div>\n\n\t\n\n\t<div id=\"col-2026223582\" class=\"col medium-4 small-12 large-4\"  >\n\t\t\t\t<div class=\"col-inner\"  >\n\t\t\t\n\t\t\t\n\n<p>Lijst M3<\/p>\n\t<div class=\"img has-hover x md-x lg-x y md-y lg-y\" id=\"image_519188367\">\n\t\t\t\t\t\t\t\t<div class=\"img-inner dark\" >\n\t\t\t<img loading=\"lazy\" decoding=\"async\" width=\"634\" height=\"76\" src=\"https:\/\/newyorkceiling.com\/wp-content\/uploads\/2021\/05\/m3.jpeg\" class=\"attachment-large size-large wvs-archive-product-image\" alt=\"\" srcset=\"https:\/\/newyorkceiling.com\/wp-content\/uploads\/2021\/05\/m3.jpeg 634w, https:\/\/newyorkceiling.com\/wp-content\/uploads\/2021\/05\/m3-510x61.jpeg 510w\" sizes=\"auto, (max-width: 634px) 100vw, 634px\" \/>\t\t\t\t\t\t\n\t\t\t\t\t<\/div>\n\t\t\t\t\t\t\t\t\n<style>\n#image_519188367 {\n  width: 100%;\n}\n<\/style>\n\t<\/div>\n\t\n\n\n\t\t<\/div>\n\t\t\t\t\t<\/div>\n\n\t\n\n<\/div>\n<div class=\"row\"  id=\"row-1900837106\">\n\n\n\t<div id=\"col-718697598\" class=\"col small-12 large-12\"  >\n\t\t\t\t<div class=\"col-inner\"  >\n\t\t\t\n\t\t\t\n\n<a href=\"https:\/\/newyorkceiling.com\/de\/produkt-zusammenstellen\/\" class=\"button primary\" >\n\t\t<span>Stellen Sie Ihr Produkt zusammen<\/span>\n\t<\/a>\n\n\n\n\t\t<\/div>\n\t\t\t\t\t<\/div>\n\n\t\n\n<\/div>\n\n\t\t<\/div>\n\n\t\t\n<style>\n#section_1642173964 {\n  padding-top: 30px;\n  padding-bottom: 30px;\n  background-color: #fff;\n}\n<\/style>\n\t<\/section>\n\t\n\n\n\t\t<\/div>\n\t\t\t\t\n<style>\n#col-346099857 > .col-inner {\n  padding: 30px 0px 0px 0px;\n}\n<\/style>\n\t<\/div>\n\n\t\n\n<\/div>\n\n\t\t<\/div>\n\n\t\t\n<style>\n#section_519918996 {\n  padding-top: 15px;\n  padding-bottom: 15px;\n}\n<\/style>\n\t<\/section>\n\t\n\n\t<section class=\"section dark has-parallax\" id=\"section_1518769750\">\n\t\t<div class=\"section-bg fill\" data-parallax-container=\".section\" data-parallax-background data-parallax=\"-3\">\n\t\t\t<img loading=\"lazy\" decoding=\"async\" width=\"1100\" height=\"733\" src=\"https:\/\/newyorkceiling.com\/wp-content\/uploads\/2021\/04\/ao22.jpg\" class=\"bg attachment- size- wvs-archive-product-image\" alt=\"\" \/>\t\t\t\t\t\t<div class=\"section-bg-overlay absolute fill\"><\/div>\n\t\t\t\n\n\t\t<\/div>\n\n\t\t\n\n\t\t<div class=\"section-content relative\">\n\t\t\t\n\n<div class=\"row row-collapse row-full-width align-center\"  id=\"row-1886512527\">\n\n\n\t<div id=\"col-1519442530\" class=\"col medium-8 small-12 large-8\"  >\n\t\t\t\t<div class=\"col-inner text-center\"  >\n\t\t\t\n\t\t\t\n\n<h2>Angebot anfordern<br \/>\n<\/h2>\n<p><span style=\"font-size: 150%;\">Bei gr\u00f6\u00dferen Abnahmemengen k\u00f6nnen Sie jederzeit ein Angebot anfordern.<br \/>\n<\/span><\/p>\n<a href=\"https:\/\/newyorkceiling.com\/de\/produkt-zusammenstellen\/\" class=\"button primary\" >\n\t\t<span>ANGEBOT ANFORDERN<\/span>\n\t<\/a>\n\n\n\n\t\t<\/div>\n\t\t\t\t\n<style>\n#col-1519442530 > .col-inner {\n  padding: 50px 0px 50px 0px;\n}\n<\/style>\n\t<\/div>\n\n\t\n\n<\/div>\n\n\t\t<\/div>\n\n\t\t\n<style>\n#section_1518769750 {\n  padding-top: 30px;\n  padding-bottom: 30px;\n  background-color: rgb(40, 40, 40);\n}\n#section_1518769750 .section-bg-overlay {\n  background-color: rgba(0, 0, 0, 0.65);\n}\n#section_1518769750 .section-bg img {\n  object-position: 39% 21%;\n}\n<\/style>\n\t<\/section>\n\t\n\n","protected":false},"excerpt":{"rendered":"","protected":false},"author":1,"featured_media":0,"parent":13143,"menu_order":0,"comment_status":"closed","ping_status":"closed","template":"page-blank.php","meta":{"footnotes":""},"class_list":["post-19925","page","type-page","status-publish","hentry"],"yoast_head":"<!-- This site is optimized with the Yoast SEO plugin v27.2 - https:\/\/yoast.com\/product\/yoast-seo-wordpress\/ -->\n<title>Zierleisten - New York Ceiling Co. - CW<\/title>\n<meta name=\"robots\" content=\"index, follow, max-snippet:-1, max-image-preview:large, max-video-preview:-1\" \/>\n<link rel=\"canonical\" href=\"https:\/\/newyorkceiling.com\/de\/ueber-das-produkt\/zierleisten\/\" \/>\n<meta property=\"og:locale\" content=\"de_DE\" \/>\n<meta property=\"og:type\" content=\"article\" \/>\n<meta property=\"og:title\" content=\"Zierleisten - New York Ceiling Co. - CW\" \/>\n<meta property=\"og:url\" content=\"https:\/\/newyorkceiling.com\/de\/ueber-das-produkt\/zierleisten\/\" \/>\n<meta property=\"og:site_name\" content=\"New York Ceiling Co. - CW\" \/>\n<meta property=\"article:modified_time\" content=\"2022-02-16T10:14:02+00:00\" \/>\n<meta name=\"twitter:card\" content=\"summary_large_image\" \/>\n<meta name=\"twitter:label1\" content=\"Gesch\u00e4tzte Lesezeit\" \/>\n\t<meta name=\"twitter:data1\" content=\"1\u00a0Minute\" \/>\n<script type=\"application\/ld+json\" class=\"yoast-schema-graph\">{\"@context\":\"https:\/\/schema.org\",\"@graph\":[{\"@type\":\"WebPage\",\"@id\":\"https:\/\/newyorkceiling.com\/de\/ueber-das-produkt\/zierleisten\/\",\"url\":\"https:\/\/newyorkceiling.com\/de\/ueber-das-produkt\/zierleisten\/\",\"name\":\"Zierleisten - New York Ceiling Co. - CW\",\"isPartOf\":{\"@id\":\"https:\/\/newyorkceiling.com\/de\/#website\"},\"datePublished\":\"2021-08-12T09:56:41+00:00\",\"dateModified\":\"2022-02-16T10:14:02+00:00\",\"breadcrumb\":{\"@id\":\"https:\/\/newyorkceiling.com\/de\/ueber-das-produkt\/zierleisten\/#breadcrumb\"},\"inLanguage\":\"de\",\"potentialAction\":[{\"@type\":\"ReadAction\",\"target\":[\"https:\/\/newyorkceiling.com\/de\/ueber-das-produkt\/zierleisten\/\"]}]},{\"@type\":\"BreadcrumbList\",\"@id\":\"https:\/\/newyorkceiling.com\/de\/ueber-das-produkt\/zierleisten\/#breadcrumb\",\"itemListElement\":[{\"@type\":\"ListItem\",\"position\":1,\"name\":\"Home\",\"item\":\"https:\/\/newyorkceiling.com\/de\/\"},{\"@type\":\"ListItem\",\"position\":2,\"name\":\"\u00dcber das Produkt\",\"item\":\"https:\/\/newyorkceiling.com\/de\/ueber-das-produkt\/\"},{\"@type\":\"ListItem\",\"position\":3,\"name\":\"Zierleisten\"}]},{\"@type\":\"WebSite\",\"@id\":\"https:\/\/newyorkceiling.com\/de\/#website\",\"url\":\"https:\/\/newyorkceiling.com\/de\/\",\"name\":\"New York Ceiling Co.\",\"description\":\"\",\"publisher\":{\"@id\":\"https:\/\/newyorkceiling.com\/de\/#organization\"},\"potentialAction\":[{\"@type\":\"SearchAction\",\"target\":{\"@type\":\"EntryPoint\",\"urlTemplate\":\"https:\/\/newyorkceiling.com\/de\/?s={search_term_string}\"},\"query-input\":{\"@type\":\"PropertyValueSpecification\",\"valueRequired\":true,\"valueName\":\"search_term_string\"}}],\"inLanguage\":\"de\"},{\"@type\":\"Organization\",\"@id\":\"https:\/\/newyorkceiling.com\/de\/#organization\",\"name\":\"New York Ceiling Co.\",\"url\":\"https:\/\/newyorkceiling.com\/de\/\",\"logo\":{\"@type\":\"ImageObject\",\"inLanguage\":\"de\",\"@id\":\"https:\/\/newyorkceiling.com\/de\/#\/schema\/logo\/image\/\",\"url\":\"https:\/\/woocommerce-977722-3423925.cloudwaysapps.com\/wp-content\/uploads\/2021\/04\/New-York-Ceiling-Logo.png\",\"contentUrl\":\"https:\/\/woocommerce-977722-3423925.cloudwaysapps.com\/wp-content\/uploads\/2021\/04\/New-York-Ceiling-Logo.png\",\"width\":220,\"height\":88,\"caption\":\"New York Ceiling Co.\"},\"image\":{\"@id\":\"https:\/\/newyorkceiling.com\/de\/#\/schema\/logo\/image\/\"}}]}<\/script>\n<!-- \/ Yoast SEO plugin. -->","yoast_head_json":{"title":"Zierleisten - New York Ceiling Co. - CW","robots":{"index":"index","follow":"follow","max-snippet":"max-snippet:-1","max-image-preview":"max-image-preview:large","max-video-preview":"max-video-preview:-1"},"canonical":"https:\/\/newyorkceiling.com\/de\/ueber-das-produkt\/zierleisten\/","og_locale":"de_DE","og_type":"article","og_title":"Zierleisten - New York Ceiling Co. - CW","og_url":"https:\/\/newyorkceiling.com\/de\/ueber-das-produkt\/zierleisten\/","og_site_name":"New York Ceiling Co. - CW","article_modified_time":"2022-02-16T10:14:02+00:00","twitter_card":"summary_large_image","twitter_misc":{"Gesch\u00e4tzte Lesezeit":"1\u00a0Minute"},"schema":{"@context":"https:\/\/schema.org","@graph":[{"@type":"WebPage","@id":"https:\/\/newyorkceiling.com\/de\/ueber-das-produkt\/zierleisten\/","url":"https:\/\/newyorkceiling.com\/de\/ueber-das-produkt\/zierleisten\/","name":"Zierleisten - New York Ceiling Co. - CW","isPartOf":{"@id":"https:\/\/newyorkceiling.com\/de\/#website"},"datePublished":"2021-08-12T09:56:41+00:00","dateModified":"2022-02-16T10:14:02+00:00","breadcrumb":{"@id":"https:\/\/newyorkceiling.com\/de\/ueber-das-produkt\/zierleisten\/#breadcrumb"},"inLanguage":"de","potentialAction":[{"@type":"ReadAction","target":["https:\/\/newyorkceiling.com\/de\/ueber-das-produkt\/zierleisten\/"]}]},{"@type":"BreadcrumbList","@id":"https:\/\/newyorkceiling.com\/de\/ueber-das-produkt\/zierleisten\/#breadcrumb","itemListElement":[{"@type":"ListItem","position":1,"name":"Home","item":"https:\/\/newyorkceiling.com\/de\/"},{"@type":"ListItem","position":2,"name":"\u00dcber das Produkt","item":"https:\/\/newyorkceiling.com\/de\/ueber-das-produkt\/"},{"@type":"ListItem","position":3,"name":"Zierleisten"}]},{"@type":"WebSite","@id":"https:\/\/newyorkceiling.com\/de\/#website","url":"https:\/\/newyorkceiling.com\/de\/","name":"New York Ceiling Co.","description":"","publisher":{"@id":"https:\/\/newyorkceiling.com\/de\/#organization"},"potentialAction":[{"@type":"SearchAction","target":{"@type":"EntryPoint","urlTemplate":"https:\/\/newyorkceiling.com\/de\/?s={search_term_string}"},"query-input":{"@type":"PropertyValueSpecification","valueRequired":true,"valueName":"search_term_string"}}],"inLanguage":"de"},{"@type":"Organization","@id":"https:\/\/newyorkceiling.com\/de\/#organization","name":"New York Ceiling Co.","url":"https:\/\/newyorkceiling.com\/de\/","logo":{"@type":"ImageObject","inLanguage":"de","@id":"https:\/\/newyorkceiling.com\/de\/#\/schema\/logo\/image\/","url":"https:\/\/woocommerce-977722-3423925.cloudwaysapps.com\/wp-content\/uploads\/2021\/04\/New-York-Ceiling-Logo.png","contentUrl":"https:\/\/woocommerce-977722-3423925.cloudwaysapps.com\/wp-content\/uploads\/2021\/04\/New-York-Ceiling-Logo.png","width":220,"height":88,"caption":"New York Ceiling Co."},"image":{"@id":"https:\/\/newyorkceiling.com\/de\/#\/schema\/logo\/image\/"}}]}},"_links":{"self":[{"href":"https:\/\/newyorkceiling.com\/de\/wp-json\/wp\/v2\/pages\/19925","targetHints":{"allow":["GET"]}}],"collection":[{"href":"https:\/\/newyorkceiling.com\/de\/wp-json\/wp\/v2\/pages"}],"about":[{"href":"https:\/\/newyorkceiling.com\/de\/wp-json\/wp\/v2\/types\/page"}],"author":[{"embeddable":true,"href":"https:\/\/newyorkceiling.com\/de\/wp-json\/wp\/v2\/users\/1"}],"replies":[{"embeddable":true,"href":"https:\/\/newyorkceiling.com\/de\/wp-json\/wp\/v2\/comments?post=19925"}],"version-history":[{"count":0,"href":"https:\/\/newyorkceiling.com\/de\/wp-json\/wp\/v2\/pages\/19925\/revisions"}],"up":[{"embeddable":true,"href":"https:\/\/newyorkceiling.com\/de\/wp-json\/wp\/v2\/pages\/13143"}],"wp:attachment":[{"href":"https:\/\/newyorkceiling.com\/de\/wp-json\/wp\/v2\/media?parent=19925"}],"curies":[{"name":"wp","href":"https:\/\/api.w.org\/{rel}","templated":true}]}}