{"id":20839,"date":"2022-01-14T12:00:22","date_gmt":"2022-01-14T11:00:22","guid":{"rendered":"https:\/\/newyorkceiling.eo3.echtonline.dev\/?page_id=20839"},"modified":"2022-02-16T11:12:54","modified_gmt":"2022-02-16T10:12:54","slug":"3d-wandpaneelen","status":"publish","type":"page","link":"https:\/\/newyorkceiling.com\/de\/3d-wandpaneelen\/","title":{"rendered":"3D Wandpaneelen"},"content":{"rendered":"\n\n  <div class=\"banner has-hover has-parallax\" id=\"banner-1601227808\">\n          <div class=\"banner-inner fill\">\n        <div class=\"banner-bg fill\" data-parallax=\"-5\" data-parallax-container=\".banner\" data-parallax-background>\n            <img loading=\"lazy\" decoding=\"async\" width=\"824\" height=\"550\" src=\"https:\/\/newyorkceiling.com\/wp-content\/uploads\/2021\/04\/buro-N11_akoestisch_copperpenny2.jpg\" class=\"bg attachment-large size-large wvs-archive-product-image\" alt=\"\" \/>                        <div class=\"overlay\"><\/div>            \n                    <\/div>\n\t\t\n        <div class=\"banner-layers container\">\n            <div class=\"fill banner-link\"><\/div>            \n\n   <div id=\"text-box-1929292364\" class=\"text-box banner-layer x50 md-x50 lg-x50 y50 md-y50 lg-y50 res-text\">\n                                <div class=\"text-box-content text \">\n              \n              <div class=\"text-inner text-center\">\n                  \n\n\t<div id=\"text-789982839\" class=\"text\">\n\t\t\n\n<h1><strong>3D Wandpaneelen<\/strong><\/h1>\n<p><span style=\"font-size: 130%;\"><strong>Wandgestaltung mit 3d Wandpaneele<\/strong><\/span><\/p>\n\t\t\n<style>\n#text-789982839 {\n  color: rgb(255, 255, 255);\n}\n#text-789982839 > * {\n  color: rgb(255, 255, 255);\n}\n<\/style>\n\t<\/div>\n\t\n<div class=\"is-divider divider clearfix\" style=\"max-width:67px;height:5px;\"><\/div>\n\n\n              <\/div>\n           <\/div>\n                            \n<style>\n#text-box-1929292364 {\n  width: 60%;\n}\n#text-box-1929292364 .text-box-content {\n  font-size: 100%;\n}\n<\/style>\n    <\/div>\n \n\n        <\/div>\n      <\/div>\n\n            \n<style>\n#banner-1601227808 {\n  padding-top: 305px;\n  background-color: rgb(255,255,255);\n}\n#banner-1601227808 .overlay {\n  background-color: rgba(0,0,0,.5);\n}\n#banner-1601227808 .banner-bg img {\n  object-position: 0% 56%;\n}\n<\/style>\n  <\/div>\n\n\n\n\t<section class=\"section\" id=\"section_1516026144\">\n\t\t<div class=\"section-bg fill\" >\n\t\t\t\t\t\t\t\t\t<div class=\"section-bg-overlay absolute fill\"><\/div>\n\t\t\t\n\n\t\t<\/div>\n\n\t\t\n\n\t\t<div class=\"section-content relative\">\n\t\t\t\n\n<div class=\"row align-center\"  id=\"row-1258365195\">\n\n\n\t<div id=\"col-1244236704\" class=\"col medium-5 small-12 large-5\"  >\n\t\t\t\t<div class=\"col-inner\"  >\n\t\t\t\n\t\t\t\n\n<p>Wenn man einen sch\u00f6nen 3D Effekt durch Wandpaneele zaubern m\u00f6chte kann man zu den sch\u00f6nen Kassetten Produkte greifen, die man bei New York Ceiling Co. findet.<\/p>\n<p>Es handelt sich bei den Produkten um Stahl 3D Paneele, die es in jeder Farbe gibt, die man sich w\u00fcnschen kann.<br \/>So kann man an seine W\u00e4nde und Decken wundersch\u00f6ne Dekoration zaubern und mit der besonderen Struktur des Produkt mit seiner 3D Oberfl\u00e4che etwas ganz Besonderes in sein Zuhause zaubern.<\/p>\n<p>Der Raum kann ver\u00e4ndert werden in seiner Wirkung, besonders wenn man noch eine Beleuchtung in den Paneelen zuf\u00fcgt, die eine besondere Optik zum Ausdruck bringt.<\/p>\n<a href=\"https:\/\/newyorkceiling.com\/de\/produkt-zusammenstellen\/\" class=\"button primary\" >\n\t\t<span>stellen sie ihr produkt zusammen<\/span>\n\t<\/a>\n\n\n\n\t\t<\/div>\n\t\t\t\t\t<\/div>\n\n\t\n\n\t<div id=\"col-1944161152\" class=\"col medium-4 small-12 large-4\"  >\n\t\t\t\t<div class=\"col-inner\"  >\n\t\t\t\n\t\t\t\n\n\t<div class=\"img has-hover x md-x lg-x y md-y lg-y\" id=\"image_1650636085\">\n\t\t\t\t\t\t\t\t<div class=\"img-inner dark\" >\n\t\t\t<img loading=\"lazy\" decoding=\"async\" width=\"283\" height=\"400\" src=\"https:\/\/newyorkceiling.com\/wp-content\/uploads\/2021\/11\/ao14-283x400.jpg\" class=\"attachment-medium size-medium wvs-archive-product-image\" alt=\"\" srcset=\"https:\/\/newyorkceiling.com\/wp-content\/uploads\/2021\/11\/ao14-283x400.jpg 283w, https:\/\/newyorkceiling.com\/wp-content\/uploads\/2021\/11\/ao14-567x800.jpg 567w, https:\/\/newyorkceiling.com\/wp-content\/uploads\/2021\/11\/ao14-510x720.jpg 510w, https:\/\/newyorkceiling.com\/wp-content\/uploads\/2021\/11\/ao14.jpg 700w\" sizes=\"auto, (max-width: 283px) 100vw, 283px\" \/>\t\t\t\t\t\t\n\t\t\t\t\t<\/div>\n\t\t\t\t\t\t\t\t\n<style>\n#image_1650636085 {\n  width: 100%;\n}\n<\/style>\n\t<\/div>\n\t\n\n\n\t\t<\/div>\n\t\t\t\t\t<\/div>\n\n\t\n\n<\/div>\n\n\t\t<\/div>\n\n\t\t\n<style>\n#section_1516026144 {\n  padding-top: 60px;\n  padding-bottom: 60px;\n  margin-bottom: 0px;\n  background-color: rgb(208, 208, 208);\n}\n#section_1516026144 .section-bg-overlay {\n  background-color: rgba(255, 255, 255, 0.85);\n}\n<\/style>\n\t<\/section>\n\t\n\n\t<section class=\"section\" id=\"section_48909592\">\n\t\t<div class=\"section-bg fill\" >\n\t\t\t\t\t\t\t\t\t\n\t\t\t\n\n\t\t<\/div>\n\n\t\t\n\n\t\t<div class=\"section-content relative\">\n\t\t\t\n\n<div class=\"row row-small align-middle align-center\"  id=\"row-1965989847\">\n\n\n\t<div id=\"col-958403972\" class=\"col medium-7 small-12 large-7\"  >\n\t\t\t\t<div class=\"col-inner text-left\"  >\n\t\t\t\n\t\t\t\n\n<h2>3D Effekt als etwas besonderes f\u00fcr 3D Paneele<\/h2>\n<p>Nat\u00fcrlich kann man auch in einen Baumarkt gehen und sich aus Polystyrol oder Gips 3D Wandpaneele in unterschiedlicher Gr\u00f6\u00dfe kaufen.<br \/>Man wird bei Polystyrol auch gute Deals finden.<\/p>\n<p>Die Verwendung von Polystyrol ist allerdings eingeschr\u00e4nkt und nicht so hochwertig. Es sind die besonderen Details der 3D Wandpaneele von New York Ceiling Co., die ein besonderes Dekor zaubern.<\/p>\n<p>Man kann dem Zimmer mehr Gr\u00f6\u00dfe geben oder auch eine besondere Gestaltung geben. W\u00e4nde und Decken erfahren durch den besonderen Stil der 3D Wandpaneele eine ganz andere Seite als wenn man Styropor verwendet.<\/p>\n<p>Eine Wand mit einfachen Tapeten oder etwas Farbe versehen geben den 3D Wandpaneelen den entsprechenden Hintergrund um zu scheinen.<\/p>\n<h2>Artikel f\u00fcr das Besondere Etwas<\/h2>\n<p>Wenn man auf der Suche nach einer besonderen Wandverkleidung ist und h\u00f6here Anforderungen hat als das, was man an Marken aus Gips oder Styropor in den Gesch\u00e4ften findet sollte man wirklich auf das <a href=\"https:\/\/newyorkceiling.com\/de\/ueber-das-produkt\/farben\/\">Material<\/a> Stahl setzen.<\/p>\n<p>Heimwerken mit 3D Wandpaneelen erfordern ein wenig Geschick. Man kann bei Youtube oder Seiten wie Facebook Suchergebnisse anzeigen lassen, wie die Produkte an den W\u00e4nden am besten zum Einsatz kommen. Die Wandpaneele von New York Ceiling Co. sind eigentlich einfach zu <a href=\"https:\/\/newyorkceiling.com\/de\/ueber-das-produkt\/montage\/\">montieren<\/a>!<\/p>\n<p>Der Stil in einem Zimmer kann zum Beispiel mit einer Wandverkleidung im unteren Bereich der Wand eine besonders edle Struktur geben. Die Oberfl\u00e4che wirkt sehr edel bei den 3D Paneele. <br \/>So kann man gro\u00dfen Einfluss auf die Wandgestaltung nehmen, ob es bei sich zu Hause oder im eigenen Laden ist.<\/p>\n<p>3D Wandpaneele in der unteren H\u00e4lfte der Wand angebracht strecken die Wand optisch. <br \/>Sie fungieren gleichzeitig als eine Art von Dekoration mit diesem besonderen Produkt im Wohn Bereich.<\/p>\n<p>Youtube gibt eine gro\u00dfe Auswahl an verschiedenen Ideen f\u00fcr die Gestaltung mit 3D Wandpaneele und geben Ideen, wie man sie mit anderen Produkten kombinieren kann. <br \/>Der Zusammenhang von Farbe und 3D Wandpaneele, unterschiedliche Kombination von <a href=\"https:\/\/newyorkceiling.com\/de\/ueber-das-produkt\/motive\/\">Material und eine Auswahl<\/a> von verschiedenen Stil Richtungen mit Beleuchtung und anderen Funktionen, die man vor Ort ausprobieren m\u00f6chte kann man alle finden.<\/p>\n<h2>3D Wandpaneele in unterschiedlicher Farbe<\/h2>\n<p>Wenn man sich f\u00fcr Wandgestaltung interessiert kann man bei den Produkten von New York Ceiling Co jede Farbe und Form der Wandpaneele finden. Klicken sie einfach bei einem der Wandpaneele auf die Farbe und lassen Sie sich die andere Optik der Paneele ansehen. Der Einsatz ist so vielseitig, ob man seinen Wohn Bereich oder seine gesch\u00e4ftlichen R\u00e4ume mit 3D Wandpaneele aufwerten m\u00f6chte.<\/p>\n<p>Man kann den W\u00e4nden auch eine sehr aufgeschlossene Optik verleihen, wenn man Paneele mit unterschiedlichem Stil nehmt und sie kombiniert.<\/p>\n<p>Die Paneele halten \u00fcbrigens auch auf Gips, so dass man keine besonderen Anforderungen an seine Wand hat. Gips ist einfach zu verarbeiten, h\u00e4lt sehr gut und trocknet schnell, so dass man sein ZuHause sehr schnell ver\u00e4ndern kann.<\/p>\n<h2>3D Wandpaneele im Trend<\/h2>\n<p>Gerade in den letzten Jahren haben 3D Paneele eine Renaissance erlebt. L\u00e4ngst hat man erkannt, dass es nicht nur in den alten Zeiten ein beliebter Stoff war, um seine Wandgestaltung zu machen.<br \/>Da in den letzten Jahren der Vintage und Industrial Stil sehr stark in Mode gekommen ist werden auch wieder vermehrt Wandpaneele verwendet. L\u00e4ngst ist man nicht mehr nur davon \u00fcberzeugt, dass eine Tapete und ein wenig Farbe den Raum ver\u00e4ndern k\u00f6nnen.<\/p>\n<p>Man m\u00f6chte nicht nur eine andere Optik in den Raum bringen sondern auch mehr Struktur. Au\u00dferdem bieten 3D Wandpaneele die M\u00f6glichkeit, dass eine Wand eine gewisse Ruhe erzeugt und die M\u00f6bel oder in einem Laden die Dekoration zum Verkauf in ein bestimmtes Licht r\u00fcckt.<\/p>\n<p>Industrial Stil hatte in der Vergangenheit f\u00fcr viele Kunden den Beigeschmack von k\u00fchl und sehr reduziert, was nicht der Fall ist. Der industrielle Stil kann sehr warm und einladend wirken, denn er arbeitet mit reduzierten Formen und Farben, damit andere Dekoelemente in den Vordergrund r\u00fccken k\u00f6nnen. So wird das Auge entspannt und man hat den Eindruck, in einem sehr warmen und willkommen hei\u00dfendem Ort zu sein.<\/p>\n<p>Aber auch wenn man es opulent und sehr pomp\u00f6s mag kann man genau dieses Ambiente mit 3D Wandpaneelen erzeugen. Ein Zimmer kann damit gr\u00f6\u00dfer oder kleiner gemacht werden, der Fokus auf einen bestimmten Bereich gerichtet werden, er kann heller oder dunkler werden. Man kann so viel mit den Paneelen in unterschiedlicher Farbe spielen, dass man aus seinem Wohnbereich einfach das Maximum herausholt.<\/p>\n<p>Oder man kann seine Gesch\u00e4ftsr\u00e4ume aufwerten mit dieser Art der Wandgestaltung. Letzten Endes kann man seine Kunden damit in die Stimmung bringen, in die man sie versetzen m\u00f6chte, um einen guten Gesch\u00e4ftsabschluss mit ihnen zu erzielen.<\/p>\n<p>Man sollte sich einfach ein wenig im Internet inspirieren lassen und sehen, was man mit 3D Wandpaneelen und Licht in einem Zimmer zaubern kann, um eine besondere Atmosph\u00e4re zu erzeugen. Es gibt auch auf der Webseite von New York Ceiling Co. viele Beispiele, die man bei sich umsetzen kann und etwas ganz Besonderes damit zaubert.<\/p>\n<h2>Wandpaneele direkt beim Hersteller kaufen<\/h2>\n<p>Wenn man sein Zuhause aufwerten m\u00f6chte anstatt einfach nur mit Tapeten zu arbeiten sollte man einfach den Webshop von New York Ceiling Co. besuchen.<\/p>\n<p>Man sollte auch keine Sorge haben, dass man viel Geld ausgeben wird, denn es gibt viele Angebote und man kann die 3D Wandpaneele per St\u00fcck kaufen.<\/p>\n<p>Wir bieten den Kunden viele <a href=\"https:\/\/newyorkceiling.com\/de\/projekten\/\">Ideen f\u00fcr die Wandgestaltung<\/a> mit 3D Wandpaneele.<br \/>Auch andere Kategorien zu unterschiedlichem Preis sind f\u00fcr Besucher verf\u00fcgbar.<\/p>\n<p>Geben Sie einfach in Ihrem Browser 3D Wandpaneele ein und sie werden sehen, wie viel Farbe bei Paneele verf\u00fcgbar ist.<\/p>\n<p>Sie k\u00f6nnen sich die Daten auch nach Relevanz sortieren lassen und schauen, wie sie ihre W\u00e4nde ganz besonders zum Ausdruck bringen. Schauen Sie nach der Seitennummerierung, Sie werden sehen, wie viele 3D Wandpaneele verf\u00fcgbar sind.<\/p>\n<h2>Besucher auf der Webseite jederzeit willkommen<\/h2>\n<p>Sie k\u00f6nnen au\u00dferdem viele 3D Wandpaneele als Kunden im Versand kaufen.<br \/>Suchen Sie sich einfach Ihr Lieblingsprodukt aus, geben Sie es in den Warenkorb und lassen Sie uns die Lieferung \u00fcbernehmen.<\/p>\n<p>Der Versand erfolgt inklusive mwst. Alle Rechte beim Kauf finden Sie auf der Webseite.<\/p>\n<p>Falls Sie Fragen haben k\u00f6nnen Sie uns auch gerne eine e Mail schreiben und alle Hilfe f\u00fcr die Wandverkleidung f\u00fcr Ihr Zuhause von unseren Fachleuten erhalten. geben Sie dem Partner einfach nur die Daten der Paneele, die Sie f\u00fcr sich suchen.<\/p>\n<p>Kunden, die sich anmelden erhalten auch regelm\u00e4\u00dfig einen Newsletter und k\u00f6nnen sich jederzeit bei Paneelen neu in Stil und Optik inspirieren lassen.<\/p>\n\n\t\t<\/div>\n\t\t\t\t\n<style>\n#col-958403972 > .col-inner {\n  padding: 30px 0px 0px 0px;\n}\n<\/style>\n\t<\/div>\n\n\t\n\n<\/div>\n\n\t\t<\/div>\n\n\t\t\n<style>\n#section_48909592 {\n  padding-top: 30px;\n  padding-bottom: 30px;\n}\n<\/style>\n\t<\/section>\n\t\n\n\t<section class=\"section dark has-parallax\" id=\"section_194936383\">\n\t\t<div class=\"section-bg fill\" data-parallax-container=\".section\" data-parallax-background data-parallax=\"-3\">\n\t\t\t<img loading=\"lazy\" decoding=\"async\" width=\"1100\" height=\"733\" src=\"https:\/\/newyorkceiling.com\/wp-content\/uploads\/2021\/04\/ao22.jpg\" class=\"bg attachment- size- wvs-archive-product-image\" alt=\"\" \/>\t\t\t\t\t\t<div class=\"section-bg-overlay absolute fill\"><\/div>\n\t\t\t\n\n\t\t<\/div>\n\n\t\t\n\n\t\t<div class=\"section-content relative\">\n\t\t\t\n\n<div class=\"row row-collapse row-full-width align-center\"  id=\"row-1051338400\">\n\n\n\t<div id=\"col-1034421076\" class=\"col medium-8 small-12 large-8\"  >\n\t\t\t\t<div class=\"col-inner text-center\"  >\n\t\t\t\n\t\t\t\n\n<h2>Angebot anfordern<br \/>\n<\/h2>\n<p><span style=\"font-size: 150%;\">Bei gr\u00f6\u00dferen Abnahmemengen k\u00f6nnen Sie jederzeit ein Angebot anfordern.<br \/>\n<\/span><\/p>\n<a href=\"https:\/\/newyorkceiling.com\/de\/produkt-zusammenstellen\/\" class=\"button primary\" >\n\t\t<span>ANGEBOT ANFORDERN<\/span>\n\t<\/a>\n\n\n\n\t\t<\/div>\n\t\t\t\t\n<style>\n#col-1034421076 > .col-inner {\n  padding: 50px 0px 50px 0px;\n}\n<\/style>\n\t<\/div>\n\n\t\n\n<\/div>\n\n\t\t<\/div>\n\n\t\t\n<style>\n#section_194936383 {\n  padding-top: 30px;\n  padding-bottom: 30px;\n  background-color: rgb(40, 40, 40);\n}\n#section_194936383 .section-bg-overlay {\n  background-color: rgba(0, 0, 0, 0.65);\n}\n#section_194936383 .section-bg img {\n  object-position: 39% 21%;\n}\n<\/style>\n\t<\/section>\n\t\n\n","protected":false},"excerpt":{"rendered":"","protected":false},"author":23,"featured_media":0,"parent":0,"menu_order":0,"comment_status":"closed","ping_status":"closed","template":"page-blank.php","meta":{"footnotes":""},"class_list":["post-20839","page","type-page","status-publish","hentry"],"yoast_head":"<!-- This site is optimized with the Yoast SEO plugin v27.5 - https:\/\/yoast.com\/product\/yoast-seo-wordpress\/ -->\n<title>3D Wandpaneelen | Sehen Sie sich unsere einzigartigen Produkte<\/title>\n<meta name=\"description\" content=\"3D Wandpaneelen: New York Ceiling bietet einzigartige Wand- und Deckenpaneele. F\u00fcr Zuhause und Gesch\u00e4ft. Alle Optionen anzeigen\" \/>\n<meta name=\"robots\" content=\"index, follow, max-snippet:-1, max-image-preview:large, max-video-preview:-1\" \/>\n<link rel=\"canonical\" href=\"https:\/\/newyorkceiling.com\/de\/3d-wandpaneelen\/\" \/>\n<meta property=\"og:locale\" content=\"de_DE\" \/>\n<meta property=\"og:type\" content=\"article\" \/>\n<meta property=\"og:title\" content=\"3D Wandpaneelen | Sehen Sie sich unsere einzigartigen Produkte\" \/>\n<meta property=\"og:description\" content=\"3D Wandpaneelen: New York Ceiling bietet einzigartige Wand- und Deckenpaneele. F\u00fcr Zuhause und Gesch\u00e4ft. Alle Optionen anzeigen\" \/>\n<meta property=\"og:url\" content=\"https:\/\/newyorkceiling.com\/de\/3d-wandpaneelen\/\" \/>\n<meta property=\"og:site_name\" content=\"New York Ceiling Co. - CW\" \/>\n<meta property=\"article:modified_time\" content=\"2022-02-16T10:12:54+00:00\" \/>\n<meta name=\"twitter:card\" content=\"summary_large_image\" \/>\n<meta name=\"twitter:label1\" content=\"Gesch\u00e4tzte Lesezeit\" \/>\n\t<meta name=\"twitter:data1\" content=\"7\u00a0Minuten\" \/>\n<script type=\"application\/ld+json\" class=\"yoast-schema-graph\">{\"@context\":\"https:\\\/\\\/schema.org\",\"@graph\":[{\"@type\":\"WebPage\",\"@id\":\"https:\\\/\\\/newyorkceiling.com\\\/de\\\/3d-wandpaneelen\\\/\",\"url\":\"https:\\\/\\\/newyorkceiling.com\\\/de\\\/3d-wandpaneelen\\\/\",\"name\":\"3D Wandpaneelen | Sehen Sie sich unsere einzigartigen Produkte\",\"isPartOf\":{\"@id\":\"https:\\\/\\\/newyorkceiling.com\\\/de\\\/#website\"},\"datePublished\":\"2022-01-14T11:00:22+00:00\",\"dateModified\":\"2022-02-16T10:12:54+00:00\",\"description\":\"3D Wandpaneelen: New York Ceiling bietet einzigartige Wand- und Deckenpaneele. F\u00fcr Zuhause und Gesch\u00e4ft. Alle Optionen anzeigen\",\"breadcrumb\":{\"@id\":\"https:\\\/\\\/newyorkceiling.com\\\/de\\\/3d-wandpaneelen\\\/#breadcrumb\"},\"inLanguage\":\"de\",\"potentialAction\":[{\"@type\":\"ReadAction\",\"target\":[\"https:\\\/\\\/newyorkceiling.com\\\/de\\\/3d-wandpaneelen\\\/\"]}]},{\"@type\":\"BreadcrumbList\",\"@id\":\"https:\\\/\\\/newyorkceiling.com\\\/de\\\/3d-wandpaneelen\\\/#breadcrumb\",\"itemListElement\":[{\"@type\":\"ListItem\",\"position\":1,\"name\":\"Home\",\"item\":\"https:\\\/\\\/newyorkceiling.com\\\/de\\\/\"},{\"@type\":\"ListItem\",\"position\":2,\"name\":\"3D Wandpaneelen\"}]},{\"@type\":\"WebSite\",\"@id\":\"https:\\\/\\\/newyorkceiling.com\\\/de\\\/#website\",\"url\":\"https:\\\/\\\/newyorkceiling.com\\\/de\\\/\",\"name\":\"New York Ceiling Co.\",\"description\":\"\",\"publisher\":{\"@id\":\"https:\\\/\\\/newyorkceiling.com\\\/de\\\/#organization\"},\"potentialAction\":[{\"@type\":\"SearchAction\",\"target\":{\"@type\":\"EntryPoint\",\"urlTemplate\":\"https:\\\/\\\/newyorkceiling.com\\\/de\\\/?s={search_term_string}\"},\"query-input\":{\"@type\":\"PropertyValueSpecification\",\"valueRequired\":true,\"valueName\":\"search_term_string\"}}],\"inLanguage\":\"de\"},{\"@type\":\"Organization\",\"@id\":\"https:\\\/\\\/newyorkceiling.com\\\/de\\\/#organization\",\"name\":\"New York Ceiling Co.\",\"url\":\"https:\\\/\\\/newyorkceiling.com\\\/de\\\/\",\"logo\":{\"@type\":\"ImageObject\",\"inLanguage\":\"de\",\"@id\":\"https:\\\/\\\/newyorkceiling.com\\\/de\\\/#\\\/schema\\\/logo\\\/image\\\/\",\"url\":\"https:\\\/\\\/woocommerce-977722-3423925.cloudwaysapps.com\\\/wp-content\\\/uploads\\\/2021\\\/04\\\/New-York-Ceiling-Logo.png\",\"contentUrl\":\"https:\\\/\\\/woocommerce-977722-3423925.cloudwaysapps.com\\\/wp-content\\\/uploads\\\/2021\\\/04\\\/New-York-Ceiling-Logo.png\",\"width\":220,\"height\":88,\"caption\":\"New York Ceiling Co.\"},\"image\":{\"@id\":\"https:\\\/\\\/newyorkceiling.com\\\/de\\\/#\\\/schema\\\/logo\\\/image\\\/\"}}]}<\/script>\n<!-- \/ Yoast SEO plugin. -->","yoast_head_json":{"title":"3D Wandpaneelen | Sehen Sie sich unsere einzigartigen Produkte","description":"3D Wandpaneelen: New York Ceiling bietet einzigartige Wand- und Deckenpaneele. F\u00fcr Zuhause und Gesch\u00e4ft. Alle Optionen anzeigen","robots":{"index":"index","follow":"follow","max-snippet":"max-snippet:-1","max-image-preview":"max-image-preview:large","max-video-preview":"max-video-preview:-1"},"canonical":"https:\/\/newyorkceiling.com\/de\/3d-wandpaneelen\/","og_locale":"de_DE","og_type":"article","og_title":"3D Wandpaneelen | Sehen Sie sich unsere einzigartigen Produkte","og_description":"3D Wandpaneelen: New York Ceiling bietet einzigartige Wand- und Deckenpaneele. F\u00fcr Zuhause und Gesch\u00e4ft. Alle Optionen anzeigen","og_url":"https:\/\/newyorkceiling.com\/de\/3d-wandpaneelen\/","og_site_name":"New York Ceiling Co. - CW","article_modified_time":"2022-02-16T10:12:54+00:00","twitter_card":"summary_large_image","twitter_misc":{"Gesch\u00e4tzte Lesezeit":"7\u00a0Minuten"},"schema":{"@context":"https:\/\/schema.org","@graph":[{"@type":"WebPage","@id":"https:\/\/newyorkceiling.com\/de\/3d-wandpaneelen\/","url":"https:\/\/newyorkceiling.com\/de\/3d-wandpaneelen\/","name":"3D Wandpaneelen | Sehen Sie sich unsere einzigartigen Produkte","isPartOf":{"@id":"https:\/\/newyorkceiling.com\/de\/#website"},"datePublished":"2022-01-14T11:00:22+00:00","dateModified":"2022-02-16T10:12:54+00:00","description":"3D Wandpaneelen: New York Ceiling bietet einzigartige Wand- und Deckenpaneele. F\u00fcr Zuhause und Gesch\u00e4ft. Alle Optionen anzeigen","breadcrumb":{"@id":"https:\/\/newyorkceiling.com\/de\/3d-wandpaneelen\/#breadcrumb"},"inLanguage":"de","potentialAction":[{"@type":"ReadAction","target":["https:\/\/newyorkceiling.com\/de\/3d-wandpaneelen\/"]}]},{"@type":"BreadcrumbList","@id":"https:\/\/newyorkceiling.com\/de\/3d-wandpaneelen\/#breadcrumb","itemListElement":[{"@type":"ListItem","position":1,"name":"Home","item":"https:\/\/newyorkceiling.com\/de\/"},{"@type":"ListItem","position":2,"name":"3D Wandpaneelen"}]},{"@type":"WebSite","@id":"https:\/\/newyorkceiling.com\/de\/#website","url":"https:\/\/newyorkceiling.com\/de\/","name":"New York Ceiling Co.","description":"","publisher":{"@id":"https:\/\/newyorkceiling.com\/de\/#organization"},"potentialAction":[{"@type":"SearchAction","target":{"@type":"EntryPoint","urlTemplate":"https:\/\/newyorkceiling.com\/de\/?s={search_term_string}"},"query-input":{"@type":"PropertyValueSpecification","valueRequired":true,"valueName":"search_term_string"}}],"inLanguage":"de"},{"@type":"Organization","@id":"https:\/\/newyorkceiling.com\/de\/#organization","name":"New York Ceiling Co.","url":"https:\/\/newyorkceiling.com\/de\/","logo":{"@type":"ImageObject","inLanguage":"de","@id":"https:\/\/newyorkceiling.com\/de\/#\/schema\/logo\/image\/","url":"https:\/\/woocommerce-977722-3423925.cloudwaysapps.com\/wp-content\/uploads\/2021\/04\/New-York-Ceiling-Logo.png","contentUrl":"https:\/\/woocommerce-977722-3423925.cloudwaysapps.com\/wp-content\/uploads\/2021\/04\/New-York-Ceiling-Logo.png","width":220,"height":88,"caption":"New York Ceiling Co."},"image":{"@id":"https:\/\/newyorkceiling.com\/de\/#\/schema\/logo\/image\/"}}]}},"_links":{"self":[{"href":"https:\/\/newyorkceiling.com\/de\/wp-json\/wp\/v2\/pages\/20839","targetHints":{"allow":["GET"]}}],"collection":[{"href":"https:\/\/newyorkceiling.com\/de\/wp-json\/wp\/v2\/pages"}],"about":[{"href":"https:\/\/newyorkceiling.com\/de\/wp-json\/wp\/v2\/types\/page"}],"author":[{"embeddable":true,"href":"https:\/\/newyorkceiling.com\/de\/wp-json\/wp\/v2\/users\/23"}],"replies":[{"embeddable":true,"href":"https:\/\/newyorkceiling.com\/de\/wp-json\/wp\/v2\/comments?post=20839"}],"version-history":[{"count":0,"href":"https:\/\/newyorkceiling.com\/de\/wp-json\/wp\/v2\/pages\/20839\/revisions"}],"wp:attachment":[{"href":"https:\/\/newyorkceiling.com\/de\/wp-json\/wp\/v2\/media?parent=20839"}],"curies":[{"name":"wp","href":"https:\/\/api.w.org\/{rel}","templated":true}]}}