{"id":21207,"date":"2022-03-02T10:05:23","date_gmt":"2022-03-02T09:05:23","guid":{"rendered":"https:\/\/newyorkceiling.eo3.echtonline.dev\/?page_id=21207"},"modified":"2022-03-04T18:35:56","modified_gmt":"2022-03-04T17:35:56","slug":"auf-lager","status":"publish","type":"page","link":"https:\/\/newyorkceiling.com\/de\/auf-lager\/","title":{"rendered":"Auf Lager"},"content":{"rendered":"\n\n\t<section class=\"section\" id=\"section_1158659561\">\n\t\t<div class=\"section-bg fill\" >\n\t\t\t\t\t\t\t\t\t<div class=\"section-bg-overlay absolute fill\"><\/div>\n\t\t\t\n\n\t\t<\/div>\n\n\t\t\n\n\t\t<div class=\"section-content relative\">\n\t\t\t\n\n\n  <div class=\"banner has-hover has-parallax\" id=\"banner-527948336\">\n          <div class=\"banner-inner fill\">\n        <div class=\"banner-bg fill\" data-parallax=\"-5\" data-parallax-container=\".banner\" data-parallax-background>\n            <img loading=\"lazy\" decoding=\"async\" width=\"1020\" height=\"764\" src=\"https:\/\/newyorkceiling.com\/wp-content\/uploads\/2022\/02\/boquerian-aland-gold-patina-1068x800.jpg\" class=\"bg attachment-large size-large wvs-archive-product-image\" alt=\"Metalen wandpanelen met vintage look.\" \/>                        <div class=\"overlay\"><\/div>            \n                    <\/div>\n\t\t\n        <div class=\"banner-layers container\">\n            <div class=\"fill banner-link\"><\/div>            \n\n   <div id=\"text-box-337734524\" class=\"text-box banner-layer x50 md-x50 lg-x50 y50 md-y50 lg-y50 res-text\">\n                                <div class=\"text-box-content text \">\n              \n              <div class=\"text-inner text-center\">\n                  \n\n\t<div id=\"text-3131474927\" class=\"text\">\n\t\t\n\n<h1><strong>Auf Lager<\/strong><\/h1>\n<p><span style=\"font-size: 130%;\"><strong>F\u00fcr eine schnelle Lieferung<\/strong><\/span><\/p>\nIst die Lieferzeit zu lang? W\u00e4hlen Sie dann einen der unten genannten Lagerartikel aus. Fragen Sie uns, ob die gew\u00fcnschte Anzahl von Platten vorr\u00e4tig ist.\n\t\t\n<style>\n#text-3131474927 {\n  color: rgb(255, 255, 255);\n}\n#text-3131474927 > * {\n  color: rgb(255, 255, 255);\n}\n<\/style>\n\t<\/div>\n\t\n\n              <\/div>\n           <\/div>\n                            \n<style>\n#text-box-337734524 {\n  width: 60%;\n}\n#text-box-337734524 .text-box-content {\n  font-size: 100%;\n}\n<\/style>\n    <\/div>\n \n\n        <\/div>\n      <\/div>\n\n            \n<style>\n#banner-527948336 {\n  padding-top: 400px;\n  background-color: rgb(255,255,255);\n}\n#banner-527948336 .overlay {\n  background-color: rgba(0, 0, 0, 0.65);\n}\n#banner-527948336 .banner-bg img {\n  object-position: 42% 63%;\n}\n<\/style>\n  <\/div>\n\n\n\n\t\t<\/div>\n\n\t\t\n<style>\n#section_1158659561 {\n  padding-top: 0px;\n  padding-bottom: 0px;\n  margin-bottom: 0px;\n  background-color: rgb(208, 208, 208);\n}\n#section_1158659561 .section-bg-overlay {\n  background-color: rgba(255, 255, 255, 0.85);\n}\n<\/style>\n\t<\/section>\n\t\n\n\t<section class=\"section\" id=\"section_516656341\">\n\t\t<div class=\"section-bg fill\" >\n\t\t\t\t\t\t\t\t\t\n\t\t\t\n\n\t\t<\/div>\n\n\t\t\n\n\t\t<div class=\"section-content relative\">\n\t\t\t\n\n<div class=\"row row-small align-middle align-center\"  id=\"row-1160541982\">\n\n\n\t<div id=\"col-140695771\" class=\"col small-12 large-12\"  >\n\t\t\t\t<div class=\"col-inner text-left\"  >\n\t\t\t\n\t\t\t\n\n<div class=\"row\"  id=\"row-2032613336\">\n\n\n\t<div id=\"col-391739302\" class=\"col medium-4 small-12 large-3\"  >\n\t\t\t\t<div class=\"col-inner\"  >\n\t\t\t\n\t\t\t\n\n\t<div class=\"box has-hover   has-hover box-shadow-1-hover box-push box-text-bottom\" >\n\n\t\t<div class=\"box-image\" >\n\t\t\t<a href=\"https:\/\/newyorkceiling.com\/de\/product\/new-york-the-original-raw-steel\/?attribute_pa_kies-patroon=_402\" >\t\t\t<div class=\"\" >\n\t\t\t\t<img loading=\"lazy\" decoding=\"async\" width=\"750\" height=\"750\" src=\"https:\/\/newyorkceiling.com\/wp-content\/uploads\/2021\/07\/2-raw.jpeg\" class=\"attachment- size- wvs-archive-product-image\" alt=\"\" srcset=\"https:\/\/newyorkceiling.com\/wp-content\/uploads\/2021\/07\/2-raw.jpeg 750w, https:\/\/newyorkceiling.com\/wp-content\/uploads\/2021\/07\/2-raw-247x247.jpeg 247w, https:\/\/newyorkceiling.com\/wp-content\/uploads\/2021\/07\/2-raw-100x100.jpeg 100w, https:\/\/newyorkceiling.com\/wp-content\/uploads\/2021\/07\/2-raw-510x510.jpeg 510w, https:\/\/newyorkceiling.com\/wp-content\/uploads\/2021\/07\/2-raw-400x400.jpeg 400w, https:\/\/newyorkceiling.com\/wp-content\/uploads\/2021\/07\/2-raw-280x280.jpeg 280w\" sizes=\"auto, (max-width: 750px) 100vw, 750px\" \/>\t\t\t\t\t\t\t\t\t\t\t<\/div>\n\t\t\t<\/a>\t\t<\/div>\n\n\t\t<div class=\"box-text text-center\" >\n\t\t\t<div class=\"box-text-inner\">\n\t\t\t\t\n\n\t<div id=\"text-1997874731\" class=\"text\">\n\t\t\n\n<h4>New York The Original &#8211; raw steel<\/h4>\n<p>Motif #402 &#8211; nail-up<\/p>\n\t\t\n<style>\n#text-1997874731 {\n  text-align: left;\n}\n<\/style>\n\t<\/div>\n\t\n\n\t\t\t<\/div>\n\t\t<\/div>\n\t<\/div>\n\t\n\n\t\t<\/div>\n\t\t\t\t\t<\/div>\n\n\t\n\n\t<div id=\"col-1402871004\" class=\"col medium-4 small-12 large-3\"  >\n\t\t\t\t<div class=\"col-inner\"  >\n\t\t\t\n\t\t\t\n\n\t<div class=\"box has-hover   has-hover box-shadow-1-hover box-push box-text-bottom\" >\n\n\t\t<div class=\"box-image\" >\n\t\t\t<a href=\"https:\/\/newyorkceiling.com\/de\/product\/new-york-the-original-raw-steel\/?attribute_pa_kies-patroon=_636\" >\t\t\t<div class=\"\" >\n\t\t\t\t<img loading=\"lazy\" decoding=\"async\" width=\"750\" height=\"750\" src=\"https:\/\/newyorkceiling.com\/wp-content\/uploads\/2021\/07\/36-raw.jpeg\" class=\"attachment- size- wvs-archive-product-image\" alt=\"\" srcset=\"https:\/\/newyorkceiling.com\/wp-content\/uploads\/2021\/07\/36-raw.jpeg 750w, https:\/\/newyorkceiling.com\/wp-content\/uploads\/2021\/07\/36-raw-247x247.jpeg 247w, https:\/\/newyorkceiling.com\/wp-content\/uploads\/2021\/07\/36-raw-100x100.jpeg 100w, https:\/\/newyorkceiling.com\/wp-content\/uploads\/2021\/07\/36-raw-510x510.jpeg 510w, https:\/\/newyorkceiling.com\/wp-content\/uploads\/2021\/07\/36-raw-400x400.jpeg 400w, https:\/\/newyorkceiling.com\/wp-content\/uploads\/2021\/07\/36-raw-280x280.jpeg 280w\" sizes=\"auto, (max-width: 750px) 100vw, 750px\" \/>\t\t\t\t\t\t\t\t\t\t\t<\/div>\n\t\t\t<\/a>\t\t<\/div>\n\n\t\t<div class=\"box-text text-center\" >\n\t\t\t<div class=\"box-text-inner\">\n\t\t\t\t\n\n\t<div id=\"text-1195691190\" class=\"text\">\n\t\t\n\n<h4>New York The Original &#8211; raw steel<\/h4>\n<p>Motif #636 &#8211; nail-up<\/p>\n\t\t\n<style>\n#text-1195691190 {\n  text-align: left;\n}\n<\/style>\n\t<\/div>\n\t\n\n\t\t\t<\/div>\n\t\t<\/div>\n\t<\/div>\n\t\n\n\t\t<\/div>\n\t\t\t\t\t<\/div>\n\n\t\n\n\t<div id=\"col-927659158\" class=\"col medium-4 small-12 large-3\"  >\n\t\t\t\t<div class=\"col-inner\"  >\n\t\t\t\n\t\t\t\n\n\t<div class=\"box has-hover   has-hover box-shadow-1-hover box-push box-text-bottom\" >\n\n\t\t<div class=\"box-image\" >\n\t\t\t<a href=\"https:\/\/newyorkceiling.com\/de\/product\/new-jersey-silk-white\/?attribute_pa_kies-patroon=_115\" >\t\t\t<div class=\"\" >\n\t\t\t\t<img loading=\"lazy\" decoding=\"async\" width=\"750\" height=\"750\" src=\"https:\/\/newyorkceiling.com\/wp-content\/uploads\/2021\/07\/15-wbs.jpeg\" class=\"attachment- size- wvs-archive-product-image\" alt=\"\" srcset=\"https:\/\/newyorkceiling.com\/wp-content\/uploads\/2021\/07\/15-wbs.jpeg 750w, https:\/\/newyorkceiling.com\/wp-content\/uploads\/2021\/07\/15-wbs-247x247.jpeg 247w, https:\/\/newyorkceiling.com\/wp-content\/uploads\/2021\/07\/15-wbs-100x100.jpeg 100w, https:\/\/newyorkceiling.com\/wp-content\/uploads\/2021\/07\/15-wbs-510x510.jpeg 510w, https:\/\/newyorkceiling.com\/wp-content\/uploads\/2021\/07\/15-wbs-400x400.jpeg 400w, https:\/\/newyorkceiling.com\/wp-content\/uploads\/2021\/07\/15-wbs-280x280.jpeg 280w\" sizes=\"auto, (max-width: 750px) 100vw, 750px\" \/>\t\t\t\t\t\t\t\t\t\t\t<\/div>\n\t\t\t<\/a>\t\t<\/div>\n\n\t\t<div class=\"box-text text-center\" >\n\t\t\t<div class=\"box-text-inner\">\n\t\t\t\t\n\n\t<div id=\"text-2816939241\" class=\"text\">\n\t\t\n\n<h4>New Jersey &#8211; silk white<\/h4>\n<p>Motif #115 &#8211; nail-up<\/p>\n\t\t\n<style>\n#text-2816939241 {\n  text-align: left;\n}\n<\/style>\n\t<\/div>\n\t\n\n\t\t\t<\/div>\n\t\t<\/div>\n\t<\/div>\n\t\n\n\t\t<\/div>\n\t\t\t\t\t<\/div>\n\n\t\n\n\t<div id=\"col-1141953609\" class=\"col medium-4 small-12 large-3\"  >\n\t\t\t\t<div class=\"col-inner\"  >\n\t\t\t\n\t\t\t\n\n\t<div class=\"box has-hover   has-hover box-shadow-1-hover box-push box-text-bottom\" >\n\n\t\t<div class=\"box-image\" >\n\t\t\t<a href=\"https:\/\/newyorkceiling.com\/de\/product\/queens-matt-black\/?attribute_pa_kies-patroon=_401\" >\t\t\t<div class=\"\" >\n\t\t\t\t<img loading=\"lazy\" decoding=\"async\" width=\"750\" height=\"750\" src=\"https:\/\/newyorkceiling.com\/wp-content\/uploads\/2022\/02\/1-bmt.jpeg\" class=\"attachment- size- wvs-archive-product-image\" alt=\"\" srcset=\"https:\/\/newyorkceiling.com\/wp-content\/uploads\/2022\/02\/1-bmt.jpeg 750w, https:\/\/newyorkceiling.com\/wp-content\/uploads\/2022\/02\/1-bmt-400x400.jpeg 400w, https:\/\/newyorkceiling.com\/wp-content\/uploads\/2022\/02\/1-bmt-280x280.jpeg 280w, https:\/\/newyorkceiling.com\/wp-content\/uploads\/2022\/02\/1-bmt-247x247.jpeg 247w, https:\/\/newyorkceiling.com\/wp-content\/uploads\/2022\/02\/1-bmt-510x510.jpeg 510w, https:\/\/newyorkceiling.com\/wp-content\/uploads\/2022\/02\/1-bmt-100x100.jpeg 100w\" sizes=\"auto, (max-width: 750px) 100vw, 750px\" \/>\t\t\t\t\t\t\t\t\t\t\t<\/div>\n\t\t\t<\/a>\t\t<\/div>\n\n\t\t<div class=\"box-text text-center\" >\n\t\t\t<div class=\"box-text-inner\">\n\t\t\t\t\n\n\t<div id=\"text-1950251976\" class=\"text\">\n\t\t\n\n<h4>Queens &#8211; matt black<\/h4>\n<p>Motif #401 &#8211; nail-up<\/p>\n\t\t\n<style>\n#text-1950251976 {\n  text-align: left;\n}\n<\/style>\n\t<\/div>\n\t\n\n\t\t\t<\/div>\n\t\t<\/div>\n\t<\/div>\n\t\n\n\t\t<\/div>\n\t\t\t\t\t<\/div>\n\n\t\n\n\t<div id=\"col-1641171258\" class=\"col medium-4 small-12 large-3\"  >\n\t\t\t\t<div class=\"col-inner\"  >\n\t\t\t\n\t\t\t\n\n\t<div class=\"box has-hover   has-hover box-shadow-1-hover box-push box-text-bottom\" >\n\n\t\t<div class=\"box-image\" >\n\t\t\t<a href=\"https:\/\/newyorkceiling.com\/de\/product\/brooklyn-classy-copper\/?attribute_pa_kies-patroon=_631\" >\t\t\t<div class=\"\" >\n\t\t\t\t<img loading=\"lazy\" decoding=\"async\" width=\"750\" height=\"750\" src=\"https:\/\/newyorkceiling.com\/wp-content\/uploads\/2022\/02\/31-crt.jpeg\" class=\"attachment- size- wvs-archive-product-image\" alt=\"Koperen tegel voor wand of plafond\" srcset=\"https:\/\/newyorkceiling.com\/wp-content\/uploads\/2022\/02\/31-crt.jpeg 750w, https:\/\/newyorkceiling.com\/wp-content\/uploads\/2022\/02\/31-crt-400x400.jpeg 400w, https:\/\/newyorkceiling.com\/wp-content\/uploads\/2022\/02\/31-crt-280x280.jpeg 280w, https:\/\/newyorkceiling.com\/wp-content\/uploads\/2022\/02\/31-crt-247x247.jpeg 247w, https:\/\/newyorkceiling.com\/wp-content\/uploads\/2022\/02\/31-crt-510x510.jpeg 510w, https:\/\/newyorkceiling.com\/wp-content\/uploads\/2022\/02\/31-crt-100x100.jpeg 100w\" sizes=\"auto, (max-width: 750px) 100vw, 750px\" \/>\t\t\t\t\t\t\t\t\t\t\t<\/div>\n\t\t\t<\/a>\t\t<\/div>\n\n\t\t<div class=\"box-text text-center\" >\n\t\t\t<div class=\"box-text-inner\">\n\t\t\t\t\n\n\t<div id=\"text-3405024644\" class=\"text\">\n\t\t\n\n<h4>Brooklyn &#8211; classy copper<\/h4>\n<p>Motif #631 &#8211; nail-up<\/p>\n\t\t\n<style>\n#text-3405024644 {\n  text-align: left;\n}\n<\/style>\n\t<\/div>\n\t\n\n\t\t\t<\/div>\n\t\t<\/div>\n\t<\/div>\n\t\n\n\t\t<\/div>\n\t\t\t\t\t<\/div>\n\n\t\n\n\t<div id=\"col-707799624\" class=\"col medium-4 small-12 large-3\"  >\n\t\t\t\t<div class=\"col-inner\"  >\n\t\t\t\n\t\t\t\n\n\t<div class=\"box has-hover   has-hover box-shadow-1-hover box-push box-text-bottom\" >\n\n\t\t<div class=\"box-image\" >\n\t\t\t<a href=\"https:\/\/newyorkceiling.com\/de\/product\/grand-canyon-vintage-gold\/?attribute_pa_kies-patroon=_126\" >\t\t\t<div class=\"\" >\n\t\t\t\t<img loading=\"lazy\" decoding=\"async\" width=\"750\" height=\"750\" src=\"https:\/\/newyorkceiling.com\/wp-content\/uploads\/2021\/06\/26-gpp.jpeg\" class=\"attachment- size- wvs-archive-product-image\" alt=\"\" srcset=\"https:\/\/newyorkceiling.com\/wp-content\/uploads\/2021\/06\/26-gpp.jpeg 750w, https:\/\/newyorkceiling.com\/wp-content\/uploads\/2021\/06\/26-gpp-247x247.jpeg 247w, https:\/\/newyorkceiling.com\/wp-content\/uploads\/2021\/06\/26-gpp-100x100.jpeg 100w, https:\/\/newyorkceiling.com\/wp-content\/uploads\/2021\/06\/26-gpp-510x510.jpeg 510w, https:\/\/newyorkceiling.com\/wp-content\/uploads\/2021\/06\/26-gpp-400x400.jpeg 400w, https:\/\/newyorkceiling.com\/wp-content\/uploads\/2021\/06\/26-gpp-280x280.jpeg 280w\" sizes=\"auto, (max-width: 750px) 100vw, 750px\" \/>\t\t\t\t\t\t\t\t\t\t\t<\/div>\n\t\t\t<\/a>\t\t<\/div>\n\n\t\t<div class=\"box-text text-center\" >\n\t\t\t<div class=\"box-text-inner\">\n\t\t\t\t\n\n\t<div id=\"text-3381549685\" class=\"text\">\n\t\t\n\n<h4>Grand Canyon &#8211; vintage gold<\/h4>\n<p>Motif #126 &#8211; nail-up<\/p>\n\t\t\n<style>\n#text-3381549685 {\n  text-align: left;\n}\n<\/style>\n\t<\/div>\n\t\n\n\t\t\t<\/div>\n\t\t<\/div>\n\t<\/div>\n\t\n\n\t\t<\/div>\n\t\t\t\t\t<\/div>\n\n\t\n\n<\/div>\n\n\t\t<\/div>\n\t\t\t\t\n<style>\n#col-140695771 > .col-inner {\n  padding: 30px 0px 0px 0px;\n}\n<\/style>\n\t<\/div>\n\n\t\n\n<\/div>\n\n\t\t<\/div>\n\n\t\t\n<style>\n#section_516656341 {\n  padding-top: 15px;\n  padding-bottom: 15px;\n}\n<\/style>\n\t<\/section>\n\t\n\n\t<section class=\"section dark has-parallax\" id=\"section_1223135297\">\n\t\t<div class=\"section-bg fill\" data-parallax-container=\".section\" data-parallax-background data-parallax=\"-3\">\n\t\t\t<img loading=\"lazy\" decoding=\"async\" width=\"1100\" height=\"733\" src=\"https:\/\/newyorkceiling.com\/wp-content\/uploads\/2021\/04\/ao22.jpg\" class=\"bg attachment- size- wvs-archive-product-image\" alt=\"\" \/>\t\t\t\t\t\t<div class=\"section-bg-overlay absolute fill\"><\/div>\n\t\t\t\n\n\t\t<\/div>\n\n\t\t\n\n\t\t<div class=\"section-content relative\">\n\t\t\t\n\n<div class=\"row row-collapse row-full-width align-center\"  id=\"row-165764456\">\n\n\n\t<div id=\"col-1493913612\" class=\"col medium-8 small-12 large-8\"  >\n\t\t\t\t<div class=\"col-inner text-center\"  >\n\t\t\t\n\t\t\t\n\n<h2><strong>Angebot anfordern<\/strong><\/h2>\n<p><span style=\"font-size: 150%;\">Bei gr\u00f6\u00dferen Abnahmemengen k\u00f6nnen Sie jederzeit ein Angebot anfordern.<\/span><\/p>\n<a href=\"https:\/\/newyorkceiling.com\/de\/produkt-zusammenstellen\/\" class=\"button primary\" >\n\t\t<span>Angebot anfordern<\/span>\n\t<\/a>\n\n\n\n\t\t<\/div>\n\t\t\t\t\n<style>\n#col-1493913612 > .col-inner {\n  padding: 50px 0px 50px 0px;\n}\n<\/style>\n\t<\/div>\n\n\t\n\n<\/div>\n\n\t\t<\/div>\n\n\t\t\n<style>\n#section_1223135297 {\n  padding-top: 30px;\n  padding-bottom: 30px;\n  background-color: rgb(40, 40, 40);\n}\n#section_1223135297 .section-bg-overlay {\n  background-color: rgba(0, 0, 0, 0.65);\n}\n#section_1223135297 .section-bg img {\n  object-position: 39% 21%;\n}\n<\/style>\n\t<\/section>\n\t\n\n","protected":false},"excerpt":{"rendered":"","protected":false},"author":3,"featured_media":0,"parent":0,"menu_order":0,"comment_status":"closed","ping_status":"closed","template":"page-blank.php","meta":{"footnotes":""},"class_list":["post-21207","page","type-page","status-publish","hentry"],"yoast_head":"<!-- This site is optimized with the Yoast SEO plugin v27.2 - https:\/\/yoast.com\/product\/yoast-seo-wordpress\/ -->\n<title>Auf Lager - New York Ceiling Co. - CW<\/title>\n<meta name=\"robots\" content=\"index, follow, max-snippet:-1, max-image-preview:large, max-video-preview:-1\" \/>\n<link rel=\"canonical\" href=\"https:\/\/newyorkceiling.com\/de\/auf-lager\/\" \/>\n<meta property=\"og:locale\" content=\"de_DE\" \/>\n<meta property=\"og:type\" content=\"article\" \/>\n<meta property=\"og:title\" content=\"Auf Lager - New York Ceiling Co. - CW\" \/>\n<meta property=\"og:url\" content=\"https:\/\/newyorkceiling.com\/de\/auf-lager\/\" \/>\n<meta property=\"og:site_name\" content=\"New York Ceiling Co. - CW\" \/>\n<meta property=\"article:modified_time\" content=\"2022-03-04T17:35:56+00:00\" \/>\n<meta name=\"twitter:card\" content=\"summary_large_image\" \/>\n<meta name=\"twitter:label1\" content=\"Gesch\u00e4tzte Lesezeit\" \/>\n\t<meta name=\"twitter:data1\" content=\"2\u00a0Minuten\" \/>\n<script type=\"application\/ld+json\" class=\"yoast-schema-graph\">{\"@context\":\"https:\/\/schema.org\",\"@graph\":[{\"@type\":\"WebPage\",\"@id\":\"https:\/\/newyorkceiling.com\/de\/auf-lager\/\",\"url\":\"https:\/\/newyorkceiling.com\/de\/auf-lager\/\",\"name\":\"Auf Lager - New York Ceiling Co. - CW\",\"isPartOf\":{\"@id\":\"https:\/\/newyorkceiling.com\/de\/#website\"},\"datePublished\":\"2022-03-02T09:05:23+00:00\",\"dateModified\":\"2022-03-04T17:35:56+00:00\",\"breadcrumb\":{\"@id\":\"https:\/\/newyorkceiling.com\/de\/auf-lager\/#breadcrumb\"},\"inLanguage\":\"de\",\"potentialAction\":[{\"@type\":\"ReadAction\",\"target\":[\"https:\/\/newyorkceiling.com\/de\/auf-lager\/\"]}]},{\"@type\":\"BreadcrumbList\",\"@id\":\"https:\/\/newyorkceiling.com\/de\/auf-lager\/#breadcrumb\",\"itemListElement\":[{\"@type\":\"ListItem\",\"position\":1,\"name\":\"Home\",\"item\":\"https:\/\/newyorkceiling.com\/de\/\"},{\"@type\":\"ListItem\",\"position\":2,\"name\":\"Auf Lager\"}]},{\"@type\":\"WebSite\",\"@id\":\"https:\/\/newyorkceiling.com\/de\/#website\",\"url\":\"https:\/\/newyorkceiling.com\/de\/\",\"name\":\"New York Ceiling Co.\",\"description\":\"\",\"publisher\":{\"@id\":\"https:\/\/newyorkceiling.com\/de\/#organization\"},\"potentialAction\":[{\"@type\":\"SearchAction\",\"target\":{\"@type\":\"EntryPoint\",\"urlTemplate\":\"https:\/\/newyorkceiling.com\/de\/?s={search_term_string}\"},\"query-input\":{\"@type\":\"PropertyValueSpecification\",\"valueRequired\":true,\"valueName\":\"search_term_string\"}}],\"inLanguage\":\"de\"},{\"@type\":\"Organization\",\"@id\":\"https:\/\/newyorkceiling.com\/de\/#organization\",\"name\":\"New York Ceiling Co.\",\"url\":\"https:\/\/newyorkceiling.com\/de\/\",\"logo\":{\"@type\":\"ImageObject\",\"inLanguage\":\"de\",\"@id\":\"https:\/\/newyorkceiling.com\/de\/#\/schema\/logo\/image\/\",\"url\":\"https:\/\/woocommerce-977722-3423925.cloudwaysapps.com\/wp-content\/uploads\/2021\/04\/New-York-Ceiling-Logo.png\",\"contentUrl\":\"https:\/\/woocommerce-977722-3423925.cloudwaysapps.com\/wp-content\/uploads\/2021\/04\/New-York-Ceiling-Logo.png\",\"width\":220,\"height\":88,\"caption\":\"New York Ceiling Co.\"},\"image\":{\"@id\":\"https:\/\/newyorkceiling.com\/de\/#\/schema\/logo\/image\/\"}}]}<\/script>\n<!-- \/ Yoast SEO plugin. -->","yoast_head_json":{"title":"Auf Lager - New York Ceiling Co. - CW","robots":{"index":"index","follow":"follow","max-snippet":"max-snippet:-1","max-image-preview":"max-image-preview:large","max-video-preview":"max-video-preview:-1"},"canonical":"https:\/\/newyorkceiling.com\/de\/auf-lager\/","og_locale":"de_DE","og_type":"article","og_title":"Auf Lager - New York Ceiling Co. - CW","og_url":"https:\/\/newyorkceiling.com\/de\/auf-lager\/","og_site_name":"New York Ceiling Co. - CW","article_modified_time":"2022-03-04T17:35:56+00:00","twitter_card":"summary_large_image","twitter_misc":{"Gesch\u00e4tzte Lesezeit":"2\u00a0Minuten"},"schema":{"@context":"https:\/\/schema.org","@graph":[{"@type":"WebPage","@id":"https:\/\/newyorkceiling.com\/de\/auf-lager\/","url":"https:\/\/newyorkceiling.com\/de\/auf-lager\/","name":"Auf Lager - New York Ceiling Co. - CW","isPartOf":{"@id":"https:\/\/newyorkceiling.com\/de\/#website"},"datePublished":"2022-03-02T09:05:23+00:00","dateModified":"2022-03-04T17:35:56+00:00","breadcrumb":{"@id":"https:\/\/newyorkceiling.com\/de\/auf-lager\/#breadcrumb"},"inLanguage":"de","potentialAction":[{"@type":"ReadAction","target":["https:\/\/newyorkceiling.com\/de\/auf-lager\/"]}]},{"@type":"BreadcrumbList","@id":"https:\/\/newyorkceiling.com\/de\/auf-lager\/#breadcrumb","itemListElement":[{"@type":"ListItem","position":1,"name":"Home","item":"https:\/\/newyorkceiling.com\/de\/"},{"@type":"ListItem","position":2,"name":"Auf Lager"}]},{"@type":"WebSite","@id":"https:\/\/newyorkceiling.com\/de\/#website","url":"https:\/\/newyorkceiling.com\/de\/","name":"New York Ceiling Co.","description":"","publisher":{"@id":"https:\/\/newyorkceiling.com\/de\/#organization"},"potentialAction":[{"@type":"SearchAction","target":{"@type":"EntryPoint","urlTemplate":"https:\/\/newyorkceiling.com\/de\/?s={search_term_string}"},"query-input":{"@type":"PropertyValueSpecification","valueRequired":true,"valueName":"search_term_string"}}],"inLanguage":"de"},{"@type":"Organization","@id":"https:\/\/newyorkceiling.com\/de\/#organization","name":"New York Ceiling Co.","url":"https:\/\/newyorkceiling.com\/de\/","logo":{"@type":"ImageObject","inLanguage":"de","@id":"https:\/\/newyorkceiling.com\/de\/#\/schema\/logo\/image\/","url":"https:\/\/woocommerce-977722-3423925.cloudwaysapps.com\/wp-content\/uploads\/2021\/04\/New-York-Ceiling-Logo.png","contentUrl":"https:\/\/woocommerce-977722-3423925.cloudwaysapps.com\/wp-content\/uploads\/2021\/04\/New-York-Ceiling-Logo.png","width":220,"height":88,"caption":"New York Ceiling Co."},"image":{"@id":"https:\/\/newyorkceiling.com\/de\/#\/schema\/logo\/image\/"}}]}},"_links":{"self":[{"href":"https:\/\/newyorkceiling.com\/de\/wp-json\/wp\/v2\/pages\/21207","targetHints":{"allow":["GET"]}}],"collection":[{"href":"https:\/\/newyorkceiling.com\/de\/wp-json\/wp\/v2\/pages"}],"about":[{"href":"https:\/\/newyorkceiling.com\/de\/wp-json\/wp\/v2\/types\/page"}],"author":[{"embeddable":true,"href":"https:\/\/newyorkceiling.com\/de\/wp-json\/wp\/v2\/users\/3"}],"replies":[{"embeddable":true,"href":"https:\/\/newyorkceiling.com\/de\/wp-json\/wp\/v2\/comments?post=21207"}],"version-history":[{"count":0,"href":"https:\/\/newyorkceiling.com\/de\/wp-json\/wp\/v2\/pages\/21207\/revisions"}],"wp:attachment":[{"href":"https:\/\/newyorkceiling.com\/de\/wp-json\/wp\/v2\/media?parent=21207"}],"curies":[{"name":"wp","href":"https:\/\/api.w.org\/{rel}","templated":true}]}}