{"id":17037,"date":"2025-01-28T14:22:42","date_gmt":"2025-01-28T13:22:42","guid":{"rendered":"https:\/\/newyorkceiling.eo3.echtonline.dev\/product\/kentucky-used-metal\/"},"modified":"2026-01-11T17:05:04","modified_gmt":"2026-01-11T16:05:04","slug":"kentucky-used-metal","status":"publish","type":"product","link":"https:\/\/newyorkceiling.com\/de\/product\/kentucky-used-metal\/","title":{"rendered":"Kentucky &#8211; used metal"},"content":{"rendered":"<h3>Beschreibung<\/h3>\n<p>Metallfliesen, die aussehen, als k\u00e4men sie aus einer alten Fabrik. Die &#8222;Kentucky \u2013 used metal&#8220;-Paneele aus Stahl haben diesen Used Look. Robust, Vintage und industriell. Die Deckenfliesen und industriellen Wandpaneele k\u00f6nnen eine klassische Einrichtung in Vintage verwandeln und lassen eine industrielle Decke mit der Ausstrahlung gebrauchter Metallpaneele auffallen. Bei Ladeninnenausstattungen sorgen sie f\u00fcr ein robustes Ambiente oder machen B\u00fcroeinrichtung trendy. F\u00fcr W\u00e4nde oder Decken, aber auch f\u00fcr Theken, Tresen oder als Barverkleidung sind sie nat\u00fcrlich auch geeignet.<\/p>\n<h3>Spezifikationen<\/h3>\n<table>\n<tbody>\n<tr>\n<td>Produkt<\/td>\n<td>Stahlplatte, 0,25 mm dick mit gestanztem 3D-Motiv<\/td>\n<\/tr>\n<tr>\n<td>Motive<\/td>\n<td>Auswahl aus mehr als 40 verschiedenen Motiven<\/td>\n<\/tr>\n<\/tbody>\n<\/table>\n<p><strong>Drop-in<\/strong><\/p>\n<table>\n<tbody>\n<tr>\n<td>Anwendung<\/td>\n<td>Abgeh\u00e4ngte Decke<\/td>\n<\/tr>\n<tr>\n<td>Gr\u00f6\u00dfe<\/td>\n<td>ca. 590 x 590 mm (je nach Motiv)<\/td>\n<\/tr>\n<\/tbody>\n<\/table>\n<p><strong>Nail-up<\/strong><\/p>\n<table>\n<tbody>\n<tr>\n<td>Anwendung<\/td>\n<td>Wand, Decke und M\u00f6bel<\/td>\n<\/tr>\n<tr>\n<td>Gr\u00f6\u00dfe<\/td>\n<td>ca. 610 x 610 mm (je nach Motiv) \/ \u00dcberlappung ca. 7 mm an allen Seiten<\/td>\n<\/tr>\n<\/tbody>\n<\/table>\n<p><strong>Akustik<\/strong><\/p>\n<table>\n<tbody>\n<tr>\n<td>Mikroperforation<\/td>\n<td>akustisches Paneel mit Mikroperforation m\u00f6glich (Durchmesser 0,66 mm \u2013 Abstand 5,2 mm)<\/td>\n<\/tr>\n<tr>\n<td>RC-Wert<\/td>\n<td>0,25 akustisches Paneel und 0,85 kombiniert mit Hohlraum und Akustikschaumstoff<\/td>\n<\/tr>\n<tr>\n<td>M\u00f6gliche Motive<\/td>\n<td>#106, #112, #114, #123, #125, #138, #141, #401, #402, #405, #408, #416, #418, #424, #432, #603, #617, #619, #620, #621, #627, #630, #631, #635, #637, #F01, #F02<\/td>\n<\/tr>\n<\/tbody>\n<\/table>\n<p><strong>Feuerwiderstand<\/strong><\/p>\n<table>\n<tbody>\n<tr>\n<td>Klasse<\/td>\n<td>Class A (amerikanische Norm ASTM E84 \u2013 Bericht auf Anfrage)<\/td>\n<\/tr>\n<\/tbody>\n<\/table>\n<h3>Ausf\u00fchrung<\/h3>\n<p>Die Frontseite des verzinnten Stahlplatte ist farbig pulverbeschichtet. Diese wurde dann manuell bearbeitet, um einen Vintage-Look zu erzielen, und schlie\u00dflich mit einem sch\u00fctzenden Klarlack \u00fcberzogen.<\/p>\n<h3>Installation<\/h3>\n<table>\n<tbody>\n<tr>\n<td>drop-in<\/td>\n<td>Legen Sie die Paneele in den Rahmen der abgeh\u00e4ngten Decke. <a href=\"https:\/\/newyorkceiling.com\/de\/ueber-das-produkt\/montage\/\">Montageanleitung ansehen<\/a><\/td>\n<\/tr>\n<tr>\n<td>nail-up<\/td>\n<td>Leimen und\/oder nageln Sie die Paneele an der Oberfl\u00e4che fest. <a href=\"https:\/\/newyorkceiling.com\/de\/ueber-das-produkt\/montage\/\">Montageanleitung ansehen<\/a><\/td>\n<\/tr>\n<\/tbody>\n<\/table>\n","protected":false},"excerpt":{"rendered":"<p>Beschreibung Metallfliesen, die aussehen, als k\u00e4men sie aus einer alten Fabrik. Die &#8222;Kentucky \u2013 used metal&#8220;-Paneele aus Stahl haben diesen Used Look. Robust, Vintage und industriell. Die Deckenfliesen und industriellen Wandpaneele k\u00f6nnen eine klassische Einrichtung in Vintage verwandeln und lassen eine industrielle Decke mit der Ausstrahlung gebrauchter Metallpaneele auffallen. Bei Ladeninnenausstattungen sorgen sie f\u00fcr ein [&#8230;]\n","protected":false},"featured_media":25035,"comment_status":"open","ping_status":"open","template":"","meta":[],"product_brand":[],"product_cat":[468,221,222],"product_tag":[],"class_list":{"0":"post-17037","1":"product","2":"type-product","3":"status-publish","4":"has-post-thumbnail","6":"product_cat-uncategorized","7":"product_cat-alle-produkte","8":"product_cat-art-series-de","9":"pa_akoestiek-ja","10":"pa_akoestiek-nee","11":"pa_kies-patroon-_009","12":"pa_kies-patroon-_f02","13":"pa_kies-patroon-_620","14":"pa_kies-patroon-_631","15":"pa_kies-patroon-_110","16":"pa_kies-patroon-_405","17":"pa_kies-patroon-_621","18":"pa_kies-patroon-_432","19":"pa_kies-patroon-_111","20":"pa_kies-patroon-_107","21":"pa_kies-patroon-_122","22":"pa_kies-patroon-_033","23":"pa_kies-patroon-_112","24":"pa_kies-patroon-_442","25":"pa_kies-patroon-_123","26":"pa_kies-patroon-_635","27":"pa_kies-patroon-_113","28":"pa_kies-patroon-_424","29":"pa_kies-patroon-_401","30":"pa_kies-patroon-_636","31":"pa_kies-patroon-_114","32":"pa_kies-patroon-_125","33":"pa_kies-patroon-_402","34":"pa_kies-patroon-_637","35":"pa_kies-patroon-_115","36":"pa_kies-patroon-_126","37":"pa_kies-patroon-_603","38":"pa_kies-patroon-_138","39":"pa_kies-patroon-_416","40":"pa_kies-patroon-_627","41":"pa_kies-patroon-_404","42":"pa_kies-patroon-_139","43":"pa_kies-patroon-_617","44":"pa_kies-patroon-_128","45":"pa_kies-patroon-_106","46":"pa_kies-patroon-_141","47":"pa_kies-patroon-_418","48":"pa_kies-patroon-_129","49":"pa_kies-patroon-_408","50":"pa_kies-patroon-_f01","51":"pa_kies-patroon-_619","52":"pa_kies-patroon-_630","53":"pa_kleur-bronze-messing","54":"pa_kleur-silber","56":"first","57":"instock","58":"taxable","59":"shipping-taxable","60":"purchasable","61":"product-type-variable","62":"wvs-archive-product-wrapper"},"yoast_head":"<!-- This site is optimized with the Yoast SEO plugin v27.5 - https:\/\/yoast.com\/product\/yoast-seo-wordpress\/ -->\n<title>Kentucky - used metal - New York Ceiling Co. - CW<\/title>\n<meta name=\"robots\" content=\"index, follow, max-snippet:-1, max-image-preview:large, max-video-preview:-1\" \/>\n<link rel=\"canonical\" href=\"https:\/\/newyorkceiling.com\/de\/product\/kentucky-used-metal\/\" \/>\n<meta property=\"og:locale\" content=\"de_DE\" \/>\n<meta property=\"og:type\" content=\"article\" \/>\n<meta property=\"og:title\" content=\"Kentucky - used metal - New York Ceiling Co. - CW\" \/>\n<meta property=\"og:description\" content=\"Beschreibung Metallfliesen, die aussehen, als k\u00e4men sie aus einer alten Fabrik. Die &#8222;Kentucky \u2013 used metal&#8220;-Paneele aus Stahl haben diesen Used Look. Robust, Vintage und industriell. Die Deckenfliesen und industriellen Wandpaneele k\u00f6nnen eine klassische Einrichtung in Vintage verwandeln und lassen eine industrielle Decke mit der Ausstrahlung gebrauchter Metallpaneele auffallen. Bei Ladeninnenausstattungen sorgen sie f\u00fcr ein [...]\" \/>\n<meta property=\"og:url\" content=\"https:\/\/newyorkceiling.com\/de\/product\/kentucky-used-metal\/\" \/>\n<meta property=\"og:site_name\" content=\"New York Ceiling Co. - CW\" \/>\n<meta property=\"article:modified_time\" content=\"2026-01-11T16:05:04+00:00\" \/>\n<meta property=\"og:image\" content=\"https:\/\/newyorkceiling.com\/wp-content\/uploads\/2021\/06\/1-sbb.jpeg\" \/>\n\t<meta property=\"og:image:width\" content=\"750\" \/>\n\t<meta property=\"og:image:height\" content=\"750\" \/>\n\t<meta property=\"og:image:type\" content=\"image\/jpeg\" \/>\n<meta name=\"twitter:card\" content=\"summary_large_image\" \/>\n<meta name=\"twitter:label1\" content=\"Gesch\u00e4tzte Lesezeit\" \/>\n\t<meta name=\"twitter:data1\" content=\"1\u00a0Minute\" \/>\n<script type=\"application\/ld+json\" class=\"yoast-schema-graph\">{\"@context\":\"https:\\\/\\\/schema.org\",\"@graph\":[{\"@type\":\"WebPage\",\"@id\":\"https:\\\/\\\/newyorkceiling.com\\\/de\\\/product\\\/kentucky-used-metal\\\/\",\"url\":\"https:\\\/\\\/newyorkceiling.com\\\/de\\\/product\\\/kentucky-used-metal\\\/\",\"name\":\"Kentucky - used metal - New York Ceiling Co. - CW\",\"isPartOf\":{\"@id\":\"https:\\\/\\\/newyorkceiling.com\\\/de\\\/#website\"},\"primaryImageOfPage\":{\"@id\":\"https:\\\/\\\/newyorkceiling.com\\\/de\\\/product\\\/kentucky-used-metal\\\/#primaryimage\"},\"image\":{\"@id\":\"https:\\\/\\\/newyorkceiling.com\\\/de\\\/product\\\/kentucky-used-metal\\\/#primaryimage\"},\"thumbnailUrl\":\"https:\\\/\\\/newyorkceiling.com\\\/wp-content\\\/uploads\\\/2021\\\/06\\\/1-sbb.jpeg\",\"datePublished\":\"2025-01-28T13:22:42+00:00\",\"dateModified\":\"2026-01-11T16:05:04+00:00\",\"breadcrumb\":{\"@id\":\"https:\\\/\\\/newyorkceiling.com\\\/de\\\/product\\\/kentucky-used-metal\\\/#breadcrumb\"},\"inLanguage\":\"de\",\"potentialAction\":[{\"@type\":\"ReadAction\",\"target\":[\"https:\\\/\\\/newyorkceiling.com\\\/de\\\/product\\\/kentucky-used-metal\\\/\"]}]},{\"@type\":\"ImageObject\",\"inLanguage\":\"de\",\"@id\":\"https:\\\/\\\/newyorkceiling.com\\\/de\\\/product\\\/kentucky-used-metal\\\/#primaryimage\",\"url\":\"https:\\\/\\\/newyorkceiling.com\\\/wp-content\\\/uploads\\\/2021\\\/06\\\/1-sbb.jpeg\",\"contentUrl\":\"https:\\\/\\\/newyorkceiling.com\\\/wp-content\\\/uploads\\\/2021\\\/06\\\/1-sbb.jpeg\",\"width\":750,\"height\":750},{\"@type\":\"BreadcrumbList\",\"@id\":\"https:\\\/\\\/newyorkceiling.com\\\/de\\\/product\\\/kentucky-used-metal\\\/#breadcrumb\",\"itemListElement\":[{\"@type\":\"ListItem\",\"position\":1,\"name\":\"Home\",\"item\":\"https:\\\/\\\/newyorkceiling.com\\\/de\\\/\"},{\"@type\":\"ListItem\",\"position\":2,\"name\":\"Produkt zusammenstellen\",\"item\":\"https:\\\/\\\/newyorkceiling.com\\\/product-samenstellen\\\/\"},{\"@type\":\"ListItem\",\"position\":3,\"name\":\"Alle Produkte\",\"item\":\"https:\\\/\\\/newyorkceiling.com\\\/de\\\/product-categorie\\\/alle-produkte\\\/\"},{\"@type\":\"ListItem\",\"position\":4,\"name\":\"Kentucky &#8211; used metal\"}]},{\"@type\":\"WebSite\",\"@id\":\"https:\\\/\\\/newyorkceiling.com\\\/de\\\/#website\",\"url\":\"https:\\\/\\\/newyorkceiling.com\\\/de\\\/\",\"name\":\"New York Ceiling Co.\",\"description\":\"\",\"publisher\":{\"@id\":\"https:\\\/\\\/newyorkceiling.com\\\/de\\\/#organization\"},\"potentialAction\":[{\"@type\":\"SearchAction\",\"target\":{\"@type\":\"EntryPoint\",\"urlTemplate\":\"https:\\\/\\\/newyorkceiling.com\\\/de\\\/?s={search_term_string}\"},\"query-input\":{\"@type\":\"PropertyValueSpecification\",\"valueRequired\":true,\"valueName\":\"search_term_string\"}}],\"inLanguage\":\"de\"},{\"@type\":\"Organization\",\"@id\":\"https:\\\/\\\/newyorkceiling.com\\\/de\\\/#organization\",\"name\":\"New York Ceiling Co.\",\"url\":\"https:\\\/\\\/newyorkceiling.com\\\/de\\\/\",\"logo\":{\"@type\":\"ImageObject\",\"inLanguage\":\"de\",\"@id\":\"https:\\\/\\\/newyorkceiling.com\\\/de\\\/#\\\/schema\\\/logo\\\/image\\\/\",\"url\":\"https:\\\/\\\/woocommerce-977722-3423925.cloudwaysapps.com\\\/wp-content\\\/uploads\\\/2021\\\/04\\\/New-York-Ceiling-Logo.png\",\"contentUrl\":\"https:\\\/\\\/woocommerce-977722-3423925.cloudwaysapps.com\\\/wp-content\\\/uploads\\\/2021\\\/04\\\/New-York-Ceiling-Logo.png\",\"width\":220,\"height\":88,\"caption\":\"New York Ceiling Co.\"},\"image\":{\"@id\":\"https:\\\/\\\/newyorkceiling.com\\\/de\\\/#\\\/schema\\\/logo\\\/image\\\/\"}}]}<\/script>\n<!-- \/ Yoast SEO plugin. -->","yoast_head_json":{"title":"Kentucky - used metal - New York Ceiling Co. - CW","robots":{"index":"index","follow":"follow","max-snippet":"max-snippet:-1","max-image-preview":"max-image-preview:large","max-video-preview":"max-video-preview:-1"},"canonical":"https:\/\/newyorkceiling.com\/de\/product\/kentucky-used-metal\/","og_locale":"de_DE","og_type":"article","og_title":"Kentucky - used metal - New York Ceiling Co. - CW","og_description":"Beschreibung Metallfliesen, die aussehen, als k\u00e4men sie aus einer alten Fabrik. Die &#8222;Kentucky \u2013 used metal&#8220;-Paneele aus Stahl haben diesen Used Look. Robust, Vintage und industriell. Die Deckenfliesen und industriellen Wandpaneele k\u00f6nnen eine klassische Einrichtung in Vintage verwandeln und lassen eine industrielle Decke mit der Ausstrahlung gebrauchter Metallpaneele auffallen. Bei Ladeninnenausstattungen sorgen sie f\u00fcr ein [...]","og_url":"https:\/\/newyorkceiling.com\/de\/product\/kentucky-used-metal\/","og_site_name":"New York Ceiling Co. - CW","article_modified_time":"2026-01-11T16:05:04+00:00","og_image":[{"width":750,"height":750,"url":"https:\/\/newyorkceiling.com\/wp-content\/uploads\/2021\/06\/1-sbb.jpeg","type":"image\/jpeg"}],"twitter_card":"summary_large_image","twitter_misc":{"Gesch\u00e4tzte Lesezeit":"1\u00a0Minute"},"schema":{"@context":"https:\/\/schema.org","@graph":[{"@type":"WebPage","@id":"https:\/\/newyorkceiling.com\/de\/product\/kentucky-used-metal\/","url":"https:\/\/newyorkceiling.com\/de\/product\/kentucky-used-metal\/","name":"Kentucky - used metal - New York Ceiling Co. - CW","isPartOf":{"@id":"https:\/\/newyorkceiling.com\/de\/#website"},"primaryImageOfPage":{"@id":"https:\/\/newyorkceiling.com\/de\/product\/kentucky-used-metal\/#primaryimage"},"image":{"@id":"https:\/\/newyorkceiling.com\/de\/product\/kentucky-used-metal\/#primaryimage"},"thumbnailUrl":"https:\/\/newyorkceiling.com\/wp-content\/uploads\/2021\/06\/1-sbb.jpeg","datePublished":"2025-01-28T13:22:42+00:00","dateModified":"2026-01-11T16:05:04+00:00","breadcrumb":{"@id":"https:\/\/newyorkceiling.com\/de\/product\/kentucky-used-metal\/#breadcrumb"},"inLanguage":"de","potentialAction":[{"@type":"ReadAction","target":["https:\/\/newyorkceiling.com\/de\/product\/kentucky-used-metal\/"]}]},{"@type":"ImageObject","inLanguage":"de","@id":"https:\/\/newyorkceiling.com\/de\/product\/kentucky-used-metal\/#primaryimage","url":"https:\/\/newyorkceiling.com\/wp-content\/uploads\/2021\/06\/1-sbb.jpeg","contentUrl":"https:\/\/newyorkceiling.com\/wp-content\/uploads\/2021\/06\/1-sbb.jpeg","width":750,"height":750},{"@type":"BreadcrumbList","@id":"https:\/\/newyorkceiling.com\/de\/product\/kentucky-used-metal\/#breadcrumb","itemListElement":[{"@type":"ListItem","position":1,"name":"Home","item":"https:\/\/newyorkceiling.com\/de\/"},{"@type":"ListItem","position":2,"name":"Produkt zusammenstellen","item":"https:\/\/newyorkceiling.com\/product-samenstellen\/"},{"@type":"ListItem","position":3,"name":"Alle Produkte","item":"https:\/\/newyorkceiling.com\/de\/product-categorie\/alle-produkte\/"},{"@type":"ListItem","position":4,"name":"Kentucky &#8211; used metal"}]},{"@type":"WebSite","@id":"https:\/\/newyorkceiling.com\/de\/#website","url":"https:\/\/newyorkceiling.com\/de\/","name":"New York Ceiling Co.","description":"","publisher":{"@id":"https:\/\/newyorkceiling.com\/de\/#organization"},"potentialAction":[{"@type":"SearchAction","target":{"@type":"EntryPoint","urlTemplate":"https:\/\/newyorkceiling.com\/de\/?s={search_term_string}"},"query-input":{"@type":"PropertyValueSpecification","valueRequired":true,"valueName":"search_term_string"}}],"inLanguage":"de"},{"@type":"Organization","@id":"https:\/\/newyorkceiling.com\/de\/#organization","name":"New York Ceiling Co.","url":"https:\/\/newyorkceiling.com\/de\/","logo":{"@type":"ImageObject","inLanguage":"de","@id":"https:\/\/newyorkceiling.com\/de\/#\/schema\/logo\/image\/","url":"https:\/\/woocommerce-977722-3423925.cloudwaysapps.com\/wp-content\/uploads\/2021\/04\/New-York-Ceiling-Logo.png","contentUrl":"https:\/\/woocommerce-977722-3423925.cloudwaysapps.com\/wp-content\/uploads\/2021\/04\/New-York-Ceiling-Logo.png","width":220,"height":88,"caption":"New York Ceiling Co."},"image":{"@id":"https:\/\/newyorkceiling.com\/de\/#\/schema\/logo\/image\/"}}]}},"_links":{"self":[{"href":"https:\/\/newyorkceiling.com\/de\/wp-json\/wp\/v2\/product\/17037","targetHints":{"allow":["GET"]}}],"collection":[{"href":"https:\/\/newyorkceiling.com\/de\/wp-json\/wp\/v2\/product"}],"about":[{"href":"https:\/\/newyorkceiling.com\/de\/wp-json\/wp\/v2\/types\/product"}],"replies":[{"embeddable":true,"href":"https:\/\/newyorkceiling.com\/de\/wp-json\/wp\/v2\/comments?post=17037"}],"wp:featuredmedia":[{"embeddable":true,"href":"https:\/\/newyorkceiling.com\/de\/wp-json\/wp\/v2\/media\/25035"}],"wp:attachment":[{"href":"https:\/\/newyorkceiling.com\/de\/wp-json\/wp\/v2\/media?parent=17037"}],"wp:term":[{"taxonomy":"product_brand","embeddable":true,"href":"https:\/\/newyorkceiling.com\/de\/wp-json\/wp\/v2\/product_brand?post=17037"},{"taxonomy":"product_cat","embeddable":true,"href":"https:\/\/newyorkceiling.com\/de\/wp-json\/wp\/v2\/product_cat?post=17037"},{"taxonomy":"product_tag","embeddable":true,"href":"https:\/\/newyorkceiling.com\/de\/wp-json\/wp\/v2\/product_tag?post=17037"}],"curies":[{"name":"wp","href":"https:\/\/api.w.org\/{rel}","templated":true}]}}