{"id":17527,"date":"2025-01-28T14:27:05","date_gmt":"2025-01-28T13:27:05","guid":{"rendered":"https:\/\/newyorkceiling.eo3.echtonline.dev\/product\/manhattan-silk-off-white\/"},"modified":"2025-06-13T17:42:58","modified_gmt":"2025-06-13T16:42:58","slug":"manhattan-silk-off-white","status":"publish","type":"product","link":"https:\/\/newyorkceiling.com\/de\/product\/manhattan-silk-off-white\/","title":{"rendered":"Manhattan &#8211; silk off-white"},"content":{"rendered":"<h3>Beschreibung<\/h3>\n<p>Metall-Deckenpaneele oder Metall-Wandverkleidung. Diese 3D-Paneele aus Metall mit wei\u00dfer Pulverbeschichtung eignen sich f\u00fcr W\u00e4nde und Decken. Die &#8222;Manhattan &#8211; silk off-white&#8220;-Fliesen haben einen sanften wei\u00dfen Farbton, der jeder Einrichtung W\u00e4rme verleiht. Sie k\u00f6nnen, je nach Motiv, mit dem sie kombiniert werden, sowohl trendy als auch klassisch sein. Im Hoteltheater Figi in Zeist wurden sie als Drop-in-Paneele gew\u00e4hlt, die f\u00fcr eine abgeh\u00e4ngte Decke geeignet sind, die damit auf einfache Weise einen neuen Look bekam.<\/p>\n<h3>Spezifikationen<\/h3>\n<table>\n<tbody>\n<tr>\n<td>Produkt<\/td>\n<td>Stahlplatte, 0,25 mm dick mit gestanztem 3D-Motiv<\/td>\n<\/tr>\n<tr>\n<td>Motive<\/td>\n<td>Auswahl aus mehr als 40 verschiedenen Motiven<\/td>\n<\/tr>\n<\/tbody>\n<\/table>\n<p><strong>Drop-in<\/strong><\/p>\n<table>\n<tbody>\n<tr>\n<td>Anwendung<\/td>\n<td>Abgeh\u00e4ngte Decke<\/td>\n<\/tr>\n<tr>\n<td>Gr\u00f6\u00dfe<\/td>\n<td>ca. 590 x 590 mm (je nach Motiv)<\/td>\n<\/tr>\n<\/tbody>\n<\/table>\n<p><strong>Nail-up<\/strong><\/p>\n<table>\n<tbody>\n<tr>\n<td>Anwendung<\/td>\n<td>Wand, Decke und M\u00f6bel<\/td>\n<\/tr>\n<tr>\n<td>Gr\u00f6\u00dfe<\/td>\n<td>ca. 610 x 610 mm (je nach Motiv) \/ \u00dcberlappung ca. 7 mm an allen Seiten<\/td>\n<\/tr>\n<\/tbody>\n<\/table>\n<p><strong>Akustik<\/strong><\/p>\n<table>\n<tbody>\n<tr>\n<td>Mikroperforation<\/td>\n<td>akustisches Paneel mit Mikroperforation m\u00f6glich (Durchmesser 0,66 mm \u2013 Abstand 5,2 mm)<\/td>\n<\/tr>\n<tr>\n<td>RC-Wert<\/td>\n<td>0,25 akustisches Paneel und 0,85 kombiniert mit Hohlraum und Akustikschaumstoff<\/td>\n<\/tr>\n<tr>\n<td>M\u00f6gliche Motive<\/td>\n<td>#106, #112, #114, #123, #125, #138, #141, #401, #402, #405, #408, #416, #418, #424, #432, #603, #617, #619, #620, #621, #627, #630, #631, #635, #637, #F01, #F02<\/td>\n<\/tr>\n<\/tbody>\n<\/table>\n<p><strong>Feuerwiderstand<\/strong><\/p>\n<table>\n<tbody>\n<tr>\n<td>Klasse<\/td>\n<td>Class A (amerikanische Norm ASTM E84 \u2013 Bericht auf Anfrage)<\/td>\n<\/tr>\n<\/tbody>\n<\/table>\n<h3>Ausf\u00fchrung<\/h3>\n<p>Die verzinnte Stahlplatte ist an der Vorderseite mit einer farbigen Beschichtung versehen. Die Paneele ben\u00f6tigen keine weitere Behandlung. Auf Wunsch k\u00f6nnen sie dekoriert werden.<\/p>\n<h3>Installation<\/h3>\n<table>\n<tbody>\n<tr>\n<td>drop-in<\/td>\n<td>Legen Sie die Paneele in den Rahmen der abgeh\u00e4ngten Decke. <a href=\"https:\/\/newyorkceiling.com\/de\/ueber-das-produkt\/montage\/\">Montageanleitung ansehen<\/a><\/td>\n<\/tr>\n<tr>\n<td>nail-up<\/td>\n<td>Leimen und\/oder nageln Sie die Paneele an der Oberfl\u00e4che fest. <a href=\"https:\/\/newyorkceiling.com\/de\/ueber-das-produkt\/montage\/\">Montageanleitung ansehen<\/a><\/td>\n<\/tr>\n<\/tbody>\n<\/table>\n","protected":false},"excerpt":{"rendered":"<p>Beschreibung Metall-Deckenpaneele oder Metall-Wandverkleidung. Diese 3D-Paneele aus Metall mit wei\u00dfer Pulverbeschichtung eignen sich f\u00fcr W\u00e4nde und Decken. Die &#8222;Manhattan &#8211; silk off-white&#8220;-Fliesen haben einen sanften wei\u00dfen Farbton, der jeder Einrichtung W\u00e4rme verleiht. Sie k\u00f6nnen, je nach Motiv, mit dem sie kombiniert werden, sowohl trendy als auch klassisch sein. Im Hoteltheater Figi in Zeist wurden sie [&#8230;]\n","protected":false},"featured_media":23639,"comment_status":"open","ping_status":"open","template":"","meta":[],"product_brand":[],"product_cat":[468,221,223],"product_tag":[],"class_list":{"0":"post-17527","1":"product","2":"type-product","3":"status-publish","4":"has-post-thumbnail","6":"product_cat-uncategorized","7":"product_cat-alle-produkte","8":"product_cat-basic-series-de","9":"pa_akoestiek-nee","10":"pa_akoestiek-ja","11":"pa_kies-patroon-_106","12":"pa_kies-patroon-_141","13":"pa_kies-patroon-_418","14":"pa_kies-patroon-_129","15":"pa_kies-patroon-_408","16":"pa_kies-patroon-_f01","17":"pa_kies-patroon-_619","18":"pa_kies-patroon-_630","19":"pa_kies-patroon-_009","20":"pa_kies-patroon-_f02","21":"pa_kies-patroon-_620","22":"pa_kies-patroon-_631","23":"pa_kies-patroon-_110","24":"pa_kies-patroon-_405","25":"pa_kies-patroon-_621","26":"pa_kies-patroon-_432","27":"pa_kies-patroon-_111","28":"pa_kies-patroon-_107","29":"pa_kies-patroon-_122","30":"pa_kies-patroon-_033","31":"pa_kies-patroon-_112","32":"pa_kies-patroon-_442","33":"pa_kies-patroon-_123","34":"pa_kies-patroon-_635","35":"pa_kies-patroon-_113","36":"pa_kies-patroon-_424","37":"pa_kies-patroon-_401","38":"pa_kies-patroon-_636","39":"pa_kies-patroon-_114","40":"pa_kies-patroon-_125","41":"pa_kies-patroon-_402","42":"pa_kies-patroon-_637","43":"pa_kies-patroon-_115","44":"pa_kies-patroon-_126","45":"pa_kies-patroon-_603","46":"pa_kies-patroon-_138","47":"pa_kies-patroon-_416","48":"pa_kies-patroon-_627","49":"pa_kies-patroon-_404","50":"pa_kies-patroon-_139","51":"pa_kies-patroon-_617","52":"pa_kies-patroon-_128","53":"pa_kleur-weis-beige","55":"first","56":"instock","57":"taxable","58":"shipping-taxable","59":"purchasable","60":"product-type-variable","61":"wvs-archive-product-wrapper"},"yoast_head":"<!-- This site is optimized with the Yoast SEO plugin v27.5 - https:\/\/yoast.com\/product\/yoast-seo-wordpress\/ -->\n<title>Manhattan - silk off-white - New York Ceiling Co. - CW<\/title>\n<meta name=\"robots\" content=\"index, follow, max-snippet:-1, max-image-preview:large, max-video-preview:-1\" \/>\n<link rel=\"canonical\" href=\"https:\/\/newyorkceiling.com\/de\/product\/manhattan-silk-off-white\/\" \/>\n<meta property=\"og:locale\" content=\"de_DE\" \/>\n<meta property=\"og:type\" content=\"article\" \/>\n<meta property=\"og:title\" content=\"Manhattan - silk off-white - New York Ceiling Co. - CW\" \/>\n<meta property=\"og:description\" content=\"Beschreibung Metall-Deckenpaneele oder Metall-Wandverkleidung. Diese 3D-Paneele aus Metall mit wei\u00dfer Pulverbeschichtung eignen sich f\u00fcr W\u00e4nde und Decken. Die &#8222;Manhattan &#8211; silk off-white&#8220;-Fliesen haben einen sanften wei\u00dfen Farbton, der jeder Einrichtung W\u00e4rme verleiht. Sie k\u00f6nnen, je nach Motiv, mit dem sie kombiniert werden, sowohl trendy als auch klassisch sein. Im Hoteltheater Figi in Zeist wurden sie [...]\" \/>\n<meta property=\"og:url\" content=\"https:\/\/newyorkceiling.com\/de\/product\/manhattan-silk-off-white\/\" \/>\n<meta property=\"og:site_name\" content=\"New York Ceiling Co. - CW\" \/>\n<meta property=\"article:modified_time\" content=\"2025-06-13T16:42:58+00:00\" \/>\n<meta property=\"og:image\" content=\"https:\/\/newyorkceiling.com\/wp-content\/uploads\/2021\/07\/1-wcs.jpeg\" \/>\n\t<meta property=\"og:image:width\" content=\"750\" \/>\n\t<meta property=\"og:image:height\" content=\"750\" \/>\n\t<meta property=\"og:image:type\" content=\"image\/jpeg\" \/>\n<meta name=\"twitter:card\" content=\"summary_large_image\" \/>\n<meta name=\"twitter:label1\" content=\"Gesch\u00e4tzte Lesezeit\" \/>\n\t<meta name=\"twitter:data1\" content=\"1\u00a0Minute\" \/>\n<script type=\"application\/ld+json\" class=\"yoast-schema-graph\">{\"@context\":\"https:\\\/\\\/schema.org\",\"@graph\":[{\"@type\":\"WebPage\",\"@id\":\"https:\\\/\\\/newyorkceiling.com\\\/de\\\/product\\\/manhattan-silk-off-white\\\/\",\"url\":\"https:\\\/\\\/newyorkceiling.com\\\/de\\\/product\\\/manhattan-silk-off-white\\\/\",\"name\":\"Manhattan - silk off-white - New York Ceiling Co. - CW\",\"isPartOf\":{\"@id\":\"https:\\\/\\\/newyorkceiling.com\\\/de\\\/#website\"},\"primaryImageOfPage\":{\"@id\":\"https:\\\/\\\/newyorkceiling.com\\\/de\\\/product\\\/manhattan-silk-off-white\\\/#primaryimage\"},\"image\":{\"@id\":\"https:\\\/\\\/newyorkceiling.com\\\/de\\\/product\\\/manhattan-silk-off-white\\\/#primaryimage\"},\"thumbnailUrl\":\"https:\\\/\\\/newyorkceiling.com\\\/wp-content\\\/uploads\\\/2021\\\/07\\\/1-wcs.jpeg\",\"datePublished\":\"2025-01-28T13:27:05+00:00\",\"dateModified\":\"2025-06-13T16:42:58+00:00\",\"breadcrumb\":{\"@id\":\"https:\\\/\\\/newyorkceiling.com\\\/de\\\/product\\\/manhattan-silk-off-white\\\/#breadcrumb\"},\"inLanguage\":\"de\",\"potentialAction\":[{\"@type\":\"ReadAction\",\"target\":[\"https:\\\/\\\/newyorkceiling.com\\\/de\\\/product\\\/manhattan-silk-off-white\\\/\"]}]},{\"@type\":\"ImageObject\",\"inLanguage\":\"de\",\"@id\":\"https:\\\/\\\/newyorkceiling.com\\\/de\\\/product\\\/manhattan-silk-off-white\\\/#primaryimage\",\"url\":\"https:\\\/\\\/newyorkceiling.com\\\/wp-content\\\/uploads\\\/2021\\\/07\\\/1-wcs.jpeg\",\"contentUrl\":\"https:\\\/\\\/newyorkceiling.com\\\/wp-content\\\/uploads\\\/2021\\\/07\\\/1-wcs.jpeg\",\"width\":750,\"height\":750},{\"@type\":\"BreadcrumbList\",\"@id\":\"https:\\\/\\\/newyorkceiling.com\\\/de\\\/product\\\/manhattan-silk-off-white\\\/#breadcrumb\",\"itemListElement\":[{\"@type\":\"ListItem\",\"position\":1,\"name\":\"Home\",\"item\":\"https:\\\/\\\/newyorkceiling.com\\\/de\\\/\"},{\"@type\":\"ListItem\",\"position\":2,\"name\":\"Produkt zusammenstellen\",\"item\":\"https:\\\/\\\/newyorkceiling.com\\\/product-samenstellen\\\/\"},{\"@type\":\"ListItem\",\"position\":3,\"name\":\"Alle Produkte\",\"item\":\"https:\\\/\\\/newyorkceiling.com\\\/de\\\/product-categorie\\\/alle-produkte\\\/\"},{\"@type\":\"ListItem\",\"position\":4,\"name\":\"Manhattan &#8211; silk off-white\"}]},{\"@type\":\"WebSite\",\"@id\":\"https:\\\/\\\/newyorkceiling.com\\\/de\\\/#website\",\"url\":\"https:\\\/\\\/newyorkceiling.com\\\/de\\\/\",\"name\":\"New York Ceiling Co.\",\"description\":\"\",\"publisher\":{\"@id\":\"https:\\\/\\\/newyorkceiling.com\\\/de\\\/#organization\"},\"potentialAction\":[{\"@type\":\"SearchAction\",\"target\":{\"@type\":\"EntryPoint\",\"urlTemplate\":\"https:\\\/\\\/newyorkceiling.com\\\/de\\\/?s={search_term_string}\"},\"query-input\":{\"@type\":\"PropertyValueSpecification\",\"valueRequired\":true,\"valueName\":\"search_term_string\"}}],\"inLanguage\":\"de\"},{\"@type\":\"Organization\",\"@id\":\"https:\\\/\\\/newyorkceiling.com\\\/de\\\/#organization\",\"name\":\"New York Ceiling Co.\",\"url\":\"https:\\\/\\\/newyorkceiling.com\\\/de\\\/\",\"logo\":{\"@type\":\"ImageObject\",\"inLanguage\":\"de\",\"@id\":\"https:\\\/\\\/newyorkceiling.com\\\/de\\\/#\\\/schema\\\/logo\\\/image\\\/\",\"url\":\"https:\\\/\\\/woocommerce-977722-3423925.cloudwaysapps.com\\\/wp-content\\\/uploads\\\/2021\\\/04\\\/New-York-Ceiling-Logo.png\",\"contentUrl\":\"https:\\\/\\\/woocommerce-977722-3423925.cloudwaysapps.com\\\/wp-content\\\/uploads\\\/2021\\\/04\\\/New-York-Ceiling-Logo.png\",\"width\":220,\"height\":88,\"caption\":\"New York Ceiling Co.\"},\"image\":{\"@id\":\"https:\\\/\\\/newyorkceiling.com\\\/de\\\/#\\\/schema\\\/logo\\\/image\\\/\"}}]}<\/script>\n<!-- \/ Yoast SEO plugin. -->","yoast_head_json":{"title":"Manhattan - silk off-white - New York Ceiling Co. - CW","robots":{"index":"index","follow":"follow","max-snippet":"max-snippet:-1","max-image-preview":"max-image-preview:large","max-video-preview":"max-video-preview:-1"},"canonical":"https:\/\/newyorkceiling.com\/de\/product\/manhattan-silk-off-white\/","og_locale":"de_DE","og_type":"article","og_title":"Manhattan - silk off-white - New York Ceiling Co. - CW","og_description":"Beschreibung Metall-Deckenpaneele oder Metall-Wandverkleidung. Diese 3D-Paneele aus Metall mit wei\u00dfer Pulverbeschichtung eignen sich f\u00fcr W\u00e4nde und Decken. Die &#8222;Manhattan &#8211; silk off-white&#8220;-Fliesen haben einen sanften wei\u00dfen Farbton, der jeder Einrichtung W\u00e4rme verleiht. Sie k\u00f6nnen, je nach Motiv, mit dem sie kombiniert werden, sowohl trendy als auch klassisch sein. Im Hoteltheater Figi in Zeist wurden sie [...]","og_url":"https:\/\/newyorkceiling.com\/de\/product\/manhattan-silk-off-white\/","og_site_name":"New York Ceiling Co. - CW","article_modified_time":"2025-06-13T16:42:58+00:00","og_image":[{"width":750,"height":750,"url":"https:\/\/newyorkceiling.com\/wp-content\/uploads\/2021\/07\/1-wcs.jpeg","type":"image\/jpeg"}],"twitter_card":"summary_large_image","twitter_misc":{"Gesch\u00e4tzte Lesezeit":"1\u00a0Minute"},"schema":{"@context":"https:\/\/schema.org","@graph":[{"@type":"WebPage","@id":"https:\/\/newyorkceiling.com\/de\/product\/manhattan-silk-off-white\/","url":"https:\/\/newyorkceiling.com\/de\/product\/manhattan-silk-off-white\/","name":"Manhattan - silk off-white - New York Ceiling Co. - CW","isPartOf":{"@id":"https:\/\/newyorkceiling.com\/de\/#website"},"primaryImageOfPage":{"@id":"https:\/\/newyorkceiling.com\/de\/product\/manhattan-silk-off-white\/#primaryimage"},"image":{"@id":"https:\/\/newyorkceiling.com\/de\/product\/manhattan-silk-off-white\/#primaryimage"},"thumbnailUrl":"https:\/\/newyorkceiling.com\/wp-content\/uploads\/2021\/07\/1-wcs.jpeg","datePublished":"2025-01-28T13:27:05+00:00","dateModified":"2025-06-13T16:42:58+00:00","breadcrumb":{"@id":"https:\/\/newyorkceiling.com\/de\/product\/manhattan-silk-off-white\/#breadcrumb"},"inLanguage":"de","potentialAction":[{"@type":"ReadAction","target":["https:\/\/newyorkceiling.com\/de\/product\/manhattan-silk-off-white\/"]}]},{"@type":"ImageObject","inLanguage":"de","@id":"https:\/\/newyorkceiling.com\/de\/product\/manhattan-silk-off-white\/#primaryimage","url":"https:\/\/newyorkceiling.com\/wp-content\/uploads\/2021\/07\/1-wcs.jpeg","contentUrl":"https:\/\/newyorkceiling.com\/wp-content\/uploads\/2021\/07\/1-wcs.jpeg","width":750,"height":750},{"@type":"BreadcrumbList","@id":"https:\/\/newyorkceiling.com\/de\/product\/manhattan-silk-off-white\/#breadcrumb","itemListElement":[{"@type":"ListItem","position":1,"name":"Home","item":"https:\/\/newyorkceiling.com\/de\/"},{"@type":"ListItem","position":2,"name":"Produkt zusammenstellen","item":"https:\/\/newyorkceiling.com\/product-samenstellen\/"},{"@type":"ListItem","position":3,"name":"Alle Produkte","item":"https:\/\/newyorkceiling.com\/de\/product-categorie\/alle-produkte\/"},{"@type":"ListItem","position":4,"name":"Manhattan &#8211; silk off-white"}]},{"@type":"WebSite","@id":"https:\/\/newyorkceiling.com\/de\/#website","url":"https:\/\/newyorkceiling.com\/de\/","name":"New York Ceiling Co.","description":"","publisher":{"@id":"https:\/\/newyorkceiling.com\/de\/#organization"},"potentialAction":[{"@type":"SearchAction","target":{"@type":"EntryPoint","urlTemplate":"https:\/\/newyorkceiling.com\/de\/?s={search_term_string}"},"query-input":{"@type":"PropertyValueSpecification","valueRequired":true,"valueName":"search_term_string"}}],"inLanguage":"de"},{"@type":"Organization","@id":"https:\/\/newyorkceiling.com\/de\/#organization","name":"New York Ceiling Co.","url":"https:\/\/newyorkceiling.com\/de\/","logo":{"@type":"ImageObject","inLanguage":"de","@id":"https:\/\/newyorkceiling.com\/de\/#\/schema\/logo\/image\/","url":"https:\/\/woocommerce-977722-3423925.cloudwaysapps.com\/wp-content\/uploads\/2021\/04\/New-York-Ceiling-Logo.png","contentUrl":"https:\/\/woocommerce-977722-3423925.cloudwaysapps.com\/wp-content\/uploads\/2021\/04\/New-York-Ceiling-Logo.png","width":220,"height":88,"caption":"New York Ceiling Co."},"image":{"@id":"https:\/\/newyorkceiling.com\/de\/#\/schema\/logo\/image\/"}}]}},"_links":{"self":[{"href":"https:\/\/newyorkceiling.com\/de\/wp-json\/wp\/v2\/product\/17527","targetHints":{"allow":["GET"]}}],"collection":[{"href":"https:\/\/newyorkceiling.com\/de\/wp-json\/wp\/v2\/product"}],"about":[{"href":"https:\/\/newyorkceiling.com\/de\/wp-json\/wp\/v2\/types\/product"}],"replies":[{"embeddable":true,"href":"https:\/\/newyorkceiling.com\/de\/wp-json\/wp\/v2\/comments?post=17527"}],"wp:featuredmedia":[{"embeddable":true,"href":"https:\/\/newyorkceiling.com\/de\/wp-json\/wp\/v2\/media\/23639"}],"wp:attachment":[{"href":"https:\/\/newyorkceiling.com\/de\/wp-json\/wp\/v2\/media?parent=17527"}],"wp:term":[{"taxonomy":"product_brand","embeddable":true,"href":"https:\/\/newyorkceiling.com\/de\/wp-json\/wp\/v2\/product_brand?post=17527"},{"taxonomy":"product_cat","embeddable":true,"href":"https:\/\/newyorkceiling.com\/de\/wp-json\/wp\/v2\/product_cat?post=17527"},{"taxonomy":"product_tag","embeddable":true,"href":"https:\/\/newyorkceiling.com\/de\/wp-json\/wp\/v2\/product_tag?post=17527"}],"curies":[{"name":"wp","href":"https:\/\/api.w.org\/{rel}","templated":true}]}}