{"id":14471,"date":"2021-08-11T14:27:54","date_gmt":"2021-08-11T13:27:54","guid":{"rendered":"https:\/\/newyorkceiling.eo3.echtonline.dev\/?page_id=14471"},"modified":"2021-12-07T15:54:08","modified_gmt":"2021-12-07T14:54:08","slug":"avertissement","status":"publish","type":"page","link":"https:\/\/newyorkceiling.com\/fr\/avertissement\/","title":{"rendered":"Avertissement"},"content":{"rendered":"\n<p>New York Ceiling Co., le cr\u00e9ateur et\/ou les personnes associ\u00e9es \u00e0 ce site ne peuvent \u00eatre tenus responsables des cons\u00e9quences de l&rsquo;utilisation des informations de ce site et de l&rsquo;application des produits NYC. Bien que le site ait \u00e9t\u00e9 r\u00e9alis\u00e9 avec le plus grand soin, aucune garantie ne peut \u00eatre donn\u00e9e quant \u00e0 l&rsquo;exhaustivit\u00e9, l&rsquo;actualit\u00e9 et l&rsquo;exactitude des informations affich\u00e9es. (Produit) les images et les couleurs peuvent sembler diff\u00e9rentes sur l&rsquo;\u00e9cran que dans la r\u00e9alit\u00e9. Veuillez en tenir compte lorsque vous ferez votre choix. Il est possible de commander un \u00e9chantillon de couleur.<\/p>\n","protected":false},"excerpt":{"rendered":"<p>New York Ceiling Co., le cr\u00e9ateur et\/ou les personnes associ\u00e9es \u00e0 ce site ne peuvent \u00eatre tenus responsables des cons\u00e9quences de l&rsquo;utilisation des informations de ce site et de l&rsquo;application des produits NYC. Bien que le site ait \u00e9t\u00e9 r\u00e9alis\u00e9 avec le plus grand soin, aucune garantie ne peut \u00eatre donn\u00e9e quant \u00e0 l&rsquo;exhaustivit\u00e9, l&rsquo;actualit\u00e9 [&#8230;]\n","protected":false},"author":1,"featured_media":0,"parent":0,"menu_order":0,"comment_status":"closed","ping_status":"closed","template":"","meta":{"footnotes":""},"class_list":["post-14471","page","type-page","status-publish","hentry"],"yoast_head":"<!-- This site is optimized with the Yoast SEO plugin v27.2 - https:\/\/yoast.com\/product\/yoast-seo-wordpress\/ -->\n<title>Avertissement - New York Ceiling Co.<\/title>\n<meta name=\"robots\" content=\"index, follow, max-snippet:-1, max-image-preview:large, max-video-preview:-1\" \/>\n<link rel=\"canonical\" href=\"https:\/\/newyorkceiling.com\/fr\/avertissement\/\" \/>\n<meta property=\"og:locale\" content=\"fr_FR\" \/>\n<meta property=\"og:type\" content=\"article\" \/>\n<meta property=\"og:title\" content=\"Avertissement - New York Ceiling Co.\" \/>\n<meta property=\"og:description\" content=\"New York Ceiling Co., le cr\u00e9ateur et\/ou les personnes associ\u00e9es \u00e0 ce site ne peuvent \u00eatre tenus responsables des cons\u00e9quences de l&rsquo;utilisation des informations de ce site et de l&rsquo;application des produits NYC. Bien que le site ait \u00e9t\u00e9 r\u00e9alis\u00e9 avec le plus grand soin, aucune garantie ne peut \u00eatre donn\u00e9e quant \u00e0 l&rsquo;exhaustivit\u00e9, l&rsquo;actualit\u00e9 [...]\" \/>\n<meta property=\"og:url\" content=\"https:\/\/newyorkceiling.com\/fr\/avertissement\/\" \/>\n<meta property=\"og:site_name\" content=\"New York Ceiling Co.\" \/>\n<meta property=\"article:modified_time\" content=\"2021-12-07T14:54:08+00:00\" \/>\n<meta name=\"twitter:card\" content=\"summary_large_image\" \/>\n<meta name=\"twitter:label1\" content=\"Dur\u00e9e de lecture estim\u00e9e\" \/>\n\t<meta name=\"twitter:data1\" content=\"1 minute\" \/>\n<script type=\"application\/ld+json\" class=\"yoast-schema-graph\">{\"@context\":\"https:\/\/schema.org\",\"@graph\":[{\"@type\":\"WebPage\",\"@id\":\"https:\/\/newyorkceiling.com\/fr\/avertissement\/\",\"url\":\"https:\/\/newyorkceiling.com\/fr\/avertissement\/\",\"name\":\"Avertissement - New York Ceiling Co.\",\"isPartOf\":{\"@id\":\"https:\/\/newyorkceiling.com\/fr\/#website\"},\"datePublished\":\"2021-08-11T13:27:54+00:00\",\"dateModified\":\"2021-12-07T14:54:08+00:00\",\"breadcrumb\":{\"@id\":\"https:\/\/newyorkceiling.com\/fr\/avertissement\/#breadcrumb\"},\"inLanguage\":\"fr-FR\",\"potentialAction\":[{\"@type\":\"ReadAction\",\"target\":[\"https:\/\/newyorkceiling.com\/fr\/avertissement\/\"]}]},{\"@type\":\"BreadcrumbList\",\"@id\":\"https:\/\/newyorkceiling.com\/fr\/avertissement\/#breadcrumb\",\"itemListElement\":[{\"@type\":\"ListItem\",\"position\":1,\"name\":\"Home\",\"item\":\"https:\/\/newyorkceiling.com\/fr\/\"},{\"@type\":\"ListItem\",\"position\":2,\"name\":\"Avertissement\"}]},{\"@type\":\"WebSite\",\"@id\":\"https:\/\/newyorkceiling.com\/fr\/#website\",\"url\":\"https:\/\/newyorkceiling.com\/fr\/\",\"name\":\"New York Ceiling Co.\",\"description\":\"\",\"publisher\":{\"@id\":\"https:\/\/newyorkceiling.com\/fr\/#organization\"},\"potentialAction\":[{\"@type\":\"SearchAction\",\"target\":{\"@type\":\"EntryPoint\",\"urlTemplate\":\"https:\/\/newyorkceiling.com\/fr\/?s={search_term_string}\"},\"query-input\":{\"@type\":\"PropertyValueSpecification\",\"valueRequired\":true,\"valueName\":\"search_term_string\"}}],\"inLanguage\":\"fr-FR\"},{\"@type\":\"Organization\",\"@id\":\"https:\/\/newyorkceiling.com\/fr\/#organization\",\"name\":\"New York Ceiling Co.\",\"url\":\"https:\/\/newyorkceiling.com\/fr\/\",\"logo\":{\"@type\":\"ImageObject\",\"inLanguage\":\"fr-FR\",\"@id\":\"https:\/\/newyorkceiling.com\/fr\/#\/schema\/logo\/image\/\",\"url\":\"https:\/\/woocommerce-977722-3423925.cloudwaysapps.com\/wp-content\/uploads\/2021\/04\/New-York-Ceiling-Logo.png\",\"contentUrl\":\"https:\/\/woocommerce-977722-3423925.cloudwaysapps.com\/wp-content\/uploads\/2021\/04\/New-York-Ceiling-Logo.png\",\"width\":220,\"height\":88,\"caption\":\"New York Ceiling Co.\"},\"image\":{\"@id\":\"https:\/\/newyorkceiling.com\/fr\/#\/schema\/logo\/image\/\"}}]}<\/script>\n<!-- \/ Yoast SEO plugin. -->","yoast_head_json":{"title":"Avertissement - New York Ceiling Co.","robots":{"index":"index","follow":"follow","max-snippet":"max-snippet:-1","max-image-preview":"max-image-preview:large","max-video-preview":"max-video-preview:-1"},"canonical":"https:\/\/newyorkceiling.com\/fr\/avertissement\/","og_locale":"fr_FR","og_type":"article","og_title":"Avertissement - New York Ceiling Co.","og_description":"New York Ceiling Co., le cr\u00e9ateur et\/ou les personnes associ\u00e9es \u00e0 ce site ne peuvent \u00eatre tenus responsables des cons\u00e9quences de l&rsquo;utilisation des informations de ce site et de l&rsquo;application des produits NYC. Bien que le site ait \u00e9t\u00e9 r\u00e9alis\u00e9 avec le plus grand soin, aucune garantie ne peut \u00eatre donn\u00e9e quant \u00e0 l&rsquo;exhaustivit\u00e9, l&rsquo;actualit\u00e9 [...]","og_url":"https:\/\/newyorkceiling.com\/fr\/avertissement\/","og_site_name":"New York Ceiling Co.","article_modified_time":"2021-12-07T14:54:08+00:00","twitter_card":"summary_large_image","twitter_misc":{"Dur\u00e9e de lecture estim\u00e9e":"1 minute"},"schema":{"@context":"https:\/\/schema.org","@graph":[{"@type":"WebPage","@id":"https:\/\/newyorkceiling.com\/fr\/avertissement\/","url":"https:\/\/newyorkceiling.com\/fr\/avertissement\/","name":"Avertissement - New York Ceiling Co.","isPartOf":{"@id":"https:\/\/newyorkceiling.com\/fr\/#website"},"datePublished":"2021-08-11T13:27:54+00:00","dateModified":"2021-12-07T14:54:08+00:00","breadcrumb":{"@id":"https:\/\/newyorkceiling.com\/fr\/avertissement\/#breadcrumb"},"inLanguage":"fr-FR","potentialAction":[{"@type":"ReadAction","target":["https:\/\/newyorkceiling.com\/fr\/avertissement\/"]}]},{"@type":"BreadcrumbList","@id":"https:\/\/newyorkceiling.com\/fr\/avertissement\/#breadcrumb","itemListElement":[{"@type":"ListItem","position":1,"name":"Home","item":"https:\/\/newyorkceiling.com\/fr\/"},{"@type":"ListItem","position":2,"name":"Avertissement"}]},{"@type":"WebSite","@id":"https:\/\/newyorkceiling.com\/fr\/#website","url":"https:\/\/newyorkceiling.com\/fr\/","name":"New York Ceiling Co.","description":"","publisher":{"@id":"https:\/\/newyorkceiling.com\/fr\/#organization"},"potentialAction":[{"@type":"SearchAction","target":{"@type":"EntryPoint","urlTemplate":"https:\/\/newyorkceiling.com\/fr\/?s={search_term_string}"},"query-input":{"@type":"PropertyValueSpecification","valueRequired":true,"valueName":"search_term_string"}}],"inLanguage":"fr-FR"},{"@type":"Organization","@id":"https:\/\/newyorkceiling.com\/fr\/#organization","name":"New York Ceiling Co.","url":"https:\/\/newyorkceiling.com\/fr\/","logo":{"@type":"ImageObject","inLanguage":"fr-FR","@id":"https:\/\/newyorkceiling.com\/fr\/#\/schema\/logo\/image\/","url":"https:\/\/woocommerce-977722-3423925.cloudwaysapps.com\/wp-content\/uploads\/2021\/04\/New-York-Ceiling-Logo.png","contentUrl":"https:\/\/woocommerce-977722-3423925.cloudwaysapps.com\/wp-content\/uploads\/2021\/04\/New-York-Ceiling-Logo.png","width":220,"height":88,"caption":"New York Ceiling Co."},"image":{"@id":"https:\/\/newyorkceiling.com\/fr\/#\/schema\/logo\/image\/"}}]}},"_links":{"self":[{"href":"https:\/\/newyorkceiling.com\/fr\/wp-json\/wp\/v2\/pages\/14471","targetHints":{"allow":["GET"]}}],"collection":[{"href":"https:\/\/newyorkceiling.com\/fr\/wp-json\/wp\/v2\/pages"}],"about":[{"href":"https:\/\/newyorkceiling.com\/fr\/wp-json\/wp\/v2\/types\/page"}],"author":[{"embeddable":true,"href":"https:\/\/newyorkceiling.com\/fr\/wp-json\/wp\/v2\/users\/1"}],"replies":[{"embeddable":true,"href":"https:\/\/newyorkceiling.com\/fr\/wp-json\/wp\/v2\/comments?post=14471"}],"version-history":[{"count":0,"href":"https:\/\/newyorkceiling.com\/fr\/wp-json\/wp\/v2\/pages\/14471\/revisions"}],"wp:attachment":[{"href":"https:\/\/newyorkceiling.com\/fr\/wp-json\/wp\/v2\/media?parent=14471"}],"curies":[{"name":"wp","href":"https:\/\/api.w.org\/{rel}","templated":true}]}}