{"id":17551,"date":"2021-08-11T16:05:42","date_gmt":"2021-08-11T15:05:42","guid":{"rendered":"https:\/\/newyorkceiling.eo3.echtonline.dev\/?page_id=17551"},"modified":"2022-02-16T12:07:02","modified_gmt":"2022-02-16T11:07:02","slug":"privee","status":"publish","type":"page","link":"https:\/\/newyorkceiling.com\/fr\/comment-proceder\/privee\/","title":{"rendered":"Priv\u00e9e"},"content":{"rendered":"\n\n\t<section class=\"section\" id=\"section_916144002\">\n\t\t<div class=\"section-bg fill\" >\n\t\t\t\t\t\t\t\t\t<div class=\"section-bg-overlay absolute fill\"><\/div>\n\t\t\t\n\n\t\t<\/div>\n\n\t\t\n\n\t\t<div class=\"section-content relative\">\n\t\t\t\n\n\n  <div class=\"banner has-hover has-parallax\" id=\"banner-35240423\">\n          <div class=\"banner-inner fill\">\n        <div class=\"banner-bg fill\" data-parallax=\"-5\" data-parallax-container=\".banner\" data-parallax-background>\n            <img loading=\"lazy\" decoding=\"async\" width=\"1600\" height=\"1067\" src=\"https:\/\/newyorkceiling.com\/wp-content\/uploads\/2021\/06\/bedachterwand-koperen-wandbekleding-1.jpg\" class=\"bg attachment-original size-original wvs-archive-product-image\" alt=\"\" \/>                        <div class=\"overlay\"><\/div>            \n                    <\/div>\n\t\t\n        <div class=\"banner-layers container\">\n            <div class=\"fill banner-link\"><\/div>            \n\n   <div id=\"text-box-627600590\" class=\"text-box banner-layer x50 md-x50 lg-x50 y50 md-y50 lg-y50 res-text\">\n                                <div class=\"text-box-content text \">\n              \n              <div class=\"text-inner text-center\">\n                  \n\n\t<div id=\"text-3584142159\" class=\"text\">\n\t\t\n\n<h1><strong>Comment Proc\u00e9der<\/strong><\/h1>\n<p><span style=\"font-size: 130%;\"><strong>Tout ce que vous voulez savoir\n<\/strong><\/span><\/p>\n<p>Tout commence avec une id\u00e9e. Savez-vous o\u00f9 faire usage des possibilit\u00e9s de New York Ceiling Co\u00a0? Quel mur, meuble ou plafond voulez-vous embellir ? Quelle est l\u2019atmosph\u00e8re que vous voudriez r\u00e9aliser ? Cr\u00e9ez votre propre produit New York Ceiling Co. en ligne et laissez-vous inspirer.<\/p>\n\t\t\n<style>\n#text-3584142159 {\n  color: rgb(255, 255, 255);\n}\n#text-3584142159 > * {\n  color: rgb(255, 255, 255);\n}\n<\/style>\n\t<\/div>\n\t\n\n              <\/div>\n           <\/div>\n                            \n<style>\n#text-box-627600590 {\n  width: 60%;\n}\n#text-box-627600590 .text-box-content {\n  font-size: 100%;\n}\n<\/style>\n    <\/div>\n \n\n        <\/div>\n      <\/div>\n\n            \n<style>\n#banner-35240423 {\n  padding-top: 360px;\n  background-color: rgb(255,255,255);\n}\n#banner-35240423 .overlay {\n  background-color: rgba(0, 0, 0, 0.65);\n}\n#banner-35240423 .banner-bg img {\n  object-position: 51% 32%;\n}\n<\/style>\n  <\/div>\n\n\n<div class=\"row align-center\"  id=\"row-1051531378\">\n\n\n\t<div id=\"col-106958680\" class=\"col medium-5 small-12 large-5\"  >\n\t\t\t\t<div class=\"col-inner\"  >\n\t\t\t\n\t\t\t\n\n<h3><strong>Le choix de la couleur<\/strong><\/h3>\n<p>Des doutes sur la couleur ? Nous disposons d&rsquo;\u00e9chantillons de toutes les couleurs. Demandez la couleur qui vous int\u00e9resse et nous vous enverrons un \u00e9chantillon.<\/p>\n<p>Vous pouvez aussi venir visiter notre showroom de Bodegraven. Prenez rendez-vous via le formulaire de rendez-vous. Nous sommes ouverts pendant les jours ouvrables entre 9h00 et 17h00. Les visites se font uniquement sur rendez-vous.<\/p>\n<a href=\"https:\/\/newyorkceiling.com\/fr\/prendre-rendez-vous\/\" class=\"button primary\" >\n\t\t<span>VISITE DU SHOWROOM<\/span>\n\t<\/a>\n\n\n\n\t\t<\/div>\n\t\t\t\t\t<\/div>\n\n\t\n\n\t<div id=\"col-1586971740\" class=\"col medium-4 small-12 large-4\"  >\n\t\t\t\t<div class=\"col-inner\"  >\n\t\t\t\n\t\t\t\n\n\t<div class=\"img has-hover x md-x lg-x y md-y lg-y\" id=\"image_1984749885\">\n\t\t\t\t\t\t\t\t<div class=\"img-inner dark\" >\n\t\t\t<img loading=\"lazy\" decoding=\"async\" width=\"400\" height=\"400\" src=\"https:\/\/newyorkceiling.com\/wp-content\/uploads\/2021\/05\/34-gpp-400x400.jpeg\" class=\"attachment-medium size-medium wvs-archive-product-image\" alt=\"\" srcset=\"https:\/\/newyorkceiling.com\/wp-content\/uploads\/2021\/05\/34-gpp-400x400.jpeg 400w, https:\/\/newyorkceiling.com\/wp-content\/uploads\/2021\/05\/34-gpp-247x247.jpeg 247w, https:\/\/newyorkceiling.com\/wp-content\/uploads\/2021\/05\/34-gpp-100x100.jpeg 100w, https:\/\/newyorkceiling.com\/wp-content\/uploads\/2021\/05\/34-gpp-510x510.jpeg 510w, https:\/\/newyorkceiling.com\/wp-content\/uploads\/2021\/05\/34-gpp-280x280.jpeg 280w, https:\/\/newyorkceiling.com\/wp-content\/uploads\/2021\/05\/34-gpp.jpeg 750w\" sizes=\"auto, (max-width: 400px) 100vw, 400px\" \/>\t\t\t\t\t\t\n\t\t\t\t\t<\/div>\n\t\t\t\t\t\t\t\t\n<style>\n#image_1984749885 {\n  width: 93%;\n}\n<\/style>\n\t<\/div>\n\t\n\n\n\t\t<\/div>\n\t\t\t\t\t<\/div>\n\n\t\n\n\n<style>\n#row-1051531378 > .col > .col-inner {\n  padding: 24px 0px 0px 0px;\n}\n<\/style>\n<\/div>\n\n\t\t<\/div>\n\n\t\t\n<style>\n#section_916144002 {\n  padding-top: 0px;\n  padding-bottom: 0px;\n  margin-bottom: 0px;\n  background-color: rgb(208, 208, 208);\n}\n#section_916144002 .section-bg-overlay {\n  background-color: rgba(255, 255, 255, 0.85);\n}\n<\/style>\n\t<\/section>\n\t\n\n\t<section class=\"section\" id=\"section_570574409\">\n\t\t<div class=\"section-bg fill\" >\n\t\t\t\t\t\t\t\t\t\n\t\t\t\n\n\t\t<\/div>\n\n\t\t\n\n\t\t<div class=\"section-content relative\">\n\t\t\t\n\n<div class=\"row row-small align-middle align-center\"  id=\"row-1448270043\">\n\n\n\t<div id=\"col-682033977\" class=\"col medium-7 small-12 large-7\"  >\n\t\t\t\t<div class=\"col-inner text-left\"  >\n\t\t\t\n\t\t\t\n\n<h2>Commander en ligne<\/h2>\n<ul class=\"styled-numbered-list\">\n<li><span class=\"number\">1<\/span>Dans <a href=\"https:\/\/newyorkceiling.com\/product-samenstellen\/\">la section composition du produit<\/a>, vous est donn\u00e9e la possibilit\u00e9 de personnaliser vos panneaux de plafond et de mur. Dans la couleur qui vous pla\u00eet, en combinaison avec le motif que vous pr\u00e9f\u00e9rez.<\/li>\n<li><span class=\"number\">2<\/span>Vous pourrez voir directement le prix correspondant. La couleur a un impact sur le prix, ind\u00e9pendamment du motif ou de la version.<\/li>\n<li><span class=\"number\">3<\/span>S\u2019il s&rsquo;agit d\u2019un volume de commande important, <a href=\"https:\/\/newyorkceiling.com\/mijn-account\/\">n\u2019h\u00e9sitez pas \u00e0 demander<\/a> un devis pour le rev\u00eatement de mur ou de plafond que vous avez choisi.<\/li>\n<li><span class=\"number\">4<\/span>Vous pourrez, ensuite, placer votre commande sans probl\u00e8me. Sera proc\u00e9d\u00e9 au traitement de la commande apr\u00e8s r\u00e9ception du paiement.<\/li>\n<li><span class=\"number\">5<\/span>Les panneaux peuvent \u00eatre collect\u00e9s ou exp\u00e9di\u00e9s. Vous pouvez indiquer, lors de la commande, s\u2019ils doivent \u00eatre collect\u00e9s ou exp\u00e9di\u00e9s. Vous pouvez conna\u00eetre les frais d&rsquo;exp\u00e9dition en saisissant l&rsquo;adresse de livraison.<\/li>\n<li><span class=\"number\">6<\/span>D\u00e8s que le produit sera pr\u00eat, nous vous contacterons pour convenir d&rsquo;une date d&rsquo;enl\u00e8vement ou d&rsquo;exp\u00e9dition.<\/li>\n<\/ul>\n<a href=\"https:\/\/newyorkceiling.com\/fr\/creez-votre-produit\/\" class=\"button primary\" >\n\t\t<span>COMMANDER\/ DEMANDER UN DEVIS<\/span>\n\t<\/a>\n\n\n\n\t\t<\/div>\n\t\t\t\t\n<style>\n#col-682033977 > .col-inner {\n  padding: 30px 0px 0px 0px;\n}\n<\/style>\n\t<\/div>\n\n\t\n\n<\/div>\n\n\t\t<\/div>\n\n\t\t\n<style>\n#section_570574409 {\n  padding-top: 30px;\n  padding-bottom: 30px;\n}\n<\/style>\n\t<\/section>\n\t\n\n\t<section class=\"section\" id=\"section_1979716758\">\n\t\t<div class=\"section-bg fill\" >\n\t\t\t\t\t\t\t\t\t<div class=\"section-bg-overlay absolute fill\"><\/div>\n\t\t\t\n\n\t\t<\/div>\n\n\t\t\n\n\t\t<div class=\"section-content relative\">\n\t\t\t\n\n<div class=\"row align-center\"  id=\"row-1815238525\">\n\n\n\t<div id=\"col-499797350\" class=\"col medium-4 small-12 large-4\"  >\n\t\t\t\t<div class=\"col-inner\"  >\n\t\t\t\n\t\t\t\n\n\t<div class=\"img has-hover x md-x lg-x y md-y lg-y\" id=\"image_2027789026\">\n\t\t\t\t\t\t\t\t<div class=\"img-inner dark\" >\n\t\t\t<img loading=\"lazy\" decoding=\"async\" width=\"267\" height=\"400\" src=\"https:\/\/newyorkceiling.com\/wp-content\/uploads\/2021\/06\/Bar-Republic-15-267x400.jpeg\" class=\"attachment-medium size-medium wvs-archive-product-image\" alt=\"\" srcset=\"https:\/\/newyorkceiling.com\/wp-content\/uploads\/2021\/06\/Bar-Republic-15-267x400.jpeg 267w, https:\/\/newyorkceiling.com\/wp-content\/uploads\/2021\/06\/Bar-Republic-15-510x765.jpeg 510w, https:\/\/newyorkceiling.com\/wp-content\/uploads\/2021\/06\/Bar-Republic-15-533x800.jpeg 533w, https:\/\/newyorkceiling.com\/wp-content\/uploads\/2021\/06\/Bar-Republic-15-768x1152.jpeg 768w, https:\/\/newyorkceiling.com\/wp-content\/uploads\/2021\/06\/Bar-Republic-15.jpeg 853w\" sizes=\"auto, (max-width: 267px) 100vw, 267px\" \/>\t\t\t\t\t\t\n\t\t\t\t\t<\/div>\n\t\t\t\t\t\t\t\t\n<style>\n#image_2027789026 {\n  width: 90%;\n}\n<\/style>\n\t<\/div>\n\t\n\n\n\t\t<\/div>\n\t\t\t\t\t<\/div>\n\n\t\n\n\t<div id=\"col-509478322\" class=\"col medium-5 small-12 large-5\"  >\n\t\t\t\t<div class=\"col-inner\"  >\n\t\t\t\n\t\t\t\n\n<h3><strong>D\u00e9lai de livraison<br \/>\n<\/strong><\/h3>\n<p>Chaque produit est fabriqu\u00e9 sur mesure. Les d\u00e9lais de livraison ci-dessous peuvent \u00eatre utilis\u00e9s \u00e0 titre indicatif. Apr\u00e8s r\u00e9ception de l&rsquo;acompte, le d\u00e9lai de livraison sera confirm\u00e9. Du fait de la production personnalis\u00e9e et des questions logistiques, ces temps n\u2019ont, cependant, qu\u2019une valeur indicative.<\/p>\n<table>\n<tbody>\n<tr>\n<td><strong>nail-up | RAW<\/strong><\/td>\n<td>approx. 4 weeks<\/td>\n<\/tr>\n<tr>\n<td><strong>nail-up | rev\u00eatement de poudre<\/strong><\/td>\n<td>approx. 5 weeks<\/td>\n<\/tr>\n<tr>\n<td><strong>nail-up | s\u00e9rie Art<\/strong><\/td>\n<td>approx. 6 weeks<\/td>\n<\/tr>\n<tr>\n<td><strong>drop-in | RAW<\/strong><\/td>\n<td>approx. 7 weeks<\/td>\n<\/tr>\n<tr>\n<td><strong>drop-in | rev\u00eatement de poudre1<\/strong><\/td>\n<td>approx. 8 weeks<\/td>\n<\/tr>\n<\/tbody>\n<\/table>\n<a href=\"https:\/\/newyorkceiling.com\/fr\/creez-votre-produit\/\" class=\"button primary\" >\n\t\t<span>COMMANDER<\/span>\n\t<\/a>\n\n\n\n\t\t<\/div>\n\t\t\t\t\t<\/div>\n\n\t\n\n<\/div>\n\n\t\t<\/div>\n\n\t\t\n<style>\n#section_1979716758 {\n  padding-top: 60px;\n  padding-bottom: 60px;\n  margin-bottom: 0px;\n  background-color: rgb(208, 208, 208);\n}\n#section_1979716758 .section-bg-overlay {\n  background-color: rgba(255, 255, 255, 0.85);\n}\n<\/style>\n\t<\/section>\n\t\n\n\t<section class=\"section dark has-parallax\" id=\"section_1446790693\">\n\t\t<div class=\"section-bg fill\" data-parallax-container=\".section\" data-parallax-background data-parallax=\"-3\">\n\t\t\t<img loading=\"lazy\" decoding=\"async\" width=\"1080\" height=\"1080\" src=\"https:\/\/newyorkceiling.com\/wp-content\/uploads\/2021\/04\/tattooshop-tim-knubben.jpg\" class=\"bg attachment- size- wvs-archive-product-image\" alt=\"\" \/>\t\t\t\t\t\t<div class=\"section-bg-overlay absolute fill\"><\/div>\n\t\t\t\n\n\t\t<\/div>\n\n\t\t\n\n\t\t<div class=\"section-content relative\">\n\t\t\t\n\n<div class=\"row row-collapse row-full-width align-center\"  id=\"row-1460181299\">\n\n\n\t<div id=\"col-1516921236\" class=\"col medium-8 small-12 large-8\"  >\n\t\t\t\t<div class=\"col-inner text-center\"  >\n\t\t\t\n\t\t\t\n\n<h2><strong>Grosse baisse ?<\/strong><\/h2>\n<p><span style=\"font-size: 150%;\">Demandez un devis personnalis\u00e9.<\/span><\/p>\n<a href=\"https:\/\/newyorkceiling.com\/fr\/compte-professionnel-sinscrire\/\" class=\"button primary\" >\n\t\t<span>Demander un compte entreprise<\/span>\n\t<\/a>\n\n\n\n\t\t<\/div>\n\t\t\t\t\n<style>\n#col-1516921236 > .col-inner {\n  padding: 50px 0px 50px 0px;\n}\n<\/style>\n\t<\/div>\n\n\t\n\n<\/div>\n\n\t\t<\/div>\n\n\t\t\n<style>\n#section_1446790693 {\n  padding-top: 30px;\n  padding-bottom: 30px;\n  background-color: rgb(40, 40, 40);\n}\n#section_1446790693 .section-bg-overlay {\n  background-color: rgba(0, 0, 0, 0.65);\n}\n#section_1446790693 .section-bg img {\n  object-position: 66% 12%;\n}\n<\/style>\n\t<\/section>\n\t\n\n","protected":false},"excerpt":{"rendered":"","protected":false},"author":1,"featured_media":0,"parent":13155,"menu_order":0,"comment_status":"closed","ping_status":"closed","template":"page-blank.php","meta":{"footnotes":""},"class_list":["post-17551","page","type-page","status-publish","hentry"],"yoast_head":"<!-- This site is optimized with the Yoast SEO plugin v27.5 - https:\/\/yoast.com\/product\/yoast-seo-wordpress\/ -->\n<title>Priv\u00e9e - New York Ceiling Co.<\/title>\n<meta name=\"robots\" content=\"index, follow, max-snippet:-1, max-image-preview:large, max-video-preview:-1\" \/>\n<link rel=\"canonical\" href=\"https:\/\/newyorkceiling.com\/fr\/comment-proceder\/privee\/\" \/>\n<meta property=\"og:locale\" content=\"fr_FR\" \/>\n<meta property=\"og:type\" content=\"article\" \/>\n<meta property=\"og:title\" content=\"Priv\u00e9e - New York Ceiling Co.\" \/>\n<meta property=\"og:url\" content=\"https:\/\/newyorkceiling.com\/fr\/comment-proceder\/privee\/\" \/>\n<meta property=\"og:site_name\" content=\"New York Ceiling Co.\" \/>\n<meta property=\"article:modified_time\" content=\"2022-02-16T11:07:02+00:00\" \/>\n<meta name=\"twitter:card\" content=\"summary_large_image\" \/>\n<meta name=\"twitter:label1\" content=\"Dur\u00e9e de lecture estim\u00e9e\" \/>\n\t<meta name=\"twitter:data1\" content=\"3 minutes\" \/>\n<script type=\"application\/ld+json\" class=\"yoast-schema-graph\">{\"@context\":\"https:\\\/\\\/schema.org\",\"@graph\":[{\"@type\":\"WebPage\",\"@id\":\"https:\\\/\\\/newyorkceiling.com\\\/fr\\\/comment-proceder\\\/privee\\\/\",\"url\":\"https:\\\/\\\/newyorkceiling.com\\\/fr\\\/comment-proceder\\\/privee\\\/\",\"name\":\"Priv\u00e9e - New York Ceiling Co.\",\"isPartOf\":{\"@id\":\"https:\\\/\\\/newyorkceiling.com\\\/fr\\\/#website\"},\"datePublished\":\"2021-08-11T15:05:42+00:00\",\"dateModified\":\"2022-02-16T11:07:02+00:00\",\"breadcrumb\":{\"@id\":\"https:\\\/\\\/newyorkceiling.com\\\/fr\\\/comment-proceder\\\/privee\\\/#breadcrumb\"},\"inLanguage\":\"fr-FR\",\"potentialAction\":[{\"@type\":\"ReadAction\",\"target\":[\"https:\\\/\\\/newyorkceiling.com\\\/fr\\\/comment-proceder\\\/privee\\\/\"]}]},{\"@type\":\"BreadcrumbList\",\"@id\":\"https:\\\/\\\/newyorkceiling.com\\\/fr\\\/comment-proceder\\\/privee\\\/#breadcrumb\",\"itemListElement\":[{\"@type\":\"ListItem\",\"position\":1,\"name\":\"Home\",\"item\":\"https:\\\/\\\/newyorkceiling.com\\\/fr\\\/\"},{\"@type\":\"ListItem\",\"position\":2,\"name\":\"Comment proc\u00e9der\",\"item\":\"https:\\\/\\\/newyorkceiling.com\\\/fr\\\/werkwijze\\\/\"},{\"@type\":\"ListItem\",\"position\":3,\"name\":\"Priv\u00e9e\"}]},{\"@type\":\"WebSite\",\"@id\":\"https:\\\/\\\/newyorkceiling.com\\\/fr\\\/#website\",\"url\":\"https:\\\/\\\/newyorkceiling.com\\\/fr\\\/\",\"name\":\"New York Ceiling Co.\",\"description\":\"\",\"publisher\":{\"@id\":\"https:\\\/\\\/newyorkceiling.com\\\/fr\\\/#organization\"},\"potentialAction\":[{\"@type\":\"SearchAction\",\"target\":{\"@type\":\"EntryPoint\",\"urlTemplate\":\"https:\\\/\\\/newyorkceiling.com\\\/fr\\\/?s={search_term_string}\"},\"query-input\":{\"@type\":\"PropertyValueSpecification\",\"valueRequired\":true,\"valueName\":\"search_term_string\"}}],\"inLanguage\":\"fr-FR\"},{\"@type\":\"Organization\",\"@id\":\"https:\\\/\\\/newyorkceiling.com\\\/fr\\\/#organization\",\"name\":\"New York Ceiling Co.\",\"url\":\"https:\\\/\\\/newyorkceiling.com\\\/fr\\\/\",\"logo\":{\"@type\":\"ImageObject\",\"inLanguage\":\"fr-FR\",\"@id\":\"https:\\\/\\\/newyorkceiling.com\\\/fr\\\/#\\\/schema\\\/logo\\\/image\\\/\",\"url\":\"https:\\\/\\\/woocommerce-977722-3423925.cloudwaysapps.com\\\/wp-content\\\/uploads\\\/2021\\\/04\\\/New-York-Ceiling-Logo.png\",\"contentUrl\":\"https:\\\/\\\/woocommerce-977722-3423925.cloudwaysapps.com\\\/wp-content\\\/uploads\\\/2021\\\/04\\\/New-York-Ceiling-Logo.png\",\"width\":220,\"height\":88,\"caption\":\"New York Ceiling Co.\"},\"image\":{\"@id\":\"https:\\\/\\\/newyorkceiling.com\\\/fr\\\/#\\\/schema\\\/logo\\\/image\\\/\"}}]}<\/script>\n<!-- \/ Yoast SEO plugin. -->","yoast_head_json":{"title":"Priv\u00e9e - New York Ceiling Co.","robots":{"index":"index","follow":"follow","max-snippet":"max-snippet:-1","max-image-preview":"max-image-preview:large","max-video-preview":"max-video-preview:-1"},"canonical":"https:\/\/newyorkceiling.com\/fr\/comment-proceder\/privee\/","og_locale":"fr_FR","og_type":"article","og_title":"Priv\u00e9e - New York Ceiling Co.","og_url":"https:\/\/newyorkceiling.com\/fr\/comment-proceder\/privee\/","og_site_name":"New York Ceiling Co.","article_modified_time":"2022-02-16T11:07:02+00:00","twitter_card":"summary_large_image","twitter_misc":{"Dur\u00e9e de lecture estim\u00e9e":"3 minutes"},"schema":{"@context":"https:\/\/schema.org","@graph":[{"@type":"WebPage","@id":"https:\/\/newyorkceiling.com\/fr\/comment-proceder\/privee\/","url":"https:\/\/newyorkceiling.com\/fr\/comment-proceder\/privee\/","name":"Priv\u00e9e - New York Ceiling Co.","isPartOf":{"@id":"https:\/\/newyorkceiling.com\/fr\/#website"},"datePublished":"2021-08-11T15:05:42+00:00","dateModified":"2022-02-16T11:07:02+00:00","breadcrumb":{"@id":"https:\/\/newyorkceiling.com\/fr\/comment-proceder\/privee\/#breadcrumb"},"inLanguage":"fr-FR","potentialAction":[{"@type":"ReadAction","target":["https:\/\/newyorkceiling.com\/fr\/comment-proceder\/privee\/"]}]},{"@type":"BreadcrumbList","@id":"https:\/\/newyorkceiling.com\/fr\/comment-proceder\/privee\/#breadcrumb","itemListElement":[{"@type":"ListItem","position":1,"name":"Home","item":"https:\/\/newyorkceiling.com\/fr\/"},{"@type":"ListItem","position":2,"name":"Comment proc\u00e9der","item":"https:\/\/newyorkceiling.com\/fr\/werkwijze\/"},{"@type":"ListItem","position":3,"name":"Priv\u00e9e"}]},{"@type":"WebSite","@id":"https:\/\/newyorkceiling.com\/fr\/#website","url":"https:\/\/newyorkceiling.com\/fr\/","name":"New York Ceiling Co.","description":"","publisher":{"@id":"https:\/\/newyorkceiling.com\/fr\/#organization"},"potentialAction":[{"@type":"SearchAction","target":{"@type":"EntryPoint","urlTemplate":"https:\/\/newyorkceiling.com\/fr\/?s={search_term_string}"},"query-input":{"@type":"PropertyValueSpecification","valueRequired":true,"valueName":"search_term_string"}}],"inLanguage":"fr-FR"},{"@type":"Organization","@id":"https:\/\/newyorkceiling.com\/fr\/#organization","name":"New York Ceiling Co.","url":"https:\/\/newyorkceiling.com\/fr\/","logo":{"@type":"ImageObject","inLanguage":"fr-FR","@id":"https:\/\/newyorkceiling.com\/fr\/#\/schema\/logo\/image\/","url":"https:\/\/woocommerce-977722-3423925.cloudwaysapps.com\/wp-content\/uploads\/2021\/04\/New-York-Ceiling-Logo.png","contentUrl":"https:\/\/woocommerce-977722-3423925.cloudwaysapps.com\/wp-content\/uploads\/2021\/04\/New-York-Ceiling-Logo.png","width":220,"height":88,"caption":"New York Ceiling Co."},"image":{"@id":"https:\/\/newyorkceiling.com\/fr\/#\/schema\/logo\/image\/"}}]}},"_links":{"self":[{"href":"https:\/\/newyorkceiling.com\/fr\/wp-json\/wp\/v2\/pages\/17551","targetHints":{"allow":["GET"]}}],"collection":[{"href":"https:\/\/newyorkceiling.com\/fr\/wp-json\/wp\/v2\/pages"}],"about":[{"href":"https:\/\/newyorkceiling.com\/fr\/wp-json\/wp\/v2\/types\/page"}],"author":[{"embeddable":true,"href":"https:\/\/newyorkceiling.com\/fr\/wp-json\/wp\/v2\/users\/1"}],"replies":[{"embeddable":true,"href":"https:\/\/newyorkceiling.com\/fr\/wp-json\/wp\/v2\/comments?post=17551"}],"version-history":[{"count":0,"href":"https:\/\/newyorkceiling.com\/fr\/wp-json\/wp\/v2\/pages\/17551\/revisions"}],"up":[{"embeddable":true,"href":"https:\/\/newyorkceiling.com\/fr\/wp-json\/wp\/v2\/pages\/13155"}],"wp:attachment":[{"href":"https:\/\/newyorkceiling.com\/fr\/wp-json\/wp\/v2\/media?parent=17551"}],"curies":[{"name":"wp","href":"https:\/\/api.w.org\/{rel}","templated":true}]}}