{"id":17555,"date":"2021-08-11T16:07:19","date_gmt":"2021-08-11T15:07:19","guid":{"rendered":"https:\/\/newyorkceiling.eo3.echtonline.dev\/?page_id=17555"},"modified":"2022-03-21T12:17:51","modified_gmt":"2022-03-21T11:17:51","slug":"commercial","status":"publish","type":"page","link":"https:\/\/newyorkceiling.com\/fr\/comment-proceder\/commercial\/","title":{"rendered":"Commercial"},"content":{"rendered":"\n\n\t<section class=\"section\" id=\"section_1477088217\">\n\t\t<div class=\"section-bg fill\" >\n\t\t\t\t\t\t\t\t\t<div class=\"section-bg-overlay absolute fill\"><\/div>\n\t\t\t\n\n\t\t<\/div>\n\n\t\t\n\n\t\t<div class=\"section-content relative\">\n\t\t\t\n\n\n  <div class=\"banner has-hover has-parallax\" id=\"banner-1887048840\">\n          <div class=\"banner-inner fill\">\n        <div class=\"banner-bg fill\" data-parallax=\"-5\" data-parallax-container=\".banner\" data-parallax-background>\n            <img loading=\"lazy\" decoding=\"async\" width=\"1920\" height=\"1280\" src=\"https:\/\/newyorkceiling.com\/wp-content\/uploads\/2021\/06\/WICC_metallicgold23_blacklacqgloss3-2-scaled.jpg\" class=\"bg attachment-original size-original wvs-archive-product-image\" alt=\"\" \/>                        <div class=\"overlay\"><\/div>            \n                    <\/div>\n\t\t\n        <div class=\"banner-layers container\">\n            <div class=\"fill banner-link\"><\/div>            \n\n   <div id=\"text-box-2116685352\" class=\"text-box banner-layer x50 md-x50 lg-x50 y50 md-y50 lg-y50 res-text\">\n                                <div class=\"text-box-content text \">\n              \n              <div class=\"text-inner text-center\">\n                  \n\n\t<div id=\"text-4116942200\" class=\"text\">\n\t\t\n\n<h1><strong>Comment proc\u00e9der<\/strong><\/h1>\n<p><span style=\"font-size: 140%;\"><strong>Vous \u00eates un professionnel et vous souhaitez passer une commande<\/strong><\/span><\/p>\n<p>\u00cates-vous un constructeur d&rsquo;int\u00e9rieurs, un architecte d&rsquo;int\u00e9rieur ou un entrepreneur du secteur de l&rsquo;h\u00f4tellerie ou de la restauration ? Et aimeriez-vous travailler avec New York Ceiling Co ? En tant que professionnel, vous \u00eates habilit\u00e9 \u00e0 utiliser les conditions PRO.<\/p>\n\t\t\n<style>\n#text-4116942200 {\n  color: rgb(255, 255, 255);\n}\n#text-4116942200 > * {\n  color: rgb(255, 255, 255);\n}\n<\/style>\n\t<\/div>\n\t\n\n              <\/div>\n           <\/div>\n                            \n<style>\n#text-box-2116685352 {\n  width: 66%;\n}\n#text-box-2116685352 .text-box-content {\n  font-size: 100%;\n}\n<\/style>\n    <\/div>\n \n\n        <\/div>\n      <\/div>\n\n            \n<style>\n#banner-1887048840 {\n  padding-top: 360px;\n  background-color: rgb(255,255,255);\n}\n#banner-1887048840 .overlay {\n  background-color: rgba(0, 0, 0, 0.65);\n}\n#banner-1887048840 .banner-bg img {\n  object-position: 54% 18%;\n}\n<\/style>\n  <\/div>\n\n\n<div class=\"row align-equal align-center\"  id=\"row-1487397517\">\n\n\n\t<div id=\"col-1287065831\" class=\"col medium-7 small-12 large-7\"  >\n\t\t\t\t<div class=\"col-inner\"  >\n\t\t\t\n\t\t\t\n\n<h3><strong>Commander en ligne<\/strong><\/h3>\n<p>En tant que client PRO, vous pouvez demander un identifiant de connexion pour acc\u00e9der \u00e0 notre boutique professionnelle en ligne. Vous verrez automatiquement le prix \u00e0 payer. La couleur a un impact sur le prix, ind\u00e9pendamment du motif ou de la version.<\/p>\n<a href=\"https:\/\/newyorkceiling.com\/fr\/compte-professionnel-sinscrire\/\" class=\"button primary\" >\n\t\t<span>OUVRIR UN COMPTE PROFESSIONNEL<\/span>\n\t<\/a>\n\n\n\n\t\t<\/div>\n\t\t\t\t\t<\/div>\n\n\t\n\n\n<style>\n#row-1487397517 > .col > .col-inner {\n  padding: 16px 0px 0px 0px;\n}\n<\/style>\n<\/div>\n\n\t\t<\/div>\n\n\t\t\n<style>\n#section_1477088217 {\n  padding-top: 0px;\n  padding-bottom: 0px;\n  margin-bottom: 0px;\n  background-color: rgb(208, 208, 208);\n}\n#section_1477088217 .section-bg-overlay {\n  background-color: rgba(255, 255, 255, 0.85);\n}\n<\/style>\n\t<\/section>\n\t\n\n\t<section class=\"section\" id=\"section_1140543275\">\n\t\t<div class=\"section-bg fill\" >\n\t\t\t\t\t\t\t\t\t\n\t\t\t\n\n\t\t<\/div>\n\n\t\t\n\n\t\t<div class=\"section-content relative\">\n\t\t\t\n\n<div class=\"row align-center\"  id=\"row-365701599\">\n\n\n\t<div id=\"col-420056218\" class=\"col medium-4 small-12 large-4\"  >\n\t\t\t\t<div class=\"col-inner\"  >\n\t\t\t\n\t\t\t\n\n\t<div class=\"img has-hover x md-x lg-x y md-y lg-y\" id=\"image_1828517517\">\n\t\t\t\t\t\t\t\t<div class=\"img-inner dark\" >\n\t\t\t<img loading=\"lazy\" decoding=\"async\" width=\"400\" height=\"400\" src=\"https:\/\/newyorkceiling.com\/wp-content\/uploads\/2021\/06\/30-orb-400x400.jpeg\" class=\"attachment-medium size-medium wvs-archive-product-image\" alt=\"\" srcset=\"https:\/\/newyorkceiling.com\/wp-content\/uploads\/2021\/06\/30-orb-400x400.jpeg 400w, https:\/\/newyorkceiling.com\/wp-content\/uploads\/2021\/06\/30-orb-247x247.jpeg 247w, https:\/\/newyorkceiling.com\/wp-content\/uploads\/2021\/06\/30-orb-100x100.jpeg 100w, https:\/\/newyorkceiling.com\/wp-content\/uploads\/2021\/06\/30-orb-510x510.jpeg 510w, https:\/\/newyorkceiling.com\/wp-content\/uploads\/2021\/06\/30-orb-280x280.jpeg 280w, https:\/\/newyorkceiling.com\/wp-content\/uploads\/2021\/06\/30-orb.jpeg 750w\" sizes=\"auto, (max-width: 400px) 100vw, 400px\" \/>\t\t\t\t\t\t\n\t\t\t\t\t<\/div>\n\t\t\t\t\t\t\t\t\n<style>\n#image_1828517517 {\n  width: 90%;\n}\n<\/style>\n\t<\/div>\n\t\n\n\n\t\t<\/div>\n\t\t\t\t\t<\/div>\n\n\t\n\n\t<div id=\"col-1477466051\" class=\"col medium-6 small-12 large-6\"  >\n\t\t\t\t<div class=\"col-inner\"  >\n\t\t\t\n\t\t\t\n\n<h3><strong>Liste de prix<\/strong><\/h3>\n<p>Pour avoir une id\u00e9e des prix, demandez \u00e0 recevoir la liste des prix. Envoyez-nous un e-mail avec le nom et les coordonn\u00e9es de l&rsquo;entreprise et nous vous enverrons la liste des prix. La couleur a un impact sur le prix, ind\u00e9pendamment du motif ou de la version.<\/p>\n<a href=\"https:\/\/newyorkceiling.com\/fr\/demander-la-liste-des-prix\/\" class=\"button primary\" >\n\t\t<span>DEMANDER LA LISTE DES PRIX<\/span>\n\t<\/a>\n\n\n\n\t\t<\/div>\n\t\t\t\t\t<\/div>\n\n\t\n\n\n<style>\n#row-365701599 > .col > .col-inner {\n  padding: 24px 0px 0px 0px;\n}\n<\/style>\n<\/div>\n\n\t\t<\/div>\n\n\t\t\n<style>\n#section_1140543275 {\n  padding-top: 30px;\n  padding-bottom: 30px;\n}\n<\/style>\n\t<\/section>\n\t\n\n\t<section class=\"section\" id=\"section_1686383972\">\n\t\t<div class=\"section-bg fill\" >\n\t\t\t\t\t\t\t\t\t\n\t\t\t\n\n\t\t<\/div>\n\n\t\t\n\n\t\t<div class=\"section-content relative\">\n\t\t\t\n\n<div class=\"row align-center\"  id=\"row-230776390\">\n\n\n\t<div id=\"col-1498009003\" class=\"col medium-6 small-12 large-6\"  >\n\t\t\t\t<div class=\"col-inner\"  >\n\t\t\t\n\t\t\t\n\n<h3><strong>Le choix de la couleur<\/strong><\/h3>\n<p>Nous disposons d&rsquo;\u00e9chantillons de toutes les couleurs. Voulez-vous montrer une couleur particuli\u00e8re \u00e0 l\u2019un de vos clients ? Demandez-nous un \u00e9chantillon. Vous pouvez aussi venir visiter notre showroom de Bodegraven. Prenez rendez-vous via le formulaire de rendez-vous.<\/p>\n<a href=\"https:\/\/newyorkceiling.com\/fr\/prendre-rendez-vous\/\" class=\"button primary\" >\n\t\t<span>VISITE DU SHOWROOM<\/span>\n\t<\/a>\n\n\n\n\t\t<\/div>\n\t\t\t\t\t<\/div>\n\n\t\n\n\t<div id=\"col-1388320205\" class=\"col medium-4 small-12 large-4\"  >\n\t\t\t\t<div class=\"col-inner\"  >\n\t\t\t\n\t\t\t\n\n\t<div class=\"img has-hover x md-x lg-x y md-y lg-y\" id=\"image_1497999574\">\n\t\t\t\t\t\t\t\t<div class=\"img-inner dark\" >\n\t\t\t<img loading=\"lazy\" decoding=\"async\" width=\"400\" height=\"400\" src=\"https:\/\/newyorkceiling.com\/wp-content\/uploads\/2021\/06\/31-crt-400x400.jpeg\" class=\"attachment-medium size-medium wvs-archive-product-image\" alt=\"\" srcset=\"https:\/\/newyorkceiling.com\/wp-content\/uploads\/2021\/06\/31-crt-400x400.jpeg 400w, https:\/\/newyorkceiling.com\/wp-content\/uploads\/2021\/06\/31-crt-247x247.jpeg 247w, https:\/\/newyorkceiling.com\/wp-content\/uploads\/2021\/06\/31-crt-100x100.jpeg 100w, https:\/\/newyorkceiling.com\/wp-content\/uploads\/2021\/06\/31-crt-510x510.jpeg 510w, https:\/\/newyorkceiling.com\/wp-content\/uploads\/2021\/06\/31-crt-280x280.jpeg 280w, https:\/\/newyorkceiling.com\/wp-content\/uploads\/2021\/06\/31-crt.jpeg 750w\" sizes=\"auto, (max-width: 400px) 100vw, 400px\" \/>\t\t\t\t\t\t\n\t\t\t\t\t<\/div>\n\t\t\t\t\t\t\t\t\n<style>\n#image_1497999574 {\n  width: 90%;\n}\n<\/style>\n\t<\/div>\n\t\n\n\n\t\t<\/div>\n\t\t\t\t\t<\/div>\n\n\t\n\n\n<style>\n#row-230776390 > .col > .col-inner {\n  padding: 24px 0px 0px 0px;\n}\n<\/style>\n<\/div>\n\n\t\t<\/div>\n\n\t\t\n<style>\n#section_1686383972 {\n  padding-top: 30px;\n  padding-bottom: 30px;\n}\n<\/style>\n\t<\/section>\n\t\n\n\t<section class=\"section\" id=\"section_199775027\">\n\t\t<div class=\"section-bg fill\" >\n\t\t\t\t\t\t\t\t\t<div class=\"section-bg-overlay absolute fill\"><\/div>\n\t\t\t\n\n\t\t<\/div>\n\n\t\t\n\n\t\t<div class=\"section-content relative\">\n\t\t\t\n\n<div class=\"row align-center\"  id=\"row-1749606589\">\n\n\n\t<div id=\"col-1401355976\" class=\"col medium-4 small-12 large-4\"  >\n\t\t\t\t<div class=\"col-inner\"  >\n\t\t\t\n\t\t\t\n\n\t<div class=\"img has-hover x md-x lg-x y md-y lg-y\" id=\"image_1575024884\">\n\t\t\t\t\t\t\t\t<div class=\"img-inner dark\" >\n\t\t\t<img loading=\"lazy\" decoding=\"async\" width=\"300\" height=\"400\" src=\"https:\/\/newyorkceiling.com\/wp-content\/uploads\/2021\/06\/DP-Leiden-Stationsweg-NY-Ceiling-foto-1-300x400.jpeg\" class=\"attachment-medium size-medium wvs-archive-product-image\" alt=\"\" srcset=\"https:\/\/newyorkceiling.com\/wp-content\/uploads\/2021\/06\/DP-Leiden-Stationsweg-NY-Ceiling-foto-1-300x400.jpeg 300w, https:\/\/newyorkceiling.com\/wp-content\/uploads\/2021\/06\/DP-Leiden-Stationsweg-NY-Ceiling-foto-1-510x680.jpeg 510w, https:\/\/newyorkceiling.com\/wp-content\/uploads\/2021\/06\/DP-Leiden-Stationsweg-NY-Ceiling-foto-1-600x800.jpeg 600w, https:\/\/newyorkceiling.com\/wp-content\/uploads\/2021\/06\/DP-Leiden-Stationsweg-NY-Ceiling-foto-1-768x1024.jpeg 768w, https:\/\/newyorkceiling.com\/wp-content\/uploads\/2021\/06\/DP-Leiden-Stationsweg-NY-Ceiling-foto-1-1152x1536.jpeg 1152w, https:\/\/newyorkceiling.com\/wp-content\/uploads\/2021\/06\/DP-Leiden-Stationsweg-NY-Ceiling-foto-1.jpeg 1200w\" sizes=\"auto, (max-width: 300px) 100vw, 300px\" \/>\t\t\t\t\t\t\n\t\t\t\t\t<\/div>\n\t\t\t\t\t\t\t\t\n<style>\n#image_1575024884 {\n  width: 90%;\n}\n<\/style>\n\t<\/div>\n\t\n\n\n\t\t<\/div>\n\t\t\t\t\t<\/div>\n\n\t\n\n\t<div id=\"col-1975262674\" class=\"col medium-6 small-12 large-6\"  >\n\t\t\t\t<div class=\"col-inner\"  >\n\t\t\t\n\t\t\t\n\n<h3><strong>D\u00e9lai de livraison<\/strong><\/h3>\n<p>Chaque produit est fabriqu\u00e9 sur mesure. Les d\u00e9lais de livraison ci-dessous peuvent vous donner une id\u00e9e de ce \u00e0 quoi vous devez vous attendre. Le d\u00e9lai de livraison commence apr\u00e8s r\u00e9ception de l&rsquo;acompte.<\/p>\n<table>\n<tbody>\n<tr>\n<td><strong>nail-up | RAW<\/strong><\/td>\n<td>environ 4 semaines<\/td>\n<\/tr>\n<tr>\n<td><strong>nail-up | rev\u00eatement de poudre<\/strong><\/td>\n<td>environ 5 semaines<\/td>\n<\/tr>\n<tr>\n<td><strong>nail-up |\u00a0s\u00e9rie Art<\/strong><\/td>\n<td>environ 6 semaines<\/td>\n<\/tr>\n<tr>\n<td><strong>drop-in | RAW<\/strong><\/td>\n<td>environ 7 semaines<\/td>\n<\/tr>\n<tr>\n<td><strong>drop-in | rev\u00eatement de poudre<\/strong><\/td>\n<td>environ 8 semaines<\/td>\n<\/tr>\n<\/tbody>\n<\/table>\n<h3><strong>Produits en stock<\/strong><\/h3>\n<p>Le d\u00e9lai de livraison est-il trop long ? Alors choisissez l\u2019un de nos articles en stock.<\/p>\n<a href=\"https:\/\/newyorkceiling.com\/fr\/en-stock\/\" class=\"button primary is-underline\" >\n\t\t<span>Voir les produits en stock<\/span>\n\t<i class=\"icon-angle-right\" aria-hidden=\"true\"><\/i><\/a>\n\n\n\n\t\t<\/div>\n\t\t\t\t\t<\/div>\n\n\t\n\n<\/div>\n\n\t\t<\/div>\n\n\t\t\n<style>\n#section_199775027 {\n  padding-top: 60px;\n  padding-bottom: 60px;\n  margin-bottom: 0px;\n  background-color: rgb(208, 208, 208);\n}\n#section_199775027 .section-bg-overlay {\n  background-color: rgba(255, 255, 255, 0.85);\n}\n<\/style>\n\t<\/section>\n\t\n\n\t<section class=\"section dark has-parallax\" id=\"section_246776753\">\n\t\t<div class=\"section-bg fill\" data-parallax-container=\".section\" data-parallax-background data-parallax=\"-3\">\n\t\t\t<img loading=\"lazy\" decoding=\"async\" width=\"1100\" height=\"733\" src=\"https:\/\/newyorkceiling.com\/wp-content\/uploads\/2021\/04\/ao22.jpg\" class=\"bg attachment- size- wvs-archive-product-image\" alt=\"\" \/>\t\t\t\t\t\t<div class=\"section-bg-overlay absolute fill\"><\/div>\n\t\t\t\n\n\t\t<\/div>\n\n\t\t\n\n\t\t<div class=\"section-content relative\">\n\t\t\t\n\n<div class=\"row row-collapse row-full-width align-center\"  id=\"row-773126797\">\n\n\n\t<div id=\"col-1257902626\" class=\"col medium-8 small-12 large-8\"  >\n\t\t\t\t<div class=\"col-inner text-center\"  >\n\t\t\t\n\t\t\t\n\n<h2><strong>Demander un devis<\/strong><\/h2>\n<p><span style=\"font-size: 150%;\">Pour les grosses commandes, n\u2019h\u00e9sitez pas \u00e0 demander un devis.<\/span><\/p>\n<a href=\"https:\/\/newyorkceiling.com\/fr\/creez-votre-produit\/\" class=\"button primary\" >\n\t\t<span>DEMANDER UN DEVIS<\/span>\n\t<\/a>\n\n\n\n\t\t<\/div>\n\t\t\t\t\n<style>\n#col-1257902626 > .col-inner {\n  padding: 50px 0px 50px 0px;\n}\n<\/style>\n\t<\/div>\n\n\t\n\n<\/div>\n\n\t\t<\/div>\n\n\t\t\n<style>\n#section_246776753 {\n  padding-top: 30px;\n  padding-bottom: 30px;\n  background-color: rgb(40, 40, 40);\n}\n#section_246776753 .section-bg-overlay {\n  background-color: rgba(0, 0, 0, 0.65);\n}\n#section_246776753 .section-bg img {\n  object-position: 39% 21%;\n}\n<\/style>\n\t<\/section>\n\t\n\n","protected":false},"excerpt":{"rendered":"","protected":false},"author":1,"featured_media":0,"parent":13155,"menu_order":0,"comment_status":"closed","ping_status":"closed","template":"page-blank.php","meta":{"footnotes":""},"class_list":["post-17555","page","type-page","status-publish","hentry"],"yoast_head":"<!-- This site is optimized with the Yoast SEO plugin v27.2 - https:\/\/yoast.com\/product\/yoast-seo-wordpress\/ -->\n<title>Commercial - New York Ceiling Co.<\/title>\n<meta name=\"robots\" content=\"index, follow, max-snippet:-1, max-image-preview:large, max-video-preview:-1\" \/>\n<link rel=\"canonical\" href=\"https:\/\/newyorkceiling.com\/fr\/comment-proceder\/commercial\/\" \/>\n<meta property=\"og:locale\" content=\"fr_FR\" \/>\n<meta property=\"og:type\" content=\"article\" \/>\n<meta property=\"og:title\" content=\"Commercial - New York Ceiling Co.\" \/>\n<meta property=\"og:url\" content=\"https:\/\/newyorkceiling.com\/fr\/comment-proceder\/commercial\/\" \/>\n<meta property=\"og:site_name\" content=\"New York Ceiling Co.\" \/>\n<meta property=\"article:modified_time\" content=\"2022-03-21T11:17:51+00:00\" \/>\n<meta name=\"twitter:card\" content=\"summary_large_image\" \/>\n<meta name=\"twitter:label1\" content=\"Dur\u00e9e de lecture estim\u00e9e\" \/>\n\t<meta name=\"twitter:data1\" content=\"3 minutes\" \/>\n<script type=\"application\/ld+json\" class=\"yoast-schema-graph\">{\"@context\":\"https:\/\/schema.org\",\"@graph\":[{\"@type\":\"WebPage\",\"@id\":\"https:\/\/newyorkceiling.com\/fr\/comment-proceder\/commercial\/\",\"url\":\"https:\/\/newyorkceiling.com\/fr\/comment-proceder\/commercial\/\",\"name\":\"Commercial - New York Ceiling Co.\",\"isPartOf\":{\"@id\":\"https:\/\/newyorkceiling.com\/fr\/#website\"},\"datePublished\":\"2021-08-11T15:07:19+00:00\",\"dateModified\":\"2022-03-21T11:17:51+00:00\",\"breadcrumb\":{\"@id\":\"https:\/\/newyorkceiling.com\/fr\/comment-proceder\/commercial\/#breadcrumb\"},\"inLanguage\":\"fr-FR\",\"potentialAction\":[{\"@type\":\"ReadAction\",\"target\":[\"https:\/\/newyorkceiling.com\/fr\/comment-proceder\/commercial\/\"]}]},{\"@type\":\"BreadcrumbList\",\"@id\":\"https:\/\/newyorkceiling.com\/fr\/comment-proceder\/commercial\/#breadcrumb\",\"itemListElement\":[{\"@type\":\"ListItem\",\"position\":1,\"name\":\"Home\",\"item\":\"https:\/\/newyorkceiling.com\/fr\/\"},{\"@type\":\"ListItem\",\"position\":2,\"name\":\"Comment proc\u00e9der\",\"item\":\"https:\/\/newyorkceiling.com\/fr\/werkwijze\/\"},{\"@type\":\"ListItem\",\"position\":3,\"name\":\"Commercial\"}]},{\"@type\":\"WebSite\",\"@id\":\"https:\/\/newyorkceiling.com\/fr\/#website\",\"url\":\"https:\/\/newyorkceiling.com\/fr\/\",\"name\":\"New York Ceiling Co.\",\"description\":\"\",\"publisher\":{\"@id\":\"https:\/\/newyorkceiling.com\/fr\/#organization\"},\"potentialAction\":[{\"@type\":\"SearchAction\",\"target\":{\"@type\":\"EntryPoint\",\"urlTemplate\":\"https:\/\/newyorkceiling.com\/fr\/?s={search_term_string}\"},\"query-input\":{\"@type\":\"PropertyValueSpecification\",\"valueRequired\":true,\"valueName\":\"search_term_string\"}}],\"inLanguage\":\"fr-FR\"},{\"@type\":\"Organization\",\"@id\":\"https:\/\/newyorkceiling.com\/fr\/#organization\",\"name\":\"New York Ceiling Co.\",\"url\":\"https:\/\/newyorkceiling.com\/fr\/\",\"logo\":{\"@type\":\"ImageObject\",\"inLanguage\":\"fr-FR\",\"@id\":\"https:\/\/newyorkceiling.com\/fr\/#\/schema\/logo\/image\/\",\"url\":\"https:\/\/woocommerce-977722-3423925.cloudwaysapps.com\/wp-content\/uploads\/2021\/04\/New-York-Ceiling-Logo.png\",\"contentUrl\":\"https:\/\/woocommerce-977722-3423925.cloudwaysapps.com\/wp-content\/uploads\/2021\/04\/New-York-Ceiling-Logo.png\",\"width\":220,\"height\":88,\"caption\":\"New York Ceiling Co.\"},\"image\":{\"@id\":\"https:\/\/newyorkceiling.com\/fr\/#\/schema\/logo\/image\/\"}}]}<\/script>\n<!-- \/ Yoast SEO plugin. -->","yoast_head_json":{"title":"Commercial - New York Ceiling Co.","robots":{"index":"index","follow":"follow","max-snippet":"max-snippet:-1","max-image-preview":"max-image-preview:large","max-video-preview":"max-video-preview:-1"},"canonical":"https:\/\/newyorkceiling.com\/fr\/comment-proceder\/commercial\/","og_locale":"fr_FR","og_type":"article","og_title":"Commercial - New York Ceiling Co.","og_url":"https:\/\/newyorkceiling.com\/fr\/comment-proceder\/commercial\/","og_site_name":"New York Ceiling Co.","article_modified_time":"2022-03-21T11:17:51+00:00","twitter_card":"summary_large_image","twitter_misc":{"Dur\u00e9e de lecture estim\u00e9e":"3 minutes"},"schema":{"@context":"https:\/\/schema.org","@graph":[{"@type":"WebPage","@id":"https:\/\/newyorkceiling.com\/fr\/comment-proceder\/commercial\/","url":"https:\/\/newyorkceiling.com\/fr\/comment-proceder\/commercial\/","name":"Commercial - New York Ceiling Co.","isPartOf":{"@id":"https:\/\/newyorkceiling.com\/fr\/#website"},"datePublished":"2021-08-11T15:07:19+00:00","dateModified":"2022-03-21T11:17:51+00:00","breadcrumb":{"@id":"https:\/\/newyorkceiling.com\/fr\/comment-proceder\/commercial\/#breadcrumb"},"inLanguage":"fr-FR","potentialAction":[{"@type":"ReadAction","target":["https:\/\/newyorkceiling.com\/fr\/comment-proceder\/commercial\/"]}]},{"@type":"BreadcrumbList","@id":"https:\/\/newyorkceiling.com\/fr\/comment-proceder\/commercial\/#breadcrumb","itemListElement":[{"@type":"ListItem","position":1,"name":"Home","item":"https:\/\/newyorkceiling.com\/fr\/"},{"@type":"ListItem","position":2,"name":"Comment proc\u00e9der","item":"https:\/\/newyorkceiling.com\/fr\/werkwijze\/"},{"@type":"ListItem","position":3,"name":"Commercial"}]},{"@type":"WebSite","@id":"https:\/\/newyorkceiling.com\/fr\/#website","url":"https:\/\/newyorkceiling.com\/fr\/","name":"New York Ceiling Co.","description":"","publisher":{"@id":"https:\/\/newyorkceiling.com\/fr\/#organization"},"potentialAction":[{"@type":"SearchAction","target":{"@type":"EntryPoint","urlTemplate":"https:\/\/newyorkceiling.com\/fr\/?s={search_term_string}"},"query-input":{"@type":"PropertyValueSpecification","valueRequired":true,"valueName":"search_term_string"}}],"inLanguage":"fr-FR"},{"@type":"Organization","@id":"https:\/\/newyorkceiling.com\/fr\/#organization","name":"New York Ceiling Co.","url":"https:\/\/newyorkceiling.com\/fr\/","logo":{"@type":"ImageObject","inLanguage":"fr-FR","@id":"https:\/\/newyorkceiling.com\/fr\/#\/schema\/logo\/image\/","url":"https:\/\/woocommerce-977722-3423925.cloudwaysapps.com\/wp-content\/uploads\/2021\/04\/New-York-Ceiling-Logo.png","contentUrl":"https:\/\/woocommerce-977722-3423925.cloudwaysapps.com\/wp-content\/uploads\/2021\/04\/New-York-Ceiling-Logo.png","width":220,"height":88,"caption":"New York Ceiling Co."},"image":{"@id":"https:\/\/newyorkceiling.com\/fr\/#\/schema\/logo\/image\/"}}]}},"_links":{"self":[{"href":"https:\/\/newyorkceiling.com\/fr\/wp-json\/wp\/v2\/pages\/17555","targetHints":{"allow":["GET"]}}],"collection":[{"href":"https:\/\/newyorkceiling.com\/fr\/wp-json\/wp\/v2\/pages"}],"about":[{"href":"https:\/\/newyorkceiling.com\/fr\/wp-json\/wp\/v2\/types\/page"}],"author":[{"embeddable":true,"href":"https:\/\/newyorkceiling.com\/fr\/wp-json\/wp\/v2\/users\/1"}],"replies":[{"embeddable":true,"href":"https:\/\/newyorkceiling.com\/fr\/wp-json\/wp\/v2\/comments?post=17555"}],"version-history":[{"count":0,"href":"https:\/\/newyorkceiling.com\/fr\/wp-json\/wp\/v2\/pages\/17555\/revisions"}],"up":[{"embeddable":true,"href":"https:\/\/newyorkceiling.com\/fr\/wp-json\/wp\/v2\/pages\/13155"}],"wp:attachment":[{"href":"https:\/\/newyorkceiling.com\/fr\/wp-json\/wp\/v2\/media?parent=17555"}],"curies":[{"name":"wp","href":"https:\/\/api.w.org\/{rel}","templated":true}]}}