{"id":19995,"date":"2021-08-12T13:46:40","date_gmt":"2021-08-12T12:46:40","guid":{"rendered":"https:\/\/newyorkceiling.eo3.echtonline.dev\/?page_id=19995"},"modified":"2023-06-27T17:43:28","modified_gmt":"2023-06-27T16:43:28","slug":"acoustique","status":"publish","type":"page","link":"https:\/\/newyorkceiling.com\/fr\/sur-le-produit\/acoustique\/","title":{"rendered":"Acoustique"},"content":{"rendered":"\n\n  <div class=\"banner has-hover has-parallax\" id=\"banner-866476803\">\n          <div class=\"banner-inner fill\">\n        <div class=\"banner-bg fill\" data-parallax=\"-5\" data-parallax-container=\".banner\" data-parallax-background>\n            <img loading=\"lazy\" decoding=\"async\" width=\"824\" height=\"550\" src=\"https:\/\/newyorkceiling.com\/wp-content\/uploads\/2021\/04\/buro-N11_akoestisch_copperpenny2.jpg\" class=\"bg attachment-large size-large wvs-archive-product-image\" alt=\"\" \/>                        <div class=\"overlay\"><\/div>            \n                    <\/div>\n\t\t\n        <div class=\"banner-layers container\">\n            <div class=\"fill banner-link\"><\/div>            \n\n   <div id=\"text-box-243747955\" class=\"text-box banner-layer x50 md-x50 lg-x50 y50 md-y50 lg-y50 res-text\">\n                                <div class=\"text-box-content text \">\n              \n              <div class=\"text-inner text-center\">\n                  \n\n\t<div id=\"text-2125489366\" class=\"text\">\n\t\t\n\n<h1><strong>Acoustique<\/strong><\/h1>\n<span style=\"font-size: 130%;\"><strong>Quand le design est au rendez-vous de la fonctionnalit\u00e9\n<\/strong><\/span>\n\t\t\n<style>\n#text-2125489366 {\n  color: rgb(255, 255, 255);\n}\n#text-2125489366 > * {\n  color: rgb(255, 255, 255);\n}\n<\/style>\n\t<\/div>\n\t\n<div class=\"is-divider divider clearfix\" style=\"max-width:67px;height:5px;\"><\/div>\n\n\n              <\/div>\n           <\/div>\n                            \n<style>\n#text-box-243747955 {\n  width: 60%;\n}\n#text-box-243747955 .text-box-content {\n  font-size: 100%;\n}\n<\/style>\n    <\/div>\n \n\n        <\/div>\n      <\/div>\n\n            \n<style>\n#banner-866476803 {\n  padding-top: 305px;\n  background-color: rgb(255,255,255);\n}\n#banner-866476803 .overlay {\n  background-color: rgba(0,0,0,.5);\n}\n#banner-866476803 .banner-bg img {\n  object-position: 0% 56%;\n}\n<\/style>\n  <\/div>\n\n\n\n\t<section class=\"section\" id=\"section_1400320741\">\n\t\t<div class=\"section-bg fill\" >\n\t\t\t\t\t\t\t\t\t<div class=\"section-bg-overlay absolute fill\"><\/div>\n\t\t\t\n\n\t\t<\/div>\n\n\t\t\n\n\t\t<div class=\"section-content relative\">\n\t\t\t\n\n<div class=\"row align-center\"  id=\"row-650340045\">\n\n\n\t<div id=\"col-946695213\" class=\"col medium-5 small-12 large-5\"  >\n\t\t\t\t<div class=\"col-inner\"  >\n\t\t\t\n\t\t\t\n\n<p>Lorsqu&rsquo;une pi\u00e8ce est trop bruyante, il est normal de rechercher une solution garantissant une bonne acoustique. Ceci afin que les visiteurs ne soient pas distraits par le bruit ambiant. C&rsquo;est l\u00e0 une situation courante dans, par exemple, les restaurants ou les bureaux. De m\u00eame, l\u2019utilisation d\u2019un trop grand nombre de mat\u00e9riaux durs peut entra\u00eener une r\u00e9verb\u00e9ration excessive des sons. Avec pour r\u00e9sultat une acoustique d\u00e9sagr\u00e9able.<\/p>\n<p><strong>\u00a0<\/strong>Un concept donnant la priorit\u00e9 \u00e0 une bonne acoustique est tout \u00e0 fait possible, et ce, m\u00eame lorsqu\u2019est fait usage d&rsquo;acier. La soci\u00e9t\u00e9 NEW YORK CEILING CO. Les panneaux acoustiques sont dot\u00e9s de microperforations. Au lieu d\u2019\u00eatre totalement r\u00e9fl\u00e9chies, les ondes sonores peuvent, de ce fait, passer, en partie, \u00e0 travers les microperforations en question. Le fait de combiner ces microperforations \u00e0 un vide am\u00e9nag\u00e9 derri\u00e8re les panneaux et \u00e0 une mousse ayant la propri\u00e9t\u00e9 d\u2019absorber les sons permet d\u2019obtenir une acoustique plus agr\u00e9able. L&rsquo;absorption acoustique peut r\u00e9duire jusqu&rsquo;\u00e0 85 % de la nuisance sonore.<\/p>\n<p>Les panneaux acoustiques conviennent parfaitement aux plafonds et aux murs d&rsquo;un restaurant, d&rsquo;un caf\u00e9, d&rsquo;un hall d&rsquo;h\u00f4tel, d&rsquo;un bureau, d&rsquo;une salle de conf\u00e9rence, d&rsquo;une biblioth\u00e8que ainsi qu\u2019aux murs et plafonds de tout autre lieu o\u00f9 la fr\u00e9quentation est intense.<\/p>\n\n\t\t<\/div>\n\t\t\t\t\t<\/div>\n\n\t\n\n\t<div id=\"col-1890273142\" class=\"col medium-4 small-12 large-4\"  >\n\t\t\t\t<div class=\"col-inner\"  >\n\t\t\t\n\t\t\t\n\n\t<div class=\"img has-hover x md-x lg-x y md-y lg-y\" id=\"image_209139952\">\n\t\t\t\t\t\t\t\t<div class=\"img-inner dark\" >\n\t\t\t<img loading=\"lazy\" decoding=\"async\" width=\"280\" height=\"400\" src=\"https:\/\/newyorkceiling.com\/wp-content\/uploads\/2021\/06\/WICC_metallicgold23_blacklacqgloss3_1-kopie-280x400.jpg\" class=\"attachment-medium size-medium wvs-archive-product-image\" alt=\"\" srcset=\"https:\/\/newyorkceiling.com\/wp-content\/uploads\/2021\/06\/WICC_metallicgold23_blacklacqgloss3_1-kopie-280x400.jpg 280w, https:\/\/newyorkceiling.com\/wp-content\/uploads\/2021\/06\/WICC_metallicgold23_blacklacqgloss3_1-kopie-510x729.jpg 510w, https:\/\/newyorkceiling.com\/wp-content\/uploads\/2021\/06\/WICC_metallicgold23_blacklacqgloss3_1-kopie-560x800.jpg 560w, https:\/\/newyorkceiling.com\/wp-content\/uploads\/2021\/06\/WICC_metallicgold23_blacklacqgloss3_1-kopie-768x1097.jpg 768w, https:\/\/newyorkceiling.com\/wp-content\/uploads\/2021\/06\/WICC_metallicgold23_blacklacqgloss3_1-kopie-1075x1536.jpg 1075w, https:\/\/newyorkceiling.com\/wp-content\/uploads\/2021\/06\/WICC_metallicgold23_blacklacqgloss3_1-kopie-1433x2048.jpg 1433w, https:\/\/newyorkceiling.com\/wp-content\/uploads\/2021\/06\/WICC_metallicgold23_blacklacqgloss3_1-kopie.jpg 1344w\" sizes=\"auto, (max-width: 280px) 100vw, 280px\" \/>\t\t\t\t\t\t\n\t\t\t\t\t<\/div>\n\t\t\t\t\t\t\t\t\n<style>\n#image_209139952 {\n  width: 100%;\n}\n<\/style>\n\t<\/div>\n\t\n\n\n\t\t<\/div>\n\t\t\t\t\t<\/div>\n\n\t\n\n<\/div>\n\n\t\t<\/div>\n\n\t\t\n<style>\n#section_1400320741 {\n  padding-top: 60px;\n  padding-bottom: 60px;\n  margin-bottom: 0px;\n  background-color: rgb(208, 208, 208);\n}\n#section_1400320741 .section-bg-overlay {\n  background-color: rgba(255, 255, 255, 0.85);\n}\n<\/style>\n\t<\/section>\n\t\n\n\t<section class=\"section\" id=\"section_1365711246\">\n\t\t<div class=\"section-bg fill\" >\n\t\t\t\t\t\t\t\t\t\n\t\t\t\n\n\t\t<\/div>\n\n\t\t\n\n\t\t<div class=\"section-content relative\">\n\t\t\t\n\n<div class=\"row row-small align-middle align-center\"  id=\"row-1447665196\">\n\n\n\t<div id=\"col-950967890\" class=\"col medium-7 small-12 large-7\"  >\n\t\t\t\t<div class=\"col-inner text-left\"  >\n\t\t\t\n\t\t\t\n\n<h2>Acoustical | sp\u00e9cifications<\/h2>\n<h4><strong>motifs<\/strong><\/h4>\n<p>Il est possible d\u2019employer tous les motifs imaginables. En installation par nail-up comme par drop-in.<\/p>\n<p>Vous trouverez ci-dessous les motifs disponibles pour panneaux acoustiques. Vous pourrez les combiner avec la couleur de votre choix.<\/p>\n<table>\n<tbody>\n<tr>\n<td width=\"45\">\n<p>#106<\/p>\n<\/td>\n<td width=\"45\">\n<p>#112<\/p>\n<\/td>\n<td width=\"45\">\n<p>#114<\/p>\n<\/td>\n<td width=\"45\">\n<p>#123<\/p>\n<\/td>\n<td width=\"45\">\n<p>#141<\/p>\n<\/td>\n<td width=\"45\">\n<p>#401<\/p>\n<\/td>\n<td width=\"45\">\n<p>#402<\/p>\n<\/td>\n<td width=\"45\">\n<p>#405<\/p>\n<\/td>\n<td width=\"45\">\n<p>#408<\/p>\n<\/td>\n<td width=\"45\">\n<p>#416<\/p>\n<\/td>\n<\/tr>\n<tr>\n<td width=\"45\">\n<p>#418<\/p>\n<\/td>\n<td width=\"45\">\n<p>#424<\/p>\n<\/td>\n<td width=\"45\">\n<p>#603<\/p>\n<\/td>\n<td width=\"45\">\n<p>#617<\/p>\n<\/td>\n<td width=\"45\">\n<p>#619<\/p>\n<\/td>\n<td width=\"45\">\n<p>#620<\/p>\n<\/td>\n<td width=\"45\">\n<p>#621<\/p>\n<\/td>\n<td width=\"45\">\n<p>#627<\/p>\n<\/td>\n<td width=\"45\">\n<p>#630<\/p>\n<\/td>\n<td width=\"45\">\n<p>#631<\/p>\n<\/td>\n<\/tr>\n<tr>\n<td width=\"45\">\n<p>#F01<\/p>\n<\/td>\n<td width=\"45\">\n<p>#F02<\/p>\n<\/td>\n<td width=\"45\">\n<p>\u00a0<\/p>\n<\/td>\n<td width=\"45\">\n<p>\u00a0<\/p>\n<\/td>\n<td width=\"45\">\n<p>\u00a0<\/p>\n<\/td>\n<td width=\"45\">\n<p>\u00a0<\/p>\n<\/td>\n<td width=\"45\">\n<p>\u00a0<\/p>\n<\/td>\n<\/tr>\n<\/tbody>\n<\/table>\n<p>\u00a0<\/p>\n<a href=\"https:\/\/newyorkceiling.com\/fr\/sur-le-produit\/motifs\/\" class=\"button primary is-link is-small\" >\n\t\t<span>VOIR LES MOTIFS \u2192<\/span>\n\t<\/a>\n\n\n\t<div id=\"gap-429413565\" class=\"gap-element clearfix\" style=\"display:block; height:auto;\">\n\t\t\n<style>\n#gap-429413565 {\n  padding-top: 30px;\n}\n<\/style>\n\t<\/div>\n\t\n\n<h4><strong>microperforation<\/strong><\/h4>\n<p>Du fait de leur taille minime, les perforations sont pratiquement invisibles.<\/p>\n<table>\n<tbody>\n<tr>\n<td width=\"134\">perforation \/ \u2205<\/td>\n<td width=\"92\">0,66 mm<\/td>\n<\/tr>\n<tr>\n<td width=\"134\">perforation \/ espacement<\/td>\n<td width=\"92\">5,2 mm<\/td>\n<\/tr>\n<\/tbody>\n<\/table>\n\t<div id=\"gap-1290828029\" class=\"gap-element clearfix\" style=\"display:block; height:auto;\">\n\t\t\n<style>\n#gap-1290828029 {\n  padding-top: 30px;\n}\n<\/style>\n\t<\/div>\n\t\n\n<h4><strong>absorption sonore <\/strong><\/h4>\n<p>Les panneaux acoustiques peuvent r\u00e9duire jusqu&rsquo;\u00e0 85 % de la nuisance sonore.<\/p>\n<table>\n<tbody>\n<tr>\n<td width=\"134\">Valeur NRC \/ panneau<\/td>\n<td width=\"92\">0,25<\/td>\n<\/tr>\n<tr>\n<td width=\"134\">Valeur NRC \/ panneau combin\u00e9 \u00e0 de la mousse acoustique<\/td>\n<td width=\"92\">0,85<\/td>\n<\/tr>\n<\/tbody>\n<\/table>\n\n\t\t<\/div>\n\t\t\t\t\n<style>\n#col-950967890 > .col-inner {\n  padding: 30px 0px 0px 0px;\n}\n<\/style>\n\t<\/div>\n\n\t\n\n<\/div>\n\n\t\t<\/div>\n\n\t\t\n<style>\n#section_1365711246 {\n  padding-top: 30px;\n  padding-bottom: 30px;\n}\n<\/style>\n\t<\/section>\n\t\n\n\t<section class=\"section dark has-parallax\" id=\"section_1106329170\">\n\t\t<div class=\"section-bg fill\" data-parallax-container=\".section\" data-parallax-background data-parallax=\"-3\">\n\t\t\t<img loading=\"lazy\" decoding=\"async\" width=\"1100\" height=\"733\" src=\"https:\/\/newyorkceiling.com\/wp-content\/uploads\/2021\/04\/ao22.jpg\" class=\"bg attachment- size- wvs-archive-product-image\" alt=\"\" \/>\t\t\t\t\t\t<div class=\"section-bg-overlay absolute fill\"><\/div>\n\t\t\t\n\n\t\t<\/div>\n\n\t\t\n\n\t\t<div class=\"section-content relative\">\n\t\t\t\n\n<div class=\"row row-collapse row-full-width align-center\"  id=\"row-1999604017\">\n\n\n\t<div id=\"col-2138132817\" class=\"col medium-8 small-12 large-8\"  >\n\t\t\t\t<div class=\"col-inner text-center\"  >\n\t\t\t\n\t\t\t\n\n<h2><strong>Demander un devis<\/strong><\/h2>\n<p><span style=\"font-size: 150%;\">Pour les grosses commandes, n\u2019h\u00e9sitez pas \u00e0 demander un devis.<\/span><\/p>\n<a href=\"https:\/\/newyorkceiling.com\/fr\/creez-votre-produit\/\" class=\"button primary\" >\n\t\t<span>DEMANDER UN DEVIS<\/span>\n\t<\/a>\n\n\n\n\t\t<\/div>\n\t\t\t\t\n<style>\n#col-2138132817 > .col-inner {\n  padding: 50px 0px 50px 0px;\n}\n<\/style>\n\t<\/div>\n\n\t\n\n<\/div>\n\n\t\t<\/div>\n\n\t\t\n<style>\n#section_1106329170 {\n  padding-top: 30px;\n  padding-bottom: 30px;\n  background-color: rgb(40, 40, 40);\n}\n#section_1106329170 .section-bg-overlay {\n  background-color: rgba(0, 0, 0, 0.65);\n}\n#section_1106329170 .section-bg img {\n  object-position: 39% 21%;\n}\n<\/style>\n\t<\/section>\n\t\n\n","protected":false},"excerpt":{"rendered":"","protected":false},"author":1,"featured_media":0,"parent":13142,"menu_order":0,"comment_status":"closed","ping_status":"closed","template":"page-blank.php","meta":{"footnotes":""},"class_list":["post-19995","page","type-page","status-publish","hentry"],"yoast_head":"<!-- This site is optimized with the Yoast SEO plugin v27.2 - https:\/\/yoast.com\/product\/yoast-seo-wordpress\/ -->\n<title>Acoustique - New York Ceiling Co.<\/title>\n<meta name=\"robots\" content=\"index, follow, max-snippet:-1, max-image-preview:large, max-video-preview:-1\" \/>\n<link rel=\"canonical\" href=\"https:\/\/newyorkceiling.com\/fr\/sur-le-produit\/acoustique\/\" \/>\n<meta property=\"og:locale\" content=\"fr_FR\" \/>\n<meta property=\"og:type\" content=\"article\" \/>\n<meta property=\"og:title\" content=\"Acoustique - New York Ceiling Co.\" \/>\n<meta property=\"og:url\" content=\"https:\/\/newyorkceiling.com\/fr\/sur-le-produit\/acoustique\/\" \/>\n<meta property=\"og:site_name\" content=\"New York Ceiling Co.\" \/>\n<meta property=\"article:modified_time\" content=\"2023-06-27T16:43:28+00:00\" \/>\n<meta name=\"twitter:card\" content=\"summary_large_image\" \/>\n<meta name=\"twitter:label1\" content=\"Dur\u00e9e de lecture estim\u00e9e\" \/>\n\t<meta name=\"twitter:data1\" content=\"2 minutes\" \/>\n<script type=\"application\/ld+json\" class=\"yoast-schema-graph\">{\"@context\":\"https:\/\/schema.org\",\"@graph\":[{\"@type\":\"WebPage\",\"@id\":\"https:\/\/newyorkceiling.com\/fr\/sur-le-produit\/acoustique\/\",\"url\":\"https:\/\/newyorkceiling.com\/fr\/sur-le-produit\/acoustique\/\",\"name\":\"Acoustique - New York Ceiling Co.\",\"isPartOf\":{\"@id\":\"https:\/\/newyorkceiling.com\/fr\/#website\"},\"datePublished\":\"2021-08-12T12:46:40+00:00\",\"dateModified\":\"2023-06-27T16:43:28+00:00\",\"breadcrumb\":{\"@id\":\"https:\/\/newyorkceiling.com\/fr\/sur-le-produit\/acoustique\/#breadcrumb\"},\"inLanguage\":\"fr-FR\",\"potentialAction\":[{\"@type\":\"ReadAction\",\"target\":[\"https:\/\/newyorkceiling.com\/fr\/sur-le-produit\/acoustique\/\"]}]},{\"@type\":\"BreadcrumbList\",\"@id\":\"https:\/\/newyorkceiling.com\/fr\/sur-le-produit\/acoustique\/#breadcrumb\",\"itemListElement\":[{\"@type\":\"ListItem\",\"position\":1,\"name\":\"Home\",\"item\":\"https:\/\/newyorkceiling.com\/fr\/\"},{\"@type\":\"ListItem\",\"position\":2,\"name\":\"Sur le produit\",\"item\":\"https:\/\/newyorkceiling.com\/fr\/over-het-product\/\"},{\"@type\":\"ListItem\",\"position\":3,\"name\":\"Acoustique\"}]},{\"@type\":\"WebSite\",\"@id\":\"https:\/\/newyorkceiling.com\/fr\/#website\",\"url\":\"https:\/\/newyorkceiling.com\/fr\/\",\"name\":\"New York Ceiling Co.\",\"description\":\"\",\"publisher\":{\"@id\":\"https:\/\/newyorkceiling.com\/fr\/#organization\"},\"potentialAction\":[{\"@type\":\"SearchAction\",\"target\":{\"@type\":\"EntryPoint\",\"urlTemplate\":\"https:\/\/newyorkceiling.com\/fr\/?s={search_term_string}\"},\"query-input\":{\"@type\":\"PropertyValueSpecification\",\"valueRequired\":true,\"valueName\":\"search_term_string\"}}],\"inLanguage\":\"fr-FR\"},{\"@type\":\"Organization\",\"@id\":\"https:\/\/newyorkceiling.com\/fr\/#organization\",\"name\":\"New York Ceiling Co.\",\"url\":\"https:\/\/newyorkceiling.com\/fr\/\",\"logo\":{\"@type\":\"ImageObject\",\"inLanguage\":\"fr-FR\",\"@id\":\"https:\/\/newyorkceiling.com\/fr\/#\/schema\/logo\/image\/\",\"url\":\"https:\/\/woocommerce-977722-3423925.cloudwaysapps.com\/wp-content\/uploads\/2021\/04\/New-York-Ceiling-Logo.png\",\"contentUrl\":\"https:\/\/woocommerce-977722-3423925.cloudwaysapps.com\/wp-content\/uploads\/2021\/04\/New-York-Ceiling-Logo.png\",\"width\":220,\"height\":88,\"caption\":\"New York Ceiling Co.\"},\"image\":{\"@id\":\"https:\/\/newyorkceiling.com\/fr\/#\/schema\/logo\/image\/\"}}]}<\/script>\n<!-- \/ Yoast SEO plugin. -->","yoast_head_json":{"title":"Acoustique - New York Ceiling Co.","robots":{"index":"index","follow":"follow","max-snippet":"max-snippet:-1","max-image-preview":"max-image-preview:large","max-video-preview":"max-video-preview:-1"},"canonical":"https:\/\/newyorkceiling.com\/fr\/sur-le-produit\/acoustique\/","og_locale":"fr_FR","og_type":"article","og_title":"Acoustique - New York Ceiling Co.","og_url":"https:\/\/newyorkceiling.com\/fr\/sur-le-produit\/acoustique\/","og_site_name":"New York Ceiling Co.","article_modified_time":"2023-06-27T16:43:28+00:00","twitter_card":"summary_large_image","twitter_misc":{"Dur\u00e9e de lecture estim\u00e9e":"2 minutes"},"schema":{"@context":"https:\/\/schema.org","@graph":[{"@type":"WebPage","@id":"https:\/\/newyorkceiling.com\/fr\/sur-le-produit\/acoustique\/","url":"https:\/\/newyorkceiling.com\/fr\/sur-le-produit\/acoustique\/","name":"Acoustique - New York Ceiling Co.","isPartOf":{"@id":"https:\/\/newyorkceiling.com\/fr\/#website"},"datePublished":"2021-08-12T12:46:40+00:00","dateModified":"2023-06-27T16:43:28+00:00","breadcrumb":{"@id":"https:\/\/newyorkceiling.com\/fr\/sur-le-produit\/acoustique\/#breadcrumb"},"inLanguage":"fr-FR","potentialAction":[{"@type":"ReadAction","target":["https:\/\/newyorkceiling.com\/fr\/sur-le-produit\/acoustique\/"]}]},{"@type":"BreadcrumbList","@id":"https:\/\/newyorkceiling.com\/fr\/sur-le-produit\/acoustique\/#breadcrumb","itemListElement":[{"@type":"ListItem","position":1,"name":"Home","item":"https:\/\/newyorkceiling.com\/fr\/"},{"@type":"ListItem","position":2,"name":"Sur le produit","item":"https:\/\/newyorkceiling.com\/fr\/over-het-product\/"},{"@type":"ListItem","position":3,"name":"Acoustique"}]},{"@type":"WebSite","@id":"https:\/\/newyorkceiling.com\/fr\/#website","url":"https:\/\/newyorkceiling.com\/fr\/","name":"New York Ceiling Co.","description":"","publisher":{"@id":"https:\/\/newyorkceiling.com\/fr\/#organization"},"potentialAction":[{"@type":"SearchAction","target":{"@type":"EntryPoint","urlTemplate":"https:\/\/newyorkceiling.com\/fr\/?s={search_term_string}"},"query-input":{"@type":"PropertyValueSpecification","valueRequired":true,"valueName":"search_term_string"}}],"inLanguage":"fr-FR"},{"@type":"Organization","@id":"https:\/\/newyorkceiling.com\/fr\/#organization","name":"New York Ceiling Co.","url":"https:\/\/newyorkceiling.com\/fr\/","logo":{"@type":"ImageObject","inLanguage":"fr-FR","@id":"https:\/\/newyorkceiling.com\/fr\/#\/schema\/logo\/image\/","url":"https:\/\/woocommerce-977722-3423925.cloudwaysapps.com\/wp-content\/uploads\/2021\/04\/New-York-Ceiling-Logo.png","contentUrl":"https:\/\/woocommerce-977722-3423925.cloudwaysapps.com\/wp-content\/uploads\/2021\/04\/New-York-Ceiling-Logo.png","width":220,"height":88,"caption":"New York Ceiling Co."},"image":{"@id":"https:\/\/newyorkceiling.com\/fr\/#\/schema\/logo\/image\/"}}]}},"_links":{"self":[{"href":"https:\/\/newyorkceiling.com\/fr\/wp-json\/wp\/v2\/pages\/19995","targetHints":{"allow":["GET"]}}],"collection":[{"href":"https:\/\/newyorkceiling.com\/fr\/wp-json\/wp\/v2\/pages"}],"about":[{"href":"https:\/\/newyorkceiling.com\/fr\/wp-json\/wp\/v2\/types\/page"}],"author":[{"embeddable":true,"href":"https:\/\/newyorkceiling.com\/fr\/wp-json\/wp\/v2\/users\/1"}],"replies":[{"embeddable":true,"href":"https:\/\/newyorkceiling.com\/fr\/wp-json\/wp\/v2\/comments?post=19995"}],"version-history":[{"count":0,"href":"https:\/\/newyorkceiling.com\/fr\/wp-json\/wp\/v2\/pages\/19995\/revisions"}],"up":[{"embeddable":true,"href":"https:\/\/newyorkceiling.com\/fr\/wp-json\/wp\/v2\/pages\/13142"}],"wp:attachment":[{"href":"https:\/\/newyorkceiling.com\/fr\/wp-json\/wp\/v2\/media?parent=19995"}],"curies":[{"name":"wp","href":"https:\/\/api.w.org\/{rel}","templated":true}]}}