{"id":20774,"date":"2021-10-22T13:42:50","date_gmt":"2021-10-22T12:42:50","guid":{"rendered":"https:\/\/newyorkceiling.eo3.echtonline.dev\/?page_id=20774"},"modified":"2022-02-16T11:24:18","modified_gmt":"2022-02-16T10:24:18","slug":"panneau-mural-cuivre","status":"publish","type":"page","link":"https:\/\/newyorkceiling.com\/fr\/panneau-mural-cuivre\/","title":{"rendered":"Panneau mural cuivre"},"content":{"rendered":"\n\n  <div class=\"banner has-hover has-parallax\" id=\"banner-1414341952\">\n          <div class=\"banner-inner fill\">\n        <div class=\"banner-bg fill\" data-parallax=\"-5\" data-parallax-container=\".banner\" data-parallax-background>\n            <img loading=\"lazy\" decoding=\"async\" width=\"824\" height=\"550\" src=\"https:\/\/newyorkceiling.com\/wp-content\/uploads\/2021\/04\/buro-N11_akoestisch_copperpenny2.jpg\" class=\"bg attachment-large size-large wvs-archive-product-image\" alt=\"\" \/>                        <div class=\"overlay\"><\/div>            \n                    <\/div>\n\t\t\n        <div class=\"banner-layers container\">\n            <div class=\"fill banner-link\"><\/div>            \n\n   <div id=\"text-box-1876851280\" class=\"text-box banner-layer x50 md-x50 lg-x50 y50 md-y50 lg-y50 res-text\">\n                                <div class=\"text-box-content text \">\n              \n              <div class=\"text-inner text-center\">\n                  \n\n\t<div id=\"text-3873826077\" class=\"text\">\n\t\t\n\n<h1><strong>Panneau mural cuivre<\/strong><\/h1>\n<p><span style=\"font-size: 130%;\"><strong>Quand le design est au rendez-vous de la fonctionnalit\u00e9 <\/strong><\/span><\/p>\n\t\t\n<style>\n#text-3873826077 {\n  color: rgb(255, 255, 255);\n}\n#text-3873826077 > * {\n  color: rgb(255, 255, 255);\n}\n<\/style>\n\t<\/div>\n\t\n<div class=\"is-divider divider clearfix\" style=\"max-width:67px;height:5px;\"><\/div>\n\n\n              <\/div>\n           <\/div>\n                            \n<style>\n#text-box-1876851280 {\n  width: 60%;\n}\n#text-box-1876851280 .text-box-content {\n  font-size: 100%;\n}\n<\/style>\n    <\/div>\n \n\n        <\/div>\n      <\/div>\n\n            \n<style>\n#banner-1414341952 {\n  padding-top: 305px;\n  background-color: rgb(255,255,255);\n}\n#banner-1414341952 .overlay {\n  background-color: rgba(0,0,0,.5);\n}\n#banner-1414341952 .banner-bg img {\n  object-position: 0% 56%;\n}\n<\/style>\n  <\/div>\n\n\n\n\t<section class=\"section\" id=\"section_995660407\">\n\t\t<div class=\"section-bg fill\" >\n\t\t\t\t\t\t\t\t\t<div class=\"section-bg-overlay absolute fill\"><\/div>\n\t\t\t\n\n\t\t<\/div>\n\n\t\t\n\n\t\t<div class=\"section-content relative\">\n\t\t\t\n\n<div class=\"row align-center\"  id=\"row-510007926\">\n\n\n\t<div id=\"col-1548118109\" class=\"col medium-5 small-12 large-5\"  >\n\t\t\t\t<div class=\"col-inner\"  >\n\t\t\t\n\t\t\t\n\n<p>Pour apporter plus d&rsquo;ambiance dans votre chez-soi, il importe d&#8217;embellir vos meubles, vos plafonds et surtout vos murs. Aujourd&rsquo;hui, un large choix de panneaux muraux existe d\u00e9j\u00e0 sur le march\u00e9 afin que chacun puisse y trouver son style. Pour une touche d&rsquo;originalit\u00e9, vous pouvez par exemple opter pour le panneau mural cuivre. Il s&rsquo;utilise aussi bien \u00e0 l&rsquo;ext\u00e9rieur qu&rsquo;\u00e0 l&rsquo;int\u00e9rieur, \u00e0 la maison qu&rsquo;ailleurs.<\/p>\n<h2>Panneau mural, qu\u2019est-ce que c\u2019est ?<\/h2>\n<p>Installer un panneau mural vous permet d\u2019apporter plus de rafra\u00eechissement \u00e0 une pi\u00e8ce d\u2019un logement. Il est aujourd\u2019hui d\u2019un grand succ\u00e8s en mati\u00e8re de d\u00e9co int\u00e9rieur. Durable et simple \u00e0 mettre en \u0153uvre, cette solution semble ne pr\u00e9senter que de gros avantages. G\u00e9n\u00e9ralement, les panneaux muraux sont r\u00e9alis\u00e9s avec diff\u00e9rents mat\u00e9riaux dont le cuivre. Ils sont faciles \u00e0 poser et ne demande pas de comp\u00e9tences particuli\u00e8res, m\u00eame en cas d\u2019installation dans des pi\u00e8ces humides. Si vous pensez r\u00e9am\u00e9nager votre <a href=\"https:\/\/newyorkceiling.com\/fr\/projets\/\">maison, <\/a><span class=\"VIiyi\" lang=\"fr\"><span class=\"JLqJ4b ChMk0b\" data-language-for-alternatives=\"fr\" data-language-to-translate-into=\"nl\" data-phrase-index=\"0\" data-number-of-phrases=\"1\">restaurant ou autre espace,<\/span><\/span> l\u2019installation d\u2019un mur cuivre pourrait \u00eatre une bonne id\u00e9e.<\/p>\n\n\t\t<\/div>\n\t\t\t\t\t<\/div>\n\n\t\n\n\t<div id=\"col-556330412\" class=\"col medium-4 small-12 large-4\"  >\n\t\t\t\t<div class=\"col-inner\"  >\n\t\t\t\n\t\t\t\n\n\t<div class=\"img has-hover x md-x lg-x y md-y lg-y\" id=\"image_476834520\">\n\t\t\t\t\t\t\t\t<div class=\"img-inner dark\" >\n\t\t\t<img loading=\"lazy\" decoding=\"async\" width=\"280\" height=\"400\" src=\"https:\/\/newyorkceiling.com\/wp-content\/uploads\/2021\/06\/WICC_metallicgold23_blacklacqgloss3_1-kopie-280x400.jpg\" class=\"attachment-medium size-medium wvs-archive-product-image\" alt=\"\" srcset=\"https:\/\/newyorkceiling.com\/wp-content\/uploads\/2021\/06\/WICC_metallicgold23_blacklacqgloss3_1-kopie-280x400.jpg 280w, https:\/\/newyorkceiling.com\/wp-content\/uploads\/2021\/06\/WICC_metallicgold23_blacklacqgloss3_1-kopie-510x729.jpg 510w, https:\/\/newyorkceiling.com\/wp-content\/uploads\/2021\/06\/WICC_metallicgold23_blacklacqgloss3_1-kopie-560x800.jpg 560w, https:\/\/newyorkceiling.com\/wp-content\/uploads\/2021\/06\/WICC_metallicgold23_blacklacqgloss3_1-kopie-768x1097.jpg 768w, https:\/\/newyorkceiling.com\/wp-content\/uploads\/2021\/06\/WICC_metallicgold23_blacklacqgloss3_1-kopie-1075x1536.jpg 1075w, https:\/\/newyorkceiling.com\/wp-content\/uploads\/2021\/06\/WICC_metallicgold23_blacklacqgloss3_1-kopie-1433x2048.jpg 1433w, https:\/\/newyorkceiling.com\/wp-content\/uploads\/2021\/06\/WICC_metallicgold23_blacklacqgloss3_1-kopie.jpg 1344w\" sizes=\"auto, (max-width: 280px) 100vw, 280px\" \/>\t\t\t\t\t\t\n\t\t\t\t\t<\/div>\n\t\t\t\t\t\t\t\t\n<style>\n#image_476834520 {\n  width: 100%;\n}\n<\/style>\n\t<\/div>\n\t\n\n\n\t\t<\/div>\n\t\t\t\t\t<\/div>\n\n\t\n\n<\/div>\n\n\t\t<\/div>\n\n\t\t\n<style>\n#section_995660407 {\n  padding-top: 60px;\n  padding-bottom: 60px;\n  margin-bottom: 0px;\n  background-color: rgb(208, 208, 208);\n}\n#section_995660407 .section-bg-overlay {\n  background-color: rgba(255, 255, 255, 0.85);\n}\n<\/style>\n\t<\/section>\n\t\n\n\t<section class=\"section\" id=\"section_1755648996\">\n\t\t<div class=\"section-bg fill\" >\n\t\t\t\t\t\t\t\t\t\n\t\t\t\n\n\t\t<\/div>\n\n\t\t\n\n\t\t<div class=\"section-content relative\">\n\t\t\t\n\n<div class=\"row row-small align-middle align-center\"  id=\"row-161678113\">\n\n\n\t<div id=\"col-1556965269\" class=\"col medium-7 small-12 large-7\"  >\n\t\t\t\t<div class=\"col-inner text-left\"  >\n\t\t\t\n\t\t\t\n\n<h2>Le cuivre et l&rsquo;architecture<\/h2>\n<p>Depuis longtemps, le cuivre a toujours tenu une place importante et respect\u00e9e dans la construction des b\u00e2timents, dans l&rsquo;architecture et m\u00eame dans la d\u00e9coration int\u00e9rieure. Ce mat\u00e9riau est g\u00e9n\u00e9ralement utilis\u00e9 pour des \u00e9l\u00e9ments architecturaux tels que les toits, les goutti\u00e8res, les descentes pluviales et pour les rev\u00eatements muraux.<\/p>\n<p>Le cuivre doit surtout sa r\u00e9putation \u00e0 toutes ses bonnes caract\u00e9ristiques : sa forte r\u00e9sistance \u00e0 la corrosion, sa durabilit\u00e9, son aspect prestigieux et encore beaucoup d&rsquo;autres. Dans les environnements d&rsquo;int\u00e9rieurs et ext\u00e9rieurs, les panneaux muraux en cuivre constituent un \u00e9l\u00e9ment de design tr\u00e8s innovant, moderne. Ce mat\u00e9riau r\u00e9siste \u00e9galement aux temp\u00e9ratures \u00e9lev\u00e9es comme basses. Pour un rev\u00eatement dur, le cuivre est tr\u00e8s recommand\u00e9, contrairement aux autres m\u00e9taux. Associ\u00e9 avec du carrelage couleur cuivre, ce type de panneau pourrait parfaitement ressortir un style tr\u00e8s tendance et beaucoup plus moderne. Son entretien est facile, car vous n&rsquo;avez pas besoin d&rsquo;utiliser des produits nettoyants ou encore des mati\u00e8res abrasives, un anticalcaire peut largement suffire.<\/p>\n<h2>L&rsquo;importance d&rsquo;un panneau mural en cuivre ?<\/h2>\n<p>Le panneau mural est g\u00e9n\u00e9ralement un substitut au carrelage. Il peut soit d\u00e9corer une surface qui est en r\u00e9novation ou m\u00eame d\u00e9j\u00e0 carrel\u00e9e, soit il sert de plaque de cuivre couvrant les pl\u00e2tres peintes. Si vous pensez donc apporter plus de nouveaut\u00e9 \u00e0 votre int\u00e9rieur, choisissez plut\u00f4t des styles qui conviennent tout \u00e0 fait \u00e0 votre go\u00fbt.<\/p>\n<p>Chaque produit est en effet le r\u00e9sultat d&rsquo;une bonne combinaison du <a href=\"https:\/\/newyorkceiling.com\/fr\/creez-votre-produit\/\">motif<\/a> et aussi des couleurs qui doivent s&rsquo;unir automatiquement afin de satisfaire vos envies en mati\u00e8re de decoration murale cuivre. Facile \u00e0 entretenir, cette id\u00e9e vous permet parfaitement d&rsquo;avoir le look dont vous avez toujours souhait\u00e9. De plus, ce choix n&rsquo;implique pas trop de gros travaux. Il s&rsquo;agit d&rsquo;une solution toute trouv\u00e9e qui se charge enti\u00e8rement de m\u00e9tamorphoser un environnement d&rsquo;int\u00e9rieur ou ext\u00e9rieur. Outre le nouveau look d\u00e9gag\u00e9, la praticit\u00e9 de sa pose est aussi un avantage consid\u00e9rable. Un panneau mural cuivre est aussi utilis\u00e9 dans le commerce et dans les restaurants, notamment en cuisine.<\/p>\n\t<div id=\"gap-1751033010\" class=\"gap-element clearfix\" style=\"display:block; height:auto;\">\n\t\t\n<style>\n#gap-1751033010 {\n  padding-top: 30px;\n}\n<\/style>\n\t<\/div>\n\t\n\n\t<div id=\"gap-1801282929\" class=\"gap-element clearfix\" style=\"display:block; height:auto;\">\n\t\t\n<style>\n#gap-1801282929 {\n  padding-top: 30px;\n}\n<\/style>\n\t<\/div>\n\t\n\n\n\t\t<\/div>\n\t\t\t\t\n<style>\n#col-1556965269 > .col-inner {\n  padding: 30px 0px 0px 0px;\n}\n<\/style>\n\t<\/div>\n\n\t\n\n<\/div>\n\n\t\t<\/div>\n\n\t\t\n<style>\n#section_1755648996 {\n  padding-top: 30px;\n  padding-bottom: 30px;\n}\n<\/style>\n\t<\/section>\n\t\n\n\t<section class=\"section\" id=\"section_1130983403\">\n\t\t<div class=\"section-bg fill\" >\n\t\t\t\t\t\t\t\t\t<div class=\"section-bg-overlay absolute fill\"><\/div>\n\t\t\t\n\n\t\t<\/div>\n\n\t\t\n\n\t\t<div class=\"section-content relative\">\n\t\t\t\n\n<div class=\"row align-center\"  id=\"row-1365751977\">\n\n\n\t<div id=\"col-890684393\" class=\"col medium-5 small-12 large-5\"  >\n\t\t\t\t<div class=\"col-inner\"  >\n\t\t\t\n\t\t\t\n\n<h2>Panneau mural en cuivre : quelles sont ses caract\u00e9ristiques principales ?<\/h2>\n<p>Aujourd\u2019hui, le panneau mural cuivre devient une tendance tr\u00e8s appr\u00e9ci\u00e9e pour tous les nombreux avantages qu\u2019il peut fournir. D\u00e9j\u00e0, il r\u00e9siste au feu et \u00e0 la moisissure contrairement au bois. Aussi, le cuivre est un mat\u00e9riau qui a une dur\u00e9e de vie plus longue, donc id\u00e9al pour \u00e9lever la valeur des b\u00e2timents. Par ailleurs, les performances thermiques acoustiques ainsi que la lumi\u00e8re naturelle sont nettement am\u00e9lior\u00e9es. Sa couche ext\u00e9rieure se compose en effet de structure compacte.<\/p>\n<p>Un panneau mural cuivre ne n\u00e9cessite pas d\u2019entretien particulier. Pour que votre int\u00e9rieur soit enti\u00e8rement transform\u00e9, vous \u00eates libre de choisir la combinaison de votre choix. Misez surtout sur des bonnes couleurs et des motifs plus attrayants et modernes. Faisant partie des best-sellers de la d\u00e9coration en int\u00e9rieure, le panneau mural cuivre est le type de rev\u00eatement pouvant offrir toute une multitude de design. Vous disposez de toute une collection avec une gamme tr\u00e8s \u00e9tendue allant du noir mat au cuivre et aussi du brillant patin\u00e9. En optant pour une moulure, votre choix permet sans doute de cr\u00e9er une atmosph\u00e8re tout \u00e0 fait particuli\u00e8re.<\/p>\n\n\t\t<\/div>\n\t\t\t\t\t<\/div>\n\n\t\n\n\t<div id=\"col-1499516109\" class=\"col medium-4 small-12 large-4\"  >\n\t\t\t\t<div class=\"col-inner\"  >\n\t\t\t\n\t\t\t\n\n\t<div class=\"img has-hover x md-x lg-x y md-y lg-y\" id=\"image_1650361559\">\n\t\t\t\t\t\t\t\t<div class=\"img-inner dark\" >\n\t\t\t<img loading=\"lazy\" decoding=\"async\" width=\"602\" height=\"400\" src=\"https:\/\/newyorkceiling.com\/wp-content\/uploads\/2021\/08\/Haute-Friture-H2-1400x931-4-602x400.jpeg\" class=\"attachment-medium size-medium wvs-archive-product-image\" alt=\"\" srcset=\"https:\/\/newyorkceiling.com\/wp-content\/uploads\/2021\/08\/Haute-Friture-H2-1400x931-4-602x400.jpeg 602w, https:\/\/newyorkceiling.com\/wp-content\/uploads\/2021\/08\/Haute-Friture-H2-1400x931-4-510x339.jpeg 510w, https:\/\/newyorkceiling.com\/wp-content\/uploads\/2021\/08\/Haute-Friture-H2-1400x931-4-1203x800.jpeg 1203w, https:\/\/newyorkceiling.com\/wp-content\/uploads\/2021\/08\/Haute-Friture-H2-1400x931-4-768x511.jpeg 768w, https:\/\/newyorkceiling.com\/wp-content\/uploads\/2021\/08\/Haute-Friture-H2-1400x931-4.jpeg 1400w\" sizes=\"auto, (max-width: 602px) 100vw, 602px\" \/>\t\t\t\t\t\t\n\t\t\t\t\t<\/div>\n\t\t\t\t\t\t\t\t\n<style>\n#image_1650361559 {\n  width: 100%;\n}\n<\/style>\n\t<\/div>\n\t\n\n\n\t\t<\/div>\n\t\t\t\t\t<\/div>\n\n\t\n\n<\/div>\n\n\t\t<\/div>\n\n\t\t\n<style>\n#section_1130983403 {\n  padding-top: 60px;\n  padding-bottom: 60px;\n  margin-bottom: 0px;\n  background-color: rgb(208, 208, 208);\n}\n#section_1130983403 .section-bg-overlay {\n  background-color: rgba(255, 255, 255, 0.85);\n}\n<\/style>\n\t<\/section>\n\t\n\n\t<section class=\"section dark has-parallax\" id=\"section_766153292\">\n\t\t<div class=\"section-bg fill\" data-parallax-container=\".section\" data-parallax-background data-parallax=\"-3\">\n\t\t\t<img loading=\"lazy\" decoding=\"async\" width=\"1100\" height=\"733\" src=\"https:\/\/newyorkceiling.com\/wp-content\/uploads\/2021\/04\/ao22.jpg\" class=\"bg attachment- size- wvs-archive-product-image\" alt=\"\" \/>\t\t\t\t\t\t<div class=\"section-bg-overlay absolute fill\"><\/div>\n\t\t\t\n\n\t\t<\/div>\n\n\t\t\n\n\t\t<div class=\"section-content relative\">\n\t\t\t\n\n<div class=\"row row-collapse row-full-width align-center\"  id=\"row-1443754336\">\n\n\n\t<div id=\"col-1658087418\" class=\"col medium-8 small-12 large-8\"  >\n\t\t\t\t<div class=\"col-inner text-center\"  >\n\t\t\t\n\t\t\t\n\n<h2><strong>Demander un devis<\/strong><\/h2>\n<p><span style=\"font-size: 150%;\">Pour les grosses commandes, n\u2019h\u00e9sitez pas \u00e0 demander un devis.<\/span><\/p>\n<a href=\"https:\/\/newyorkceiling.com\/fr\/creez-votre-produit\/\" class=\"button primary\" >\n\t\t<span>DEMANDER UN DEVIS<\/span>\n\t<\/a>\n\n\n\n\t\t<\/div>\n\t\t\t\t\n<style>\n#col-1658087418 > .col-inner {\n  padding: 50px 0px 50px 0px;\n}\n<\/style>\n\t<\/div>\n\n\t\n\n<\/div>\n\n\t\t<\/div>\n\n\t\t\n<style>\n#section_766153292 {\n  padding-top: 30px;\n  padding-bottom: 30px;\n  background-color: rgb(40, 40, 40);\n}\n#section_766153292 .section-bg-overlay {\n  background-color: rgba(0, 0, 0, 0.65);\n}\n#section_766153292 .section-bg img {\n  object-position: 39% 21%;\n}\n<\/style>\n\t<\/section>\n\t\n\n","protected":false},"excerpt":{"rendered":"","protected":false},"author":23,"featured_media":0,"parent":0,"menu_order":0,"comment_status":"closed","ping_status":"closed","template":"page-blank.php","meta":{"footnotes":""},"class_list":["post-20774","page","type-page","status-publish","hentry"],"yoast_head":"<!-- This site is optimized with the Yoast SEO plugin v27.5 - https:\/\/yoast.com\/product\/yoast-seo-wordpress\/ -->\n<title>Panneau mural cuivre| New York Ceiling Co.<\/title>\n<meta name=\"description\" content=\"D\u00e9couvrez tout sur nos panneaux muraux aspect cuivre ! Pour un usage priv\u00e9 et professionnel dans, par exemple, les restaurants et les bars\" \/>\n<meta name=\"robots\" content=\"index, follow, max-snippet:-1, max-image-preview:large, max-video-preview:-1\" \/>\n<link rel=\"canonical\" href=\"https:\/\/newyorkceiling.com\/fr\/panneau-mural-cuivre\/\" \/>\n<meta property=\"og:locale\" content=\"fr_FR\" \/>\n<meta property=\"og:type\" content=\"article\" \/>\n<meta property=\"og:title\" content=\"Panneau mural cuivre| New York Ceiling Co.\" \/>\n<meta property=\"og:description\" content=\"D\u00e9couvrez tout sur nos panneaux muraux aspect cuivre ! Pour un usage priv\u00e9 et professionnel dans, par exemple, les restaurants et les bars\" \/>\n<meta property=\"og:url\" content=\"https:\/\/newyorkceiling.com\/fr\/panneau-mural-cuivre\/\" \/>\n<meta property=\"og:site_name\" content=\"New York Ceiling Co.\" \/>\n<meta property=\"article:modified_time\" content=\"2022-02-16T10:24:18+00:00\" \/>\n<meta name=\"twitter:card\" content=\"summary_large_image\" \/>\n<meta name=\"twitter:label1\" content=\"Dur\u00e9e de lecture estim\u00e9e\" \/>\n\t<meta name=\"twitter:data1\" content=\"4 minutes\" \/>\n<script type=\"application\/ld+json\" class=\"yoast-schema-graph\">{\"@context\":\"https:\\\/\\\/schema.org\",\"@graph\":[{\"@type\":\"WebPage\",\"@id\":\"https:\\\/\\\/newyorkceiling.com\\\/fr\\\/panneau-mural-cuivre\\\/\",\"url\":\"https:\\\/\\\/newyorkceiling.com\\\/fr\\\/panneau-mural-cuivre\\\/\",\"name\":\"Panneau mural cuivre| New York Ceiling Co.\",\"isPartOf\":{\"@id\":\"https:\\\/\\\/newyorkceiling.com\\\/fr\\\/#website\"},\"datePublished\":\"2021-10-22T12:42:50+00:00\",\"dateModified\":\"2022-02-16T10:24:18+00:00\",\"description\":\"D\u00e9couvrez tout sur nos panneaux muraux aspect cuivre ! Pour un usage priv\u00e9 et professionnel dans, par exemple, les restaurants et les bars\",\"breadcrumb\":{\"@id\":\"https:\\\/\\\/newyorkceiling.com\\\/fr\\\/panneau-mural-cuivre\\\/#breadcrumb\"},\"inLanguage\":\"fr-FR\",\"potentialAction\":[{\"@type\":\"ReadAction\",\"target\":[\"https:\\\/\\\/newyorkceiling.com\\\/fr\\\/panneau-mural-cuivre\\\/\"]}]},{\"@type\":\"BreadcrumbList\",\"@id\":\"https:\\\/\\\/newyorkceiling.com\\\/fr\\\/panneau-mural-cuivre\\\/#breadcrumb\",\"itemListElement\":[{\"@type\":\"ListItem\",\"position\":1,\"name\":\"Home\",\"item\":\"https:\\\/\\\/newyorkceiling.com\\\/fr\\\/\"},{\"@type\":\"ListItem\",\"position\":2,\"name\":\"Panneau mural cuivre\"}]},{\"@type\":\"WebSite\",\"@id\":\"https:\\\/\\\/newyorkceiling.com\\\/fr\\\/#website\",\"url\":\"https:\\\/\\\/newyorkceiling.com\\\/fr\\\/\",\"name\":\"New York Ceiling Co.\",\"description\":\"\",\"publisher\":{\"@id\":\"https:\\\/\\\/newyorkceiling.com\\\/fr\\\/#organization\"},\"potentialAction\":[{\"@type\":\"SearchAction\",\"target\":{\"@type\":\"EntryPoint\",\"urlTemplate\":\"https:\\\/\\\/newyorkceiling.com\\\/fr\\\/?s={search_term_string}\"},\"query-input\":{\"@type\":\"PropertyValueSpecification\",\"valueRequired\":true,\"valueName\":\"search_term_string\"}}],\"inLanguage\":\"fr-FR\"},{\"@type\":\"Organization\",\"@id\":\"https:\\\/\\\/newyorkceiling.com\\\/fr\\\/#organization\",\"name\":\"New York Ceiling Co.\",\"url\":\"https:\\\/\\\/newyorkceiling.com\\\/fr\\\/\",\"logo\":{\"@type\":\"ImageObject\",\"inLanguage\":\"fr-FR\",\"@id\":\"https:\\\/\\\/newyorkceiling.com\\\/fr\\\/#\\\/schema\\\/logo\\\/image\\\/\",\"url\":\"https:\\\/\\\/woocommerce-977722-3423925.cloudwaysapps.com\\\/wp-content\\\/uploads\\\/2021\\\/04\\\/New-York-Ceiling-Logo.png\",\"contentUrl\":\"https:\\\/\\\/woocommerce-977722-3423925.cloudwaysapps.com\\\/wp-content\\\/uploads\\\/2021\\\/04\\\/New-York-Ceiling-Logo.png\",\"width\":220,\"height\":88,\"caption\":\"New York Ceiling Co.\"},\"image\":{\"@id\":\"https:\\\/\\\/newyorkceiling.com\\\/fr\\\/#\\\/schema\\\/logo\\\/image\\\/\"}}]}<\/script>\n<!-- \/ Yoast SEO plugin. -->","yoast_head_json":{"title":"Panneau mural cuivre| New York Ceiling Co.","description":"D\u00e9couvrez tout sur nos panneaux muraux aspect cuivre ! Pour un usage priv\u00e9 et professionnel dans, par exemple, les restaurants et les bars","robots":{"index":"index","follow":"follow","max-snippet":"max-snippet:-1","max-image-preview":"max-image-preview:large","max-video-preview":"max-video-preview:-1"},"canonical":"https:\/\/newyorkceiling.com\/fr\/panneau-mural-cuivre\/","og_locale":"fr_FR","og_type":"article","og_title":"Panneau mural cuivre| New York Ceiling Co.","og_description":"D\u00e9couvrez tout sur nos panneaux muraux aspect cuivre ! Pour un usage priv\u00e9 et professionnel dans, par exemple, les restaurants et les bars","og_url":"https:\/\/newyorkceiling.com\/fr\/panneau-mural-cuivre\/","og_site_name":"New York Ceiling Co.","article_modified_time":"2022-02-16T10:24:18+00:00","twitter_card":"summary_large_image","twitter_misc":{"Dur\u00e9e de lecture estim\u00e9e":"4 minutes"},"schema":{"@context":"https:\/\/schema.org","@graph":[{"@type":"WebPage","@id":"https:\/\/newyorkceiling.com\/fr\/panneau-mural-cuivre\/","url":"https:\/\/newyorkceiling.com\/fr\/panneau-mural-cuivre\/","name":"Panneau mural cuivre| New York Ceiling Co.","isPartOf":{"@id":"https:\/\/newyorkceiling.com\/fr\/#website"},"datePublished":"2021-10-22T12:42:50+00:00","dateModified":"2022-02-16T10:24:18+00:00","description":"D\u00e9couvrez tout sur nos panneaux muraux aspect cuivre ! Pour un usage priv\u00e9 et professionnel dans, par exemple, les restaurants et les bars","breadcrumb":{"@id":"https:\/\/newyorkceiling.com\/fr\/panneau-mural-cuivre\/#breadcrumb"},"inLanguage":"fr-FR","potentialAction":[{"@type":"ReadAction","target":["https:\/\/newyorkceiling.com\/fr\/panneau-mural-cuivre\/"]}]},{"@type":"BreadcrumbList","@id":"https:\/\/newyorkceiling.com\/fr\/panneau-mural-cuivre\/#breadcrumb","itemListElement":[{"@type":"ListItem","position":1,"name":"Home","item":"https:\/\/newyorkceiling.com\/fr\/"},{"@type":"ListItem","position":2,"name":"Panneau mural cuivre"}]},{"@type":"WebSite","@id":"https:\/\/newyorkceiling.com\/fr\/#website","url":"https:\/\/newyorkceiling.com\/fr\/","name":"New York Ceiling Co.","description":"","publisher":{"@id":"https:\/\/newyorkceiling.com\/fr\/#organization"},"potentialAction":[{"@type":"SearchAction","target":{"@type":"EntryPoint","urlTemplate":"https:\/\/newyorkceiling.com\/fr\/?s={search_term_string}"},"query-input":{"@type":"PropertyValueSpecification","valueRequired":true,"valueName":"search_term_string"}}],"inLanguage":"fr-FR"},{"@type":"Organization","@id":"https:\/\/newyorkceiling.com\/fr\/#organization","name":"New York Ceiling Co.","url":"https:\/\/newyorkceiling.com\/fr\/","logo":{"@type":"ImageObject","inLanguage":"fr-FR","@id":"https:\/\/newyorkceiling.com\/fr\/#\/schema\/logo\/image\/","url":"https:\/\/woocommerce-977722-3423925.cloudwaysapps.com\/wp-content\/uploads\/2021\/04\/New-York-Ceiling-Logo.png","contentUrl":"https:\/\/woocommerce-977722-3423925.cloudwaysapps.com\/wp-content\/uploads\/2021\/04\/New-York-Ceiling-Logo.png","width":220,"height":88,"caption":"New York Ceiling Co."},"image":{"@id":"https:\/\/newyorkceiling.com\/fr\/#\/schema\/logo\/image\/"}}]}},"_links":{"self":[{"href":"https:\/\/newyorkceiling.com\/fr\/wp-json\/wp\/v2\/pages\/20774","targetHints":{"allow":["GET"]}}],"collection":[{"href":"https:\/\/newyorkceiling.com\/fr\/wp-json\/wp\/v2\/pages"}],"about":[{"href":"https:\/\/newyorkceiling.com\/fr\/wp-json\/wp\/v2\/types\/page"}],"author":[{"embeddable":true,"href":"https:\/\/newyorkceiling.com\/fr\/wp-json\/wp\/v2\/users\/23"}],"replies":[{"embeddable":true,"href":"https:\/\/newyorkceiling.com\/fr\/wp-json\/wp\/v2\/comments?post=20774"}],"version-history":[{"count":0,"href":"https:\/\/newyorkceiling.com\/fr\/wp-json\/wp\/v2\/pages\/20774\/revisions"}],"wp:attachment":[{"href":"https:\/\/newyorkceiling.com\/fr\/wp-json\/wp\/v2\/media?parent=20774"}],"curies":[{"name":"wp","href":"https:\/\/api.w.org\/{rel}","templated":true}]}}