{"id":13292,"date":"2025-01-28T14:42:25","date_gmt":"2025-01-28T13:42:25","guid":{"rendered":"https:\/\/newyorkceiling.eo3.echtonline.dev\/product\/new-york-the-original-raw-steel\/"},"modified":"2025-04-02T08:54:02","modified_gmt":"2025-04-02T07:54:02","slug":"new-york-the-original-raw-steel","status":"publish","type":"product","link":"https:\/\/newyorkceiling.com\/fr\/product\/new-york-the-original-raw-steel\/","title":{"rendered":"New York The Original &#8211; raw steel"},"content":{"rendered":"<h3>Description<\/h3>\n<p>Panneau m\u00e9tallique avec motif 3d. New York The Original&rsquo; est un panneau mural \/ une dalle de plafond en acier non trait\u00e9. Les panneaux sont les seuls \u00e0 ne pas \u00eatre trait\u00e9s par un rev\u00eatement en poudre. Convient pour \u00eatre peint soi-m\u00eame ou pour \u00eatre trait\u00e9 par un artiste. S&rsquo;ils entrent en contact avec l&rsquo;humidit\u00e9, ils rouilleront et prendront un aspect dur et industriel. Il existe de nombreuses fa\u00e7ons de les traiter soi-m\u00eame. Inspirez-vous des bars, restaurants et autres int\u00e9rieurs qui vous ont pr\u00e9c\u00e9d\u00e9 !<\/p>\n<h3>Sp\u00e9cifications<\/h3>\n<table>\n<tbody>\n<tr>\n<td>produit<\/td>\n<td>plaque d&rsquo;acier de 0,25 mm avec motif estamp\u00e9 en 3d<\/td>\n<\/tr>\n<tr>\n<td>motifs<\/td>\n<td>un choix de quelque 40 motifs diff\u00e9rents<\/td>\n<\/tr>\n<\/tbody>\n<\/table>\n<p><strong>Drop-in<\/strong><\/p>\n<table>\n<tbody>\n<tr>\n<td>application<\/td>\n<td>faux plafond<\/td>\n<\/tr>\n<tr>\n<td>dimensions<\/td>\n<td>environ 590 x 590 mm (selon le choix du motif)<\/td>\n<\/tr>\n<\/tbody>\n<\/table>\n<p><strong>Nail-up<\/strong><\/p>\n<table>\n<tbody>\n<tr>\n<td>application<\/td>\n<td>murs, plafonds et meubles<\/td>\n<\/tr>\n<tr>\n<td>dimensions<\/td>\n<td>environ 610 x 610 mm (selon le choix du motif) \/ chevauchement     d\u2019environ 7 mm sur tous les c\u00f4t\u00e9s<\/td>\n<\/tr>\n<\/tbody>\n<\/table>\n<p><strong>Acoustique<\/strong><\/p>\n<table>\n<tbody>\n<tr>\n<td>Microperforation<\/td>\n<td>possibilit\u00e9 de panneau acoustique microperfor\u00e9 (diam\u00e8tre perforation 0,66 mm &#8211; espacement 5,2 mm)<\/td>\n<\/tr>\n<tr>\n<td>Valeur rc<\/td>\n<td>0,25 panneau acoustique et 0,85 combin\u00e9 avec vide et mousse acoustique<\/td>\n<\/tr>\n<tr>\n<td>Motifs possibles<\/td>\n<td>#106, #112, #114, #123, #125, #138, #141, #401, #402, #405, #408, #416, #418, #424, #432, #603, #617, #619, #620, #621, #627, #630, #631, #635, #637, #F01, #F02<\/td>\n<\/tr>\n<\/tbody>\n<\/table>\n<p><strong>R\u00e9sistance au feu<\/strong><\/p>\n<table>\n<tbody>\n<tr>\n<td>classification<\/td>\n<td>classe A (norme am\u00e9ricaine ASTM E84 &#8211; rapport sur demande)<\/td>\n<\/tr>\n<\/tbody>\n<\/table>\n<h3>Finition<\/h3>\n<p>La t\u00f4le d&rsquo;acier \u00e9tam\u00e9 n&rsquo;est pas trait\u00e9e. Ils peuvent \u00eatre peints ou d\u00e9cor\u00e9s \u00e0 volont\u00e9. S&rsquo;ils ne sont pas trait\u00e9s et entrent en contact avec l&rsquo;humidit\u00e9, ils s&rsquo;oxyderont. Pour le traitement, il est important d&rsquo;utiliser une peinture \u00e0 l&rsquo;huile ou de traiter l&rsquo;acier avec un appr\u00eat \u00e0 l&rsquo;huile au pr\u00e9alable.<\/p>\n<h3>Montage<\/h3>\n<table>\n<tbody>\n<tr>\n<td>drop-in<\/td>\n<td>Ins\u00e9rez les panneaux dans l\u2019armature du faux plafond. <a href=\"https:\/\/newyorkceiling.com\/fr\/sur-le-produit\/montage\/\">Voir les instructions de montage<\/a><\/td>\n<\/tr>\n<tr>\n<td>nail-up<\/td>\n<td>Collez et\/ou clouez les panneaux au support. <a href=\"https:\/\/newyorkceiling.com\/fr\/sur-le-produit\/montage\/\">Voir les instructions de montage<\/a><\/td>\n<\/tr>\n<\/tbody>\n<\/table>\n","protected":false},"excerpt":{"rendered":"<p>Description Panneau m\u00e9tallique avec motif 3d. New York The Original&rsquo; est un panneau mural \/ une dalle de plafond en acier non trait\u00e9. Les panneaux sont les seuls \u00e0 ne pas \u00eatre trait\u00e9s par un rev\u00eatement en poudre. Convient pour \u00eatre peint soi-m\u00eame ou pour \u00eatre trait\u00e9 par un artiste. S&rsquo;ils entrent en contact avec [&#8230;]\n","protected":false},"featured_media":26520,"comment_status":"open","ping_status":"open","template":"","meta":[],"product_brand":[],"product_cat":[468,220,228],"product_tag":[],"class_list":{"0":"post-13292","1":"product","2":"type-product","3":"status-publish","4":"has-post-thumbnail","6":"product_cat-uncategorized","7":"product_cat-tous-les-produits","8":"product_cat-raw-fr","9":"pa_akoestiek-ja","10":"pa_akoestiek-nee","11":"pa_kies-patroon-_617","12":"pa_kies-patroon-_128","13":"pa_kies-patroon-_106","14":"pa_kies-patroon-_141","15":"pa_kies-patroon-_418","16":"pa_kies-patroon-_129","17":"pa_kies-patroon-_408","18":"pa_kies-patroon-_f01","19":"pa_kies-patroon-_619","20":"pa_kies-patroon-_630","21":"pa_kies-patroon-_009","22":"pa_kies-patroon-_f02","23":"pa_kies-patroon-_620","24":"pa_kies-patroon-_631","25":"pa_kies-patroon-_110","26":"pa_kies-patroon-_405","27":"pa_kies-patroon-_621","28":"pa_kies-patroon-_432","29":"pa_kies-patroon-_111","30":"pa_kies-patroon-_107","31":"pa_kies-patroon-_122","32":"pa_kies-patroon-_033","33":"pa_kies-patroon-_112","34":"pa_kies-patroon-_442","35":"pa_kies-patroon-_123","36":"pa_kies-patroon-_635","37":"pa_kies-patroon-_113","38":"pa_kies-patroon-_424","39":"pa_kies-patroon-_401","40":"pa_kies-patroon-_636","41":"pa_kies-patroon-_114","42":"pa_kies-patroon-_125","43":"pa_kies-patroon-_402","44":"pa_kies-patroon-_637","45":"pa_kies-patroon-_115","46":"pa_kies-patroon-_126","47":"pa_kies-patroon-_603","48":"pa_kies-patroon-_138","49":"pa_kies-patroon-_416","50":"pa_kies-patroon-_627","51":"pa_kies-patroon-_404","52":"pa_kies-patroon-_139","53":"pa_kleur-metal-fr","55":"first","56":"instock","57":"taxable","58":"shipping-taxable","59":"purchasable","60":"product-type-variable","61":"wvs-archive-product-wrapper"},"yoast_head":"<!-- This site is optimized with the Yoast SEO plugin v27.2 - https:\/\/yoast.com\/product\/yoast-seo-wordpress\/ -->\n<title>New York The Original - raw steel - New York Ceiling Co.<\/title>\n<meta name=\"robots\" content=\"index, follow, max-snippet:-1, max-image-preview:large, max-video-preview:-1\" \/>\n<link rel=\"canonical\" href=\"https:\/\/newyorkceiling.com\/fr\/product\/new-york-the-original-raw-steel\/\" \/>\n<meta property=\"og:locale\" content=\"fr_FR\" \/>\n<meta property=\"og:type\" content=\"article\" \/>\n<meta property=\"og:title\" content=\"New York The Original - raw steel - New York Ceiling Co.\" \/>\n<meta property=\"og:description\" content=\"Description Panneau m\u00e9tallique avec motif 3d. New York The Original&rsquo; est un panneau mural \/ une dalle de plafond en acier non trait\u00e9. Les panneaux sont les seuls \u00e0 ne pas \u00eatre trait\u00e9s par un rev\u00eatement en poudre. Convient pour \u00eatre peint soi-m\u00eame ou pour \u00eatre trait\u00e9 par un artiste. S&rsquo;ils entrent en contact avec [...]\" \/>\n<meta property=\"og:url\" content=\"https:\/\/newyorkceiling.com\/fr\/product\/new-york-the-original-raw-steel\/\" \/>\n<meta property=\"og:site_name\" content=\"New York Ceiling Co.\" \/>\n<meta property=\"article:modified_time\" content=\"2025-04-02T07:54:02+00:00\" \/>\n<meta property=\"og:image\" content=\"https:\/\/newyorkceiling.com\/wp-content\/uploads\/2021\/04\/1-raw.jpeg\" \/>\n\t<meta property=\"og:image:width\" content=\"750\" \/>\n\t<meta property=\"og:image:height\" content=\"750\" \/>\n\t<meta property=\"og:image:type\" content=\"image\/jpeg\" \/>\n<meta name=\"twitter:card\" content=\"summary_large_image\" \/>\n<meta name=\"twitter:label1\" content=\"Dur\u00e9e de lecture estim\u00e9e\" \/>\n\t<meta name=\"twitter:data1\" content=\"1 minute\" \/>\n<script type=\"application\/ld+json\" class=\"yoast-schema-graph\">{\"@context\":\"https:\/\/schema.org\",\"@graph\":[{\"@type\":\"WebPage\",\"@id\":\"https:\/\/newyorkceiling.com\/fr\/product\/new-york-the-original-raw-steel\/\",\"url\":\"https:\/\/newyorkceiling.com\/fr\/product\/new-york-the-original-raw-steel\/\",\"name\":\"New York The Original - raw steel - New York Ceiling Co.\",\"isPartOf\":{\"@id\":\"https:\/\/newyorkceiling.com\/fr\/#website\"},\"primaryImageOfPage\":{\"@id\":\"https:\/\/newyorkceiling.com\/fr\/product\/new-york-the-original-raw-steel\/#primaryimage\"},\"image\":{\"@id\":\"https:\/\/newyorkceiling.com\/fr\/product\/new-york-the-original-raw-steel\/#primaryimage\"},\"thumbnailUrl\":\"https:\/\/newyorkceiling.com\/wp-content\/uploads\/2021\/04\/1-raw.jpeg\",\"datePublished\":\"2025-01-28T13:42:25+00:00\",\"dateModified\":\"2025-04-02T07:54:02+00:00\",\"breadcrumb\":{\"@id\":\"https:\/\/newyorkceiling.com\/fr\/product\/new-york-the-original-raw-steel\/#breadcrumb\"},\"inLanguage\":\"fr-FR\",\"potentialAction\":[{\"@type\":\"ReadAction\",\"target\":[\"https:\/\/newyorkceiling.com\/fr\/product\/new-york-the-original-raw-steel\/\"]}]},{\"@type\":\"ImageObject\",\"inLanguage\":\"fr-FR\",\"@id\":\"https:\/\/newyorkceiling.com\/fr\/product\/new-york-the-original-raw-steel\/#primaryimage\",\"url\":\"https:\/\/newyorkceiling.com\/wp-content\/uploads\/2021\/04\/1-raw.jpeg\",\"contentUrl\":\"https:\/\/newyorkceiling.com\/wp-content\/uploads\/2021\/04\/1-raw.jpeg\",\"width\":750,\"height\":750},{\"@type\":\"BreadcrumbList\",\"@id\":\"https:\/\/newyorkceiling.com\/fr\/product\/new-york-the-original-raw-steel\/#breadcrumb\",\"itemListElement\":[{\"@type\":\"ListItem\",\"position\":1,\"name\":\"Home\",\"item\":\"https:\/\/newyorkceiling.com\/fr\/\"},{\"@type\":\"ListItem\",\"position\":2,\"name\":\"Cre\u00e9z votre produit\",\"item\":\"https:\/\/newyorkceiling.com\/fr\/creez-votre-produit\/\"},{\"@type\":\"ListItem\",\"position\":3,\"name\":\"tous les produits\",\"item\":\"https:\/\/newyorkceiling.com\/fr\/product-categorie\/tous-les-produits\/\"},{\"@type\":\"ListItem\",\"position\":4,\"name\":\"New York The Original &#8211; raw steel\"}]},{\"@type\":\"WebSite\",\"@id\":\"https:\/\/newyorkceiling.com\/fr\/#website\",\"url\":\"https:\/\/newyorkceiling.com\/fr\/\",\"name\":\"New York Ceiling Co.\",\"description\":\"\",\"publisher\":{\"@id\":\"https:\/\/newyorkceiling.com\/fr\/#organization\"},\"potentialAction\":[{\"@type\":\"SearchAction\",\"target\":{\"@type\":\"EntryPoint\",\"urlTemplate\":\"https:\/\/newyorkceiling.com\/fr\/?s={search_term_string}\"},\"query-input\":{\"@type\":\"PropertyValueSpecification\",\"valueRequired\":true,\"valueName\":\"search_term_string\"}}],\"inLanguage\":\"fr-FR\"},{\"@type\":\"Organization\",\"@id\":\"https:\/\/newyorkceiling.com\/fr\/#organization\",\"name\":\"New York Ceiling Co.\",\"url\":\"https:\/\/newyorkceiling.com\/fr\/\",\"logo\":{\"@type\":\"ImageObject\",\"inLanguage\":\"fr-FR\",\"@id\":\"https:\/\/newyorkceiling.com\/fr\/#\/schema\/logo\/image\/\",\"url\":\"https:\/\/woocommerce-977722-3423925.cloudwaysapps.com\/wp-content\/uploads\/2021\/04\/New-York-Ceiling-Logo.png\",\"contentUrl\":\"https:\/\/woocommerce-977722-3423925.cloudwaysapps.com\/wp-content\/uploads\/2021\/04\/New-York-Ceiling-Logo.png\",\"width\":220,\"height\":88,\"caption\":\"New York Ceiling Co.\"},\"image\":{\"@id\":\"https:\/\/newyorkceiling.com\/fr\/#\/schema\/logo\/image\/\"}}]}<\/script>\n<!-- \/ Yoast SEO plugin. -->","yoast_head_json":{"title":"New York The Original - raw steel - New York Ceiling Co.","robots":{"index":"index","follow":"follow","max-snippet":"max-snippet:-1","max-image-preview":"max-image-preview:large","max-video-preview":"max-video-preview:-1"},"canonical":"https:\/\/newyorkceiling.com\/fr\/product\/new-york-the-original-raw-steel\/","og_locale":"fr_FR","og_type":"article","og_title":"New York The Original - raw steel - New York Ceiling Co.","og_description":"Description Panneau m\u00e9tallique avec motif 3d. New York The Original&rsquo; est un panneau mural \/ une dalle de plafond en acier non trait\u00e9. Les panneaux sont les seuls \u00e0 ne pas \u00eatre trait\u00e9s par un rev\u00eatement en poudre. Convient pour \u00eatre peint soi-m\u00eame ou pour \u00eatre trait\u00e9 par un artiste. S&rsquo;ils entrent en contact avec [...]","og_url":"https:\/\/newyorkceiling.com\/fr\/product\/new-york-the-original-raw-steel\/","og_site_name":"New York Ceiling Co.","article_modified_time":"2025-04-02T07:54:02+00:00","og_image":[{"width":750,"height":750,"url":"https:\/\/newyorkceiling.com\/wp-content\/uploads\/2021\/04\/1-raw.jpeg","type":"image\/jpeg"}],"twitter_card":"summary_large_image","twitter_misc":{"Dur\u00e9e de lecture estim\u00e9e":"1 minute"},"schema":{"@context":"https:\/\/schema.org","@graph":[{"@type":"WebPage","@id":"https:\/\/newyorkceiling.com\/fr\/product\/new-york-the-original-raw-steel\/","url":"https:\/\/newyorkceiling.com\/fr\/product\/new-york-the-original-raw-steel\/","name":"New York The Original - raw steel - New York Ceiling Co.","isPartOf":{"@id":"https:\/\/newyorkceiling.com\/fr\/#website"},"primaryImageOfPage":{"@id":"https:\/\/newyorkceiling.com\/fr\/product\/new-york-the-original-raw-steel\/#primaryimage"},"image":{"@id":"https:\/\/newyorkceiling.com\/fr\/product\/new-york-the-original-raw-steel\/#primaryimage"},"thumbnailUrl":"https:\/\/newyorkceiling.com\/wp-content\/uploads\/2021\/04\/1-raw.jpeg","datePublished":"2025-01-28T13:42:25+00:00","dateModified":"2025-04-02T07:54:02+00:00","breadcrumb":{"@id":"https:\/\/newyorkceiling.com\/fr\/product\/new-york-the-original-raw-steel\/#breadcrumb"},"inLanguage":"fr-FR","potentialAction":[{"@type":"ReadAction","target":["https:\/\/newyorkceiling.com\/fr\/product\/new-york-the-original-raw-steel\/"]}]},{"@type":"ImageObject","inLanguage":"fr-FR","@id":"https:\/\/newyorkceiling.com\/fr\/product\/new-york-the-original-raw-steel\/#primaryimage","url":"https:\/\/newyorkceiling.com\/wp-content\/uploads\/2021\/04\/1-raw.jpeg","contentUrl":"https:\/\/newyorkceiling.com\/wp-content\/uploads\/2021\/04\/1-raw.jpeg","width":750,"height":750},{"@type":"BreadcrumbList","@id":"https:\/\/newyorkceiling.com\/fr\/product\/new-york-the-original-raw-steel\/#breadcrumb","itemListElement":[{"@type":"ListItem","position":1,"name":"Home","item":"https:\/\/newyorkceiling.com\/fr\/"},{"@type":"ListItem","position":2,"name":"Cre\u00e9z votre produit","item":"https:\/\/newyorkceiling.com\/fr\/creez-votre-produit\/"},{"@type":"ListItem","position":3,"name":"tous les produits","item":"https:\/\/newyorkceiling.com\/fr\/product-categorie\/tous-les-produits\/"},{"@type":"ListItem","position":4,"name":"New York The Original &#8211; raw steel"}]},{"@type":"WebSite","@id":"https:\/\/newyorkceiling.com\/fr\/#website","url":"https:\/\/newyorkceiling.com\/fr\/","name":"New York Ceiling Co.","description":"","publisher":{"@id":"https:\/\/newyorkceiling.com\/fr\/#organization"},"potentialAction":[{"@type":"SearchAction","target":{"@type":"EntryPoint","urlTemplate":"https:\/\/newyorkceiling.com\/fr\/?s={search_term_string}"},"query-input":{"@type":"PropertyValueSpecification","valueRequired":true,"valueName":"search_term_string"}}],"inLanguage":"fr-FR"},{"@type":"Organization","@id":"https:\/\/newyorkceiling.com\/fr\/#organization","name":"New York Ceiling Co.","url":"https:\/\/newyorkceiling.com\/fr\/","logo":{"@type":"ImageObject","inLanguage":"fr-FR","@id":"https:\/\/newyorkceiling.com\/fr\/#\/schema\/logo\/image\/","url":"https:\/\/woocommerce-977722-3423925.cloudwaysapps.com\/wp-content\/uploads\/2021\/04\/New-York-Ceiling-Logo.png","contentUrl":"https:\/\/woocommerce-977722-3423925.cloudwaysapps.com\/wp-content\/uploads\/2021\/04\/New-York-Ceiling-Logo.png","width":220,"height":88,"caption":"New York Ceiling Co."},"image":{"@id":"https:\/\/newyorkceiling.com\/fr\/#\/schema\/logo\/image\/"}}]}},"_links":{"self":[{"href":"https:\/\/newyorkceiling.com\/fr\/wp-json\/wp\/v2\/product\/13292","targetHints":{"allow":["GET"]}}],"collection":[{"href":"https:\/\/newyorkceiling.com\/fr\/wp-json\/wp\/v2\/product"}],"about":[{"href":"https:\/\/newyorkceiling.com\/fr\/wp-json\/wp\/v2\/types\/product"}],"replies":[{"embeddable":true,"href":"https:\/\/newyorkceiling.com\/fr\/wp-json\/wp\/v2\/comments?post=13292"}],"wp:featuredmedia":[{"embeddable":true,"href":"https:\/\/newyorkceiling.com\/fr\/wp-json\/wp\/v2\/media\/26520"}],"wp:attachment":[{"href":"https:\/\/newyorkceiling.com\/fr\/wp-json\/wp\/v2\/media?parent=13292"}],"wp:term":[{"taxonomy":"product_brand","embeddable":true,"href":"https:\/\/newyorkceiling.com\/fr\/wp-json\/wp\/v2\/product_brand?post=13292"},{"taxonomy":"product_cat","embeddable":true,"href":"https:\/\/newyorkceiling.com\/fr\/wp-json\/wp\/v2\/product_cat?post=13292"},{"taxonomy":"product_tag","embeddable":true,"href":"https:\/\/newyorkceiling.com\/fr\/wp-json\/wp\/v2\/product_tag?post=13292"}],"curies":[{"name":"wp","href":"https:\/\/api.w.org\/{rel}","templated":true}]}}