{"id":18390,"date":"2025-01-28T14:45:06","date_gmt":"2025-01-28T13:45:06","guid":{"rendered":"https:\/\/newyorkceiling.eo3.echtonline.dev\/product\/chicago-used-gold\/"},"modified":"2025-04-02T08:45:59","modified_gmt":"2025-04-02T07:45:59","slug":"chicago-used-gold","status":"publish","type":"product","link":"https:\/\/newyorkceiling.com\/fr\/product\/chicago-used-gold\/","title":{"rendered":"Chicago &#8211; used gold"},"content":{"rendered":"<h3>Description<\/h3>\n<p>Des panneaux m\u00e9talliques de couleur or travaill\u00e9s avec du bronze. Le r\u00e9sultat ? Des panneaux de plafond et de mur \u00e0 l&rsquo;aspect \u00e0 la fois \u00e9clatant et us\u00e9 par le temps. Magnifique comme plafond industriel ou comme mur dans un h\u00f4tel ou un restaurant, ou, pourquoi pas, chez vous, si vous l\u2018osez ! \u2018Chicago \u2013 used gold\u2019 peut \u00eatre combin\u00e9 \u00e0 l&rsquo;infini. Pour apporter un accent particulier dans un int\u00e9rieur clair ou pour cr\u00e9er une atmosph\u00e8re chic dans un h\u00f4tel en combinaison avec des mat\u00e9riaux sombres, chauds et classiques comme du marbre et du velours verts.<\/p>\n<h3>Sp\u00e9cifications<\/h3>\n<table>\n<tbody>\n<tr>\n<td>produit<\/td>\n<td>plaque d&rsquo;acier de 0,25 mm avec motif estamp\u00e9 en 3d<\/td>\n<\/tr>\n<tr>\n<td>motifs<\/td>\n<td>un choix de quelque 40 motifs diff\u00e9rents<\/td>\n<\/tr>\n<\/tbody>\n<\/table>\n<p><strong>Drop-in<\/strong><\/p>\n<table>\n<tbody>\n<tr>\n<td>application<\/td>\n<td>faux plafond<\/td>\n<\/tr>\n<tr>\n<td>dimensions<\/td>\n<td>environ 590 x 590 mm (selon le choix du motif)<\/td>\n<\/tr>\n<\/tbody>\n<\/table>\n<p><strong>Nail-up<\/strong><\/p>\n<table>\n<tbody>\n<tr>\n<td>application<\/td>\n<td>murs, plafonds et meubles<\/td>\n<\/tr>\n<tr>\n<td>dimensions<\/td>\n<td>environ 610 x 610 mm (selon le choix du motif) \/ chevauchement     d\u2019environ 7 mm sur tous les c\u00f4t\u00e9s<\/td>\n<\/tr>\n<\/tbody>\n<\/table>\n<p><strong>Acoustique<\/strong><\/p>\n<table>\n<tbody>\n<tr>\n<td>Microperforation<\/td>\n<td>possibilit\u00e9 de panneau acoustique microperfor\u00e9 (diam\u00e8tre perforation 0,66 mm &#8211; espacement 5,2 mm)<\/td>\n<\/tr>\n<tr>\n<td>Valeur rc<\/td>\n<td>0,25 panneau acoustique et 0,85 combin\u00e9 avec vide et mousse acoustique<\/td>\n<\/tr>\n<tr>\n<td>Motifs possibles<\/td>\n<td>#106, #112, #114, #123, #125, #138, #141, #401, #402, #405, #408, #416, #418, #424, #432, #603, #617, #619, #620, #621, #627, #630, #631, #635, #637, #F01, #F02<\/td>\n<\/tr>\n<\/tbody>\n<\/table>\n<p><strong>R\u00e9sistance au feu<\/strong><\/p>\n<table>\n<tbody>\n<tr>\n<td>classification<\/td>\n<td>classe A (norme am\u00e9ricaine ASTM E84 &#8211; rapport sur demande)<\/td>\n<\/tr>\n<\/tbody>\n<\/table>\n<h3>Finition<\/h3>\n<p>La face avant de la t\u00f4le d&rsquo;acier \u00e9tam\u00e9 est recouverte d&rsquo;un rev\u00eatement en poudre de couleur. Le tout a ensuite \u00e9t\u00e9 trait\u00e9 manuellement pour lui donner un aspect vintage, avant d&rsquo;\u00eatre recouvert d&rsquo;un vernis de protection.<\/p>\n<h3>Montage<\/h3>\n<table>\n<tbody>\n<tr>\n<td>drop-in<\/td>\n<td>Ins\u00e9rez les panneaux dans l\u2019armature du faux plafond. <a href=\"https:\/\/newyorkceiling.com\/fr\/sur-le-produit\/montage\/\">Voir les instructions de montage<\/a><\/td>\n<\/tr>\n<tr>\n<td>nail-up<\/td>\n<td>Collez et\/ou clouez les panneaux au support. <a href=\"https:\/\/newyorkceiling.com\/fr\/sur-le-produit\/montage\/\">Voir les instructions de montage<\/a><\/td>\n<\/tr>\n<\/tbody>\n<\/table>\n","protected":false},"excerpt":{"rendered":"<p>Description Des panneaux m\u00e9talliques de couleur or travaill\u00e9s avec du bronze. Le r\u00e9sultat ? Des panneaux de plafond et de mur \u00e0 l&rsquo;aspect \u00e0 la fois \u00e9clatant et us\u00e9 par le temps. Magnifique comme plafond industriel ou comme mur dans un h\u00f4tel ou un restaurant, ou, pourquoi pas, chez vous, si vous l\u2018osez ! \u2018Chicago [&#8230;]\n","protected":false},"featured_media":25770,"comment_status":"open","ping_status":"open","template":"","meta":[],"product_brand":[],"product_cat":[468,203,206],"product_tag":[],"class_list":{"0":"post-18390","1":"product","2":"type-product","3":"status-publish","4":"has-post-thumbnail","6":"product_cat-uncategorized","7":"product_cat-alle-producten","8":"product_cat-art-series","9":"pa_akoestiek-ja","10":"pa_akoestiek-nee","11":"pa_kies-patroon-_115","12":"pa_kies-patroon-_126","13":"pa_kies-patroon-_603","14":"pa_kies-patroon-_138","15":"pa_kies-patroon-_416","16":"pa_kies-patroon-_627","17":"pa_kies-patroon-_404","18":"pa_kies-patroon-_139","19":"pa_kies-patroon-_617","20":"pa_kies-patroon-_128","21":"pa_kies-patroon-_106","22":"pa_kies-patroon-_141","23":"pa_kies-patroon-_418","24":"pa_kies-patroon-_129","25":"pa_kies-patroon-_408","26":"pa_kies-patroon-_f01","27":"pa_kies-patroon-_619","28":"pa_kies-patroon-_630","29":"pa_kies-patroon-_009","30":"pa_kies-patroon-_f02","31":"pa_kies-patroon-_620","32":"pa_kies-patroon-_631","33":"pa_kies-patroon-_110","34":"pa_kies-patroon-_405","35":"pa_kies-patroon-_621","36":"pa_kies-patroon-_432","37":"pa_kies-patroon-_111","38":"pa_kies-patroon-_107","39":"pa_kies-patroon-_122","40":"pa_kies-patroon-_033","41":"pa_kies-patroon-_112","42":"pa_kies-patroon-_442","43":"pa_kies-patroon-_123","44":"pa_kies-patroon-_635","45":"pa_kies-patroon-_113","46":"pa_kies-patroon-_424","47":"pa_kies-patroon-_401","48":"pa_kies-patroon-_636","49":"pa_kies-patroon-_114","50":"pa_kies-patroon-_125","51":"pa_kies-patroon-_402","52":"pa_kies-patroon-_637","53":"pa_kleur-brons-messing","54":"pa_kleur-goud","56":"first","57":"instock","58":"taxable","59":"shipping-taxable","60":"purchasable","61":"product-type-variable","62":"wvs-archive-product-wrapper"},"yoast_head":"<!-- This site is optimized with the Yoast SEO plugin v27.5 - https:\/\/yoast.com\/product\/yoast-seo-wordpress\/ -->\n<title>Chicago - used gold - New York Ceiling Co.<\/title>\n<meta name=\"robots\" content=\"index, follow, max-snippet:-1, max-image-preview:large, max-video-preview:-1\" \/>\n<link rel=\"canonical\" href=\"https:\/\/newyorkceiling.com\/fr\/product\/chicago-used-gold\/\" \/>\n<meta property=\"og:locale\" content=\"fr_FR\" \/>\n<meta property=\"og:type\" content=\"article\" \/>\n<meta property=\"og:title\" content=\"Chicago - used gold - New York Ceiling Co.\" \/>\n<meta property=\"og:description\" content=\"Description Des panneaux m\u00e9talliques de couleur or travaill\u00e9s avec du bronze. Le r\u00e9sultat ? Des panneaux de plafond et de mur \u00e0 l&rsquo;aspect \u00e0 la fois \u00e9clatant et us\u00e9 par le temps. Magnifique comme plafond industriel ou comme mur dans un h\u00f4tel ou un restaurant, ou, pourquoi pas, chez vous, si vous l\u2018osez ! \u2018Chicago [...]\" \/>\n<meta property=\"og:url\" content=\"https:\/\/newyorkceiling.com\/fr\/product\/chicago-used-gold\/\" \/>\n<meta property=\"og:site_name\" content=\"New York Ceiling Co.\" \/>\n<meta property=\"article:modified_time\" content=\"2025-04-02T07:45:59+00:00\" \/>\n<meta property=\"og:image\" content=\"https:\/\/newyorkceiling.com\/wp-content\/uploads\/2021\/06\/1-gbb.jpeg\" \/>\n\t<meta property=\"og:image:width\" content=\"750\" \/>\n\t<meta property=\"og:image:height\" content=\"750\" \/>\n\t<meta property=\"og:image:type\" content=\"image\/jpeg\" \/>\n<meta name=\"twitter:card\" content=\"summary_large_image\" \/>\n<meta name=\"twitter:label1\" content=\"Dur\u00e9e de lecture estim\u00e9e\" \/>\n\t<meta name=\"twitter:data1\" content=\"1 minute\" \/>\n<script type=\"application\/ld+json\" class=\"yoast-schema-graph\">{\"@context\":\"https:\\\/\\\/schema.org\",\"@graph\":[{\"@type\":\"WebPage\",\"@id\":\"https:\\\/\\\/newyorkceiling.com\\\/fr\\\/product\\\/chicago-used-gold\\\/\",\"url\":\"https:\\\/\\\/newyorkceiling.com\\\/fr\\\/product\\\/chicago-used-gold\\\/\",\"name\":\"Chicago - used gold - New York Ceiling Co.\",\"isPartOf\":{\"@id\":\"https:\\\/\\\/newyorkceiling.com\\\/fr\\\/#website\"},\"primaryImageOfPage\":{\"@id\":\"https:\\\/\\\/newyorkceiling.com\\\/fr\\\/product\\\/chicago-used-gold\\\/#primaryimage\"},\"image\":{\"@id\":\"https:\\\/\\\/newyorkceiling.com\\\/fr\\\/product\\\/chicago-used-gold\\\/#primaryimage\"},\"thumbnailUrl\":\"https:\\\/\\\/newyorkceiling.com\\\/wp-content\\\/uploads\\\/2021\\\/06\\\/1-gbb.jpeg\",\"datePublished\":\"2025-01-28T13:45:06+00:00\",\"dateModified\":\"2025-04-02T07:45:59+00:00\",\"breadcrumb\":{\"@id\":\"https:\\\/\\\/newyorkceiling.com\\\/fr\\\/product\\\/chicago-used-gold\\\/#breadcrumb\"},\"inLanguage\":\"fr-FR\",\"potentialAction\":[{\"@type\":\"ReadAction\",\"target\":[\"https:\\\/\\\/newyorkceiling.com\\\/fr\\\/product\\\/chicago-used-gold\\\/\"]}]},{\"@type\":\"ImageObject\",\"inLanguage\":\"fr-FR\",\"@id\":\"https:\\\/\\\/newyorkceiling.com\\\/fr\\\/product\\\/chicago-used-gold\\\/#primaryimage\",\"url\":\"https:\\\/\\\/newyorkceiling.com\\\/wp-content\\\/uploads\\\/2021\\\/06\\\/1-gbb.jpeg\",\"contentUrl\":\"https:\\\/\\\/newyorkceiling.com\\\/wp-content\\\/uploads\\\/2021\\\/06\\\/1-gbb.jpeg\",\"width\":750,\"height\":750},{\"@type\":\"BreadcrumbList\",\"@id\":\"https:\\\/\\\/newyorkceiling.com\\\/fr\\\/product\\\/chicago-used-gold\\\/#breadcrumb\",\"itemListElement\":[{\"@type\":\"ListItem\",\"position\":1,\"name\":\"Home\",\"item\":\"https:\\\/\\\/newyorkceiling.com\\\/fr\\\/\"},{\"@type\":\"ListItem\",\"position\":2,\"name\":\"Cre\u00e9z votre produit\",\"item\":\"https:\\\/\\\/newyorkceiling.com\\\/fr\\\/creez-votre-produit\\\/\"},{\"@type\":\"ListItem\",\"position\":3,\"name\":\"tous les produits\",\"item\":\"https:\\\/\\\/newyorkceiling.com\\\/fr\\\/product-categorie\\\/tous-les-produits\\\/\"},{\"@type\":\"ListItem\",\"position\":4,\"name\":\"Chicago &#8211; used gold\"}]},{\"@type\":\"WebSite\",\"@id\":\"https:\\\/\\\/newyorkceiling.com\\\/fr\\\/#website\",\"url\":\"https:\\\/\\\/newyorkceiling.com\\\/fr\\\/\",\"name\":\"New York Ceiling Co.\",\"description\":\"\",\"publisher\":{\"@id\":\"https:\\\/\\\/newyorkceiling.com\\\/fr\\\/#organization\"},\"potentialAction\":[{\"@type\":\"SearchAction\",\"target\":{\"@type\":\"EntryPoint\",\"urlTemplate\":\"https:\\\/\\\/newyorkceiling.com\\\/fr\\\/?s={search_term_string}\"},\"query-input\":{\"@type\":\"PropertyValueSpecification\",\"valueRequired\":true,\"valueName\":\"search_term_string\"}}],\"inLanguage\":\"fr-FR\"},{\"@type\":\"Organization\",\"@id\":\"https:\\\/\\\/newyorkceiling.com\\\/fr\\\/#organization\",\"name\":\"New York Ceiling Co.\",\"url\":\"https:\\\/\\\/newyorkceiling.com\\\/fr\\\/\",\"logo\":{\"@type\":\"ImageObject\",\"inLanguage\":\"fr-FR\",\"@id\":\"https:\\\/\\\/newyorkceiling.com\\\/fr\\\/#\\\/schema\\\/logo\\\/image\\\/\",\"url\":\"https:\\\/\\\/woocommerce-977722-3423925.cloudwaysapps.com\\\/wp-content\\\/uploads\\\/2021\\\/04\\\/New-York-Ceiling-Logo.png\",\"contentUrl\":\"https:\\\/\\\/woocommerce-977722-3423925.cloudwaysapps.com\\\/wp-content\\\/uploads\\\/2021\\\/04\\\/New-York-Ceiling-Logo.png\",\"width\":220,\"height\":88,\"caption\":\"New York Ceiling Co.\"},\"image\":{\"@id\":\"https:\\\/\\\/newyorkceiling.com\\\/fr\\\/#\\\/schema\\\/logo\\\/image\\\/\"}}]}<\/script>\n<!-- \/ Yoast SEO plugin. -->","yoast_head_json":{"title":"Chicago - used gold - New York Ceiling Co.","robots":{"index":"index","follow":"follow","max-snippet":"max-snippet:-1","max-image-preview":"max-image-preview:large","max-video-preview":"max-video-preview:-1"},"canonical":"https:\/\/newyorkceiling.com\/fr\/product\/chicago-used-gold\/","og_locale":"fr_FR","og_type":"article","og_title":"Chicago - used gold - New York Ceiling Co.","og_description":"Description Des panneaux m\u00e9talliques de couleur or travaill\u00e9s avec du bronze. Le r\u00e9sultat ? Des panneaux de plafond et de mur \u00e0 l&rsquo;aspect \u00e0 la fois \u00e9clatant et us\u00e9 par le temps. Magnifique comme plafond industriel ou comme mur dans un h\u00f4tel ou un restaurant, ou, pourquoi pas, chez vous, si vous l\u2018osez ! \u2018Chicago [...]","og_url":"https:\/\/newyorkceiling.com\/fr\/product\/chicago-used-gold\/","og_site_name":"New York Ceiling Co.","article_modified_time":"2025-04-02T07:45:59+00:00","og_image":[{"width":750,"height":750,"url":"https:\/\/newyorkceiling.com\/wp-content\/uploads\/2021\/06\/1-gbb.jpeg","type":"image\/jpeg"}],"twitter_card":"summary_large_image","twitter_misc":{"Dur\u00e9e de lecture estim\u00e9e":"1 minute"},"schema":{"@context":"https:\/\/schema.org","@graph":[{"@type":"WebPage","@id":"https:\/\/newyorkceiling.com\/fr\/product\/chicago-used-gold\/","url":"https:\/\/newyorkceiling.com\/fr\/product\/chicago-used-gold\/","name":"Chicago - used gold - New York Ceiling Co.","isPartOf":{"@id":"https:\/\/newyorkceiling.com\/fr\/#website"},"primaryImageOfPage":{"@id":"https:\/\/newyorkceiling.com\/fr\/product\/chicago-used-gold\/#primaryimage"},"image":{"@id":"https:\/\/newyorkceiling.com\/fr\/product\/chicago-used-gold\/#primaryimage"},"thumbnailUrl":"https:\/\/newyorkceiling.com\/wp-content\/uploads\/2021\/06\/1-gbb.jpeg","datePublished":"2025-01-28T13:45:06+00:00","dateModified":"2025-04-02T07:45:59+00:00","breadcrumb":{"@id":"https:\/\/newyorkceiling.com\/fr\/product\/chicago-used-gold\/#breadcrumb"},"inLanguage":"fr-FR","potentialAction":[{"@type":"ReadAction","target":["https:\/\/newyorkceiling.com\/fr\/product\/chicago-used-gold\/"]}]},{"@type":"ImageObject","inLanguage":"fr-FR","@id":"https:\/\/newyorkceiling.com\/fr\/product\/chicago-used-gold\/#primaryimage","url":"https:\/\/newyorkceiling.com\/wp-content\/uploads\/2021\/06\/1-gbb.jpeg","contentUrl":"https:\/\/newyorkceiling.com\/wp-content\/uploads\/2021\/06\/1-gbb.jpeg","width":750,"height":750},{"@type":"BreadcrumbList","@id":"https:\/\/newyorkceiling.com\/fr\/product\/chicago-used-gold\/#breadcrumb","itemListElement":[{"@type":"ListItem","position":1,"name":"Home","item":"https:\/\/newyorkceiling.com\/fr\/"},{"@type":"ListItem","position":2,"name":"Cre\u00e9z votre produit","item":"https:\/\/newyorkceiling.com\/fr\/creez-votre-produit\/"},{"@type":"ListItem","position":3,"name":"tous les produits","item":"https:\/\/newyorkceiling.com\/fr\/product-categorie\/tous-les-produits\/"},{"@type":"ListItem","position":4,"name":"Chicago &#8211; used gold"}]},{"@type":"WebSite","@id":"https:\/\/newyorkceiling.com\/fr\/#website","url":"https:\/\/newyorkceiling.com\/fr\/","name":"New York Ceiling Co.","description":"","publisher":{"@id":"https:\/\/newyorkceiling.com\/fr\/#organization"},"potentialAction":[{"@type":"SearchAction","target":{"@type":"EntryPoint","urlTemplate":"https:\/\/newyorkceiling.com\/fr\/?s={search_term_string}"},"query-input":{"@type":"PropertyValueSpecification","valueRequired":true,"valueName":"search_term_string"}}],"inLanguage":"fr-FR"},{"@type":"Organization","@id":"https:\/\/newyorkceiling.com\/fr\/#organization","name":"New York Ceiling Co.","url":"https:\/\/newyorkceiling.com\/fr\/","logo":{"@type":"ImageObject","inLanguage":"fr-FR","@id":"https:\/\/newyorkceiling.com\/fr\/#\/schema\/logo\/image\/","url":"https:\/\/woocommerce-977722-3423925.cloudwaysapps.com\/wp-content\/uploads\/2021\/04\/New-York-Ceiling-Logo.png","contentUrl":"https:\/\/woocommerce-977722-3423925.cloudwaysapps.com\/wp-content\/uploads\/2021\/04\/New-York-Ceiling-Logo.png","width":220,"height":88,"caption":"New York Ceiling Co."},"image":{"@id":"https:\/\/newyorkceiling.com\/fr\/#\/schema\/logo\/image\/"}}]}},"_links":{"self":[{"href":"https:\/\/newyorkceiling.com\/fr\/wp-json\/wp\/v2\/product\/18390","targetHints":{"allow":["GET"]}}],"collection":[{"href":"https:\/\/newyorkceiling.com\/fr\/wp-json\/wp\/v2\/product"}],"about":[{"href":"https:\/\/newyorkceiling.com\/fr\/wp-json\/wp\/v2\/types\/product"}],"replies":[{"embeddable":true,"href":"https:\/\/newyorkceiling.com\/fr\/wp-json\/wp\/v2\/comments?post=18390"}],"wp:featuredmedia":[{"embeddable":true,"href":"https:\/\/newyorkceiling.com\/fr\/wp-json\/wp\/v2\/media\/25770"}],"wp:attachment":[{"href":"https:\/\/newyorkceiling.com\/fr\/wp-json\/wp\/v2\/media?parent=18390"}],"wp:term":[{"taxonomy":"product_brand","embeddable":true,"href":"https:\/\/newyorkceiling.com\/fr\/wp-json\/wp\/v2\/product_brand?post=18390"},{"taxonomy":"product_cat","embeddable":true,"href":"https:\/\/newyorkceiling.com\/fr\/wp-json\/wp\/v2\/product_cat?post=18390"},{"taxonomy":"product_tag","embeddable":true,"href":"https:\/\/newyorkceiling.com\/fr\/wp-json\/wp\/v2\/product_tag?post=18390"}],"curies":[{"name":"wp","href":"https:\/\/api.w.org\/{rel}","templated":true}]}}