{"id":18434,"date":"2025-01-28T14:45:06","date_gmt":"2025-01-28T13:45:06","guid":{"rendered":"https:\/\/newyorkceiling.eo3.echtonline.dev\/product\/lancaster-gold-white-wash\/"},"modified":"2025-04-02T08:53:51","modified_gmt":"2025-04-02T07:53:51","slug":"lancaster-gold-white-wash","status":"publish","type":"product","link":"https:\/\/newyorkceiling.com\/fr\/product\/lancaster-gold-white-wash\/","title":{"rendered":"Lancaster &#8211; gold white wash"},"content":{"rendered":"<h3>Description<\/h3>\n<p>Dalles de plafond et panneaux muraux en m\u00e9tal dor\u00e9 et blanc. La base en or a re\u00e7u une finition blanche. Le r\u00e9sultat : des panneaux int\u00e9rieurs chics et \u00e9l\u00e9gants. Avec le \u2018Lancaster &#8211; gold white wash\u2019, vous serez \u00e0 m\u00eame de cr\u00e9er votre propre palais oriental. Pour un int\u00e9rieur de r\u00eave. Si cette couleur est effectivement populaire en tant que rev\u00eatement de plafond, elle peut \u00eatre, bien s\u00fbr, \u00e9galement utilis\u00e9e comme d\u00e9coration murale. Les dalles de plafond blanches et dor\u00e9es de New York Ceiling Co. ont ajout\u00e9 une touche de chic au hall d&rsquo;entr\u00e9e de l&rsquo;h\u00f4tel Zwartewater.<\/p>\n<h3>Sp\u00e9cifications<\/h3>\n<table>\n<tbody>\n<tr>\n<td>produit<\/td>\n<td>plaque d&rsquo;acier de 0,25 mm avec motif estamp\u00e9 en 3d<\/td>\n<\/tr>\n<tr>\n<td>motifs<\/td>\n<td>un choix de quelque 40 motifs diff\u00e9rents<\/td>\n<\/tr>\n<\/tbody>\n<\/table>\n<p><strong>Drop-in<\/strong><\/p>\n<table>\n<tbody>\n<tr>\n<td>application<\/td>\n<td>faux plafond<\/td>\n<\/tr>\n<tr>\n<td>dimensions<\/td>\n<td>environ 590 x 590 mm (selon le choix du motif)<\/td>\n<\/tr>\n<\/tbody>\n<\/table>\n<p><strong>Nail-up<\/strong><\/p>\n<table>\n<tbody>\n<tr>\n<td>application<\/td>\n<td>murs, plafonds et meubles<\/td>\n<\/tr>\n<tr>\n<td>dimensions<\/td>\n<td>environ 610 x 610 mm (selon le choix du motif) \/ chevauchement     d\u2019environ 7 mm sur tous les c\u00f4t\u00e9s<\/td>\n<\/tr>\n<\/tbody>\n<\/table>\n<p><strong>Acoustique<\/strong><\/p>\n<table>\n<tbody>\n<tr>\n<td>Microperforation<\/td>\n<td>possibilit\u00e9 de panneau acoustique microperfor\u00e9 (diam\u00e8tre perforation 0,66 mm &#8211; espacement 5,2 mm)<\/td>\n<\/tr>\n<tr>\n<td>Valeur rc<\/td>\n<td>0,25 panneau acoustique et 0,85 combin\u00e9 avec vide et mousse acoustique<\/td>\n<\/tr>\n<tr>\n<td>Motifs possibles<\/td>\n<td>#106, #112, #114, #123, #125, #138, #141, #401, #402, #405, #408, #416, #418, #424, #432, #603, #617, #619, #620, #621, #627, #630, #631, #635, #637, #F01, #F02<\/td>\n<\/tr>\n<\/tbody>\n<\/table>\n<p><strong>R\u00e9sistance au feu<\/strong><\/p>\n<table>\n<tbody>\n<tr>\n<td>classification<\/td>\n<td>classe A (norme am\u00e9ricaine ASTM E84 &#8211; rapport sur demande)<\/td>\n<\/tr>\n<\/tbody>\n<\/table>\n<h3>Finition<\/h3>\n<p>La face avant de la t\u00f4le d&rsquo;acier \u00e9tam\u00e9 est recouverte d&rsquo;un rev\u00eatement en poudre de couleur. Le tout a ensuite \u00e9t\u00e9 trait\u00e9 manuellement pour lui donner un aspect vintage, avant d&rsquo;\u00eatre recouvert d&rsquo;un vernis de protection.<\/p>\n<h3>Montage<\/h3>\n<table>\n<tbody>\n<tr>\n<td>drop-in<\/td>\n<td>Ins\u00e9rez les panneaux dans l\u2019armature du faux plafond. <a href=\"https:\/\/newyorkceiling.com\/fr\/sur-le-produit\/montage\/\">Voir les instructions de montage<\/a><\/td>\n<\/tr>\n<tr>\n<td>nail-up<\/td>\n<td>Collez et\/ou clouez les panneaux au support. <a href=\"https:\/\/newyorkceiling.com\/fr\/sur-le-produit\/montage\/\">Voir les instructions de montage<\/a><\/td>\n<\/tr>\n<\/tbody>\n<\/table>\n","protected":false},"excerpt":{"rendered":"<p>Description Dalles de plafond et panneaux muraux en m\u00e9tal dor\u00e9 et blanc. La base en or a re\u00e7u une finition blanche. Le r\u00e9sultat : des panneaux int\u00e9rieurs chics et \u00e9l\u00e9gants. Avec le \u2018Lancaster &#8211; gold white wash\u2019, vous serez \u00e0 m\u00eame de cr\u00e9er votre propre palais oriental. Pour un int\u00e9rieur de r\u00eave. Si cette couleur [&#8230;]\n","protected":false},"featured_media":25668,"comment_status":"open","ping_status":"open","template":"","meta":[],"product_brand":[],"product_cat":[468,220,230],"product_tag":[],"class_list":{"0":"post-18434","1":"product","2":"type-product","3":"status-publish","4":"has-post-thumbnail","6":"product_cat-uncategorized","7":"product_cat-tous-les-produits","8":"product_cat-serie-art","9":"pa_akoestiek-ja","10":"pa_akoestiek-nee","11":"pa_kies-patroon-_627","12":"pa_kies-patroon-_139","13":"pa_kies-patroon-_404","14":"pa_kies-patroon-_617","15":"pa_kies-patroon-_128","16":"pa_kies-patroon-_141","17":"pa_kies-patroon-_106","18":"pa_kies-patroon-_418","19":"pa_kies-patroon-_129","20":"pa_kies-patroon-_f01","21":"pa_kies-patroon-_408","22":"pa_kies-patroon-_619","23":"pa_kies-patroon-_630","24":"pa_kies-patroon-_f02","25":"pa_kies-patroon-_009","26":"pa_kies-patroon-_620","27":"pa_kies-patroon-_631","28":"pa_kies-patroon-_405","29":"pa_kies-patroon-_110","30":"pa_kies-patroon-_621","31":"pa_kies-patroon-_432","32":"pa_kies-patroon-_107","33":"pa_kies-patroon-_111","34":"pa_kies-patroon-_122","35":"pa_kies-patroon-_033","36":"pa_kies-patroon-_442","37":"pa_kies-patroon-_112","38":"pa_kies-patroon-_123","39":"pa_kies-patroon-_635","40":"pa_kies-patroon-_113","41":"pa_kies-patroon-_424","42":"pa_kies-patroon-_636","43":"pa_kies-patroon-_401","44":"pa_kies-patroon-_114","45":"pa_kies-patroon-_125","46":"pa_kies-patroon-_637","47":"pa_kies-patroon-_402","48":"pa_kies-patroon-_115","49":"pa_kies-patroon-_126","50":"pa_kies-patroon-_138","51":"pa_kies-patroon-_603","52":"pa_kies-patroon-_416","53":"pa_kleur-blanc-beige","54":"pa_kleur-or","56":"first","57":"instock","58":"taxable","59":"shipping-taxable","60":"purchasable","61":"product-type-variable","62":"wvs-archive-product-wrapper"},"yoast_head":"<!-- This site is optimized with the Yoast SEO plugin v27.5 - https:\/\/yoast.com\/product\/yoast-seo-wordpress\/ -->\n<title>Lancaster - gold white wash - New York Ceiling Co.<\/title>\n<meta name=\"robots\" content=\"index, follow, max-snippet:-1, max-image-preview:large, max-video-preview:-1\" \/>\n<link rel=\"canonical\" href=\"https:\/\/newyorkceiling.com\/fr\/product\/lancaster-gold-white-wash\/\" \/>\n<meta property=\"og:locale\" content=\"fr_FR\" \/>\n<meta property=\"og:type\" content=\"article\" \/>\n<meta property=\"og:title\" content=\"Lancaster - gold white wash - New York Ceiling Co.\" \/>\n<meta property=\"og:description\" content=\"Description Dalles de plafond et panneaux muraux en m\u00e9tal dor\u00e9 et blanc. La base en or a re\u00e7u une finition blanche. Le r\u00e9sultat : des panneaux int\u00e9rieurs chics et \u00e9l\u00e9gants. Avec le \u2018Lancaster &#8211; gold white wash\u2019, vous serez \u00e0 m\u00eame de cr\u00e9er votre propre palais oriental. Pour un int\u00e9rieur de r\u00eave. Si cette couleur [...]\" \/>\n<meta property=\"og:url\" content=\"https:\/\/newyorkceiling.com\/fr\/product\/lancaster-gold-white-wash\/\" \/>\n<meta property=\"og:site_name\" content=\"New York Ceiling Co.\" \/>\n<meta property=\"article:modified_time\" content=\"2025-04-02T07:53:51+00:00\" \/>\n<meta property=\"og:image\" content=\"https:\/\/newyorkceiling.com\/wp-content\/uploads\/2021\/06\/1-fgw.jpeg\" \/>\n\t<meta property=\"og:image:width\" content=\"750\" \/>\n\t<meta property=\"og:image:height\" content=\"750\" \/>\n\t<meta property=\"og:image:type\" content=\"image\/jpeg\" \/>\n<meta name=\"twitter:card\" content=\"summary_large_image\" \/>\n<meta name=\"twitter:label1\" content=\"Dur\u00e9e de lecture estim\u00e9e\" \/>\n\t<meta name=\"twitter:data1\" content=\"1 minute\" \/>\n<script type=\"application\/ld+json\" class=\"yoast-schema-graph\">{\"@context\":\"https:\\\/\\\/schema.org\",\"@graph\":[{\"@type\":\"WebPage\",\"@id\":\"https:\\\/\\\/newyorkceiling.com\\\/fr\\\/product\\\/lancaster-gold-white-wash\\\/\",\"url\":\"https:\\\/\\\/newyorkceiling.com\\\/fr\\\/product\\\/lancaster-gold-white-wash\\\/\",\"name\":\"Lancaster - gold white wash - New York Ceiling Co.\",\"isPartOf\":{\"@id\":\"https:\\\/\\\/newyorkceiling.com\\\/fr\\\/#website\"},\"primaryImageOfPage\":{\"@id\":\"https:\\\/\\\/newyorkceiling.com\\\/fr\\\/product\\\/lancaster-gold-white-wash\\\/#primaryimage\"},\"image\":{\"@id\":\"https:\\\/\\\/newyorkceiling.com\\\/fr\\\/product\\\/lancaster-gold-white-wash\\\/#primaryimage\"},\"thumbnailUrl\":\"https:\\\/\\\/newyorkceiling.com\\\/wp-content\\\/uploads\\\/2021\\\/06\\\/1-fgw.jpeg\",\"datePublished\":\"2025-01-28T13:45:06+00:00\",\"dateModified\":\"2025-04-02T07:53:51+00:00\",\"breadcrumb\":{\"@id\":\"https:\\\/\\\/newyorkceiling.com\\\/fr\\\/product\\\/lancaster-gold-white-wash\\\/#breadcrumb\"},\"inLanguage\":\"fr-FR\",\"potentialAction\":[{\"@type\":\"ReadAction\",\"target\":[\"https:\\\/\\\/newyorkceiling.com\\\/fr\\\/product\\\/lancaster-gold-white-wash\\\/\"]}]},{\"@type\":\"ImageObject\",\"inLanguage\":\"fr-FR\",\"@id\":\"https:\\\/\\\/newyorkceiling.com\\\/fr\\\/product\\\/lancaster-gold-white-wash\\\/#primaryimage\",\"url\":\"https:\\\/\\\/newyorkceiling.com\\\/wp-content\\\/uploads\\\/2021\\\/06\\\/1-fgw.jpeg\",\"contentUrl\":\"https:\\\/\\\/newyorkceiling.com\\\/wp-content\\\/uploads\\\/2021\\\/06\\\/1-fgw.jpeg\",\"width\":750,\"height\":750},{\"@type\":\"BreadcrumbList\",\"@id\":\"https:\\\/\\\/newyorkceiling.com\\\/fr\\\/product\\\/lancaster-gold-white-wash\\\/#breadcrumb\",\"itemListElement\":[{\"@type\":\"ListItem\",\"position\":1,\"name\":\"Home\",\"item\":\"https:\\\/\\\/newyorkceiling.com\\\/fr\\\/\"},{\"@type\":\"ListItem\",\"position\":2,\"name\":\"Cre\u00e9z votre produit\",\"item\":\"https:\\\/\\\/newyorkceiling.com\\\/fr\\\/creez-votre-produit\\\/\"},{\"@type\":\"ListItem\",\"position\":3,\"name\":\"tous les produits\",\"item\":\"https:\\\/\\\/newyorkceiling.com\\\/fr\\\/product-categorie\\\/tous-les-produits\\\/\"},{\"@type\":\"ListItem\",\"position\":4,\"name\":\"Lancaster &#8211; gold white wash\"}]},{\"@type\":\"WebSite\",\"@id\":\"https:\\\/\\\/newyorkceiling.com\\\/fr\\\/#website\",\"url\":\"https:\\\/\\\/newyorkceiling.com\\\/fr\\\/\",\"name\":\"New York Ceiling Co.\",\"description\":\"\",\"publisher\":{\"@id\":\"https:\\\/\\\/newyorkceiling.com\\\/fr\\\/#organization\"},\"potentialAction\":[{\"@type\":\"SearchAction\",\"target\":{\"@type\":\"EntryPoint\",\"urlTemplate\":\"https:\\\/\\\/newyorkceiling.com\\\/fr\\\/?s={search_term_string}\"},\"query-input\":{\"@type\":\"PropertyValueSpecification\",\"valueRequired\":true,\"valueName\":\"search_term_string\"}}],\"inLanguage\":\"fr-FR\"},{\"@type\":\"Organization\",\"@id\":\"https:\\\/\\\/newyorkceiling.com\\\/fr\\\/#organization\",\"name\":\"New York Ceiling Co.\",\"url\":\"https:\\\/\\\/newyorkceiling.com\\\/fr\\\/\",\"logo\":{\"@type\":\"ImageObject\",\"inLanguage\":\"fr-FR\",\"@id\":\"https:\\\/\\\/newyorkceiling.com\\\/fr\\\/#\\\/schema\\\/logo\\\/image\\\/\",\"url\":\"https:\\\/\\\/woocommerce-977722-3423925.cloudwaysapps.com\\\/wp-content\\\/uploads\\\/2021\\\/04\\\/New-York-Ceiling-Logo.png\",\"contentUrl\":\"https:\\\/\\\/woocommerce-977722-3423925.cloudwaysapps.com\\\/wp-content\\\/uploads\\\/2021\\\/04\\\/New-York-Ceiling-Logo.png\",\"width\":220,\"height\":88,\"caption\":\"New York Ceiling Co.\"},\"image\":{\"@id\":\"https:\\\/\\\/newyorkceiling.com\\\/fr\\\/#\\\/schema\\\/logo\\\/image\\\/\"}}]}<\/script>\n<!-- \/ Yoast SEO plugin. -->","yoast_head_json":{"title":"Lancaster - gold white wash - New York Ceiling Co.","robots":{"index":"index","follow":"follow","max-snippet":"max-snippet:-1","max-image-preview":"max-image-preview:large","max-video-preview":"max-video-preview:-1"},"canonical":"https:\/\/newyorkceiling.com\/fr\/product\/lancaster-gold-white-wash\/","og_locale":"fr_FR","og_type":"article","og_title":"Lancaster - gold white wash - New York Ceiling Co.","og_description":"Description Dalles de plafond et panneaux muraux en m\u00e9tal dor\u00e9 et blanc. La base en or a re\u00e7u une finition blanche. Le r\u00e9sultat : des panneaux int\u00e9rieurs chics et \u00e9l\u00e9gants. Avec le \u2018Lancaster &#8211; gold white wash\u2019, vous serez \u00e0 m\u00eame de cr\u00e9er votre propre palais oriental. Pour un int\u00e9rieur de r\u00eave. Si cette couleur [...]","og_url":"https:\/\/newyorkceiling.com\/fr\/product\/lancaster-gold-white-wash\/","og_site_name":"New York Ceiling Co.","article_modified_time":"2025-04-02T07:53:51+00:00","og_image":[{"width":750,"height":750,"url":"https:\/\/newyorkceiling.com\/wp-content\/uploads\/2021\/06\/1-fgw.jpeg","type":"image\/jpeg"}],"twitter_card":"summary_large_image","twitter_misc":{"Dur\u00e9e de lecture estim\u00e9e":"1 minute"},"schema":{"@context":"https:\/\/schema.org","@graph":[{"@type":"WebPage","@id":"https:\/\/newyorkceiling.com\/fr\/product\/lancaster-gold-white-wash\/","url":"https:\/\/newyorkceiling.com\/fr\/product\/lancaster-gold-white-wash\/","name":"Lancaster - gold white wash - New York Ceiling Co.","isPartOf":{"@id":"https:\/\/newyorkceiling.com\/fr\/#website"},"primaryImageOfPage":{"@id":"https:\/\/newyorkceiling.com\/fr\/product\/lancaster-gold-white-wash\/#primaryimage"},"image":{"@id":"https:\/\/newyorkceiling.com\/fr\/product\/lancaster-gold-white-wash\/#primaryimage"},"thumbnailUrl":"https:\/\/newyorkceiling.com\/wp-content\/uploads\/2021\/06\/1-fgw.jpeg","datePublished":"2025-01-28T13:45:06+00:00","dateModified":"2025-04-02T07:53:51+00:00","breadcrumb":{"@id":"https:\/\/newyorkceiling.com\/fr\/product\/lancaster-gold-white-wash\/#breadcrumb"},"inLanguage":"fr-FR","potentialAction":[{"@type":"ReadAction","target":["https:\/\/newyorkceiling.com\/fr\/product\/lancaster-gold-white-wash\/"]}]},{"@type":"ImageObject","inLanguage":"fr-FR","@id":"https:\/\/newyorkceiling.com\/fr\/product\/lancaster-gold-white-wash\/#primaryimage","url":"https:\/\/newyorkceiling.com\/wp-content\/uploads\/2021\/06\/1-fgw.jpeg","contentUrl":"https:\/\/newyorkceiling.com\/wp-content\/uploads\/2021\/06\/1-fgw.jpeg","width":750,"height":750},{"@type":"BreadcrumbList","@id":"https:\/\/newyorkceiling.com\/fr\/product\/lancaster-gold-white-wash\/#breadcrumb","itemListElement":[{"@type":"ListItem","position":1,"name":"Home","item":"https:\/\/newyorkceiling.com\/fr\/"},{"@type":"ListItem","position":2,"name":"Cre\u00e9z votre produit","item":"https:\/\/newyorkceiling.com\/fr\/creez-votre-produit\/"},{"@type":"ListItem","position":3,"name":"tous les produits","item":"https:\/\/newyorkceiling.com\/fr\/product-categorie\/tous-les-produits\/"},{"@type":"ListItem","position":4,"name":"Lancaster &#8211; gold white wash"}]},{"@type":"WebSite","@id":"https:\/\/newyorkceiling.com\/fr\/#website","url":"https:\/\/newyorkceiling.com\/fr\/","name":"New York Ceiling Co.","description":"","publisher":{"@id":"https:\/\/newyorkceiling.com\/fr\/#organization"},"potentialAction":[{"@type":"SearchAction","target":{"@type":"EntryPoint","urlTemplate":"https:\/\/newyorkceiling.com\/fr\/?s={search_term_string}"},"query-input":{"@type":"PropertyValueSpecification","valueRequired":true,"valueName":"search_term_string"}}],"inLanguage":"fr-FR"},{"@type":"Organization","@id":"https:\/\/newyorkceiling.com\/fr\/#organization","name":"New York Ceiling Co.","url":"https:\/\/newyorkceiling.com\/fr\/","logo":{"@type":"ImageObject","inLanguage":"fr-FR","@id":"https:\/\/newyorkceiling.com\/fr\/#\/schema\/logo\/image\/","url":"https:\/\/woocommerce-977722-3423925.cloudwaysapps.com\/wp-content\/uploads\/2021\/04\/New-York-Ceiling-Logo.png","contentUrl":"https:\/\/woocommerce-977722-3423925.cloudwaysapps.com\/wp-content\/uploads\/2021\/04\/New-York-Ceiling-Logo.png","width":220,"height":88,"caption":"New York Ceiling Co."},"image":{"@id":"https:\/\/newyorkceiling.com\/fr\/#\/schema\/logo\/image\/"}}]}},"_links":{"self":[{"href":"https:\/\/newyorkceiling.com\/fr\/wp-json\/wp\/v2\/product\/18434","targetHints":{"allow":["GET"]}}],"collection":[{"href":"https:\/\/newyorkceiling.com\/fr\/wp-json\/wp\/v2\/product"}],"about":[{"href":"https:\/\/newyorkceiling.com\/fr\/wp-json\/wp\/v2\/types\/product"}],"replies":[{"embeddable":true,"href":"https:\/\/newyorkceiling.com\/fr\/wp-json\/wp\/v2\/comments?post=18434"}],"wp:featuredmedia":[{"embeddable":true,"href":"https:\/\/newyorkceiling.com\/fr\/wp-json\/wp\/v2\/media\/25668"}],"wp:attachment":[{"href":"https:\/\/newyorkceiling.com\/fr\/wp-json\/wp\/v2\/media?parent=18434"}],"wp:term":[{"taxonomy":"product_brand","embeddable":true,"href":"https:\/\/newyorkceiling.com\/fr\/wp-json\/wp\/v2\/product_brand?post=18434"},{"taxonomy":"product_cat","embeddable":true,"href":"https:\/\/newyorkceiling.com\/fr\/wp-json\/wp\/v2\/product_cat?post=18434"},{"taxonomy":"product_tag","embeddable":true,"href":"https:\/\/newyorkceiling.com\/fr\/wp-json\/wp\/v2\/product_tag?post=18434"}],"curies":[{"name":"wp","href":"https:\/\/api.w.org\/{rel}","templated":true}]}}