{"id":19014,"date":"2025-01-28T14:50:21","date_gmt":"2025-01-28T13:50:21","guid":{"rendered":"https:\/\/newyorkceiling.eo3.echtonline.dev\/product\/queens-matt-black\/"},"modified":"2025-04-02T08:57:49","modified_gmt":"2025-04-02T07:57:49","slug":"queens-matt-black","status":"publish","type":"product","link":"https:\/\/newyorkceiling.com\/fr\/product\/queens-matt-black\/","title":{"rendered":"Queens &#8211; matt black"},"content":{"rendered":"<h3>Description<\/h3>\n<p>Un produit de d\u00e9coration int\u00e9rieure de style industriel, aussi brutal que contemporain. Le \u2018Queens \u2013 matt black\u2019 en tant que rev\u00eatement 3d pour mur ou plafond s&rsquo;inscrit parfaitement dans le cadre d\u2019une d\u00e9coration industrielle. Les panneaux en acier noir ont une finition mate moderne. Le noir mat se combine parfaitement avec des mat\u00e9riaux industriels comme le bois vieilli, le b\u00e9ton, le laiton et les murs en briques. Rev\u00eatement de mur ou rev\u00eatement de plafond : que choisissez-vous ?<\/p>\n<h3>Sp\u00e9cifications<\/h3>\n<table>\n<tbody>\n<tr>\n<td>produit<\/td>\n<td>plaque d&rsquo;acier de 0,25 mm avec motif estamp\u00e9 en 3d<\/td>\n<\/tr>\n<tr>\n<td>motifs<\/td>\n<td>un choix de quelque 40 motifs diff\u00e9rents<\/td>\n<\/tr>\n<\/tbody>\n<\/table>\n<p><strong>Drop-in<\/strong><\/p>\n<table>\n<tbody>\n<tr>\n<td>application<\/td>\n<td>faux plafond<\/td>\n<\/tr>\n<tr>\n<td>dimensions<\/td>\n<td>environ 590 x 590 mm (selon le choix du motif)<\/td>\n<\/tr>\n<\/tbody>\n<\/table>\n<p><strong>Nail-up<\/strong><\/p>\n<table>\n<tbody>\n<tr>\n<td>application<\/td>\n<td>murs, plafonds et meubles<\/td>\n<\/tr>\n<tr>\n<td>dimensions<\/td>\n<td>environ 610 x 610 mm (selon le choix du motif) \/ chevauchement     d\u2019environ 7 mm sur tous les c\u00f4t\u00e9s<\/td>\n<\/tr>\n<\/tbody>\n<\/table>\n<p><strong>Acoustique<\/strong><\/p>\n<table>\n<tbody>\n<tr>\n<td>Microperforation<\/td>\n<td>possibilit\u00e9 de panneau acoustique microperfor\u00e9 (diam\u00e8tre perforation 0,66 mm &#8211; espacement 5,2 mm)<\/td>\n<\/tr>\n<tr>\n<td>Valeur rc<\/td>\n<td>0,25 panneau acoustique et 0,85 combin\u00e9 avec vide et mousse acoustique<\/td>\n<\/tr>\n<tr>\n<td>Motifs possibles<\/td>\n<td>#106, #112, #114, #123, #125, #138, #141, #401, #402, #405, #408, #416, #418, #424, #432, #603, #617, #619, #620, #621, #627, #630, #631, #635, #637, #F01, #F02<\/td>\n<\/tr>\n<\/tbody>\n<\/table>\n<p><strong>R\u00e9sistance au feu<\/strong><\/p>\n<table>\n<tbody>\n<tr>\n<td>classification<\/td>\n<td>classe A (norme am\u00e9ricaine ASTM E84 &#8211; rapport sur demande)<\/td>\n<\/tr>\n<\/tbody>\n<\/table>\n<h3>Finition<\/h3>\n<p>La t\u00f4le d&rsquo;acier \u00e9tam\u00e9e est recouverte d&rsquo;une couche de peinture en poudre sur la face avant. Les panneaux ne n\u00e9cessitent aucune finition suppl\u00e9mentaire. Ils peuvent \u00eatre color\u00e9s \u00e0 votre convenance.<\/p>\n<h3>Montage<\/h3>\n<table>\n<tbody>\n<tr>\n<td>drop-in<\/td>\n<td>Ins\u00e9rez les panneaux dans l\u2019armature du faux plafond. <a href=\"https:\/\/newyorkceiling.com\/fr\/sur-le-produit\/montage\/\">Voir les instructions de montage<\/a><\/td>\n<\/tr>\n<tr>\n<td>nail-up<\/td>\n<td>Collez et\/ou clouez les panneaux au support. <a href=\"https:\/\/newyorkceiling.com\/fr\/sur-le-produit\/montage\/\">Voir les instructions de montage<\/a><\/td>\n<\/tr>\n<\/tbody>\n<\/table>\n","protected":false},"excerpt":{"rendered":"<p>Description Un produit de d\u00e9coration int\u00e9rieure de style industriel, aussi brutal que contemporain. Le \u2018Queens \u2013 matt black\u2019 en tant que rev\u00eatement 3d pour mur ou plafond s&rsquo;inscrit parfaitement dans le cadre d\u2019une d\u00e9coration industrielle. Les panneaux en acier noir ont une finition mate moderne. Le noir mat se combine parfaitement avec des mat\u00e9riaux industriels [&#8230;]\n","protected":false},"featured_media":24074,"comment_status":"open","ping_status":"open","template":"","meta":[],"product_brand":[],"product_cat":[220,229,468],"product_tag":[],"class_list":{"0":"post-19014","1":"product","2":"type-product","3":"status-publish","4":"has-post-thumbnail","6":"product_cat-tous-les-produits","7":"product_cat-revetement-de-poudre","8":"product_cat-uncategorized","9":"pa_akoestiek-ja","10":"pa_akoestiek-nee","11":"pa_kies-patroon-_631","12":"pa_kies-patroon-_405","13":"pa_kies-patroon-_110","14":"pa_kies-patroon-_621","15":"pa_kies-patroon-_432","16":"pa_kies-patroon-_107","17":"pa_kies-patroon-_111","18":"pa_kies-patroon-_122","19":"pa_kies-patroon-_033","20":"pa_kies-patroon-_442","21":"pa_kies-patroon-_112","22":"pa_kies-patroon-_123","23":"pa_kies-patroon-_635","24":"pa_kies-patroon-_113","25":"pa_kies-patroon-_424","26":"pa_kies-patroon-_636","27":"pa_kies-patroon-_401","28":"pa_kies-patroon-_114","29":"pa_kies-patroon-_125","30":"pa_kies-patroon-_637","31":"pa_kies-patroon-_402","32":"pa_kies-patroon-_115","33":"pa_kies-patroon-_126","34":"pa_kies-patroon-_138","35":"pa_kies-patroon-_603","36":"pa_kies-patroon-_416","37":"pa_kies-patroon-_627","38":"pa_kies-patroon-_139","39":"pa_kies-patroon-_404","40":"pa_kies-patroon-_617","41":"pa_kies-patroon-_128","42":"pa_kies-patroon-_141","43":"pa_kies-patroon-_106","44":"pa_kies-patroon-_418","45":"pa_kies-patroon-_129","46":"pa_kies-patroon-_f01","47":"pa_kies-patroon-_408","48":"pa_kies-patroon-_619","49":"pa_kies-patroon-_630","50":"pa_kies-patroon-_f02","51":"pa_kies-patroon-_009","52":"pa_kies-patroon-_620","53":"pa_kleur-noir","55":"first","56":"instock","57":"taxable","58":"shipping-taxable","59":"purchasable","60":"product-type-variable","61":"wvs-archive-product-wrapper"},"yoast_head":"<!-- This site is optimized with the Yoast SEO plugin v27.2 - https:\/\/yoast.com\/product\/yoast-seo-wordpress\/ -->\n<title>Queens - matt black - New York Ceiling Co.<\/title>\n<meta name=\"robots\" content=\"index, follow, max-snippet:-1, max-image-preview:large, max-video-preview:-1\" \/>\n<link rel=\"canonical\" href=\"https:\/\/newyorkceiling.com\/fr\/product\/queens-matt-black\/\" \/>\n<meta property=\"og:locale\" content=\"fr_FR\" \/>\n<meta property=\"og:type\" content=\"article\" \/>\n<meta property=\"og:title\" content=\"Queens - matt black - New York Ceiling Co.\" \/>\n<meta property=\"og:description\" content=\"Description Un produit de d\u00e9coration int\u00e9rieure de style industriel, aussi brutal que contemporain. Le \u2018Queens \u2013 matt black\u2019 en tant que rev\u00eatement 3d pour mur ou plafond s&rsquo;inscrit parfaitement dans le cadre d\u2019une d\u00e9coration industrielle. Les panneaux en acier noir ont une finition mate moderne. Le noir mat se combine parfaitement avec des mat\u00e9riaux industriels [...]\" \/>\n<meta property=\"og:url\" content=\"https:\/\/newyorkceiling.com\/fr\/product\/queens-matt-black\/\" \/>\n<meta property=\"og:site_name\" content=\"New York Ceiling Co.\" \/>\n<meta property=\"article:modified_time\" content=\"2025-04-02T07:57:49+00:00\" \/>\n<meta property=\"og:image\" content=\"https:\/\/newyorkceiling.com\/wp-content\/uploads\/2021\/06\/1-bmt.jpeg\" \/>\n\t<meta property=\"og:image:width\" content=\"750\" \/>\n\t<meta property=\"og:image:height\" content=\"750\" \/>\n\t<meta property=\"og:image:type\" content=\"image\/jpeg\" \/>\n<meta name=\"twitter:card\" content=\"summary_large_image\" \/>\n<meta name=\"twitter:label1\" content=\"Dur\u00e9e de lecture estim\u00e9e\" \/>\n\t<meta name=\"twitter:data1\" content=\"1 minute\" \/>\n<script type=\"application\/ld+json\" class=\"yoast-schema-graph\">{\"@context\":\"https:\/\/schema.org\",\"@graph\":[{\"@type\":\"WebPage\",\"@id\":\"https:\/\/newyorkceiling.com\/fr\/product\/queens-matt-black\/\",\"url\":\"https:\/\/newyorkceiling.com\/fr\/product\/queens-matt-black\/\",\"name\":\"Queens - matt black - New York Ceiling Co.\",\"isPartOf\":{\"@id\":\"https:\/\/newyorkceiling.com\/fr\/#website\"},\"primaryImageOfPage\":{\"@id\":\"https:\/\/newyorkceiling.com\/fr\/product\/queens-matt-black\/#primaryimage\"},\"image\":{\"@id\":\"https:\/\/newyorkceiling.com\/fr\/product\/queens-matt-black\/#primaryimage\"},\"thumbnailUrl\":\"https:\/\/newyorkceiling.com\/wp-content\/uploads\/2021\/06\/1-bmt.jpeg\",\"datePublished\":\"2025-01-28T13:50:21+00:00\",\"dateModified\":\"2025-04-02T07:57:49+00:00\",\"breadcrumb\":{\"@id\":\"https:\/\/newyorkceiling.com\/fr\/product\/queens-matt-black\/#breadcrumb\"},\"inLanguage\":\"fr-FR\",\"potentialAction\":[{\"@type\":\"ReadAction\",\"target\":[\"https:\/\/newyorkceiling.com\/fr\/product\/queens-matt-black\/\"]}]},{\"@type\":\"ImageObject\",\"inLanguage\":\"fr-FR\",\"@id\":\"https:\/\/newyorkceiling.com\/fr\/product\/queens-matt-black\/#primaryimage\",\"url\":\"https:\/\/newyorkceiling.com\/wp-content\/uploads\/2021\/06\/1-bmt.jpeg\",\"contentUrl\":\"https:\/\/newyorkceiling.com\/wp-content\/uploads\/2021\/06\/1-bmt.jpeg\",\"width\":750,\"height\":750},{\"@type\":\"BreadcrumbList\",\"@id\":\"https:\/\/newyorkceiling.com\/fr\/product\/queens-matt-black\/#breadcrumb\",\"itemListElement\":[{\"@type\":\"ListItem\",\"position\":1,\"name\":\"Home\",\"item\":\"https:\/\/newyorkceiling.com\/fr\/\"},{\"@type\":\"ListItem\",\"position\":2,\"name\":\"Cre\u00e9z votre produit\",\"item\":\"https:\/\/newyorkceiling.com\/fr\/creez-votre-produit\/\"},{\"@type\":\"ListItem\",\"position\":3,\"name\":\"tous les produits\",\"item\":\"https:\/\/newyorkceiling.com\/fr\/product-categorie\/tous-les-produits\/\"},{\"@type\":\"ListItem\",\"position\":4,\"name\":\"Queens &#8211; matt black\"}]},{\"@type\":\"WebSite\",\"@id\":\"https:\/\/newyorkceiling.com\/fr\/#website\",\"url\":\"https:\/\/newyorkceiling.com\/fr\/\",\"name\":\"New York Ceiling Co.\",\"description\":\"\",\"publisher\":{\"@id\":\"https:\/\/newyorkceiling.com\/fr\/#organization\"},\"potentialAction\":[{\"@type\":\"SearchAction\",\"target\":{\"@type\":\"EntryPoint\",\"urlTemplate\":\"https:\/\/newyorkceiling.com\/fr\/?s={search_term_string}\"},\"query-input\":{\"@type\":\"PropertyValueSpecification\",\"valueRequired\":true,\"valueName\":\"search_term_string\"}}],\"inLanguage\":\"fr-FR\"},{\"@type\":\"Organization\",\"@id\":\"https:\/\/newyorkceiling.com\/fr\/#organization\",\"name\":\"New York Ceiling Co.\",\"url\":\"https:\/\/newyorkceiling.com\/fr\/\",\"logo\":{\"@type\":\"ImageObject\",\"inLanguage\":\"fr-FR\",\"@id\":\"https:\/\/newyorkceiling.com\/fr\/#\/schema\/logo\/image\/\",\"url\":\"https:\/\/woocommerce-977722-3423925.cloudwaysapps.com\/wp-content\/uploads\/2021\/04\/New-York-Ceiling-Logo.png\",\"contentUrl\":\"https:\/\/woocommerce-977722-3423925.cloudwaysapps.com\/wp-content\/uploads\/2021\/04\/New-York-Ceiling-Logo.png\",\"width\":220,\"height\":88,\"caption\":\"New York Ceiling Co.\"},\"image\":{\"@id\":\"https:\/\/newyorkceiling.com\/fr\/#\/schema\/logo\/image\/\"}}]}<\/script>\n<!-- \/ Yoast SEO plugin. -->","yoast_head_json":{"title":"Queens - matt black - New York Ceiling Co.","robots":{"index":"index","follow":"follow","max-snippet":"max-snippet:-1","max-image-preview":"max-image-preview:large","max-video-preview":"max-video-preview:-1"},"canonical":"https:\/\/newyorkceiling.com\/fr\/product\/queens-matt-black\/","og_locale":"fr_FR","og_type":"article","og_title":"Queens - matt black - New York Ceiling Co.","og_description":"Description Un produit de d\u00e9coration int\u00e9rieure de style industriel, aussi brutal que contemporain. Le \u2018Queens \u2013 matt black\u2019 en tant que rev\u00eatement 3d pour mur ou plafond s&rsquo;inscrit parfaitement dans le cadre d\u2019une d\u00e9coration industrielle. Les panneaux en acier noir ont une finition mate moderne. Le noir mat se combine parfaitement avec des mat\u00e9riaux industriels [...]","og_url":"https:\/\/newyorkceiling.com\/fr\/product\/queens-matt-black\/","og_site_name":"New York Ceiling Co.","article_modified_time":"2025-04-02T07:57:49+00:00","og_image":[{"width":750,"height":750,"url":"https:\/\/newyorkceiling.com\/wp-content\/uploads\/2021\/06\/1-bmt.jpeg","type":"image\/jpeg"}],"twitter_card":"summary_large_image","twitter_misc":{"Dur\u00e9e de lecture estim\u00e9e":"1 minute"},"schema":{"@context":"https:\/\/schema.org","@graph":[{"@type":"WebPage","@id":"https:\/\/newyorkceiling.com\/fr\/product\/queens-matt-black\/","url":"https:\/\/newyorkceiling.com\/fr\/product\/queens-matt-black\/","name":"Queens - matt black - New York Ceiling Co.","isPartOf":{"@id":"https:\/\/newyorkceiling.com\/fr\/#website"},"primaryImageOfPage":{"@id":"https:\/\/newyorkceiling.com\/fr\/product\/queens-matt-black\/#primaryimage"},"image":{"@id":"https:\/\/newyorkceiling.com\/fr\/product\/queens-matt-black\/#primaryimage"},"thumbnailUrl":"https:\/\/newyorkceiling.com\/wp-content\/uploads\/2021\/06\/1-bmt.jpeg","datePublished":"2025-01-28T13:50:21+00:00","dateModified":"2025-04-02T07:57:49+00:00","breadcrumb":{"@id":"https:\/\/newyorkceiling.com\/fr\/product\/queens-matt-black\/#breadcrumb"},"inLanguage":"fr-FR","potentialAction":[{"@type":"ReadAction","target":["https:\/\/newyorkceiling.com\/fr\/product\/queens-matt-black\/"]}]},{"@type":"ImageObject","inLanguage":"fr-FR","@id":"https:\/\/newyorkceiling.com\/fr\/product\/queens-matt-black\/#primaryimage","url":"https:\/\/newyorkceiling.com\/wp-content\/uploads\/2021\/06\/1-bmt.jpeg","contentUrl":"https:\/\/newyorkceiling.com\/wp-content\/uploads\/2021\/06\/1-bmt.jpeg","width":750,"height":750},{"@type":"BreadcrumbList","@id":"https:\/\/newyorkceiling.com\/fr\/product\/queens-matt-black\/#breadcrumb","itemListElement":[{"@type":"ListItem","position":1,"name":"Home","item":"https:\/\/newyorkceiling.com\/fr\/"},{"@type":"ListItem","position":2,"name":"Cre\u00e9z votre produit","item":"https:\/\/newyorkceiling.com\/fr\/creez-votre-produit\/"},{"@type":"ListItem","position":3,"name":"tous les produits","item":"https:\/\/newyorkceiling.com\/fr\/product-categorie\/tous-les-produits\/"},{"@type":"ListItem","position":4,"name":"Queens &#8211; matt black"}]},{"@type":"WebSite","@id":"https:\/\/newyorkceiling.com\/fr\/#website","url":"https:\/\/newyorkceiling.com\/fr\/","name":"New York Ceiling Co.","description":"","publisher":{"@id":"https:\/\/newyorkceiling.com\/fr\/#organization"},"potentialAction":[{"@type":"SearchAction","target":{"@type":"EntryPoint","urlTemplate":"https:\/\/newyorkceiling.com\/fr\/?s={search_term_string}"},"query-input":{"@type":"PropertyValueSpecification","valueRequired":true,"valueName":"search_term_string"}}],"inLanguage":"fr-FR"},{"@type":"Organization","@id":"https:\/\/newyorkceiling.com\/fr\/#organization","name":"New York Ceiling Co.","url":"https:\/\/newyorkceiling.com\/fr\/","logo":{"@type":"ImageObject","inLanguage":"fr-FR","@id":"https:\/\/newyorkceiling.com\/fr\/#\/schema\/logo\/image\/","url":"https:\/\/woocommerce-977722-3423925.cloudwaysapps.com\/wp-content\/uploads\/2021\/04\/New-York-Ceiling-Logo.png","contentUrl":"https:\/\/woocommerce-977722-3423925.cloudwaysapps.com\/wp-content\/uploads\/2021\/04\/New-York-Ceiling-Logo.png","width":220,"height":88,"caption":"New York Ceiling Co."},"image":{"@id":"https:\/\/newyorkceiling.com\/fr\/#\/schema\/logo\/image\/"}}]}},"_links":{"self":[{"href":"https:\/\/newyorkceiling.com\/fr\/wp-json\/wp\/v2\/product\/19014","targetHints":{"allow":["GET"]}}],"collection":[{"href":"https:\/\/newyorkceiling.com\/fr\/wp-json\/wp\/v2\/product"}],"about":[{"href":"https:\/\/newyorkceiling.com\/fr\/wp-json\/wp\/v2\/types\/product"}],"replies":[{"embeddable":true,"href":"https:\/\/newyorkceiling.com\/fr\/wp-json\/wp\/v2\/comments?post=19014"}],"wp:featuredmedia":[{"embeddable":true,"href":"https:\/\/newyorkceiling.com\/fr\/wp-json\/wp\/v2\/media\/24074"}],"wp:attachment":[{"href":"https:\/\/newyorkceiling.com\/fr\/wp-json\/wp\/v2\/media?parent=19014"}],"wp:term":[{"taxonomy":"product_brand","embeddable":true,"href":"https:\/\/newyorkceiling.com\/fr\/wp-json\/wp\/v2\/product_brand?post=19014"},{"taxonomy":"product_cat","embeddable":true,"href":"https:\/\/newyorkceiling.com\/fr\/wp-json\/wp\/v2\/product_cat?post=19014"},{"taxonomy":"product_tag","embeddable":true,"href":"https:\/\/newyorkceiling.com\/fr\/wp-json\/wp\/v2\/product_tag?post=19014"}],"curies":[{"name":"wp","href":"https:\/\/api.w.org\/{rel}","templated":true}]}}